{"id":14707,"date":"2024-10-14T14:56:25","date_gmt":"2024-10-14T12:56:25","guid":{"rendered":"https:\/\/vdms.ch\/sfml-schweizerischer-fachverband-fur-manuelle-lymphdrainage\/"},"modified":"2026-02-02T15:22:41","modified_gmt":"2026-02-02T14:22:41","slug":"sfml-schweizerischer-fachverband-fur-manuelle-lymphdrainage","status":"publish","type":"page","link":"https:\/\/vdms.ch\/fr\/sfml-schweizerischer-fachverband-fur-manuelle-lymphdrainage\/","title":{"rendered":"SFML"},"content":{"rendered":"\n<div class=\"wp-block-columns no-margin is-layout-flex wp-container-core-columns-is-layout-9d6595d7 wp-block-columns-is-layout-flex\">\n<div class=\"wp-block-column is-layout-flow wp-block-column-is-layout-flow\" style=\"flex-basis:75%\">\n<h1 class=\"wp-block-heading color-brown overline\">Alliance vdms-asmm &#8211; SFML<\/h1>\n<\/div>\n<\/div>\n\n\n\n<div style=\"height:20px\" aria-hidden=\"true\" class=\"wp-block-spacer\"><\/div>\n\n\n\n<div class=\"wp-block-columns alignwide is-layout-flex wp-container-core-columns-is-layout-9d6595d7 wp-block-columns-is-layout-flex\">\n<div class=\"wp-block-column is-layout-flow wp-block-column-is-layout-flow\">\n<p>Aarau, 08.03.2024<\/p>\n\n\n\n<h3 class=\"wp-block-heading\">Marques prot\u00e9g\u00e9es<\/h3>\n\n\n\n<p>Les trois marques suivantes sont officiellement enregistr\u00e9es aupr\u00e8s de l\u2019Office f\u00e9d\u00e9ral de la propri\u00e9t\u00e9 intellectuelle et prot\u00e9g\u00e9es au titre du droit des marques.La protection est assur\u00e9e par le vdms-asmm et garantit l\u2019usage l\u00e9gitime ainsi que la protection compl\u00e8te des d\u00e9nominations et logos qui y sont associ\u00e9s.<\/p>\n\n\n\n<figure class=\"wp-block-image size-full\"><img loading=\"lazy\" decoding=\"async\" width=\"932\" height=\"238\" src=\"https:\/\/vdms.ch\/wp-content\/uploads\/2026\/02\/FR-Markenschutz.png\" alt=\"\" class=\"wp-image-17802\" srcset=\"https:\/\/vdms.ch\/wp-content\/uploads\/2026\/02\/FR-Markenschutz.png 932w, https:\/\/vdms.ch\/wp-content\/uploads\/2026\/02\/FR-Markenschutz-300x77.png 300w, https:\/\/vdms.ch\/wp-content\/uploads\/2026\/02\/FR-Markenschutz-768x196.png 768w\" sizes=\"auto, (max-width: 932px) 100vw, 932px\" \/><\/figure>\n\n\n\n<div style=\"height:100px\" aria-hidden=\"true\" class=\"wp-block-spacer\"><\/div>\n\n\n\n<h3 class=\"wp-block-heading\">La fusion de la SFML dans le vdms-asmm a \u00e9t\u00e9 mise \u00e0 l\u2019ordre du jour des assembl\u00e9es g\u00e9n\u00e9rales respectives de la SFML et du vdms-asmm (27.04.2024 et 03.05.2024).<\/h3>\n\n\n\n<p>L&rsquo;int\u00e9gration de l&rsquo;association professionnelle SFML, fond\u00e9e en d\u00e9cembre 2001, dans le vdms-asmm a \u00e9t\u00e9 approuv\u00e9e avec une seule voix contre et la fusion des deux associations a lieu avec effet r\u00e9troactif au 01.01.2024, conform\u00e9ment au contrat de fusion sign\u00e9.<\/p>\n\n\n\n<p>Comme le SVMM, la SFML (Association suisse du drainage lymphatique manuel) a appr\u00e9ci\u00e9 l\u2019engagement du vdms-asmm pour les m\u00e9thodes de massage m\u00e9dical et a \u00e9galement fusionn\u00e9 avec le vdms-asmm en 2024.<\/p>\n\n\n\n<p>La fusion permet au vdms-asmm de renforcer la m\u00e9thode du drainage lymphatique manuel avec des voies d\u00e9cisionnelles courtes et d\u2019aborder des optimisations dans l\u2019image de la profession ainsi qu\u2019une pr\u00e9sentation uniforme sur le march\u00e9 dans l\u2019int\u00e9r\u00eat des th\u00e9rapeutes.<\/p>\n\n\n\n<p>Le comit\u00e9 du vdms-asmm et Nicole Schoch se r\u00e9jouissent avec &nbsp;de l\u2019arriv\u00e9e de nouveaux membres. Nous vous remercions de la confiance que vous accordez au travail de notre association.<\/p>\n\n\n\n<p>\u00abNous pour vous \u2013 Ensemble pour la profession.\u00bb<\/p>\n<\/div>\n<\/div>\n","protected":false},"excerpt":{"rendered":"<p>Alliance vdms-asmm &#8211; SFML Aarau, 08.03.2024 Marques prot\u00e9g\u00e9es Les trois marques suivantes sont officiellement enregistr\u00e9es aupr\u00e8s de l\u2019Office f\u00e9d\u00e9ral de la propri\u00e9t\u00e9 intellectuelle et prot\u00e9g\u00e9es au titre du droit des marques.La protection est assur\u00e9e par le vdms-asmm et garantit l\u2019usage l\u00e9gitime ainsi que la protection compl\u00e8te des d\u00e9nominations et logos qui y sont associ\u00e9s. La [&hellip;]<\/p>\n","protected":false},"author":1,"featured_media":14831,"parent":0,"menu_order":88,"comment_status":"closed","ping_status":"closed","template":"","meta":{"_acf_changed":false,"footnotes":""},"class_list":["post-14707","page","type-page","status-publish","has-post-thumbnail","hentry"],"acf":[],"yoast_head":"<!-- This site is optimized with the Yoast SEO plugin v26.7 - https:\/\/yoast.com\/wordpress\/plugins\/seo\/ -->\n<title>SFML - VDMS<\/title>\n<meta name=\"description\" content=\"Als Branchenverband nimmt der Verband der medizinischen Masseure Schweiz (vdms-asmm) Stellung zu berufs-, bildungs-, und gesundheitspolitischen Themen. Wir vertreten die Interessen der Medizinischen Masseure EFA mit deren Kernkompetenzen.\" \/>\n<meta name=\"robots\" content=\"index, follow, max-snippet:-1, max-image-preview:large, max-video-preview:-1\" \/>\n<link rel=\"canonical\" href=\"https:\/\/vdms.ch\/fr\/sfml-schweizerischer-fachverband-fur-manuelle-lymphdrainage\/\" \/>\n<meta property=\"og:locale\" content=\"fr_FR\" \/>\n<meta property=\"og:type\" content=\"article\" \/>\n<meta property=\"og:title\" content=\"SFML - VDMS\" \/>\n<meta property=\"og:description\" content=\"Als Branchenverband nimmt der Verband der medizinischen Masseure Schweiz (vdms-asmm) Stellung zu berufs-, bildungs-, und gesundheitspolitischen Themen. Wir vertreten die Interessen der Medizinischen Masseure EFA mit deren Kernkompetenzen.\" \/>\n<meta property=\"og:url\" content=\"https:\/\/vdms.ch\/fr\/sfml-schweizerischer-fachverband-fur-manuelle-lymphdrainage\/\" \/>\n<meta property=\"og:site_name\" content=\"VDMS\" \/>\n<meta property=\"article:modified_time\" content=\"2026-02-02T14:22:41+00:00\" \/>\n<meta property=\"og:image\" content=\"https:\/\/vdms.ch\/wp-content\/uploads\/2024\/11\/sfml_bach.jpg\" \/>\n\t<meta property=\"og:image:width\" content=\"1338\" \/>\n\t<meta property=\"og:image:height\" content=\"446\" \/>\n\t<meta property=\"og:image:type\" content=\"image\/jpeg\" \/>\n<meta name=\"twitter:card\" content=\"summary_large_image\" \/>\n<meta name=\"twitter:label1\" content=\"Dur\u00e9e de lecture estim\u00e9e\" \/>\n\t<meta name=\"twitter:data1\" content=\"2 minutes\" \/>\n<script type=\"application\/ld+json\" class=\"yoast-schema-graph\">{\"@context\":\"https:\/\/schema.org\",\"@graph\":[{\"@type\":\"WebPage\",\"@id\":\"https:\/\/vdms.ch\/fr\/sfml-schweizerischer-fachverband-fur-manuelle-lymphdrainage\/\",\"url\":\"https:\/\/vdms.ch\/fr\/sfml-schweizerischer-fachverband-fur-manuelle-lymphdrainage\/\",\"name\":\"SFML - VDMS\",\"isPartOf\":{\"@id\":\"https:\/\/vdms.ch\/fr\/#website\"},\"primaryImageOfPage\":{\"@id\":\"https:\/\/vdms.ch\/fr\/sfml-schweizerischer-fachverband-fur-manuelle-lymphdrainage\/#primaryimage\"},\"image\":{\"@id\":\"https:\/\/vdms.ch\/fr\/sfml-schweizerischer-fachverband-fur-manuelle-lymphdrainage\/#primaryimage\"},\"thumbnailUrl\":\"https:\/\/vdms.ch\/wp-content\/uploads\/2024\/11\/sfml_bach.jpg\",\"datePublished\":\"2024-10-14T12:56:25+00:00\",\"dateModified\":\"2026-02-02T14:22:41+00:00\",\"description\":\"Als Branchenverband nimmt der Verband der medizinischen Masseure Schweiz (vdms-asmm) Stellung zu berufs-, bildungs-, und gesundheitspolitischen Themen. Wir vertreten die Interessen der Medizinischen Masseure EFA mit deren Kernkompetenzen.\",\"breadcrumb\":{\"@id\":\"https:\/\/vdms.ch\/fr\/sfml-schweizerischer-fachverband-fur-manuelle-lymphdrainage\/#breadcrumb\"},\"inLanguage\":\"fr-FR\",\"potentialAction\":[{\"@type\":\"ReadAction\",\"target\":[\"https:\/\/vdms.ch\/fr\/sfml-schweizerischer-fachverband-fur-manuelle-lymphdrainage\/\"]}]},{\"@type\":\"ImageObject\",\"inLanguage\":\"fr-FR\",\"@id\":\"https:\/\/vdms.ch\/fr\/sfml-schweizerischer-fachverband-fur-manuelle-lymphdrainage\/#primaryimage\",\"url\":\"https:\/\/vdms.ch\/wp-content\/uploads\/2024\/11\/sfml_bach.jpg\",\"contentUrl\":\"https:\/\/vdms.ch\/wp-content\/uploads\/2024\/11\/sfml_bach.jpg\",\"width\":1338,\"height\":446},{\"@type\":\"BreadcrumbList\",\"@id\":\"https:\/\/vdms.ch\/fr\/sfml-schweizerischer-fachverband-fur-manuelle-lymphdrainage\/#breadcrumb\",\"itemListElement\":[{\"@type\":\"ListItem\",\"position\":1,\"name\":\"Startseite\",\"item\":\"https:\/\/vdms.ch\/fr\/\"},{\"@type\":\"ListItem\",\"position\":2,\"name\":\"SFML\"}]},{\"@type\":\"WebSite\",\"@id\":\"https:\/\/vdms.ch\/fr\/#website\",\"url\":\"https:\/\/vdms.ch\/fr\/\",\"name\":\"VDMS\",\"description\":\"Verband der Medizinischen Massage Schweiz\",\"publisher\":{\"@id\":\"https:\/\/vdms.ch\/fr\/#organization\"},\"potentialAction\":[{\"@type\":\"SearchAction\",\"target\":{\"@type\":\"EntryPoint\",\"urlTemplate\":\"https:\/\/vdms.ch\/fr\/?s={search_term_string}\"},\"query-input\":{\"@type\":\"PropertyValueSpecification\",\"valueRequired\":true,\"valueName\":\"search_term_string\"}}],\"inLanguage\":\"fr-FR\"},{\"@type\":\"Organization\",\"@id\":\"https:\/\/vdms.ch\/fr\/#organization\",\"name\":\"vdms-asmm\",\"url\":\"https:\/\/vdms.ch\/fr\/\",\"logo\":{\"@type\":\"ImageObject\",\"inLanguage\":\"fr-FR\",\"@id\":\"https:\/\/vdms.ch\/fr\/#\/schema\/logo\/image\/\",\"url\":\"https:\/\/vdms.ch\/wp-content\/uploads\/2020\/09\/vdms-logo.png\",\"contentUrl\":\"https:\/\/vdms.ch\/wp-content\/uploads\/2020\/09\/vdms-logo.png\",\"width\":1021,\"height\":388,\"caption\":\"vdms-asmm\"},\"image\":{\"@id\":\"https:\/\/vdms.ch\/fr\/#\/schema\/logo\/image\/\"}}]}<\/script>\n<!-- \/ Yoast SEO plugin. -->","yoast_head_json":{"title":"SFML - VDMS","description":"Als Branchenverband nimmt der Verband der medizinischen Masseure Schweiz (vdms-asmm) Stellung zu berufs-, bildungs-, und gesundheitspolitischen Themen. Wir vertreten die Interessen der Medizinischen Masseure EFA mit deren Kernkompetenzen.","robots":{"index":"index","follow":"follow","max-snippet":"max-snippet:-1","max-image-preview":"max-image-preview:large","max-video-preview":"max-video-preview:-1"},"canonical":"https:\/\/vdms.ch\/fr\/sfml-schweizerischer-fachverband-fur-manuelle-lymphdrainage\/","og_locale":"fr_FR","og_type":"article","og_title":"SFML - VDMS","og_description":"Als Branchenverband nimmt der Verband der medizinischen Masseure Schweiz (vdms-asmm) Stellung zu berufs-, bildungs-, und gesundheitspolitischen Themen. Wir vertreten die Interessen der Medizinischen Masseure EFA mit deren Kernkompetenzen.","og_url":"https:\/\/vdms.ch\/fr\/sfml-schweizerischer-fachverband-fur-manuelle-lymphdrainage\/","og_site_name":"VDMS","article_modified_time":"2026-02-02T14:22:41+00:00","og_image":[{"width":1338,"height":446,"url":"https:\/\/vdms.ch\/wp-content\/uploads\/2024\/11\/sfml_bach.jpg","type":"image\/jpeg"}],"twitter_card":"summary_large_image","twitter_misc":{"Dur\u00e9e de lecture estim\u00e9e":"2 minutes"},"schema":{"@context":"https:\/\/schema.org","@graph":[{"@type":"WebPage","@id":"https:\/\/vdms.ch\/fr\/sfml-schweizerischer-fachverband-fur-manuelle-lymphdrainage\/","url":"https:\/\/vdms.ch\/fr\/sfml-schweizerischer-fachverband-fur-manuelle-lymphdrainage\/","name":"SFML - VDMS","isPartOf":{"@id":"https:\/\/vdms.ch\/fr\/#website"},"primaryImageOfPage":{"@id":"https:\/\/vdms.ch\/fr\/sfml-schweizerischer-fachverband-fur-manuelle-lymphdrainage\/#primaryimage"},"image":{"@id":"https:\/\/vdms.ch\/fr\/sfml-schweizerischer-fachverband-fur-manuelle-lymphdrainage\/#primaryimage"},"thumbnailUrl":"https:\/\/vdms.ch\/wp-content\/uploads\/2024\/11\/sfml_bach.jpg","datePublished":"2024-10-14T12:56:25+00:00","dateModified":"2026-02-02T14:22:41+00:00","description":"Als Branchenverband nimmt der Verband der medizinischen Masseure Schweiz (vdms-asmm) Stellung zu berufs-, bildungs-, und gesundheitspolitischen Themen. Wir vertreten die Interessen der Medizinischen Masseure EFA mit deren Kernkompetenzen.","breadcrumb":{"@id":"https:\/\/vdms.ch\/fr\/sfml-schweizerischer-fachverband-fur-manuelle-lymphdrainage\/#breadcrumb"},"inLanguage":"fr-FR","potentialAction":[{"@type":"ReadAction","target":["https:\/\/vdms.ch\/fr\/sfml-schweizerischer-fachverband-fur-manuelle-lymphdrainage\/"]}]},{"@type":"ImageObject","inLanguage":"fr-FR","@id":"https:\/\/vdms.ch\/fr\/sfml-schweizerischer-fachverband-fur-manuelle-lymphdrainage\/#primaryimage","url":"https:\/\/vdms.ch\/wp-content\/uploads\/2024\/11\/sfml_bach.jpg","contentUrl":"https:\/\/vdms.ch\/wp-content\/uploads\/2024\/11\/sfml_bach.jpg","width":1338,"height":446},{"@type":"BreadcrumbList","@id":"https:\/\/vdms.ch\/fr\/sfml-schweizerischer-fachverband-fur-manuelle-lymphdrainage\/#breadcrumb","itemListElement":[{"@type":"ListItem","position":1,"name":"Startseite","item":"https:\/\/vdms.ch\/fr\/"},{"@type":"ListItem","position":2,"name":"SFML"}]},{"@type":"WebSite","@id":"https:\/\/vdms.ch\/fr\/#website","url":"https:\/\/vdms.ch\/fr\/","name":"VDMS","description":"Verband der Medizinischen Massage Schweiz","publisher":{"@id":"https:\/\/vdms.ch\/fr\/#organization"},"potentialAction":[{"@type":"SearchAction","target":{"@type":"EntryPoint","urlTemplate":"https:\/\/vdms.ch\/fr\/?s={search_term_string}"},"query-input":{"@type":"PropertyValueSpecification","valueRequired":true,"valueName":"search_term_string"}}],"inLanguage":"fr-FR"},{"@type":"Organization","@id":"https:\/\/vdms.ch\/fr\/#organization","name":"vdms-asmm","url":"https:\/\/vdms.ch\/fr\/","logo":{"@type":"ImageObject","inLanguage":"fr-FR","@id":"https:\/\/vdms.ch\/fr\/#\/schema\/logo\/image\/","url":"https:\/\/vdms.ch\/wp-content\/uploads\/2020\/09\/vdms-logo.png","contentUrl":"https:\/\/vdms.ch\/wp-content\/uploads\/2020\/09\/vdms-logo.png","width":1021,"height":388,"caption":"vdms-asmm"},"image":{"@id":"https:\/\/vdms.ch\/fr\/#\/schema\/logo\/image\/"}}]}},"_links":{"self":[{"href":"https:\/\/vdms.ch\/fr\/wp-json\/wp\/v2\/pages\/14707","targetHints":{"allow":["GET"]}}],"collection":[{"href":"https:\/\/vdms.ch\/fr\/wp-json\/wp\/v2\/pages"}],"about":[{"href":"https:\/\/vdms.ch\/fr\/wp-json\/wp\/v2\/types\/page"}],"author":[{"embeddable":true,"href":"https:\/\/vdms.ch\/fr\/wp-json\/wp\/v2\/users\/1"}],"replies":[{"embeddable":true,"href":"https:\/\/vdms.ch\/fr\/wp-json\/wp\/v2\/comments?post=14707"}],"version-history":[{"count":8,"href":"https:\/\/vdms.ch\/fr\/wp-json\/wp\/v2\/pages\/14707\/revisions"}],"predecessor-version":[{"id":17806,"href":"https:\/\/vdms.ch\/fr\/wp-json\/wp\/v2\/pages\/14707\/revisions\/17806"}],"wp:featuredmedia":[{"embeddable":true,"href":"https:\/\/vdms.ch\/fr\/wp-json\/wp\/v2\/media\/14831"}],"wp:attachment":[{"href":"https:\/\/vdms.ch\/fr\/wp-json\/wp\/v2\/media?parent=14707"}],"curies":[{"name":"wp","href":"https:\/\/api.w.org\/{rel}","templated":true}]}}