{"id":14709,"date":"2024-10-14T15:00:08","date_gmt":"2024-10-14T13:00:08","guid":{"rendered":"https:\/\/vdms.ch\/svmm-schweizerischer-verband-medizinische-massage-schweizerischer-verband-medizinische-masseure\/"},"modified":"2026-02-02T15:17:53","modified_gmt":"2026-02-02T14:17:53","slug":"svmm-schweizerischer-verband-medizinische-massage-schweizerischer-verband-medizinische-masseure","status":"publish","type":"page","link":"https:\/\/vdms.ch\/fr\/svmm-schweizerischer-verband-medizinische-massage-schweizerischer-verband-medizinische-masseure\/","title":{"rendered":"SVMM"},"content":{"rendered":"\n<div class=\"wp-block-columns no-margin is-layout-flex wp-container-core-columns-is-layout-9d6595d7 wp-block-columns-is-layout-flex\">\n<div class=\"wp-block-column is-layout-flow wp-block-column-is-layout-flow\" style=\"flex-basis:75%\">\n<h1 class=\"wp-block-heading color-brown overline\">Alliance vdms-asmm \u2013 SVMM <\/h1>\n<\/div>\n<\/div>\n\n\n\n<div class=\"wp-block-columns alignwide is-layout-flex wp-container-core-columns-is-layout-9d6595d7 wp-block-columns-is-layout-flex\">\n<div class=\"wp-block-column is-layout-flow wp-block-column-is-layout-flow\">\n<p>Aarau, 08.03.2024<\/p>\n\n\n\n<h3 class=\"wp-block-heading\">Marques prot\u00e9g\u00e9es<\/h3>\n\n\n\n<p>Les trois marques suivantes sont officiellement enregistr\u00e9es aupr\u00e8s de l\u2019Office f\u00e9d\u00e9ral de la propri\u00e9t\u00e9 intellectuelle et prot\u00e9g\u00e9es au titre du droit des marques.La protection est assur\u00e9e par le vdms-asmm et garantit l\u2019usage l\u00e9gitime ainsi que la protection compl\u00e8te des d\u00e9nominations et logos qui y sont associ\u00e9s.<\/p>\n\n\n\n<figure class=\"wp-block-image size-full\"><img loading=\"lazy\" decoding=\"async\" width=\"932\" height=\"238\" src=\"https:\/\/vdms.ch\/wp-content\/uploads\/2026\/02\/FR-Markenschutz.png\" alt=\"\" class=\"wp-image-17802\" srcset=\"https:\/\/vdms.ch\/wp-content\/uploads\/2026\/02\/FR-Markenschutz.png 932w, https:\/\/vdms.ch\/wp-content\/uploads\/2026\/02\/FR-Markenschutz-300x77.png 300w, https:\/\/vdms.ch\/wp-content\/uploads\/2026\/02\/FR-Markenschutz-768x196.png 768w\" sizes=\"auto, (max-width: 932px) 100vw, 932px\" \/><\/figure>\n\n\n\n<div style=\"height:100px\" aria-hidden=\"true\" class=\"wp-block-spacer\"><\/div>\n\n\n\n<p>Aarau, 15.01.2024<\/p>\n\n\n\n<h3 class=\"wp-block-heading\"><strong><strong>Positionner la profession de la sant\u00e9 du massage m\u00e9dical de mani\u00e8re attractive !<\/strong><\/strong><\/h3>\n\n\n\n<p>Cet appel a \u00e9t\u00e9 lanc\u00e9 par des membres employeurs du vdms-asmm lors de la \u00ab 2e table ronde membres cat\u00e9gorie employeurs \u00bb du 09.11.2023. Il en est r\u00e9sult\u00e9 une proposition concr\u00e8te qui a \u00e9t\u00e9 reprise dans la strat\u00e9gie du vdms-asmm et qui a abouti \u00e0 une r\u00e9activation du SVMM avec le nom d&rsquo;association \u00ab&nbsp;Association suisse de massage m\u00e9dical&nbsp;\u00bb (en allemand).<\/p>\n\n\n\n<p>Les activit\u00e9s de l&rsquo;alliance SVMM \/ vdms-asmm avec la r\u00e9activation de l&rsquo;association partielle vdms-asmm SVMM sont pr\u00e9sent\u00e9es de mani\u00e8re fluide dans le pdf suivant.<\/p>\n\n\n\n<div class=\"wp-block-file\"><a id=\"wp-block-file--media-7d2f8771-32f1-4a61-b5fb-588131f24c89\" href=\"https:\/\/vdms.ch\/wp-content\/uploads\/2024\/11\/F-20241018_Gesundheitsberuf-Medizinische-Massage-attraktiv-positionieren.pdf\" target=\"_blank\" rel=\"noreferrer noopener\">Positionner la profession de la sant\u00e9 du massage m\u00e9dical de mani\u00e8re attrayante<\/a><\/div>\n\n\n\n<p><\/p>\n\n\n\n<div style=\"height:100px\" aria-hidden=\"true\" class=\"wp-block-spacer\"><\/div>\n\n\n\n<p>Aarau, 23.01.2010<\/p>\n\n\n\n<h3 class=\"wp-block-heading\">L\u2019association suisse de massage m\u00e9dical (SVMM) a \u00e9t\u00e9 fond\u00e9e en 2000 et a appris par la suite \u00e0 conna\u00eetre et \u00e0 appr\u00e9cier le travail visionnaire de l\u2019association vdms-amm, \u00e0 la fois la plus ancienne et la plus moderne des associations. Forte de cette exp\u00e9rience positive, le SVMM a cherch\u00e9 en 2005 \u00e0 coop\u00e9rer avec le vdms-asmm afin de renforcer ensemble le massage m\u00e9dical. <\/h3>\n\n\n\n<p>La coop\u00e9ration entre vdms-asmm et SVMM a ouvert la voie \u00e0 l\u2019actuelle profession de sant\u00e9 avec le brevet f\u00e9d\u00e9ral de masseur m\u00e9dical ou masseuse m\u00e9dicale. &nbsp;<\/p>\n\n\n\n<p>De 2005 \u00e0 2009, les membres du SVMM se sont laiss\u00e9s convaincre par la qualit\u00e9 impressionnante du vdms-asmm, qui couvrait le renforcement du massage m\u00e9dical dans toutes les r\u00e9gions linguistiques. Apr\u00e8s l\u2019implantation r\u00e9ussie de la nouvelle profession de masseur m\u00e9dical en 2009, ils ont demand\u00e9 au vdms-asmm de fusionner.<\/p>\n\n\n\n<p>Les assembl\u00e9es g\u00e9n\u00e9rales du SVMM et du vdms-asmm ont approuv\u00e9 la fusion en 2010. Depuis, ils se pr\u00e9sentent ensemble sous le nom&nbsp;; association suisse de massage m\u00e9dical (vdms-asmms). A la demande des membres SVMM, ils sont enti\u00e8rement int\u00e9gr\u00e9s dans le vdms-amm depuis 2010.<\/p>\n\n\n\n<p>De ce regroupement avec une orientation claire, le vdms-asmm est devenu l\u2019association professionnelle pour le massage m\u00e9dical et est accept\u00e9e comme premier interlocuteur par tous les comit\u00e9 du secteur de l\u2018\u00e9ducation et de&nbsp; la sant\u00e9.<\/p>\n\n\n\n<p>\u00ab&nbsp;Nous pour vous \u2013 Ensemble pour la profession.&nbsp;\u00bb<\/p>\n\n\n\n<p><\/p>\n\n\n\n<div style=\"height:100px\" aria-hidden=\"true\" class=\"wp-block-spacer\"><\/div>\n<\/div>\n<\/div>\n","protected":false},"excerpt":{"rendered":"<p>Alliance vdms-asmm \u2013 SVMM Aarau, 08.03.2024 Marques prot\u00e9g\u00e9es Les trois marques suivantes sont officiellement enregistr\u00e9es aupr\u00e8s de l\u2019Office f\u00e9d\u00e9ral de la propri\u00e9t\u00e9 intellectuelle et prot\u00e9g\u00e9es au titre du droit des marques.La protection est assur\u00e9e par le vdms-asmm et garantit l\u2019usage l\u00e9gitime ainsi que la protection compl\u00e8te des d\u00e9nominations et logos qui y sont associ\u00e9s. Aarau, [&hellip;]<\/p>\n","protected":false},"author":1,"featured_media":3640,"parent":0,"menu_order":85,"comment_status":"closed","ping_status":"closed","template":"","meta":{"_acf_changed":false,"footnotes":""},"class_list":["post-14709","page","type-page","status-publish","has-post-thumbnail","hentry"],"acf":[],"yoast_head":"<!-- This site is optimized with the Yoast SEO plugin v26.7 - https:\/\/yoast.com\/wordpress\/plugins\/seo\/ -->\n<title>SVMM - VDMS<\/title>\n<meta name=\"description\" content=\"Als Branchenverband nimmt der Verband der medizinischen Masseure Schweiz (vdms-asmm) Stellung zu berufs-, bildungs-, und gesundheitspolitischen Themen. Wir vertreten die Interessen der Medizinischen Masseure EFA mit deren Kernkompetenzen.\" \/>\n<meta name=\"robots\" content=\"index, follow, max-snippet:-1, max-image-preview:large, max-video-preview:-1\" \/>\n<link rel=\"canonical\" href=\"https:\/\/vdms.ch\/fr\/svmm-schweizerischer-verband-medizinische-massage-schweizerischer-verband-medizinische-masseure\/\" \/>\n<meta property=\"og:locale\" content=\"fr_FR\" \/>\n<meta property=\"og:type\" content=\"article\" \/>\n<meta property=\"og:title\" content=\"SVMM - VDMS\" \/>\n<meta property=\"og:description\" content=\"Als Branchenverband nimmt der Verband der medizinischen Masseure Schweiz (vdms-asmm) Stellung zu berufs-, bildungs-, und gesundheitspolitischen Themen. Wir vertreten die Interessen der Medizinischen Masseure EFA mit deren Kernkompetenzen.\" \/>\n<meta property=\"og:url\" content=\"https:\/\/vdms.ch\/fr\/svmm-schweizerischer-verband-medizinische-massage-schweizerischer-verband-medizinische-masseure\/\" \/>\n<meta property=\"og:site_name\" content=\"VDMS\" \/>\n<meta property=\"article:modified_time\" content=\"2026-02-02T14:17:53+00:00\" \/>\n<meta property=\"og:image\" content=\"https:\/\/vdms.ch\/wp-content\/uploads\/2020\/10\/vdms_asmm_titelbild_02.jpg\" \/>\n\t<meta property=\"og:image:width\" content=\"2560\" \/>\n\t<meta property=\"og:image:height\" content=\"1080\" \/>\n\t<meta property=\"og:image:type\" content=\"image\/jpeg\" \/>\n<meta name=\"twitter:card\" content=\"summary_large_image\" \/>\n<meta name=\"twitter:label1\" content=\"Dur\u00e9e de lecture estim\u00e9e\" \/>\n\t<meta name=\"twitter:data1\" content=\"3 minutes\" \/>\n<script type=\"application\/ld+json\" class=\"yoast-schema-graph\">{\"@context\":\"https:\/\/schema.org\",\"@graph\":[{\"@type\":\"WebPage\",\"@id\":\"https:\/\/vdms.ch\/fr\/svmm-schweizerischer-verband-medizinische-massage-schweizerischer-verband-medizinische-masseure\/\",\"url\":\"https:\/\/vdms.ch\/fr\/svmm-schweizerischer-verband-medizinische-massage-schweizerischer-verband-medizinische-masseure\/\",\"name\":\"SVMM - VDMS\",\"isPartOf\":{\"@id\":\"https:\/\/vdms.ch\/fr\/#website\"},\"primaryImageOfPage\":{\"@id\":\"https:\/\/vdms.ch\/fr\/svmm-schweizerischer-verband-medizinische-massage-schweizerischer-verband-medizinische-masseure\/#primaryimage\"},\"image\":{\"@id\":\"https:\/\/vdms.ch\/fr\/svmm-schweizerischer-verband-medizinische-massage-schweizerischer-verband-medizinische-masseure\/#primaryimage\"},\"thumbnailUrl\":\"https:\/\/vdms.ch\/wp-content\/uploads\/2020\/10\/vdms_asmm_titelbild_02.jpg\",\"datePublished\":\"2024-10-14T13:00:08+00:00\",\"dateModified\":\"2026-02-02T14:17:53+00:00\",\"description\":\"Als Branchenverband nimmt der Verband der medizinischen Masseure Schweiz (vdms-asmm) Stellung zu berufs-, bildungs-, und gesundheitspolitischen Themen. Wir vertreten die Interessen der Medizinischen Masseure EFA mit deren Kernkompetenzen.\",\"breadcrumb\":{\"@id\":\"https:\/\/vdms.ch\/fr\/svmm-schweizerischer-verband-medizinische-massage-schweizerischer-verband-medizinische-masseure\/#breadcrumb\"},\"inLanguage\":\"fr-FR\",\"potentialAction\":[{\"@type\":\"ReadAction\",\"target\":[\"https:\/\/vdms.ch\/fr\/svmm-schweizerischer-verband-medizinische-massage-schweizerischer-verband-medizinische-masseure\/\"]}]},{\"@type\":\"ImageObject\",\"inLanguage\":\"fr-FR\",\"@id\":\"https:\/\/vdms.ch\/fr\/svmm-schweizerischer-verband-medizinische-massage-schweizerischer-verband-medizinische-masseure\/#primaryimage\",\"url\":\"https:\/\/vdms.ch\/wp-content\/uploads\/2020\/10\/vdms_asmm_titelbild_02.jpg\",\"contentUrl\":\"https:\/\/vdms.ch\/wp-content\/uploads\/2020\/10\/vdms_asmm_titelbild_02.jpg\",\"width\":2560,\"height\":1080},{\"@type\":\"BreadcrumbList\",\"@id\":\"https:\/\/vdms.ch\/fr\/svmm-schweizerischer-verband-medizinische-massage-schweizerischer-verband-medizinische-masseure\/#breadcrumb\",\"itemListElement\":[{\"@type\":\"ListItem\",\"position\":1,\"name\":\"Startseite\",\"item\":\"https:\/\/vdms.ch\/fr\/\"},{\"@type\":\"ListItem\",\"position\":2,\"name\":\"SVMM\"}]},{\"@type\":\"WebSite\",\"@id\":\"https:\/\/vdms.ch\/fr\/#website\",\"url\":\"https:\/\/vdms.ch\/fr\/\",\"name\":\"VDMS\",\"description\":\"Verband der Medizinischen Massage Schweiz\",\"publisher\":{\"@id\":\"https:\/\/vdms.ch\/fr\/#organization\"},\"potentialAction\":[{\"@type\":\"SearchAction\",\"target\":{\"@type\":\"EntryPoint\",\"urlTemplate\":\"https:\/\/vdms.ch\/fr\/?s={search_term_string}\"},\"query-input\":{\"@type\":\"PropertyValueSpecification\",\"valueRequired\":true,\"valueName\":\"search_term_string\"}}],\"inLanguage\":\"fr-FR\"},{\"@type\":\"Organization\",\"@id\":\"https:\/\/vdms.ch\/fr\/#organization\",\"name\":\"vdms-asmm\",\"url\":\"https:\/\/vdms.ch\/fr\/\",\"logo\":{\"@type\":\"ImageObject\",\"inLanguage\":\"fr-FR\",\"@id\":\"https:\/\/vdms.ch\/fr\/#\/schema\/logo\/image\/\",\"url\":\"https:\/\/vdms.ch\/wp-content\/uploads\/2020\/09\/vdms-logo.png\",\"contentUrl\":\"https:\/\/vdms.ch\/wp-content\/uploads\/2020\/09\/vdms-logo.png\",\"width\":1021,\"height\":388,\"caption\":\"vdms-asmm\"},\"image\":{\"@id\":\"https:\/\/vdms.ch\/fr\/#\/schema\/logo\/image\/\"}}]}<\/script>\n<!-- \/ Yoast SEO plugin. -->","yoast_head_json":{"title":"SVMM - VDMS","description":"Als Branchenverband nimmt der Verband der medizinischen Masseure Schweiz (vdms-asmm) Stellung zu berufs-, bildungs-, und gesundheitspolitischen Themen. Wir vertreten die Interessen der Medizinischen Masseure EFA mit deren Kernkompetenzen.","robots":{"index":"index","follow":"follow","max-snippet":"max-snippet:-1","max-image-preview":"max-image-preview:large","max-video-preview":"max-video-preview:-1"},"canonical":"https:\/\/vdms.ch\/fr\/svmm-schweizerischer-verband-medizinische-massage-schweizerischer-verband-medizinische-masseure\/","og_locale":"fr_FR","og_type":"article","og_title":"SVMM - VDMS","og_description":"Als Branchenverband nimmt der Verband der medizinischen Masseure Schweiz (vdms-asmm) Stellung zu berufs-, bildungs-, und gesundheitspolitischen Themen. Wir vertreten die Interessen der Medizinischen Masseure EFA mit deren Kernkompetenzen.","og_url":"https:\/\/vdms.ch\/fr\/svmm-schweizerischer-verband-medizinische-massage-schweizerischer-verband-medizinische-masseure\/","og_site_name":"VDMS","article_modified_time":"2026-02-02T14:17:53+00:00","og_image":[{"width":2560,"height":1080,"url":"https:\/\/vdms.ch\/wp-content\/uploads\/2020\/10\/vdms_asmm_titelbild_02.jpg","type":"image\/jpeg"}],"twitter_card":"summary_large_image","twitter_misc":{"Dur\u00e9e de lecture estim\u00e9e":"3 minutes"},"schema":{"@context":"https:\/\/schema.org","@graph":[{"@type":"WebPage","@id":"https:\/\/vdms.ch\/fr\/svmm-schweizerischer-verband-medizinische-massage-schweizerischer-verband-medizinische-masseure\/","url":"https:\/\/vdms.ch\/fr\/svmm-schweizerischer-verband-medizinische-massage-schweizerischer-verband-medizinische-masseure\/","name":"SVMM - VDMS","isPartOf":{"@id":"https:\/\/vdms.ch\/fr\/#website"},"primaryImageOfPage":{"@id":"https:\/\/vdms.ch\/fr\/svmm-schweizerischer-verband-medizinische-massage-schweizerischer-verband-medizinische-masseure\/#primaryimage"},"image":{"@id":"https:\/\/vdms.ch\/fr\/svmm-schweizerischer-verband-medizinische-massage-schweizerischer-verband-medizinische-masseure\/#primaryimage"},"thumbnailUrl":"https:\/\/vdms.ch\/wp-content\/uploads\/2020\/10\/vdms_asmm_titelbild_02.jpg","datePublished":"2024-10-14T13:00:08+00:00","dateModified":"2026-02-02T14:17:53+00:00","description":"Als Branchenverband nimmt der Verband der medizinischen Masseure Schweiz (vdms-asmm) Stellung zu berufs-, bildungs-, und gesundheitspolitischen Themen. Wir vertreten die Interessen der Medizinischen Masseure EFA mit deren Kernkompetenzen.","breadcrumb":{"@id":"https:\/\/vdms.ch\/fr\/svmm-schweizerischer-verband-medizinische-massage-schweizerischer-verband-medizinische-masseure\/#breadcrumb"},"inLanguage":"fr-FR","potentialAction":[{"@type":"ReadAction","target":["https:\/\/vdms.ch\/fr\/svmm-schweizerischer-verband-medizinische-massage-schweizerischer-verband-medizinische-masseure\/"]}]},{"@type":"ImageObject","inLanguage":"fr-FR","@id":"https:\/\/vdms.ch\/fr\/svmm-schweizerischer-verband-medizinische-massage-schweizerischer-verband-medizinische-masseure\/#primaryimage","url":"https:\/\/vdms.ch\/wp-content\/uploads\/2020\/10\/vdms_asmm_titelbild_02.jpg","contentUrl":"https:\/\/vdms.ch\/wp-content\/uploads\/2020\/10\/vdms_asmm_titelbild_02.jpg","width":2560,"height":1080},{"@type":"BreadcrumbList","@id":"https:\/\/vdms.ch\/fr\/svmm-schweizerischer-verband-medizinische-massage-schweizerischer-verband-medizinische-masseure\/#breadcrumb","itemListElement":[{"@type":"ListItem","position":1,"name":"Startseite","item":"https:\/\/vdms.ch\/fr\/"},{"@type":"ListItem","position":2,"name":"SVMM"}]},{"@type":"WebSite","@id":"https:\/\/vdms.ch\/fr\/#website","url":"https:\/\/vdms.ch\/fr\/","name":"VDMS","description":"Verband der Medizinischen Massage Schweiz","publisher":{"@id":"https:\/\/vdms.ch\/fr\/#organization"},"potentialAction":[{"@type":"SearchAction","target":{"@type":"EntryPoint","urlTemplate":"https:\/\/vdms.ch\/fr\/?s={search_term_string}"},"query-input":{"@type":"PropertyValueSpecification","valueRequired":true,"valueName":"search_term_string"}}],"inLanguage":"fr-FR"},{"@type":"Organization","@id":"https:\/\/vdms.ch\/fr\/#organization","name":"vdms-asmm","url":"https:\/\/vdms.ch\/fr\/","logo":{"@type":"ImageObject","inLanguage":"fr-FR","@id":"https:\/\/vdms.ch\/fr\/#\/schema\/logo\/image\/","url":"https:\/\/vdms.ch\/wp-content\/uploads\/2020\/09\/vdms-logo.png","contentUrl":"https:\/\/vdms.ch\/wp-content\/uploads\/2020\/09\/vdms-logo.png","width":1021,"height":388,"caption":"vdms-asmm"},"image":{"@id":"https:\/\/vdms.ch\/fr\/#\/schema\/logo\/image\/"}}]}},"_links":{"self":[{"href":"https:\/\/vdms.ch\/fr\/wp-json\/wp\/v2\/pages\/14709","targetHints":{"allow":["GET"]}}],"collection":[{"href":"https:\/\/vdms.ch\/fr\/wp-json\/wp\/v2\/pages"}],"about":[{"href":"https:\/\/vdms.ch\/fr\/wp-json\/wp\/v2\/types\/page"}],"author":[{"embeddable":true,"href":"https:\/\/vdms.ch\/fr\/wp-json\/wp\/v2\/users\/1"}],"replies":[{"embeddable":true,"href":"https:\/\/vdms.ch\/fr\/wp-json\/wp\/v2\/comments?post=14709"}],"version-history":[{"count":19,"href":"https:\/\/vdms.ch\/fr\/wp-json\/wp\/v2\/pages\/14709\/revisions"}],"predecessor-version":[{"id":17805,"href":"https:\/\/vdms.ch\/fr\/wp-json\/wp\/v2\/pages\/14709\/revisions\/17805"}],"wp:featuredmedia":[{"embeddable":true,"href":"https:\/\/vdms.ch\/fr\/wp-json\/wp\/v2\/media\/3640"}],"wp:attachment":[{"href":"https:\/\/vdms.ch\/fr\/wp-json\/wp\/v2\/media?parent=14709"}],"curies":[{"name":"wp","href":"https:\/\/api.w.org\/{rel}","templated":true}]}}