{"id":15122,"date":"2024-12-18T23:02:57","date_gmt":"2024-12-18T22:02:57","guid":{"rendered":"https:\/\/vdms.ch\/?page_id=15122"},"modified":"2026-03-23T14:43:25","modified_gmt":"2026-03-23T13:43:25","slug":"examen-professionnel","status":"publish","type":"page","link":"https:\/\/vdms.ch\/fr\/examen-professionnel\/","title":{"rendered":"Examen professionnel"},"content":{"rendered":"\n<div class=\"wp-block-columns no-margin is-layout-flex wp-container-core-columns-is-layout-9d6595d7 wp-block-columns-is-layout-flex\">\n<div class=\"wp-block-column is-layout-flow wp-block-column-is-layout-flow\" style=\"flex-basis:75%\"><\/div>\n<\/div>\n\n\n\n<div class=\"wp-block-columns alignwide is-layout-flex wp-container-core-columns-is-layout-9d6595d7 wp-block-columns-is-layout-flex\">\n<div class=\"wp-block-column is-layout-flow wp-block-column-is-layout-flow\">\n<p>Dans le cadre de la co-responsabilit\u00e9, l&rsquo;Association suisse de massage m\u00e9dical (vdms-asmm) se r\u00e9jouit de faire partie de l&rsquo;examen professionnel f\u00e9d\u00e9ral \u00e0 partir de 2025. Nous sommes motiv\u00e9s pour mettre en \u0153uvre l&rsquo;examen professionnel conform\u00e9ment aux directives de la Conf\u00e9d\u00e9ration (SEFRI). Nous sommes pr\u00eats \u00e0 relever le d\u00e9fi de garantir aux dipl\u00f4m\u00e9(e)s un examen professionnel \u00e9quitable et moderne.<\/p>\n\n\n\n<p>Nous nous r\u00e9jouissons d&rsquo;une collaboration constructive avec la commission d&rsquo;assurance qualit\u00e9 et le secr\u00e9tariat d&rsquo;examen. Vous trouverez de plus amples informations sur le nouveau site internet de l&rsquo;examen professionnel <a href=\"https:\/\/mmep.ch\/fr\/home-3\/\" target=\"_blank\" rel=\"noreferrer noopener\"><strong>www.mmep.ch<\/strong><\/a><\/p>\n\n\n\n<div style=\"height:50px\" aria-hidden=\"true\" class=\"wp-block-spacer\"><\/div>\n\n\n\n<figure class=\"wp-block-image size-large\"><img loading=\"lazy\" decoding=\"async\" width=\"1024\" height=\"228\" src=\"https:\/\/vdms.ch\/wp-content\/uploads\/2026\/03\/MMEP_Logo_mit_Text_RBG-1024x228.jpg\" alt=\"\" class=\"wp-image-17999\" srcset=\"https:\/\/vdms.ch\/wp-content\/uploads\/2026\/03\/MMEP_Logo_mit_Text_RBG-1024x228.jpg 1024w, https:\/\/vdms.ch\/wp-content\/uploads\/2026\/03\/MMEP_Logo_mit_Text_RBG-300x67.jpg 300w, https:\/\/vdms.ch\/wp-content\/uploads\/2026\/03\/MMEP_Logo_mit_Text_RBG-768x171.jpg 768w, https:\/\/vdms.ch\/wp-content\/uploads\/2026\/03\/MMEP_Logo_mit_Text_RBG.jpg 1435w\" sizes=\"auto, (max-width: 1024px) 100vw, 1024px\" \/><\/figure>\n\n\n\n<div style=\"height:50px\" aria-hidden=\"true\" class=\"wp-block-spacer\"><\/div>\n\n\n\n<h3 class=\"wp-block-heading color-brown overline\"><strong>Dipl\u00f4mes \u00e9trangers<\/strong><\/h3>\n\n\n\n<p>Vous souhaitez faire reconna\u00eetre votre dipl\u00f4me \u00e9tranger?<br>Veuillez-vous adresser directement \u00e0 la <strong>Croix-Rouge suisse (CRS)<\/strong>, secteur Sant\u00e9. Vous trouverez des informations sur la reconnaissance et l&rsquo;enregistrement sous: <a href=\"https:\/\/www.redcross.ch\/fr\/notre-offre\/professions-de-la-sante-reconnaissance-et-enregistrement\">Sant\u00e9: reconna\u00eetre et enregistrer les dipl\u00f4mes | CRS<\/a><\/p>\n\n\n\n<p>Vous pouvez \u00e9galement utiliser l&rsquo;application web <strong>PreCheck<\/strong>: <a href=\"http:\/\/www.precheck.ch\">www.precheck.ch<\/a><\/p>\n\n\n\n<p>Afin que votre demande puisse \u00eatre trait\u00e9e correctement et que les documents puissent \u00eatre fournis et envoy\u00e9s en bonne et due forme, veuillez tenir compte des points suivants:<\/p>\n\n\n\n<ul class=\"wp-block-list\">\n<li>R\u00e9pondez de mani\u00e8re v\u00e9ridique aux questions concernant votre situation actuelle en mati\u00e8re de logement et d&#8217;emploi ainsi que votre derni\u00e8re activit\u00e9 professionnelle en dehors de la Suisse.<\/li>\n\n\n\n<li>Indiquez l&rsquo;adresse actuelle du demandeur dans les coordonn\u00e9es.<\/li>\n<\/ul>\n<\/div>\n<\/div>\n\n\n\n<p><\/p>\n","protected":false},"excerpt":{"rendered":"<p>Dans le cadre de la co-responsabilit\u00e9, l&rsquo;Association suisse de massage m\u00e9dical (vdms-asmm) se r\u00e9jouit de faire partie de l&rsquo;examen professionnel f\u00e9d\u00e9ral \u00e0 partir de 2025. Nous sommes motiv\u00e9s pour mettre en \u0153uvre l&rsquo;examen professionnel conform\u00e9ment aux directives de la Conf\u00e9d\u00e9ration (SEFRI). Nous sommes pr\u00eats \u00e0 relever le d\u00e9fi de garantir aux dipl\u00f4m\u00e9(e)s un examen professionnel [&hellip;]<\/p>\n","protected":false},"author":1,"featured_media":15178,"parent":0,"menu_order":82,"comment_status":"closed","ping_status":"closed","template":"","meta":{"_acf_changed":false,"footnotes":""},"class_list":["post-15122","page","type-page","status-publish","has-post-thumbnail","hentry"],"acf":[],"yoast_head":"<!-- This site is optimized with the Yoast SEO plugin v26.7 - https:\/\/yoast.com\/wordpress\/plugins\/seo\/ -->\n<title>Examen professionnel - VDMS<\/title>\n<meta name=\"description\" content=\"Als Branchenverband nimmt der Verband der medizinischen Masseure Schweiz (vdms-asmm) Stellung zu berufs-, bildungs-, und gesundheitspolitischen Themen. Wir vertreten die Interessen der Medizinischen Masseure EFA mit deren Kernkompetenzen.\" \/>\n<meta name=\"robots\" content=\"index, follow, max-snippet:-1, max-image-preview:large, max-video-preview:-1\" \/>\n<link rel=\"canonical\" href=\"https:\/\/vdms.ch\/fr\/examen-professionnel\/\" \/>\n<meta property=\"og:locale\" content=\"fr_FR\" \/>\n<meta property=\"og:type\" content=\"article\" \/>\n<meta property=\"og:title\" content=\"Examen professionnel - VDMS\" \/>\n<meta property=\"og:description\" content=\"Als Branchenverband nimmt der Verband der medizinischen Masseure Schweiz (vdms-asmm) Stellung zu berufs-, bildungs-, und gesundheitspolitischen Themen. Wir vertreten die Interessen der Medizinischen Masseure EFA mit deren Kernkompetenzen.\" \/>\n<meta property=\"og:url\" content=\"https:\/\/vdms.ch\/fr\/examen-professionnel\/\" \/>\n<meta property=\"og:site_name\" content=\"VDMS\" \/>\n<meta property=\"article:modified_time\" content=\"2026-03-23T13:43:25+00:00\" \/>\n<meta property=\"og:image\" content=\"https:\/\/vdms.ch\/wp-content\/uploads\/2025\/01\/Bild-BP-Home.jpeg\" \/>\n\t<meta property=\"og:image:width\" content=\"2560\" \/>\n\t<meta property=\"og:image:height\" content=\"1707\" \/>\n\t<meta property=\"og:image:type\" content=\"image\/jpeg\" \/>\n<meta name=\"twitter:card\" content=\"summary_large_image\" \/>\n<meta name=\"twitter:label1\" content=\"Dur\u00e9e de lecture estim\u00e9e\" \/>\n\t<meta name=\"twitter:data1\" content=\"2 minutes\" \/>\n<script type=\"application\/ld+json\" class=\"yoast-schema-graph\">{\"@context\":\"https:\/\/schema.org\",\"@graph\":[{\"@type\":\"WebPage\",\"@id\":\"https:\/\/vdms.ch\/fr\/examen-professionnel\/\",\"url\":\"https:\/\/vdms.ch\/fr\/examen-professionnel\/\",\"name\":\"Examen professionnel - VDMS\",\"isPartOf\":{\"@id\":\"https:\/\/vdms.ch\/fr\/#website\"},\"primaryImageOfPage\":{\"@id\":\"https:\/\/vdms.ch\/fr\/examen-professionnel\/#primaryimage\"},\"image\":{\"@id\":\"https:\/\/vdms.ch\/fr\/examen-professionnel\/#primaryimage\"},\"thumbnailUrl\":\"https:\/\/vdms.ch\/wp-content\/uploads\/2025\/01\/Bild-BP-Home.jpeg\",\"datePublished\":\"2024-12-18T22:02:57+00:00\",\"dateModified\":\"2026-03-23T13:43:25+00:00\",\"description\":\"Als Branchenverband nimmt der Verband der medizinischen Masseure Schweiz (vdms-asmm) Stellung zu berufs-, bildungs-, und gesundheitspolitischen Themen. Wir vertreten die Interessen der Medizinischen Masseure EFA mit deren Kernkompetenzen.\",\"breadcrumb\":{\"@id\":\"https:\/\/vdms.ch\/fr\/examen-professionnel\/#breadcrumb\"},\"inLanguage\":\"fr-FR\",\"potentialAction\":[{\"@type\":\"ReadAction\",\"target\":[\"https:\/\/vdms.ch\/fr\/examen-professionnel\/\"]}]},{\"@type\":\"ImageObject\",\"inLanguage\":\"fr-FR\",\"@id\":\"https:\/\/vdms.ch\/fr\/examen-professionnel\/#primaryimage\",\"url\":\"https:\/\/vdms.ch\/wp-content\/uploads\/2025\/01\/Bild-BP-Home.jpeg\",\"contentUrl\":\"https:\/\/vdms.ch\/wp-content\/uploads\/2025\/01\/Bild-BP-Home.jpeg\",\"width\":2560,\"height\":1707,\"caption\":\"Managers applauding to speaker after presentation\"},{\"@type\":\"BreadcrumbList\",\"@id\":\"https:\/\/vdms.ch\/fr\/examen-professionnel\/#breadcrumb\",\"itemListElement\":[{\"@type\":\"ListItem\",\"position\":1,\"name\":\"Startseite\",\"item\":\"https:\/\/vdms.ch\/fr\/\"},{\"@type\":\"ListItem\",\"position\":2,\"name\":\"Examen professionnel\"}]},{\"@type\":\"WebSite\",\"@id\":\"https:\/\/vdms.ch\/fr\/#website\",\"url\":\"https:\/\/vdms.ch\/fr\/\",\"name\":\"VDMS\",\"description\":\"Verband der Medizinischen Massage Schweiz\",\"publisher\":{\"@id\":\"https:\/\/vdms.ch\/fr\/#organization\"},\"potentialAction\":[{\"@type\":\"SearchAction\",\"target\":{\"@type\":\"EntryPoint\",\"urlTemplate\":\"https:\/\/vdms.ch\/fr\/?s={search_term_string}\"},\"query-input\":{\"@type\":\"PropertyValueSpecification\",\"valueRequired\":true,\"valueName\":\"search_term_string\"}}],\"inLanguage\":\"fr-FR\"},{\"@type\":\"Organization\",\"@id\":\"https:\/\/vdms.ch\/fr\/#organization\",\"name\":\"vdms-asmm\",\"url\":\"https:\/\/vdms.ch\/fr\/\",\"logo\":{\"@type\":\"ImageObject\",\"inLanguage\":\"fr-FR\",\"@id\":\"https:\/\/vdms.ch\/fr\/#\/schema\/logo\/image\/\",\"url\":\"https:\/\/vdms.ch\/wp-content\/uploads\/2020\/09\/vdms-logo.png\",\"contentUrl\":\"https:\/\/vdms.ch\/wp-content\/uploads\/2020\/09\/vdms-logo.png\",\"width\":1021,\"height\":388,\"caption\":\"vdms-asmm\"},\"image\":{\"@id\":\"https:\/\/vdms.ch\/fr\/#\/schema\/logo\/image\/\"}}]}<\/script>\n<!-- \/ Yoast SEO plugin. -->","yoast_head_json":{"title":"Examen professionnel - VDMS","description":"Als Branchenverband nimmt der Verband der medizinischen Masseure Schweiz (vdms-asmm) Stellung zu berufs-, bildungs-, und gesundheitspolitischen Themen. Wir vertreten die Interessen der Medizinischen Masseure EFA mit deren Kernkompetenzen.","robots":{"index":"index","follow":"follow","max-snippet":"max-snippet:-1","max-image-preview":"max-image-preview:large","max-video-preview":"max-video-preview:-1"},"canonical":"https:\/\/vdms.ch\/fr\/examen-professionnel\/","og_locale":"fr_FR","og_type":"article","og_title":"Examen professionnel - VDMS","og_description":"Als Branchenverband nimmt der Verband der medizinischen Masseure Schweiz (vdms-asmm) Stellung zu berufs-, bildungs-, und gesundheitspolitischen Themen. Wir vertreten die Interessen der Medizinischen Masseure EFA mit deren Kernkompetenzen.","og_url":"https:\/\/vdms.ch\/fr\/examen-professionnel\/","og_site_name":"VDMS","article_modified_time":"2026-03-23T13:43:25+00:00","og_image":[{"width":2560,"height":1707,"url":"https:\/\/vdms.ch\/wp-content\/uploads\/2025\/01\/Bild-BP-Home.jpeg","type":"image\/jpeg"}],"twitter_card":"summary_large_image","twitter_misc":{"Dur\u00e9e de lecture estim\u00e9e":"2 minutes"},"schema":{"@context":"https:\/\/schema.org","@graph":[{"@type":"WebPage","@id":"https:\/\/vdms.ch\/fr\/examen-professionnel\/","url":"https:\/\/vdms.ch\/fr\/examen-professionnel\/","name":"Examen professionnel - VDMS","isPartOf":{"@id":"https:\/\/vdms.ch\/fr\/#website"},"primaryImageOfPage":{"@id":"https:\/\/vdms.ch\/fr\/examen-professionnel\/#primaryimage"},"image":{"@id":"https:\/\/vdms.ch\/fr\/examen-professionnel\/#primaryimage"},"thumbnailUrl":"https:\/\/vdms.ch\/wp-content\/uploads\/2025\/01\/Bild-BP-Home.jpeg","datePublished":"2024-12-18T22:02:57+00:00","dateModified":"2026-03-23T13:43:25+00:00","description":"Als Branchenverband nimmt der Verband der medizinischen Masseure Schweiz (vdms-asmm) Stellung zu berufs-, bildungs-, und gesundheitspolitischen Themen. Wir vertreten die Interessen der Medizinischen Masseure EFA mit deren Kernkompetenzen.","breadcrumb":{"@id":"https:\/\/vdms.ch\/fr\/examen-professionnel\/#breadcrumb"},"inLanguage":"fr-FR","potentialAction":[{"@type":"ReadAction","target":["https:\/\/vdms.ch\/fr\/examen-professionnel\/"]}]},{"@type":"ImageObject","inLanguage":"fr-FR","@id":"https:\/\/vdms.ch\/fr\/examen-professionnel\/#primaryimage","url":"https:\/\/vdms.ch\/wp-content\/uploads\/2025\/01\/Bild-BP-Home.jpeg","contentUrl":"https:\/\/vdms.ch\/wp-content\/uploads\/2025\/01\/Bild-BP-Home.jpeg","width":2560,"height":1707,"caption":"Managers applauding to speaker after presentation"},{"@type":"BreadcrumbList","@id":"https:\/\/vdms.ch\/fr\/examen-professionnel\/#breadcrumb","itemListElement":[{"@type":"ListItem","position":1,"name":"Startseite","item":"https:\/\/vdms.ch\/fr\/"},{"@type":"ListItem","position":2,"name":"Examen professionnel"}]},{"@type":"WebSite","@id":"https:\/\/vdms.ch\/fr\/#website","url":"https:\/\/vdms.ch\/fr\/","name":"VDMS","description":"Verband der Medizinischen Massage Schweiz","publisher":{"@id":"https:\/\/vdms.ch\/fr\/#organization"},"potentialAction":[{"@type":"SearchAction","target":{"@type":"EntryPoint","urlTemplate":"https:\/\/vdms.ch\/fr\/?s={search_term_string}"},"query-input":{"@type":"PropertyValueSpecification","valueRequired":true,"valueName":"search_term_string"}}],"inLanguage":"fr-FR"},{"@type":"Organization","@id":"https:\/\/vdms.ch\/fr\/#organization","name":"vdms-asmm","url":"https:\/\/vdms.ch\/fr\/","logo":{"@type":"ImageObject","inLanguage":"fr-FR","@id":"https:\/\/vdms.ch\/fr\/#\/schema\/logo\/image\/","url":"https:\/\/vdms.ch\/wp-content\/uploads\/2020\/09\/vdms-logo.png","contentUrl":"https:\/\/vdms.ch\/wp-content\/uploads\/2020\/09\/vdms-logo.png","width":1021,"height":388,"caption":"vdms-asmm"},"image":{"@id":"https:\/\/vdms.ch\/fr\/#\/schema\/logo\/image\/"}}]}},"_links":{"self":[{"href":"https:\/\/vdms.ch\/fr\/wp-json\/wp\/v2\/pages\/15122","targetHints":{"allow":["GET"]}}],"collection":[{"href":"https:\/\/vdms.ch\/fr\/wp-json\/wp\/v2\/pages"}],"about":[{"href":"https:\/\/vdms.ch\/fr\/wp-json\/wp\/v2\/types\/page"}],"author":[{"embeddable":true,"href":"https:\/\/vdms.ch\/fr\/wp-json\/wp\/v2\/users\/1"}],"replies":[{"embeddable":true,"href":"https:\/\/vdms.ch\/fr\/wp-json\/wp\/v2\/comments?post=15122"}],"version-history":[{"count":17,"href":"https:\/\/vdms.ch\/fr\/wp-json\/wp\/v2\/pages\/15122\/revisions"}],"predecessor-version":[{"id":18003,"href":"https:\/\/vdms.ch\/fr\/wp-json\/wp\/v2\/pages\/15122\/revisions\/18003"}],"wp:featuredmedia":[{"embeddable":true,"href":"https:\/\/vdms.ch\/fr\/wp-json\/wp\/v2\/media\/15178"}],"wp:attachment":[{"href":"https:\/\/vdms.ch\/fr\/wp-json\/wp\/v2\/media?parent=15122"}],"curies":[{"name":"wp","href":"https:\/\/api.w.org\/{rel}","templated":true}]}}