{"id":17331,"date":"2025-12-18T13:38:33","date_gmt":"2025-12-18T12:38:33","guid":{"rendered":"https:\/\/vdms.ch\/?page_id=17331"},"modified":"2026-03-24T11:37:23","modified_gmt":"2026-03-24T10:37:23","slug":"stage","status":"publish","type":"page","link":"https:\/\/vdms.ch\/fr\/stage\/","title":{"rendered":"Stage"},"content":{"rendered":"\n<h1 class=\"wp-block-heading color-brown overline\">Stage<\/h1>\n\n\n\n<p class=\"color-brown\"><strong>Dans le cadre de la formation professionnelle f\u00e9d\u00e9rale en massage m\u00e9dical, le r\u00e8glement des examens et les directives du module 8 pr\u00e9voient obligatoirement un stage clinique.<\/strong><\/p>\n\n\n\n<p class=\"color-brown\"><strong>Gr\u00e2ce \u00e0 l&rsquo;enregistrement de la m\u00e9thode \u00ab Pratique professionnelle du massage m\u00e9dical vdms-asmm \u00bb (RME n\u00b0 1181), les stagiaires sont reconnus comme prestataires de services par les assureurs maladie et peuvent facturer les m\u00eames chiffres tarifaires que les masseurs m\u00e9dicaux titulaires d&rsquo;un brevet f\u00e9d\u00e9ral (RME n\u00b0 118).<\/strong><\/p>\n\n\n\n<div style=\"height:20px\" aria-hidden=\"true\" class=\"wp-block-spacer\"><\/div>\n\n\n<section class=\"richtlinien-choice praktikum row\" style=\"margin-bottom: 2em; margin-top: 2em;\">\r\n    \r\n                <div class=\"richtlinie-feature col-md-4\">\r\n                                        <a href=\"https:\/\/vdms.ch\/wp-content\/uploads\/2026\/01\/Certificat-de-qualite-standard-pour-la-methode-Pratique-professionnelle-du-massage-medical-vdms-asmm.pdf\" target=\"_blank\"><div class=\"circle_1\" style=\"background: #66c1bf; border: 2px solid #66c1bf;\">Standard<\/div><\/a>\r\n                    <span>Description avec situation initiale, sp\u00e9cifications et certificat de qualit\u00e9<\/span>\r\n                <\/div>\r\n\r\n            \r\n                <div class=\"richtlinie-feature col-md-4\">\r\n                                        <a href=\"https:\/\/vdms.ch\/wp-content\/uploads\/2026\/01\/Directives-relatives-a-lenregistrement-de-la-methode.pdf\" target=\"_blank\"><div class=\"circle_1\" style=\"background: #66c1bf; border: 2px solid #66c1bf;\">Conditions<\/div><\/a>\r\n                    <span>Directives relatives aux conditions d&rsquo;enregistrement<\/span>\r\n                <\/div>\r\n\r\n            \r\n<\/section>\n\n<section class=\"richtlinien-choice praktikum row\" style=\"margin-bottom: 2em; margin-top: 2em;\">\r\n    \r\n                <div class=\"richtlinie-feature col-md-4\">\r\n                                        <a href=\"https:\/\/vdms.ch\/wp-content\/uploads\/2026\/01\/Modele-Contrat-de-stage-vdms-asmm_Formular.pdf\" target=\"_blank\"><div class=\"circle_1\" style=\"background: #66c1bf; border: 2px solid #66c1bf;\">Contrat de stage<\/div><\/a>\r\n                    <span>Mod\u00e8le de contrat de stage (employeur, stagiaire, \u00e9tablissement de formation)<\/span>\r\n                <\/div>\r\n\r\n            \r\n                <div class=\"richtlinie-feature col-md-4\">\r\n                                        <a href=\"https:\/\/vdms.ch\/wp-content\/uploads\/2026\/01\/Informations-sur-linscription-de-la-methode-pour-le-stage.pdf\" target=\"_blank\"><div class=\"circle_1\" style=\"background: #66c1bf; border: 2px solid #66c1bf;\">Inscription<\/div><\/a>\r\n                    <span>Informations sur l&rsquo;inscription au stage<\/span>\r\n                <\/div>\r\n\r\n            \r\n                <div class=\"richtlinie-feature col-md-4\">\r\n                                        <a href=\"https:\/\/vdms.ch\/wp-content\/uploads\/2026\/03\/20260216-FAQ_Pratique-professionnelle-en-massage-medical-vdms-asmm_Version-03.2026_V2_Franzoesisch.pdf\" target=\"_blank\"><div class=\"circle_1\" style=\"background: #66c1bf; border: 2px solid #66c1bf;\">FAQ<\/div><\/a>\r\n                    <span>Questions et r\u00e9ponses<\/span>\r\n                <\/div>\r\n\r\n            \r\n<\/section>\n\n\n<div style=\"height:40px\" aria-hidden=\"true\" class=\"wp-block-spacer\"><\/div>\n\n\n\n<hr class=\"wp-block-separator has-css-opacity is-style-wide\"\/>\n\n\n<section class=\"mitglied_werden row\">\r\n    <div class=\"col-md-12\">\r\n        <h3 class=\"color-brown text-center\">Saisissez votre chance<br \/>\r\navec le vdms-asmm<\/h3>\r\n                    <a href=\"https:\/\/vdms.ch\/fr\/devenir-membre\/\">\r\n                <button class=\"background-red\" style=\"display: flex;\">Devenir membre<\/button>\r\n            <\/a>\r\n        \r\n    <\/div>\r\n<\/section>","protected":false},"excerpt":{"rendered":"<p>Stage Dans le cadre de la formation professionnelle f\u00e9d\u00e9rale en massage m\u00e9dical, le r\u00e8glement des examens et les directives du module 8 pr\u00e9voient obligatoirement un stage clinique. Gr\u00e2ce \u00e0 l&rsquo;enregistrement de la m\u00e9thode \u00ab Pratique professionnelle du massage m\u00e9dical vdms-asmm \u00bb (RME n\u00b0 1181), les stagiaires sont reconnus comme prestataires de services par les assureurs [&hellip;]<\/p>\n","protected":false},"author":1,"featured_media":0,"parent":0,"menu_order":105,"comment_status":"closed","ping_status":"closed","template":"","meta":{"_acf_changed":false,"footnotes":""},"class_list":["post-17331","page","type-page","status-publish","hentry"],"acf":[],"yoast_head":"<!-- This site is optimized with the Yoast SEO plugin v26.7 - https:\/\/yoast.com\/wordpress\/plugins\/seo\/ -->\n<title>Stage - VDMS<\/title>\n<meta name=\"robots\" content=\"index, follow, max-snippet:-1, max-image-preview:large, max-video-preview:-1\" \/>\n<link rel=\"canonical\" href=\"https:\/\/vdms.ch\/fr\/stage\/\" \/>\n<meta property=\"og:locale\" content=\"fr_FR\" \/>\n<meta property=\"og:type\" content=\"article\" \/>\n<meta property=\"og:title\" content=\"Stage - VDMS\" \/>\n<meta property=\"og:description\" content=\"Stage Dans le cadre de la formation professionnelle f\u00e9d\u00e9rale en massage m\u00e9dical, le r\u00e8glement des examens et les directives du module 8 pr\u00e9voient obligatoirement un stage clinique. Gr\u00e2ce \u00e0 l&rsquo;enregistrement de la m\u00e9thode \u00ab Pratique professionnelle du massage m\u00e9dical vdms-asmm \u00bb (RME n\u00b0 1181), les stagiaires sont reconnus comme prestataires de services par les assureurs [&hellip;]\" \/>\n<meta property=\"og:url\" content=\"https:\/\/vdms.ch\/fr\/stage\/\" \/>\n<meta property=\"og:site_name\" content=\"VDMS\" \/>\n<meta property=\"article:modified_time\" content=\"2026-03-24T10:37:23+00:00\" \/>\n<meta name=\"twitter:card\" content=\"summary_large_image\" \/>\n<meta name=\"twitter:label1\" content=\"Dur\u00e9e de lecture estim\u00e9e\" \/>\n\t<meta name=\"twitter:data1\" content=\"1 minute\" \/>\n<script type=\"application\/ld+json\" class=\"yoast-schema-graph\">{\"@context\":\"https:\/\/schema.org\",\"@graph\":[{\"@type\":\"WebPage\",\"@id\":\"https:\/\/vdms.ch\/fr\/stage\/\",\"url\":\"https:\/\/vdms.ch\/fr\/stage\/\",\"name\":\"Stage - VDMS\",\"isPartOf\":{\"@id\":\"https:\/\/vdms.ch\/fr\/#website\"},\"datePublished\":\"2025-12-18T12:38:33+00:00\",\"dateModified\":\"2026-03-24T10:37:23+00:00\",\"breadcrumb\":{\"@id\":\"https:\/\/vdms.ch\/fr\/stage\/#breadcrumb\"},\"inLanguage\":\"fr-FR\",\"potentialAction\":[{\"@type\":\"ReadAction\",\"target\":[\"https:\/\/vdms.ch\/fr\/stage\/\"]}]},{\"@type\":\"BreadcrumbList\",\"@id\":\"https:\/\/vdms.ch\/fr\/stage\/#breadcrumb\",\"itemListElement\":[{\"@type\":\"ListItem\",\"position\":1,\"name\":\"Startseite\",\"item\":\"https:\/\/vdms.ch\/fr\/\"},{\"@type\":\"ListItem\",\"position\":2,\"name\":\"Stage\"}]},{\"@type\":\"WebSite\",\"@id\":\"https:\/\/vdms.ch\/fr\/#website\",\"url\":\"https:\/\/vdms.ch\/fr\/\",\"name\":\"VDMS\",\"description\":\"Verband der Medizinischen Massage Schweiz\",\"publisher\":{\"@id\":\"https:\/\/vdms.ch\/fr\/#organization\"},\"potentialAction\":[{\"@type\":\"SearchAction\",\"target\":{\"@type\":\"EntryPoint\",\"urlTemplate\":\"https:\/\/vdms.ch\/fr\/?s={search_term_string}\"},\"query-input\":{\"@type\":\"PropertyValueSpecification\",\"valueRequired\":true,\"valueName\":\"search_term_string\"}}],\"inLanguage\":\"fr-FR\"},{\"@type\":\"Organization\",\"@id\":\"https:\/\/vdms.ch\/fr\/#organization\",\"name\":\"vdms-asmm\",\"url\":\"https:\/\/vdms.ch\/fr\/\",\"logo\":{\"@type\":\"ImageObject\",\"inLanguage\":\"fr-FR\",\"@id\":\"https:\/\/vdms.ch\/fr\/#\/schema\/logo\/image\/\",\"url\":\"https:\/\/vdms.ch\/wp-content\/uploads\/2020\/09\/vdms-logo.png\",\"contentUrl\":\"https:\/\/vdms.ch\/wp-content\/uploads\/2020\/09\/vdms-logo.png\",\"width\":1021,\"height\":388,\"caption\":\"vdms-asmm\"},\"image\":{\"@id\":\"https:\/\/vdms.ch\/fr\/#\/schema\/logo\/image\/\"}}]}<\/script>\n<!-- \/ Yoast SEO plugin. -->","yoast_head_json":{"title":"Stage - VDMS","robots":{"index":"index","follow":"follow","max-snippet":"max-snippet:-1","max-image-preview":"max-image-preview:large","max-video-preview":"max-video-preview:-1"},"canonical":"https:\/\/vdms.ch\/fr\/stage\/","og_locale":"fr_FR","og_type":"article","og_title":"Stage - VDMS","og_description":"Stage Dans le cadre de la formation professionnelle f\u00e9d\u00e9rale en massage m\u00e9dical, le r\u00e8glement des examens et les directives du module 8 pr\u00e9voient obligatoirement un stage clinique. Gr\u00e2ce \u00e0 l&rsquo;enregistrement de la m\u00e9thode \u00ab Pratique professionnelle du massage m\u00e9dical vdms-asmm \u00bb (RME n\u00b0 1181), les stagiaires sont reconnus comme prestataires de services par les assureurs [&hellip;]","og_url":"https:\/\/vdms.ch\/fr\/stage\/","og_site_name":"VDMS","article_modified_time":"2026-03-24T10:37:23+00:00","twitter_card":"summary_large_image","twitter_misc":{"Dur\u00e9e de lecture estim\u00e9e":"1 minute"},"schema":{"@context":"https:\/\/schema.org","@graph":[{"@type":"WebPage","@id":"https:\/\/vdms.ch\/fr\/stage\/","url":"https:\/\/vdms.ch\/fr\/stage\/","name":"Stage - VDMS","isPartOf":{"@id":"https:\/\/vdms.ch\/fr\/#website"},"datePublished":"2025-12-18T12:38:33+00:00","dateModified":"2026-03-24T10:37:23+00:00","breadcrumb":{"@id":"https:\/\/vdms.ch\/fr\/stage\/#breadcrumb"},"inLanguage":"fr-FR","potentialAction":[{"@type":"ReadAction","target":["https:\/\/vdms.ch\/fr\/stage\/"]}]},{"@type":"BreadcrumbList","@id":"https:\/\/vdms.ch\/fr\/stage\/#breadcrumb","itemListElement":[{"@type":"ListItem","position":1,"name":"Startseite","item":"https:\/\/vdms.ch\/fr\/"},{"@type":"ListItem","position":2,"name":"Stage"}]},{"@type":"WebSite","@id":"https:\/\/vdms.ch\/fr\/#website","url":"https:\/\/vdms.ch\/fr\/","name":"VDMS","description":"Verband der Medizinischen Massage Schweiz","publisher":{"@id":"https:\/\/vdms.ch\/fr\/#organization"},"potentialAction":[{"@type":"SearchAction","target":{"@type":"EntryPoint","urlTemplate":"https:\/\/vdms.ch\/fr\/?s={search_term_string}"},"query-input":{"@type":"PropertyValueSpecification","valueRequired":true,"valueName":"search_term_string"}}],"inLanguage":"fr-FR"},{"@type":"Organization","@id":"https:\/\/vdms.ch\/fr\/#organization","name":"vdms-asmm","url":"https:\/\/vdms.ch\/fr\/","logo":{"@type":"ImageObject","inLanguage":"fr-FR","@id":"https:\/\/vdms.ch\/fr\/#\/schema\/logo\/image\/","url":"https:\/\/vdms.ch\/wp-content\/uploads\/2020\/09\/vdms-logo.png","contentUrl":"https:\/\/vdms.ch\/wp-content\/uploads\/2020\/09\/vdms-logo.png","width":1021,"height":388,"caption":"vdms-asmm"},"image":{"@id":"https:\/\/vdms.ch\/fr\/#\/schema\/logo\/image\/"}}]}},"_links":{"self":[{"href":"https:\/\/vdms.ch\/fr\/wp-json\/wp\/v2\/pages\/17331","targetHints":{"allow":["GET"]}}],"collection":[{"href":"https:\/\/vdms.ch\/fr\/wp-json\/wp\/v2\/pages"}],"about":[{"href":"https:\/\/vdms.ch\/fr\/wp-json\/wp\/v2\/types\/page"}],"author":[{"embeddable":true,"href":"https:\/\/vdms.ch\/fr\/wp-json\/wp\/v2\/users\/1"}],"replies":[{"embeddable":true,"href":"https:\/\/vdms.ch\/fr\/wp-json\/wp\/v2\/comments?post=17331"}],"version-history":[{"count":8,"href":"https:\/\/vdms.ch\/fr\/wp-json\/wp\/v2\/pages\/17331\/revisions"}],"predecessor-version":[{"id":18032,"href":"https:\/\/vdms.ch\/fr\/wp-json\/wp\/v2\/pages\/17331\/revisions\/18032"}],"wp:attachment":[{"href":"https:\/\/vdms.ch\/fr\/wp-json\/wp\/v2\/media?parent=17331"}],"curies":[{"name":"wp","href":"https:\/\/api.w.org\/{rel}","templated":true}]}}