{"id":4858,"date":"2020-08-26T10:33:30","date_gmt":"2020-08-26T08:33:30","guid":{"rendered":"https:\/\/vdms.ch\/verbandsportrait\/"},"modified":"2026-01-29T09:55:54","modified_gmt":"2026-01-29T08:55:54","slug":"portrait-de-lassociation","status":"publish","type":"page","link":"https:\/\/vdms.ch\/fr\/portrait-de-lassociation\/","title":{"rendered":"Portrait de l&rsquo;association"},"content":{"rendered":"\n<div class=\"wp-block-columns no-margin is-layout-flex wp-container-core-columns-is-layout-9d6595d7 wp-block-columns-is-layout-flex\">\n<div class=\"wp-block-column is-layout-flow wp-block-column-is-layout-flow\" style=\"flex-basis:75%\">\n<h1 class=\"wp-block-heading color-brown overline\">Portrait de l&rsquo;association<\/h1>\n<\/div>\n\n\n\n<div class=\"wp-block-column is-layout-flow wp-block-column-is-layout-flow\">\n<figure class=\"wp-block-image size-full signet\"><img decoding=\"async\" src=\"https:\/\/vdms.ch\/wp-content\/uploads\/2020\/10\/qualitaet-signet.png\" alt=\"\" class=\"wp-image-3621\"\/><\/figure>\n<\/div>\n<\/div>\n\n\n\n<h3 class=\"wp-block-heading color-brown\">informe, met en mouvement, met en lien, renforce, int\u00e9resse, soutient, d\u00e9veloppe, promeut, transparent,&nbsp;honn\u00eate, ensemble, respectueux, engag\u00e9, enthousiaste, comp\u00e9tent, agile, gagnant, au service des autres, positif, vigilant, confiant, visionnaire, audacieux, cibl\u00e9, ouvert, sympathique,&nbsp;empathique, partenaire, harmonieux, centr\u00e9<\/h3>\n\n\n\n<div style=\"height:20px\" aria-hidden=\"true\" class=\"wp-block-spacer\"><\/div>\n\n\n\n<div class=\"wp-block-columns alignwide is-layout-flex wp-container-core-columns-is-layout-9d6595d7 wp-block-columns-is-layout-flex\">\n<div class=\"wp-block-column is-layout-flow wp-block-column-is-layout-flow\">\n<h3 class=\"wp-block-heading\">A propos de nous<\/h3>\n\n\n\n<p>L&rsquo;association suisse de massage m\u00e9dical (vdms-asmm), en tant qu\u2019association de branche, prend position sur des th\u00e8mes de politiques professionnelle, de formation et de sant\u00e9. Nous repr\u00e9sentons les masseurs m\u00e9dicaux BF et leurs comp\u00e9tences centrales.&nbsp;<\/p>\n\n\n\n<p>La priorit\u00e9 absolue du vdms-asmm est de promouvoir et de renforcer le masseur m\u00e9dical BF dans le syst\u00e8me de sant\u00e9 suisse, dans le paysage de la formation et dans la perception du grand public.&nbsp;<\/p>\n\n\n\n<p>L\u2019accompagnement de nos membres, l\u2019augmentation de la reconnaissance et la r\u00e9putation de la profession sont centraux pour nous. Nous influen\u00e7ons la garantie de la rel\u00e8ve en prenant part activement \u00e0 la responsabilit\u00e9 des examens f\u00e9d\u00e9raux.&nbsp;<\/p>\n\n\n\n<p>Notre programme de formation continue adapt\u00e9 aux besoins du march\u00e9 participe \u00e0 l\u2019augmentation de la qualit\u00e9 des th\u00e9rapeutes compl\u00e9mentaires.&nbsp;<\/p>\n<\/div>\n\n\n\n<div class=\"wp-block-column is-layout-flow wp-block-column-is-layout-flow\">\n<h3 class=\"wp-block-heading\">Histoire<\/h3>\n\n\n\n<p>L&rsquo;association suisse de massage m\u00e9dical (vdms-asmm) a \u00e9t\u00e9 fond\u00e9e le 19 octobre 1976 et s\u2019investit activement pour la d\u00e9fense des int\u00e9r\u00eats de ses membres.&nbsp;<\/p>\n\n\n\n<p>Notre association est \u00e0 but non lucratif. Gr\u00e2ce \u00e0 une bonne gestion des finances et une structure organisationnelle efficace nous garantissent une p\u00e9rennit\u00e9 et nous restons ind\u00e9pendants. L\u2019organisation de l\u2019association est bas\u00e9 sur le droit suisse. Le&nbsp;si\u00e8ge et le secr\u00e9tariat de l\u2019association sont situ\u00e9s \u00e0 Aarau.&nbsp;<\/p>\n\n\n\n<p>Le vdms-asmm grandit chaque ann\u00e9e et nous repr\u00e9sentons nos membres (apprentis, salari\u00e9s, employ\u00e9s) devant les diff\u00e9rentes instances. En tant qu\u2019association de branche, le vdms-asmm a une importance syst\u00e9mique pour la profession et a le statut d\u2019organisation du monde du travail (OrTra). Cette importance syst\u00e9mique du vdms-asmm sera \u00e0 l\u2019avenir \u00e9galement repr\u00e9sent\u00e9e vis-\u00e0-vis des tiers en tant que co-responsable de la formation professionnelle pour l\u2019examen professionnel des masseurs m\u00e9dicaux avec brevet f\u00e9d\u00e9ral.&nbsp;<\/p>\n<\/div>\n<\/div>\n\n\n<section class=\"richtlinien-choice row\">\r\n    \r\n                <div class=\"richtlinie-feature col-md-4\">\r\n                                        <a href=\"https:\/\/vdms.ch\/wp-content\/uploads\/2020\/11\/Vision-Mission-Valeurs.pdf\" target=\"_blank\"><div class=\"circle_1\" style=\"background: #756762; border: 2px solid #756762;\">Vision<br \/>\r\nmissions<br \/>\r\nvaleurs<\/div><\/a>\r\n                    <span>O\u00f9 allons-nous! <br \/>\r\nPourquoi <br \/>\r\nexistons-nous! <br \/>\r\nCe en quoi nous croyons!<\/span>\r\n                <\/div>\r\n\r\n            \r\n                <div class=\"richtlinie-feature col-md-4\">\r\n                                        <a href=\"https:\/\/vdms.ch\/wp-content\/uploads\/2020\/11\/Politique-professionnelle.pdf\" target=\"_blank\"><div class=\"circle_1\" style=\"background: #756762; border: 2px solid #756762;\">Politique professionnelle<\/div><\/a>\r\n                    <span>Comme pour vous &#8211; <br \/>\r\nensemble pour la <br \/>\r\nprofession!<\/span>\r\n                <\/div>\r\n\r\n            \r\n                <div class=\"richtlinie-feature col-md-4\">\r\n                                        <a href=\"https:\/\/vdms.ch\/wp-content\/uploads\/2020\/11\/Politique-de-la-formation.pdf\" target=\"_blank\"><div class=\"circle_1\" style=\"background: #756762; border: 2px solid #756762;\">Politique de <br \/>\r\nla formation<\/div><\/a>\r\n                    <span>Comp\u00e9tent! <br \/>\r\nProfessionnel!<br \/>\r\nCibl\u00e9!<\/span>\r\n                <\/div>\r\n\r\n            \r\n<\/section>\n\n\n<div class=\"wp-block-columns alignwide is-layout-flex wp-container-core-columns-is-layout-9d6595d7 wp-block-columns-is-layout-flex\">\n<div class=\"wp-block-column is-layout-flow wp-block-column-is-layout-flow\"><section class=\"zitat row\">\r\n    <div class=\"col-md-12\">\r\n        <div class=\"testimonial_text\">\u00abLe vdms-asmm repr\u00e9sente les int\u00e9r\u00eats des masseurs m\u00e9dicaux BF au niveau national. Les pr\u00e9occupations de nos presque 1000 membres &#8211; employeurs, employ\u00e9s, \u00e9tudiants &#8211; sont au centre de nos pr\u00e9occupations, avec pour objectif de renforcer la profession\u00bb<\/div>\r\n        <span>Marcel K\u00e4lin, atPr\u00e9sidence vdms-asmm<\/span>\r\n    <\/div>\r\n<\/section><\/div>\n\n\n\n<div class=\"wp-block-column is-layout-flow wp-block-column-is-layout-flow\">\n<h3 class=\"wp-block-heading\">Organisation<\/h3>\n\n\n\n<div class=\"wp-block-file\"><a id=\"wp-block-file--media-feecac5e-9cdd-4c51-8873-4183537769cf\" href=\"https:\/\/vdms.ch\/wp-content\/uploads\/2020\/11\/Concept-de-communication.pdf\" target=\"_blank\" rel=\"noreferrer noopener\">Concept de communication<\/a><\/div>\n\n\n\n<div class=\"wp-block-file\"><a id=\"wp-block-file--media-8ade0831-278d-4dc2-8d34-dc4f712933d1\" href=\"https:\/\/vdms.ch\/wp-content\/uploads\/2024\/07\/29.07.2024-Organigramm_Organisation-vdms-_FR.pdf\" target=\"_blank\" rel=\"noreferrer noopener\">Organigramme vdms-asmm<\/a><\/div>\n\n\n\n<p><\/p>\n<\/div>\n<\/div>\n\n\n<\/div>\r\n<\/div>\r\n<\/div>\r\n\r\n<div class=\"container-vdms background-brown-light\">\r\n    <div class=\"vorstand container\">\r\n        <div class=\"row\">\r\n            <div class=\"col-md-12\"><h3 class=\"color-brown\">Comit\u00e9<\/h3><\/div>\r\n            \r\n                <div class=\"mitarbeiter col-md-3\">\r\n                                        <div class=\"circle_mitarbeiter\" style=\"background-image: url('https:\/\/vdms.ch\/wp-content\/uploads\/2024\/09\/vdms_asmm_marcel-300x300.png');\"><\/div>\r\n                    <span><p><strong>Marcel K\u00e4lin<\/strong><br \/>\natPr\u00e9sidence<\/p>\n<\/span>\r\n                <\/div>\r\n            \r\n                <div class=\"mitarbeiter col-md-3\">\r\n                                        <div class=\"circle_mitarbeiter\" style=\"background-image: url('https:\/\/vdms.ch\/wp-content\/uploads\/2021\/07\/vdms_asmm_carine-300x300.jpg');\"><\/div>\r\n                    <span><p><strong>Carine Papaux<\/strong><br \/>\natPr\u00e9sidence<br \/>\nmass. m\u00e9d. BF<\/p>\n<\/span>\r\n                <\/div>\r\n            \r\n                <div class=\"mitarbeiter col-md-3\">\r\n                                        <div class=\"circle_mitarbeiter\" style=\"background-image: url('https:\/\/vdms.ch\/wp-content\/uploads\/2022\/06\/vdms_asmm_Nicole-1-300x300.png');\"><\/div>\r\n                    <span><p><strong>Nicole Schoch<\/strong><br \/>\nMembre du comit\u00e9<br \/>\nmass. m\u00e9d. BF<\/p>\n<\/span>\r\n                <\/div>\r\n            \r\n                <div class=\"mitarbeiter col-md-3\">\r\n                                        <div class=\"circle_mitarbeiter\" style=\"background-image: url('https:\/\/vdms.ch\/wp-content\/uploads\/2024\/08\/vdms_asmm_christian-rund-300x300.png');\"><\/div>\r\n                    <span><p><strong>Christian Kaufmann<\/strong><br \/>\nMembre du comit\u00e9<br \/>\nmass. m\u00e9d. BF<\/p>\n<\/span>\r\n                <\/div>\r\n                    <\/div>\r\n    <\/div>\r\n\r\n    <div class=\"firma container\">\r\n        <div class=\"row\">\r\n            <div class=\"col-md-12\"><h3 class=\"color-brown\">Secr\u00e9tariat<\/h3><\/div>\r\n            \r\n                    <div class=\"mitarbeiter col-md-3\">\r\n                                                <div class=\"circle_mitarbeiter\" style=\"background-image: url('https:\/\/vdms.ch\/wp-content\/uploads\/2024\/09\/vdms_asmm_sabrina-300x300.png');\"><\/div>\r\n                        <span><p><strong>Sabrina Hofmann<\/strong><br \/>\nDirection du secr\u00e9tariat<\/p>\n<\/span>\r\n                    <\/div>\r\n                \r\n                    <div class=\"mitarbeiter col-md-3\">\r\n                                                <div class=\"circle_mitarbeiter\" style=\"background-image: url('https:\/\/vdms.ch\/wp-content\/uploads\/2023\/05\/vdms_asmm_Anita_Maeder_150px-300x300.png');\"><\/div>\r\n                        <span><p><strong>Anita M\u00e4der<\/strong><br \/>\nPM Formation continues<\/p>\n<\/span>\r\n                    <\/div>\r\n                \r\n                    <div class=\"mitarbeiter col-md-3\">\r\n                                                <div class=\"circle_mitarbeiter\" style=\"background-image: url('https:\/\/vdms.ch\/wp-content\/uploads\/2020\/10\/vdms_asmm_michael_hofmann-300x300.jpg');\"><\/div>\r\n                        <span><p><strong>Michael Hofmann<\/strong><br \/>\nAccueil cours<\/p>\n<\/span>\r\n                    <\/div>\r\n                \r\n                    <div class=\"mitarbeiter col-md-3\">\r\n                                                <div class=\"circle_mitarbeiter\" style=\"background-image: url('https:\/\/vdms.ch\/wp-content\/uploads\/2020\/10\/vdms_asmm_sarah_spirig-300x300.jpg');\"><\/div>\r\n                        <span><p><strong>Sarah Spirgi<\/strong><br \/>\nAccueil cours<\/p>\n<\/span>\r\n                    <\/div>\r\n                \r\n                    <div class=\"mitarbeiter col-md-3\">\r\n                                                <div class=\"circle_mitarbeiter\" style=\"background-image: url('https:\/\/vdms.ch\/wp-content\/uploads\/2020\/10\/vdms_asmm_lilly_kaelin-300x300.jpg');\"><\/div>\r\n                        <span><p><strong>Lilly K\u00e4lin<\/strong><br \/>\nInt\u00e9rimaire \/ Etudiante<\/p>\n<\/span>\r\n                    <\/div>\r\n                        <\/div>\r\n    <\/div>\r\n    <div class=\"firma container\">\r\n        <div class=\"row\">\r\n            <div class=\"col-md-12\"><h3 class=\"color-brown\">Groupe de travail<\/h3><\/div>\r\n            \r\n                    <div class=\"mitarbeiter col-md-3\">\r\n                                                <div class=\"circle_mitarbeiter\" style=\"background-image: url('https:\/\/vdms.ch\/wp-content\/uploads\/2024\/07\/Verena-Heimberg-300x300.jpg');\"><\/div>\r\n                        <span><p><strong>Verena Heimberg<\/strong><br \/>\nSection Tessin<\/p>\n<\/span>\r\n                    <\/div>\r\n                \r\n                    <div class=\"mitarbeiter col-md-3\">\r\n                                                <div class=\"circle_mitarbeiter\" style=\"background-image: url('https:\/\/vdms.ch\/wp-content\/uploads\/2025\/08\/Mirjame-Steiner.jpg-300x293.png');\"><\/div>\r\n                        <span><p><strong>Mirjame Steiner<\/strong><br \/>\nSection Romandie<\/p>\n<\/span>\r\n                    <\/div>\r\n                        <\/div>\r\n    <\/div>\r\n<\/div>\r\n\r\n<div id=\"content-6\" class=\"site-content container\">\r\n    <div class=\"site-page\">\r\n\n\n<section class=\"mitglied_werden row\">\r\n    <div class=\"col-md-12\">\r\n        <h3 class=\"color-brown text-center\">Avez-vous des questions? <br \/>\r\nContactez-nous. <\/h3>\r\n                    <a href=\"https:\/\/vdms.ch\/fr\/contact\">\r\n                        <button class=\"background-red\" style=\"display: flex;\">Contact<\/button>\r\n        <\/a>\r\n    <\/div>\r\n<\/section>","protected":false},"excerpt":{"rendered":"<p>Portrait de l&rsquo;association informe, met en mouvement, met en lien, renforce, int\u00e9resse, soutient, d\u00e9veloppe, promeut, transparent,&nbsp;honn\u00eate, ensemble, respectueux, engag\u00e9, enthousiaste, comp\u00e9tent, agile, gagnant, au service des autres, positif, vigilant, confiant, visionnaire, audacieux, cibl\u00e9, ouvert, sympathique,&nbsp;empathique, partenaire, harmonieux, centr\u00e9 A propos de nous L&rsquo;association suisse de massage m\u00e9dical (vdms-asmm), en tant qu\u2019association de branche, prend position [&hellip;]<\/p>\n","protected":false},"author":1,"featured_media":3640,"parent":0,"menu_order":93,"comment_status":"closed","ping_status":"closed","template":"","meta":{"_acf_changed":false,"footnotes":""},"class_list":["post-4858","page","type-page","status-publish","has-post-thumbnail","hentry"],"acf":[],"yoast_head":"<!-- This site is optimized with the Yoast SEO plugin v26.7 - https:\/\/yoast.com\/wordpress\/plugins\/seo\/ -->\n<title>Portrait de l&#039;association - VDMS<\/title>\n<meta name=\"robots\" content=\"index, follow, max-snippet:-1, max-image-preview:large, max-video-preview:-1\" \/>\n<link rel=\"canonical\" href=\"https:\/\/vdms.ch\/fr\/portrait-de-lassociation\/\" \/>\n<meta property=\"og:locale\" content=\"fr_FR\" \/>\n<meta property=\"og:type\" content=\"article\" \/>\n<meta property=\"og:title\" content=\"Portrait de l&#039;association - VDMS\" \/>\n<meta property=\"og:description\" content=\"Portrait de l&rsquo;association informe, met en mouvement, met en lien, renforce, int\u00e9resse, soutient, d\u00e9veloppe, promeut, transparent,&nbsp;honn\u00eate, ensemble, respectueux, engag\u00e9, enthousiaste, comp\u00e9tent, agile, gagnant, au service des autres, positif, vigilant, confiant, visionnaire, audacieux, cibl\u00e9, ouvert, sympathique,&nbsp;empathique, partenaire, harmonieux, centr\u00e9 A propos de nous L&rsquo;association suisse de massage m\u00e9dical (vdms-asmm), en tant qu\u2019association de branche, prend position [&hellip;]\" \/>\n<meta property=\"og:url\" content=\"https:\/\/vdms.ch\/fr\/portrait-de-lassociation\/\" \/>\n<meta property=\"og:site_name\" content=\"VDMS\" \/>\n<meta property=\"article:modified_time\" content=\"2026-01-29T08:55:54+00:00\" \/>\n<meta property=\"og:image\" content=\"https:\/\/vdms.ch\/wp-content\/uploads\/2020\/10\/vdms_asmm_titelbild_02.jpg\" \/>\n\t<meta property=\"og:image:width\" content=\"2560\" \/>\n\t<meta property=\"og:image:height\" content=\"1080\" \/>\n\t<meta property=\"og:image:type\" content=\"image\/jpeg\" \/>\n<meta name=\"twitter:card\" content=\"summary_large_image\" \/>\n<meta name=\"twitter:label1\" content=\"Dur\u00e9e de lecture estim\u00e9e\" \/>\n\t<meta name=\"twitter:data1\" content=\"6 minutes\" \/>\n<script type=\"application\/ld+json\" class=\"yoast-schema-graph\">{\"@context\":\"https:\/\/schema.org\",\"@graph\":[{\"@type\":\"WebPage\",\"@id\":\"https:\/\/vdms.ch\/fr\/portrait-de-lassociation\/\",\"url\":\"https:\/\/vdms.ch\/fr\/portrait-de-lassociation\/\",\"name\":\"Portrait de l'association - VDMS\",\"isPartOf\":{\"@id\":\"https:\/\/vdms.ch\/fr\/#website\"},\"primaryImageOfPage\":{\"@id\":\"https:\/\/vdms.ch\/fr\/portrait-de-lassociation\/#primaryimage\"},\"image\":{\"@id\":\"https:\/\/vdms.ch\/fr\/portrait-de-lassociation\/#primaryimage\"},\"thumbnailUrl\":\"https:\/\/vdms.ch\/wp-content\/uploads\/2020\/10\/vdms_asmm_titelbild_02.jpg\",\"datePublished\":\"2020-08-26T08:33:30+00:00\",\"dateModified\":\"2026-01-29T08:55:54+00:00\",\"breadcrumb\":{\"@id\":\"https:\/\/vdms.ch\/fr\/portrait-de-lassociation\/#breadcrumb\"},\"inLanguage\":\"fr-FR\",\"potentialAction\":[{\"@type\":\"ReadAction\",\"target\":[\"https:\/\/vdms.ch\/fr\/portrait-de-lassociation\/\"]}]},{\"@type\":\"ImageObject\",\"inLanguage\":\"fr-FR\",\"@id\":\"https:\/\/vdms.ch\/fr\/portrait-de-lassociation\/#primaryimage\",\"url\":\"https:\/\/vdms.ch\/wp-content\/uploads\/2020\/10\/vdms_asmm_titelbild_02.jpg\",\"contentUrl\":\"https:\/\/vdms.ch\/wp-content\/uploads\/2020\/10\/vdms_asmm_titelbild_02.jpg\",\"width\":2560,\"height\":1080},{\"@type\":\"BreadcrumbList\",\"@id\":\"https:\/\/vdms.ch\/fr\/portrait-de-lassociation\/#breadcrumb\",\"itemListElement\":[{\"@type\":\"ListItem\",\"position\":1,\"name\":\"Startseite\",\"item\":\"https:\/\/vdms.ch\/fr\/\"},{\"@type\":\"ListItem\",\"position\":2,\"name\":\"Portrait de l&rsquo;association\"}]},{\"@type\":\"WebSite\",\"@id\":\"https:\/\/vdms.ch\/fr\/#website\",\"url\":\"https:\/\/vdms.ch\/fr\/\",\"name\":\"VDMS\",\"description\":\"Verband der Medizinischen Massage Schweiz\",\"publisher\":{\"@id\":\"https:\/\/vdms.ch\/fr\/#organization\"},\"potentialAction\":[{\"@type\":\"SearchAction\",\"target\":{\"@type\":\"EntryPoint\",\"urlTemplate\":\"https:\/\/vdms.ch\/fr\/?s={search_term_string}\"},\"query-input\":{\"@type\":\"PropertyValueSpecification\",\"valueRequired\":true,\"valueName\":\"search_term_string\"}}],\"inLanguage\":\"fr-FR\"},{\"@type\":\"Organization\",\"@id\":\"https:\/\/vdms.ch\/fr\/#organization\",\"name\":\"vdms-asmm\",\"url\":\"https:\/\/vdms.ch\/fr\/\",\"logo\":{\"@type\":\"ImageObject\",\"inLanguage\":\"fr-FR\",\"@id\":\"https:\/\/vdms.ch\/fr\/#\/schema\/logo\/image\/\",\"url\":\"https:\/\/vdms.ch\/wp-content\/uploads\/2020\/09\/vdms-logo.png\",\"contentUrl\":\"https:\/\/vdms.ch\/wp-content\/uploads\/2020\/09\/vdms-logo.png\",\"width\":1021,\"height\":388,\"caption\":\"vdms-asmm\"},\"image\":{\"@id\":\"https:\/\/vdms.ch\/fr\/#\/schema\/logo\/image\/\"}}]}<\/script>\n<!-- \/ Yoast SEO plugin. -->","yoast_head_json":{"title":"Portrait de l'association - VDMS","robots":{"index":"index","follow":"follow","max-snippet":"max-snippet:-1","max-image-preview":"max-image-preview:large","max-video-preview":"max-video-preview:-1"},"canonical":"https:\/\/vdms.ch\/fr\/portrait-de-lassociation\/","og_locale":"fr_FR","og_type":"article","og_title":"Portrait de l'association - VDMS","og_description":"Portrait de l&rsquo;association informe, met en mouvement, met en lien, renforce, int\u00e9resse, soutient, d\u00e9veloppe, promeut, transparent,&nbsp;honn\u00eate, ensemble, respectueux, engag\u00e9, enthousiaste, comp\u00e9tent, agile, gagnant, au service des autres, positif, vigilant, confiant, visionnaire, audacieux, cibl\u00e9, ouvert, sympathique,&nbsp;empathique, partenaire, harmonieux, centr\u00e9 A propos de nous L&rsquo;association suisse de massage m\u00e9dical (vdms-asmm), en tant qu\u2019association de branche, prend position [&hellip;]","og_url":"https:\/\/vdms.ch\/fr\/portrait-de-lassociation\/","og_site_name":"VDMS","article_modified_time":"2026-01-29T08:55:54+00:00","og_image":[{"width":2560,"height":1080,"url":"https:\/\/vdms.ch\/wp-content\/uploads\/2020\/10\/vdms_asmm_titelbild_02.jpg","type":"image\/jpeg"}],"twitter_card":"summary_large_image","twitter_misc":{"Dur\u00e9e de lecture estim\u00e9e":"6 minutes"},"schema":{"@context":"https:\/\/schema.org","@graph":[{"@type":"WebPage","@id":"https:\/\/vdms.ch\/fr\/portrait-de-lassociation\/","url":"https:\/\/vdms.ch\/fr\/portrait-de-lassociation\/","name":"Portrait de l'association - VDMS","isPartOf":{"@id":"https:\/\/vdms.ch\/fr\/#website"},"primaryImageOfPage":{"@id":"https:\/\/vdms.ch\/fr\/portrait-de-lassociation\/#primaryimage"},"image":{"@id":"https:\/\/vdms.ch\/fr\/portrait-de-lassociation\/#primaryimage"},"thumbnailUrl":"https:\/\/vdms.ch\/wp-content\/uploads\/2020\/10\/vdms_asmm_titelbild_02.jpg","datePublished":"2020-08-26T08:33:30+00:00","dateModified":"2026-01-29T08:55:54+00:00","breadcrumb":{"@id":"https:\/\/vdms.ch\/fr\/portrait-de-lassociation\/#breadcrumb"},"inLanguage":"fr-FR","potentialAction":[{"@type":"ReadAction","target":["https:\/\/vdms.ch\/fr\/portrait-de-lassociation\/"]}]},{"@type":"ImageObject","inLanguage":"fr-FR","@id":"https:\/\/vdms.ch\/fr\/portrait-de-lassociation\/#primaryimage","url":"https:\/\/vdms.ch\/wp-content\/uploads\/2020\/10\/vdms_asmm_titelbild_02.jpg","contentUrl":"https:\/\/vdms.ch\/wp-content\/uploads\/2020\/10\/vdms_asmm_titelbild_02.jpg","width":2560,"height":1080},{"@type":"BreadcrumbList","@id":"https:\/\/vdms.ch\/fr\/portrait-de-lassociation\/#breadcrumb","itemListElement":[{"@type":"ListItem","position":1,"name":"Startseite","item":"https:\/\/vdms.ch\/fr\/"},{"@type":"ListItem","position":2,"name":"Portrait de l&rsquo;association"}]},{"@type":"WebSite","@id":"https:\/\/vdms.ch\/fr\/#website","url":"https:\/\/vdms.ch\/fr\/","name":"VDMS","description":"Verband der Medizinischen Massage Schweiz","publisher":{"@id":"https:\/\/vdms.ch\/fr\/#organization"},"potentialAction":[{"@type":"SearchAction","target":{"@type":"EntryPoint","urlTemplate":"https:\/\/vdms.ch\/fr\/?s={search_term_string}"},"query-input":{"@type":"PropertyValueSpecification","valueRequired":true,"valueName":"search_term_string"}}],"inLanguage":"fr-FR"},{"@type":"Organization","@id":"https:\/\/vdms.ch\/fr\/#organization","name":"vdms-asmm","url":"https:\/\/vdms.ch\/fr\/","logo":{"@type":"ImageObject","inLanguage":"fr-FR","@id":"https:\/\/vdms.ch\/fr\/#\/schema\/logo\/image\/","url":"https:\/\/vdms.ch\/wp-content\/uploads\/2020\/09\/vdms-logo.png","contentUrl":"https:\/\/vdms.ch\/wp-content\/uploads\/2020\/09\/vdms-logo.png","width":1021,"height":388,"caption":"vdms-asmm"},"image":{"@id":"https:\/\/vdms.ch\/fr\/#\/schema\/logo\/image\/"}}]}},"_links":{"self":[{"href":"https:\/\/vdms.ch\/fr\/wp-json\/wp\/v2\/pages\/4858","targetHints":{"allow":["GET"]}}],"collection":[{"href":"https:\/\/vdms.ch\/fr\/wp-json\/wp\/v2\/pages"}],"about":[{"href":"https:\/\/vdms.ch\/fr\/wp-json\/wp\/v2\/types\/page"}],"author":[{"embeddable":true,"href":"https:\/\/vdms.ch\/fr\/wp-json\/wp\/v2\/users\/1"}],"replies":[{"embeddable":true,"href":"https:\/\/vdms.ch\/fr\/wp-json\/wp\/v2\/comments?post=4858"}],"version-history":[{"count":20,"href":"https:\/\/vdms.ch\/fr\/wp-json\/wp\/v2\/pages\/4858\/revisions"}],"predecessor-version":[{"id":17728,"href":"https:\/\/vdms.ch\/fr\/wp-json\/wp\/v2\/pages\/4858\/revisions\/17728"}],"wp:featuredmedia":[{"embeddable":true,"href":"https:\/\/vdms.ch\/fr\/wp-json\/wp\/v2\/media\/3640"}],"wp:attachment":[{"href":"https:\/\/vdms.ch\/fr\/wp-json\/wp\/v2\/media?parent=4858"}],"curies":[{"name":"wp","href":"https:\/\/api.w.org\/{rel}","templated":true}]}}