{"id":5004,"date":"2020-11-05T12:30:15","date_gmt":"2020-11-05T11:30:15","guid":{"rendered":"https:\/\/vdms.ch\/?page_id=5004"},"modified":"2020-11-05T12:30:16","modified_gmt":"2020-11-05T11:30:16","slug":"location-de-salle","status":"publish","type":"page","link":"https:\/\/vdms.ch\/fr\/location-de-salle\/","title":{"rendered":"Location de salle"},"content":{"rendered":"\n<h1 class=\"color-brown overline wp-block-heading\"><strong>Location de salle<\/strong><\/h1>\n\n\n\n<div class=\"wp-block-columns alignwide is-layout-flex wp-container-core-columns-is-layout-9d6595d7 wp-block-columns-is-layout-flex\">\n<div class=\"wp-block-column is-layout-flow wp-block-column-is-layout-flow\">\n<h3 class=\"color-brown wp-block-heading\">Une situation id\u00e9ale, centrale mais au vert pour des locaux de formation professionnels disponibles \u00e0 la location.<\/h3>\n<\/div>\n\n\n\n<div class=\"wp-block-column is-layout-flow wp-block-column-is-layout-flow\"><\/div>\n<\/div>\n\n\n\n<div class=\"wp-block-columns alignfull is-layout-flex wp-container-core-columns-is-layout-9d6595d7 wp-block-columns-is-layout-flex\">\n<div class=\"wp-block-column is-layout-flow wp-block-column-is-layout-flow\">\n<p>Nos locaux peuvent servir de lieu de formation ou de formation continue mais aussi de salle de conf\u00e9rence, pour des \u00e9v\u00e9nements professionnels, des rencontres de groupe ou pour tout autre \u00e9v\u00e9nement. Nous pouvons vous proposer la taille optimum pour la location. Selon le positionnement des chaises, nous pouvons vous offrir jusqu\u2019\u00e0 60 places assises.&nbsp;<\/p>\n\n\n\n<p>Nous nous pouvons \u00e9galement nous occuper du&nbsp;catering, de snack ou alors nous pouvons r\u00e9server votre pause du midi dans un restaurant proche. Nous pouvons vous faire b\u00e9n\u00e9ficier de tarif pr\u00e9f\u00e9rentiel. Contactez-nous d\u00e8s aujourd\u2019hui pour que nous&nbsp;proc\u00e9dions \u00e0 la r\u00e9servation. &nbsp;<\/p>\n<\/div>\n\n\n\n<div class=\"wp-block-column is-layout-flow wp-block-column-is-layout-flow\">\n<p><strong><strong>Ce que nous proposons<\/strong><\/strong><\/p>\n\n\n\n<ul class=\"wp-block-list\"><li>2 grandes salles de cours pour de la th\u00e9orie et de la pratique<\/li><li>des toilettes femmes et des toilettes hommes<\/li><li>salle de pause et un vestiaire, y compris une biblioth\u00e8que<\/li><li>ordinateur portable, beamer, flipchart et tableau d\u2019affichage sont inclus&nbsp;<\/li><li>organisation du catering<\/li><\/ul>\n\n\n\n<div class=\"wp-block-file\"><a href=\"https:\/\/vdms.ch\/wp-content\/uploads\/2020\/11\/Location-de-salle.pdf\" target=\"_blank\" rel=\"noreferrer noopener\">Location-de-salle<\/a><\/div>\n<\/div>\n<\/div>\n\n\n\n<figure class=\"wp-block-gallery alignwide columns-4 is-cropped wp-block-gallery-1 is-layout-flex wp-block-gallery-is-layout-flex\"><ul class=\"blocks-gallery-grid\"><li class=\"blocks-gallery-item\"><figure><a href=\"https:\/\/vdms.mokay.ch\/wp-content\/uploads\/2020\/10\/vdms_asmm_profilbild_raumvermietung_01.jpg\"><img loading=\"lazy\" decoding=\"async\" width=\"300\" height=\"300\" src=\"https:\/\/vdms.mokay.ch\/wp-content\/uploads\/2020\/10\/vdms_asmm_profilbild_raumvermietung_01-300x300.jpg\" alt=\"\" data-id=\"3786\" data-full-url=\"https:\/\/vdms.mokay.ch\/wp-content\/uploads\/2020\/10\/vdms_asmm_profilbild_raumvermietung_01.jpg\" data-link=\"https:\/\/vdms.mokay.ch\/dienstleistungen\/raumvermietung\/vdms_asmm_profilbild_raumvermietung_01\/\" class=\"wp-image-3786\" srcset=\"https:\/\/vdms.ch\/wp-content\/uploads\/2020\/10\/vdms_asmm_profilbild_raumvermietung_01-300x300.jpg 300w, https:\/\/vdms.ch\/wp-content\/uploads\/2020\/10\/vdms_asmm_profilbild_raumvermietung_01-150x150.jpg 150w\" sizes=\"auto, (max-width: 300px) 100vw, 300px\" \/><\/a><\/figure><\/li><li class=\"blocks-gallery-item\"><figure><a href=\"https:\/\/vdms.mokay.ch\/wp-content\/uploads\/2020\/10\/vdms_asmm_profilbild_raumvermietung_02.jpg\"><img loading=\"lazy\" decoding=\"async\" width=\"300\" height=\"300\" src=\"https:\/\/vdms.mokay.ch\/wp-content\/uploads\/2020\/10\/vdms_asmm_profilbild_raumvermietung_02-300x300.jpg\" alt=\"\" data-id=\"3789\" data-full-url=\"https:\/\/vdms.mokay.ch\/wp-content\/uploads\/2020\/10\/vdms_asmm_profilbild_raumvermietung_02.jpg\" data-link=\"https:\/\/vdms.mokay.ch\/dienstleistungen\/raumvermietung\/vdms_asmm_profilbild_raumvermietung_02\/\" class=\"wp-image-3789\" srcset=\"https:\/\/vdms.ch\/wp-content\/uploads\/2020\/10\/vdms_asmm_profilbild_raumvermietung_02-300x300.jpg 300w, https:\/\/vdms.ch\/wp-content\/uploads\/2020\/10\/vdms_asmm_profilbild_raumvermietung_02-150x150.jpg 150w\" sizes=\"auto, (max-width: 300px) 100vw, 300px\" \/><\/a><\/figure><\/li><li class=\"blocks-gallery-item\"><figure><a href=\"https:\/\/vdms.mokay.ch\/wp-content\/uploads\/2020\/10\/vdms_asmm_profilbild_raumvermietung_03.jpg\"><img loading=\"lazy\" decoding=\"async\" width=\"300\" height=\"300\" src=\"https:\/\/vdms.mokay.ch\/wp-content\/uploads\/2020\/10\/vdms_asmm_profilbild_raumvermietung_03-300x300.jpg\" alt=\"\" data-id=\"3810\" data-full-url=\"https:\/\/vdms.mokay.ch\/wp-content\/uploads\/2020\/10\/vdms_asmm_profilbild_raumvermietung_03.jpg\" data-link=\"https:\/\/vdms.mokay.ch\/dienstleistungen\/raumvermietung\/vdms_asmm_profilbild_raumvermietung_03\/\" class=\"wp-image-3810\" srcset=\"https:\/\/vdms.ch\/wp-content\/uploads\/2020\/10\/vdms_asmm_profilbild_raumvermietung_03-300x300.jpg 300w, https:\/\/vdms.ch\/wp-content\/uploads\/2020\/10\/vdms_asmm_profilbild_raumvermietung_03-150x150.jpg 150w\" sizes=\"auto, (max-width: 300px) 100vw, 300px\" \/><\/a><\/figure><\/li><li class=\"blocks-gallery-item\"><figure><a href=\"https:\/\/vdms.mokay.ch\/wp-content\/uploads\/2020\/10\/vdms_asmm_profilbild_raumvermietung_04.jpg\"><img loading=\"lazy\" decoding=\"async\" width=\"300\" height=\"300\" src=\"https:\/\/vdms.mokay.ch\/wp-content\/uploads\/2020\/10\/vdms_asmm_profilbild_raumvermietung_04-300x300.jpg\" alt=\"\" data-id=\"3814\" data-full-url=\"https:\/\/vdms.mokay.ch\/wp-content\/uploads\/2020\/10\/vdms_asmm_profilbild_raumvermietung_04.jpg\" data-link=\"https:\/\/vdms.mokay.ch\/dienstleistungen\/raumvermietung\/vdms_asmm_profilbild_raumvermietung_04\/\" class=\"wp-image-3814\" srcset=\"https:\/\/vdms.ch\/wp-content\/uploads\/2020\/10\/vdms_asmm_profilbild_raumvermietung_04-300x300.jpg 300w, https:\/\/vdms.ch\/wp-content\/uploads\/2020\/10\/vdms_asmm_profilbild_raumvermietung_04-150x150.jpg 150w\" sizes=\"auto, (max-width: 300px) 100vw, 300px\" \/><\/a><\/figure><\/li><\/ul><\/figure>\n\n\n\n<div style=\"height:60px\" aria-hidden=\"true\" class=\"wp-block-spacer\"><\/div>\n\n\n<section class=\"testimonial-choice text-center\">\r\n    <h3>Livre d&rsquo;or<\/h3>\r\n    <ul id=\"testimonial\" class=\"text-center testimonial-slider\">\r\n                        <li>\r\n                    <div class=\"testimonial_text\">H+ utilise les locaux du vdms depuis de nombreuses ann\u00e9es. Nous avons toujours trouv\u00e9 la location et la collaboration efficace et bienveillante. Ils essayent toujours de satisfaire les envies de l\u2019utilisateur. Nous nous r\u00e9jouissons toujours de pouvoir louer les locaux du vdms lorsque nous n&rsquo;avons nous-m\u00eame pas assez d\u2019espace. <br \/>\r\n <br \/>\r\n<\/div>\r\n                    <br\/>\r\n                    <span>Feedback octobre 2020: H+ Bildung<\/span>\r\n                <\/li>\r\n                            <li>\r\n                    <div class=\"testimonial_text\">Collaboratrice tr\u00e8s courtoise et avenante. Nos souhaits et pr\u00e9occupations sont toujours pris au s\u00e9rieux et assouvis si possible. Nous nous sentons bien au vdms. Le rapport qualit\u00e9-prix est excellent. <\/div>\r\n                    <br\/>\r\n                    <span>Feedback septembre 2020: Viviane Lareida<\/span>\r\n                <\/li>\r\n                            <li>\r\n                    <div class=\"testimonial_text\">Notre entreprise se trouve dans le m\u00eame immeuble que le vdms. Nous appr\u00e9cions beaucoup que le vdms mettent ses grands espaces \u00e0 disposition pour des s\u00e9ances ou des \u00e9v\u00e9nements. Nous appr\u00e9cions particuli\u00e8rement l\u2019utilisation simple et le service toujours impeccable et avenant ainsi que l\u2019accueil chaleureux! Justement en ces temps de coronavirus, ces salles sont nos seules options de rencontres physiques. Merci au vdms pour cette super collaboration, appr\u00e9ci\u00e9e par toutes et tous. <\/div>\r\n                    <br\/>\r\n                    <span>Feedback septembre 2020: CSD INGENIEURE AG<\/span>\r\n                <\/li>\r\n                            <li>\r\n                    <div class=\"testimonial_text\">Cher vdms, nous aimerions vous remercier chaleureusement pour ce super service. Ce fut g\u00e9nial de A \u00e0 Z. Nous avons beaucoup appr\u00e9ci\u00e9 la fa\u00e7on avec laquelle nous avons \u00e9t\u00e9 re\u00e7u et le fait que vous nous ayez mis \u00e0 l\u2019aise avec la technique. L\u2019accompagnement lors de la journ\u00e9e de cours \u00e9tait top. Tout a bien fonctionn\u00e9. Les locaux sont tr\u00e8s adapt\u00e9s!! La formatrice \u00e9tait \u00e9galement tr\u00e8s contente. <\/div>\r\n                    <br\/>\r\n                    <span>Feedback avril 2016: Lymphdrainageverband<\/span>\r\n                <\/li>\r\n                <\/ul>\r\n<\/section>\n\n\n<div style=\"height:80px\" aria-hidden=\"true\" class=\"wp-block-spacer\"><\/div>\n\n\n<\/div>\r\n<\/div>\r\n<\/div>\r\n\r\n\r\n\n<div class=\"wpcf7 no-js\" id=\"wpcf7-f5010-o1\" lang=\"fr-FR\" dir=\"ltr\" data-wpcf7-id=\"5010\">\n<div class=\"screen-reader-response\"><p role=\"status\" aria-live=\"polite\" aria-atomic=\"true\"><\/p> <ul><\/ul><\/div>\n<form action=\"\/fr\/wp-json\/wp\/v2\/pages\/5004#wpcf7-f5010-o1\" method=\"post\" class=\"wpcf7-form init\" aria-label=\"Formulaire de contact\" novalidate=\"novalidate\" data-status=\"init\">\n<fieldset class=\"hidden-fields-container\"><input type=\"hidden\" name=\"_wpcf7\" value=\"5010\" \/><input type=\"hidden\" name=\"_wpcf7_version\" value=\"6.1.4\" \/><input type=\"hidden\" name=\"_wpcf7_locale\" value=\"fr_FR\" \/><input type=\"hidden\" name=\"_wpcf7_unit_tag\" value=\"wpcf7-f5010-o1\" \/><input type=\"hidden\" name=\"_wpcf7_container_post\" value=\"0\" \/><input type=\"hidden\" name=\"_wpcf7_posted_data_hash\" value=\"\" \/><input type=\"hidden\" name=\"_wpcf7cf_hidden_group_fields\" value=\"[]\" \/><input type=\"hidden\" name=\"_wpcf7cf_hidden_groups\" value=\"[]\" \/><input type=\"hidden\" name=\"_wpcf7cf_visible_groups\" value=\"[]\" \/><input type=\"hidden\" name=\"_wpcf7cf_repeaters\" value=\"[]\" \/><input type=\"hidden\" name=\"_wpcf7cf_steps\" value=\"{}\" \/><input type=\"hidden\" name=\"_wpcf7cf_options\" value=\"{&quot;form_id&quot;:5010,&quot;conditions&quot;:[],&quot;settings&quot;:{&quot;animation&quot;:&quot;yes&quot;,&quot;animation_intime&quot;:200,&quot;animation_outtime&quot;:200,&quot;conditions_ui&quot;:&quot;normal&quot;,&quot;notice_dismissed&quot;:false,&quot;notice_dismissed_rollback-cf7-5.9.5&quot;:true}}\" \/><input type=\"hidden\" name=\"_wpcf7dtx_version\" value=\"5.0.4\" \/><input type=\"hidden\" name=\"_wpcf7_recaptcha_response\" value=\"\" \/>\n<\/fieldset>\n<div class=\"container-vdms background-brown-light\">\n\t<div class=\"beitrittsgesuch container\">\n\t\t<div class=\"row\">\n\t\t\t<div class=\"col-md-12\">\n\t\t\t\t<h3>Demande de location de salle\n\t\t\t\t<\/h3>\n\t\t\t<\/div>\n\t\t\t<div class=\"col-md-6\">\n\t\t\t\t<p><span class=\"wpcf7-form-control-wrap\" data-name=\"anrede\"><select class=\"wpcf7-form-control wpcf7-select wpcf7-validates-as-required\" aria-required=\"true\" aria-invalid=\"false\" name=\"anrede\"><option value=\"Titre *\">Titre *<\/option><option value=\"Monsieur\">Monsieur<\/option><option value=\"Madame\">Madame<\/option><\/select><\/span>\n\t\t\t\t<\/p>\n\t\t\t<\/div>\n\t\t\t<div class=\"col-md-6 empty-space\">\n\t\t\t<\/div>\n\t\t\t<div class=\"col-md-6\">\n\t\t\t\t<p><span class=\"wpcf7-form-control-wrap\" data-name=\"nachname\"><input size=\"40\" maxlength=\"400\" class=\"wpcf7-form-control wpcf7-text wpcf7-validates-as-required\" aria-required=\"true\" aria-invalid=\"false\" placeholder=\"Nom *\" value=\"\" type=\"text\" name=\"nachname\" \/><\/span>\n\t\t\t\t<\/p>\n\t\t\t<\/div>\n\t\t\t<div class=\"col-md-6\">\n\t\t\t\t<p><span class=\"wpcf7-form-control-wrap\" data-name=\"vorname\"><input size=\"40\" maxlength=\"400\" class=\"wpcf7-form-control wpcf7-text wpcf7-validates-as-required\" aria-required=\"true\" aria-invalid=\"false\" placeholder=\"Pr\u00e9nom *\" value=\"\" type=\"text\" name=\"vorname\" \/><\/span>\n\t\t\t\t<\/p>\n\t\t\t<\/div>\n\t\t\t<div class=\"col-md-6\">\n\t\t\t\t<p><span class=\"wpcf7-form-control-wrap\" data-name=\"adresse\"><input size=\"40\" maxlength=\"400\" class=\"wpcf7-form-control wpcf7-text wpcf7-validates-as-required\" aria-required=\"true\" aria-invalid=\"false\" placeholder=\"Adresse *\" value=\"\" type=\"text\" name=\"adresse\" \/><\/span>\n\t\t\t\t<\/p>\n\t\t\t<\/div>\n\t\t\t<div class=\"col-md-6\">\n\t\t\t\t<p><span class=\"wpcf7-form-control-wrap\" data-name=\"postfach\"><input size=\"40\" maxlength=\"400\" class=\"wpcf7-form-control wpcf7-text\" aria-invalid=\"false\" placeholder=\"Case postale\" value=\"\" type=\"text\" name=\"postfach\" \/><\/span>\n\t\t\t\t<\/p>\n\t\t\t<\/div>\n\t\t\t<div class=\"col-md-6\">\n\t\t\t\t<p><span class=\"wpcf7-form-control-wrap\" data-name=\"plz\"><input size=\"40\" maxlength=\"400\" class=\"wpcf7-form-control wpcf7-text wpcf7-validates-as-required\" aria-required=\"true\" aria-invalid=\"false\" placeholder=\"Code postal *\" value=\"\" type=\"text\" name=\"plz\" \/><\/span>\n\t\t\t\t<\/p>\n\t\t\t<\/div>\n\t\t\t<div class=\"col-md-6\">\n\t\t\t\t<p><span class=\"wpcf7-form-control-wrap\" data-name=\"ort\"><input size=\"40\" maxlength=\"400\" class=\"wpcf7-form-control wpcf7-text wpcf7-validates-as-required\" aria-required=\"true\" aria-invalid=\"false\" placeholder=\"Lieu *\" value=\"\" type=\"text\" name=\"ort\" \/><\/span>\n\t\t\t\t<\/p>\n\t\t\t<\/div>\n\t\t\t<div class=\"col-md-6\">\n\t\t\t\t<p><span class=\"wpcf7-form-control-wrap\" data-name=\"telefon\"><input size=\"40\" maxlength=\"400\" class=\"wpcf7-form-control wpcf7-tel wpcf7-validates-as-required wpcf7-text wpcf7-validates-as-tel\" aria-required=\"true\" aria-invalid=\"false\" placeholder=\"T\u00e9l\u00e9phone *\" value=\"\" type=\"tel\" name=\"telefon\" \/><\/span>\n\t\t\t\t<\/p>\n\t\t\t<\/div>\n\t\t\t<div class=\"col-md-6\">\n\t\t\t\t<p><span class=\"wpcf7-form-control-wrap\" data-name=\"email-191\"><input size=\"40\" maxlength=\"400\" class=\"wpcf7-form-control wpcf7-email wpcf7-validates-as-required wpcf7-text wpcf7-validates-as-email\" aria-required=\"true\" aria-invalid=\"false\" placeholder=\"email *\" value=\"\" type=\"email\" name=\"email-191\" \/><\/span>\n\t\t\t\t<\/p>\n\t\t\t<\/div>\n\t\t\t<div class=\"col-md-6 empty-space\">\n\t\t\t<\/div>\n\t\t\t<div class=\"col-md-6\">\n\t\t\t\t<p><span class=\"wpcf7-form-control-wrap\" data-name=\"firmenname\"><input size=\"40\" maxlength=\"400\" class=\"wpcf7-form-control wpcf7-text\" aria-invalid=\"false\" placeholder=\"Nom d&#039;entreprise\" value=\"\" type=\"text\" name=\"firmenname\" \/><\/span>\n\t\t\t\t<\/p>\n\t\t\t<\/div>\n\t\t\t<div class=\"col-md-6 empty-space\">\n\t\t\t<\/div>\n\t\t\t<div class=\"col-md-6\">\n\t\t\t\t<p><label>Remarques \/ dates de r\u00e9servation <span class=\"wpcf7-form-control-wrap\" data-name=\"bemerkungen\"><textarea cols=\"40\" rows=\"10\" maxlength=\"2000\" class=\"wpcf7-form-control wpcf7-textarea\" aria-invalid=\"false\" name=\"bemerkungen\"><\/textarea><\/span><\/label>\n\t\t\t\t<\/p>\n\t\t\t<\/div>\n\t\t\t<div class=\"col-md-12\" style=\"font-size: 0.9em\">\n\t\t\t\t<p><span class=\"wpcf7-form-control-wrap\" data-name=\"acceptance-171\"><span class=\"wpcf7-form-control wpcf7-acceptance\"><span class=\"wpcf7-list-item\"><input type=\"checkbox\" name=\"acceptance-171\" value=\"1\" aria-invalid=\"false\" \/><\/span><\/span><\/span> J&rsquo;accepte les <a href=\"https:\/\/vdms.ch\/fr\/cgv\">conditions g\u00e9n\u00e9rales de vente<\/a> et la <a href=\"https:\/\/vdms.ch\/fr\/mentions-legales\">mentions l\u00e9gales<\/a> *\n\t\t\t\t<\/p>\n\t\t\t<\/div>\n\t\t\t<div class=\"col-md-6\">\n\t\t\t\t<p><input class=\"wpcf7-form-control wpcf7-submit has-spinner\" type=\"submit\" value=\"Envoyer\" \/>\n\t\t\t\t<\/p>\n\t\t\t<\/div>\n\t\t<\/div>\n\t<\/div>\n<\/div><input type='hidden' class='wpcf7-pum' value='{\"closepopup\":false,\"closedelay\":0,\"openpopup\":false,\"openpopup_id\":0}' \/><div class=\"wpcf7-response-output\" aria-hidden=\"true\"><\/div>\n<\/form>\n<\/div>\n\r\n<\/div>\r\n<\/div>\r\n<\/div>\r\n<div id=\"content-2\" class=\"site-content container\">\r\n    <div class=\"site-page\">\n\n\n<div style=\"height:80px\" aria-hidden=\"true\" class=\"wp-block-spacer\"><\/div>\n","protected":false},"excerpt":{"rendered":"<p>Location de salle Une situation id\u00e9ale, centrale mais au vert pour des locaux de formation professionnels disponibles \u00e0 la location. Nos locaux peuvent servir de lieu de formation ou de formation continue mais aussi de salle de conf\u00e9rence, pour des \u00e9v\u00e9nements professionnels, des rencontres de groupe ou pour tout autre \u00e9v\u00e9nement. Nous pouvons vous proposer [&hellip;]<\/p>\n","protected":false},"author":1,"featured_media":14618,"parent":0,"menu_order":134,"comment_status":"closed","ping_status":"closed","template":"","meta":{"_acf_changed":false,"footnotes":""},"class_list":["post-5004","page","type-page","status-publish","has-post-thumbnail","hentry"],"acf":[],"yoast_head":"<!-- This site is optimized with the Yoast SEO plugin v26.7 - https:\/\/yoast.com\/wordpress\/plugins\/seo\/ -->\n<title>Location de salle - VDMS<\/title>\n<meta name=\"robots\" content=\"index, follow, max-snippet:-1, max-image-preview:large, max-video-preview:-1\" \/>\n<link rel=\"canonical\" href=\"https:\/\/vdms.ch\/fr\/location-de-salle\/\" \/>\n<meta property=\"og:locale\" content=\"fr_FR\" \/>\n<meta property=\"og:type\" content=\"article\" \/>\n<meta property=\"og:title\" content=\"Location de salle - VDMS\" \/>\n<meta property=\"og:description\" content=\"Location de salle Une situation id\u00e9ale, centrale mais au vert pour des locaux de formation professionnels disponibles \u00e0 la location. Nos locaux peuvent servir de lieu de formation ou de formation continue mais aussi de salle de conf\u00e9rence, pour des \u00e9v\u00e9nements professionnels, des rencontres de groupe ou pour tout autre \u00e9v\u00e9nement. Nous pouvons vous proposer [&hellip;]\" \/>\n<meta property=\"og:url\" content=\"https:\/\/vdms.ch\/fr\/location-de-salle\/\" \/>\n<meta property=\"og:site_name\" content=\"VDMS\" \/>\n<meta property=\"article:modified_time\" content=\"2020-11-05T11:30:16+00:00\" \/>\n<meta property=\"og:image\" content=\"https:\/\/vdms.ch\/wp-content\/uploads\/2024\/09\/vdms_asmm_Kursraum_2024-11-scaled.jpg\" \/>\n\t<meta property=\"og:image:width\" content=\"2000\" \/>\n\t<meta property=\"og:image:height\" content=\"2560\" \/>\n\t<meta property=\"og:image:type\" content=\"image\/jpeg\" \/>\n<meta name=\"twitter:card\" content=\"summary_large_image\" \/>\n<meta name=\"twitter:label1\" content=\"Dur\u00e9e de lecture estim\u00e9e\" \/>\n\t<meta name=\"twitter:data1\" content=\"1 minute\" \/>\n<script type=\"application\/ld+json\" class=\"yoast-schema-graph\">{\"@context\":\"https:\/\/schema.org\",\"@graph\":[{\"@type\":\"WebPage\",\"@id\":\"https:\/\/vdms.ch\/fr\/location-de-salle\/\",\"url\":\"https:\/\/vdms.ch\/fr\/location-de-salle\/\",\"name\":\"Location de salle - VDMS\",\"isPartOf\":{\"@id\":\"https:\/\/vdms.ch\/fr\/#website\"},\"primaryImageOfPage\":{\"@id\":\"https:\/\/vdms.ch\/fr\/location-de-salle\/#primaryimage\"},\"image\":{\"@id\":\"https:\/\/vdms.ch\/fr\/location-de-salle\/#primaryimage\"},\"thumbnailUrl\":\"https:\/\/vdms.ch\/wp-content\/uploads\/2024\/09\/vdms_asmm_Kursraum_2024-11-scaled.jpg\",\"datePublished\":\"2020-11-05T11:30:15+00:00\",\"dateModified\":\"2020-11-05T11:30:16+00:00\",\"breadcrumb\":{\"@id\":\"https:\/\/vdms.ch\/fr\/location-de-salle\/#breadcrumb\"},\"inLanguage\":\"fr-FR\",\"potentialAction\":[{\"@type\":\"ReadAction\",\"target\":[\"https:\/\/vdms.ch\/fr\/location-de-salle\/\"]}]},{\"@type\":\"ImageObject\",\"inLanguage\":\"fr-FR\",\"@id\":\"https:\/\/vdms.ch\/fr\/location-de-salle\/#primaryimage\",\"url\":\"https:\/\/vdms.ch\/wp-content\/uploads\/2024\/09\/vdms_asmm_Kursraum_2024-11-scaled.jpg\",\"contentUrl\":\"https:\/\/vdms.ch\/wp-content\/uploads\/2024\/09\/vdms_asmm_Kursraum_2024-11-scaled.jpg\",\"width\":2000,\"height\":2560},{\"@type\":\"BreadcrumbList\",\"@id\":\"https:\/\/vdms.ch\/fr\/location-de-salle\/#breadcrumb\",\"itemListElement\":[{\"@type\":\"ListItem\",\"position\":1,\"name\":\"Startseite\",\"item\":\"https:\/\/vdms.ch\/fr\/\"},{\"@type\":\"ListItem\",\"position\":2,\"name\":\"Location de salle\"}]},{\"@type\":\"WebSite\",\"@id\":\"https:\/\/vdms.ch\/fr\/#website\",\"url\":\"https:\/\/vdms.ch\/fr\/\",\"name\":\"VDMS\",\"description\":\"Verband der Medizinischen Massage Schweiz\",\"publisher\":{\"@id\":\"https:\/\/vdms.ch\/fr\/#organization\"},\"potentialAction\":[{\"@type\":\"SearchAction\",\"target\":{\"@type\":\"EntryPoint\",\"urlTemplate\":\"https:\/\/vdms.ch\/fr\/?s={search_term_string}\"},\"query-input\":{\"@type\":\"PropertyValueSpecification\",\"valueRequired\":true,\"valueName\":\"search_term_string\"}}],\"inLanguage\":\"fr-FR\"},{\"@type\":\"Organization\",\"@id\":\"https:\/\/vdms.ch\/fr\/#organization\",\"name\":\"vdms-asmm\",\"url\":\"https:\/\/vdms.ch\/fr\/\",\"logo\":{\"@type\":\"ImageObject\",\"inLanguage\":\"fr-FR\",\"@id\":\"https:\/\/vdms.ch\/fr\/#\/schema\/logo\/image\/\",\"url\":\"https:\/\/vdms.ch\/wp-content\/uploads\/2020\/09\/vdms-logo.png\",\"contentUrl\":\"https:\/\/vdms.ch\/wp-content\/uploads\/2020\/09\/vdms-logo.png\",\"width\":1021,\"height\":388,\"caption\":\"vdms-asmm\"},\"image\":{\"@id\":\"https:\/\/vdms.ch\/fr\/#\/schema\/logo\/image\/\"}}]}<\/script>\n<!-- \/ Yoast SEO plugin. -->","yoast_head_json":{"title":"Location de salle - VDMS","robots":{"index":"index","follow":"follow","max-snippet":"max-snippet:-1","max-image-preview":"max-image-preview:large","max-video-preview":"max-video-preview:-1"},"canonical":"https:\/\/vdms.ch\/fr\/location-de-salle\/","og_locale":"fr_FR","og_type":"article","og_title":"Location de salle - VDMS","og_description":"Location de salle Une situation id\u00e9ale, centrale mais au vert pour des locaux de formation professionnels disponibles \u00e0 la location. Nos locaux peuvent servir de lieu de formation ou de formation continue mais aussi de salle de conf\u00e9rence, pour des \u00e9v\u00e9nements professionnels, des rencontres de groupe ou pour tout autre \u00e9v\u00e9nement. Nous pouvons vous proposer [&hellip;]","og_url":"https:\/\/vdms.ch\/fr\/location-de-salle\/","og_site_name":"VDMS","article_modified_time":"2020-11-05T11:30:16+00:00","og_image":[{"width":2000,"height":2560,"url":"https:\/\/vdms.ch\/wp-content\/uploads\/2024\/09\/vdms_asmm_Kursraum_2024-11-scaled.jpg","type":"image\/jpeg"}],"twitter_card":"summary_large_image","twitter_misc":{"Dur\u00e9e de lecture estim\u00e9e":"1 minute"},"schema":{"@context":"https:\/\/schema.org","@graph":[{"@type":"WebPage","@id":"https:\/\/vdms.ch\/fr\/location-de-salle\/","url":"https:\/\/vdms.ch\/fr\/location-de-salle\/","name":"Location de salle - VDMS","isPartOf":{"@id":"https:\/\/vdms.ch\/fr\/#website"},"primaryImageOfPage":{"@id":"https:\/\/vdms.ch\/fr\/location-de-salle\/#primaryimage"},"image":{"@id":"https:\/\/vdms.ch\/fr\/location-de-salle\/#primaryimage"},"thumbnailUrl":"https:\/\/vdms.ch\/wp-content\/uploads\/2024\/09\/vdms_asmm_Kursraum_2024-11-scaled.jpg","datePublished":"2020-11-05T11:30:15+00:00","dateModified":"2020-11-05T11:30:16+00:00","breadcrumb":{"@id":"https:\/\/vdms.ch\/fr\/location-de-salle\/#breadcrumb"},"inLanguage":"fr-FR","potentialAction":[{"@type":"ReadAction","target":["https:\/\/vdms.ch\/fr\/location-de-salle\/"]}]},{"@type":"ImageObject","inLanguage":"fr-FR","@id":"https:\/\/vdms.ch\/fr\/location-de-salle\/#primaryimage","url":"https:\/\/vdms.ch\/wp-content\/uploads\/2024\/09\/vdms_asmm_Kursraum_2024-11-scaled.jpg","contentUrl":"https:\/\/vdms.ch\/wp-content\/uploads\/2024\/09\/vdms_asmm_Kursraum_2024-11-scaled.jpg","width":2000,"height":2560},{"@type":"BreadcrumbList","@id":"https:\/\/vdms.ch\/fr\/location-de-salle\/#breadcrumb","itemListElement":[{"@type":"ListItem","position":1,"name":"Startseite","item":"https:\/\/vdms.ch\/fr\/"},{"@type":"ListItem","position":2,"name":"Location de salle"}]},{"@type":"WebSite","@id":"https:\/\/vdms.ch\/fr\/#website","url":"https:\/\/vdms.ch\/fr\/","name":"VDMS","description":"Verband der Medizinischen Massage Schweiz","publisher":{"@id":"https:\/\/vdms.ch\/fr\/#organization"},"potentialAction":[{"@type":"SearchAction","target":{"@type":"EntryPoint","urlTemplate":"https:\/\/vdms.ch\/fr\/?s={search_term_string}"},"query-input":{"@type":"PropertyValueSpecification","valueRequired":true,"valueName":"search_term_string"}}],"inLanguage":"fr-FR"},{"@type":"Organization","@id":"https:\/\/vdms.ch\/fr\/#organization","name":"vdms-asmm","url":"https:\/\/vdms.ch\/fr\/","logo":{"@type":"ImageObject","inLanguage":"fr-FR","@id":"https:\/\/vdms.ch\/fr\/#\/schema\/logo\/image\/","url":"https:\/\/vdms.ch\/wp-content\/uploads\/2020\/09\/vdms-logo.png","contentUrl":"https:\/\/vdms.ch\/wp-content\/uploads\/2020\/09\/vdms-logo.png","width":1021,"height":388,"caption":"vdms-asmm"},"image":{"@id":"https:\/\/vdms.ch\/fr\/#\/schema\/logo\/image\/"}}]}},"_links":{"self":[{"href":"https:\/\/vdms.ch\/fr\/wp-json\/wp\/v2\/pages\/5004","targetHints":{"allow":["GET"]}}],"collection":[{"href":"https:\/\/vdms.ch\/fr\/wp-json\/wp\/v2\/pages"}],"about":[{"href":"https:\/\/vdms.ch\/fr\/wp-json\/wp\/v2\/types\/page"}],"author":[{"embeddable":true,"href":"https:\/\/vdms.ch\/fr\/wp-json\/wp\/v2\/users\/1"}],"replies":[{"embeddable":true,"href":"https:\/\/vdms.ch\/fr\/wp-json\/wp\/v2\/comments?post=5004"}],"version-history":[{"count":2,"href":"https:\/\/vdms.ch\/fr\/wp-json\/wp\/v2\/pages\/5004\/revisions"}],"predecessor-version":[{"id":5009,"href":"https:\/\/vdms.ch\/fr\/wp-json\/wp\/v2\/pages\/5004\/revisions\/5009"}],"wp:featuredmedia":[{"embeddable":true,"href":"https:\/\/vdms.ch\/fr\/wp-json\/wp\/v2\/media\/14618"}],"wp:attachment":[{"href":"https:\/\/vdms.ch\/fr\/wp-json\/wp\/v2\/media?parent=5004"}],"curies":[{"name":"wp","href":"https:\/\/api.w.org\/{rel}","templated":true}]}}