{"id":5019,"date":"2020-11-05T13:49:34","date_gmt":"2020-11-05T12:49:34","guid":{"rendered":"https:\/\/vdms.ch\/?page_id=5019"},"modified":"2025-10-09T11:14:00","modified_gmt":"2025-10-09T09:14:00","slug":"reflexe","status":"publish","type":"page","link":"https:\/\/vdms.ch\/fr\/reflexe\/","title":{"rendered":"Reflexe"},"content":{"rendered":"\n<h1 class=\"wp-block-heading color-brown overline\">Reflexe &#8211; journal de th\u00e9rapie <strong>physique&nbsp;<\/strong><\/h1>\n\n\n\n<div class=\"wp-block-columns alignwide is-layout-flex wp-container-core-columns-is-layout-9d6595d7 wp-block-columns-is-layout-flex\">\n<div class=\"wp-block-column is-layout-flow wp-block-column-is-layout-flow\">\n<h3 class=\"wp-block-heading color-brown\">Le vdms-asmm propose son magazine&nbsp;\u00ab&nbsp;Reflexe &#8211; journal de th\u00e9rapie physique&nbsp;\u00bb depuis plus de 20 ans. Un journal pour toutes et tous, qui met en avant des articles sp\u00e9cialis\u00e9s dans le domaine de la&nbsp;sant\u00e9. &nbsp;<\/h3>\n<\/div>\n\n\n\n<div class=\"wp-block-column is-layout-flow wp-block-column-is-layout-flow\"><\/div>\n<\/div>\n\n\n\n<div class=\"wp-block-columns alignwide is-layout-flex wp-container-core-columns-is-layout-9d6595d7 wp-block-columns-is-layout-flex\">\n<div class=\"wp-block-column is-layout-flow wp-block-column-is-layout-flow\">\n<p><strong><strong>Vous souhaitez<\/strong><\/strong><\/p>\n\n\n\n<ul class=\"wp-block-list\">\n<li>rester \u00e0 jour et lire des articles d\u2019experts av\u00e9r\u00e9s<\/li>\n\n\n\n<li>avoir des r\u00e9ponses \u00e0 vos questions techniques et savoir ce qui se passe au niveau de la politique professionnelle<\/li>\n\n\n\n<li>lire des rapports pr\u00e9cis fra\u00eechement sortis du cabinet&nbsp;<\/li>\n\n\n\n<li>conna\u00eetre les fournisseurs importants pour votre cabinet et \u00eatre inform\u00e9 des produits th\u00e9rapeutiques existants<\/li>\n\n\n\n<li>vous mettre vous-m\u00eame en avant<\/li>\n<\/ul>\n\n\n\n<p>Vous \u00eates devenu curieux et vous aimeriez vous faire votre propre avis? Commandez un num\u00e9ro \u00e0 l\u2019essai, gratuitement ou concluez directement un abonnement annuel.&nbsp;<\/p>\n<\/div>\n\n\n\n<div class=\"wp-block-column is-layout-flow wp-block-column-is-layout-flow\">\n<p><strong><strong>Ce que vous offre le Reflexe<\/strong><\/strong><\/p>\n\n\n\n<ul class=\"wp-block-list\">\n<li>il a la r\u00e9ponse \u00e0 vos questions<\/li>\n\n\n\n<li>para\u00eet trois fois par an<\/li>\n\n\n\n<li>il vous offre une plateforme marketing extraordinaire et un public cible int\u00e9ressant<\/li>\n\n\n\n<li>il co\u00fbte 70.00 CHF par ann\u00e9e (les membres de l\u2019association le re\u00e7oivent automatiquement)<\/li>\n\n\n\n<li>ils vous propose plus que ce que vous esp\u00e9riez<\/li>\n<\/ul>\n<\/div>\n<\/div>\n\n\n\n<figure class=\"wp-block-gallery alignwide has-nested-images columns-4 is-cropped wp-block-gallery-1 is-layout-flex wp-block-gallery-is-layout-flex\">\n<figure class=\"wp-block-image size-full\"><a href=\"https:\/\/vdms.mokay.ch\/wp-content\/uploads\/2020\/10\/vdms_asmm_reflexe_01.jpg\"><img loading=\"lazy\" decoding=\"async\" width=\"1350\" height=\"771\" data-id=\"4355\" src=\"https:\/\/vdms.mokay.ch\/wp-content\/uploads\/2020\/10\/vdms_asmm_reflexe_01.jpg\" alt=\"\" class=\"wp-image-4355\" srcset=\"https:\/\/vdms.ch\/wp-content\/uploads\/2020\/10\/vdms_asmm_reflexe_01.jpg 1350w, https:\/\/vdms.ch\/wp-content\/uploads\/2020\/10\/vdms_asmm_reflexe_01-300x171.jpg 300w, https:\/\/vdms.ch\/wp-content\/uploads\/2020\/10\/vdms_asmm_reflexe_01-1024x585.jpg 1024w, https:\/\/vdms.ch\/wp-content\/uploads\/2020\/10\/vdms_asmm_reflexe_01-768x439.jpg 768w\" sizes=\"auto, (max-width: 1350px) 100vw, 1350px\" \/><\/a><\/figure>\n\n\n\n<figure class=\"wp-block-image size-full\"><a href=\"https:\/\/vdms.mokay.ch\/wp-content\/uploads\/2020\/08\/reflexe-1-scaled.jpg\"><img loading=\"lazy\" decoding=\"async\" width=\"2560\" height=\"1681\" data-id=\"574\" src=\"https:\/\/vdms.mokay.ch\/wp-content\/uploads\/2020\/08\/reflexe-1-scaled.jpg\" alt=\"\" class=\"wp-image-574\" srcset=\"https:\/\/vdms.ch\/wp-content\/uploads\/2020\/08\/reflexe-1-scaled.jpg 2560w, https:\/\/vdms.ch\/wp-content\/uploads\/2020\/08\/reflexe-1-300x197.jpg 300w, https:\/\/vdms.ch\/wp-content\/uploads\/2020\/08\/reflexe-1-1024x673.jpg 1024w, https:\/\/vdms.ch\/wp-content\/uploads\/2020\/08\/reflexe-1-768x504.jpg 768w, https:\/\/vdms.ch\/wp-content\/uploads\/2020\/08\/reflexe-1-1536x1009.jpg 1536w, https:\/\/vdms.ch\/wp-content\/uploads\/2020\/08\/reflexe-1-2048x1345.jpg 2048w\" sizes=\"auto, (max-width: 2560px) 100vw, 2560px\" \/><\/a><\/figure>\n\n\n\n<figure class=\"wp-block-image size-full\"><a href=\"https:\/\/vdms.mokay.ch\/wp-content\/uploads\/2020\/08\/reflexe-4.jpg\"><img loading=\"lazy\" decoding=\"async\" width=\"1583\" height=\"1583\" data-id=\"583\" src=\"https:\/\/vdms.mokay.ch\/wp-content\/uploads\/2020\/08\/reflexe-4.jpg\" alt=\"\" class=\"wp-image-583\" srcset=\"https:\/\/vdms.ch\/wp-content\/uploads\/2020\/08\/reflexe-4.jpg 1583w, https:\/\/vdms.ch\/wp-content\/uploads\/2020\/08\/reflexe-4-300x300.jpg 300w, https:\/\/vdms.ch\/wp-content\/uploads\/2020\/08\/reflexe-4-1024x1024.jpg 1024w, https:\/\/vdms.ch\/wp-content\/uploads\/2020\/08\/reflexe-4-150x150.jpg 150w, https:\/\/vdms.ch\/wp-content\/uploads\/2020\/08\/reflexe-4-768x768.jpg 768w, https:\/\/vdms.ch\/wp-content\/uploads\/2020\/08\/reflexe-4-1536x1536.jpg 1536w\" sizes=\"auto, (max-width: 1583px) 100vw, 1583px\" \/><\/a><\/figure>\n\n\n\n<figure class=\"wp-block-image size-full\"><a href=\"https:\/\/vdms.mokay.ch\/wp-content\/uploads\/2020\/08\/reflexe-2-scaled.jpg\"><img loading=\"lazy\" decoding=\"async\" width=\"2560\" height=\"1920\" data-id=\"577\" src=\"https:\/\/vdms.mokay.ch\/wp-content\/uploads\/2020\/08\/reflexe-2-scaled.jpg\" alt=\"\" class=\"wp-image-577\" srcset=\"https:\/\/vdms.ch\/wp-content\/uploads\/2020\/08\/reflexe-2-scaled.jpg 2560w, https:\/\/vdms.ch\/wp-content\/uploads\/2020\/08\/reflexe-2-300x225.jpg 300w, https:\/\/vdms.ch\/wp-content\/uploads\/2020\/08\/reflexe-2-1024x768.jpg 1024w, https:\/\/vdms.ch\/wp-content\/uploads\/2020\/08\/reflexe-2-768x576.jpg 768w, https:\/\/vdms.ch\/wp-content\/uploads\/2020\/08\/reflexe-2-1536x1152.jpg 1536w, https:\/\/vdms.ch\/wp-content\/uploads\/2020\/08\/reflexe-2-2048x1536.jpg 2048w\" sizes=\"auto, (max-width: 2560px) 100vw, 2560px\" \/><\/a><\/figure>\n<\/figure>\n\n\n\n<div style=\"height:30px\" aria-hidden=\"true\" class=\"wp-block-spacer\"><\/div>\n\n\n\n<h1 class=\"wp-block-heading color-brown overline\"><strong>Publiez dans le Reflexe<\/strong><\/h1>\n\n\n\n<div class=\"wp-block-columns alignwide is-layout-flex wp-container-core-columns-is-layout-9d6595d7 wp-block-columns-is-layout-flex\">\n<div class=\"wp-block-column is-layout-flow wp-block-column-is-layout-flow\">\n<p>Gr\u00e2ce \u00e0 une publicit\u00e9 cibl\u00e9e, vous&nbsp;positionner mieux votre entreprise. Mettez habilement votre produit en sc\u00e8ne &#8211; nous vous aidons dans cette d\u00e9marche!<\/p>\n\n\n\n<p>Gr\u00e2ce au Reflexe, le vdms-asmm propose une plateforme marketing attractive pour les membres de l\u2019association et pour des soci\u00e9t\u00e9s tierces. Utilisez vous aussi ce support de publicit\u00e9, c\u2019est par l\u00e0 que commence la r\u00e9ussite.<\/p>\n<\/div>\n\n\n\n<div class=\"wp-block-column is-layout-flow wp-block-column-is-layout-flow\">\n<div class=\"wp-block-file\"><a id=\"wp-block-file--media-e7c93e34-c8b6-4682-9526-d17cadd6aebb\" href=\"https:\/\/vdms.ch\/wp-content\/uploads\/2025\/10\/Reflexe-Donnees-mediatiques-2026.pdf\" target=\"_blank\" rel=\"noreferrer noopener\">Donn\u00e9es m\u00e9diatiques Reflexe 2026<\/a><\/div>\n\n\n\n<div class=\"wp-block-file\"><a id=\"wp-block-file--media-905e19b6-2b1e-4bea-8030-68e8cd72ccdf\" href=\"https:\/\/vdms.ch\/wp-content\/uploads\/2025\/10\/Donnees-mediatiques-Programme-de-formation-2027.pdf\" target=\"_blank\" rel=\"noreferrer noopener\">Donn\u00e9es m\u00f6diatiques Programme de formation 2027<\/a><\/div>\n<\/div>\n<\/div>\n\n\n<\/div>\r\n<\/div>\r\n<\/div>\r\n\r\n\r\n\n<div class=\"wpcf7 no-js\" id=\"wpcf7-f4916-o1\" lang=\"fr-FR\" dir=\"ltr\" data-wpcf7-id=\"4916\">\n<div class=\"screen-reader-response\"><p role=\"status\" aria-live=\"polite\" aria-atomic=\"true\"><\/p> <ul><\/ul><\/div>\n<form action=\"\/fr\/wp-json\/wp\/v2\/pages\/5019#wpcf7-f4916-o1\" method=\"post\" class=\"wpcf7-form init\" aria-label=\"Formulaire de contact\" novalidate=\"novalidate\" data-status=\"init\">\n<fieldset class=\"hidden-fields-container\"><input type=\"hidden\" name=\"_wpcf7\" value=\"4916\" \/><input type=\"hidden\" name=\"_wpcf7_version\" value=\"6.1.4\" \/><input type=\"hidden\" name=\"_wpcf7_locale\" value=\"fr_FR\" \/><input type=\"hidden\" name=\"_wpcf7_unit_tag\" value=\"wpcf7-f4916-o1\" \/><input type=\"hidden\" name=\"_wpcf7_container_post\" value=\"0\" \/><input type=\"hidden\" name=\"_wpcf7_posted_data_hash\" value=\"\" \/><input type=\"hidden\" name=\"_wpcf7cf_hidden_group_fields\" value=\"[]\" \/><input type=\"hidden\" name=\"_wpcf7cf_hidden_groups\" value=\"[]\" \/><input type=\"hidden\" name=\"_wpcf7cf_visible_groups\" value=\"[]\" \/><input type=\"hidden\" name=\"_wpcf7cf_repeaters\" value=\"[]\" \/><input type=\"hidden\" name=\"_wpcf7cf_steps\" value=\"{}\" \/><input type=\"hidden\" name=\"_wpcf7cf_options\" value=\"{&quot;form_id&quot;:4916,&quot;conditions&quot;:[],&quot;settings&quot;:{&quot;animation&quot;:&quot;yes&quot;,&quot;animation_intime&quot;:200,&quot;animation_outtime&quot;:200,&quot;conditions_ui&quot;:&quot;normal&quot;,&quot;notice_dismissed&quot;:false,&quot;notice_dismissed_rollback-cf7-5.9.5&quot;:true}}\" \/><input type=\"hidden\" name=\"_wpcf7dtx_version\" value=\"5.0.4\" \/><input type=\"hidden\" name=\"_wpcf7_recaptcha_response\" value=\"\" \/>\n<\/fieldset>\n<div class=\"container-vdms background-brown-light\">\n\t<div class=\"beitrittsgesuch container\">\n\t\t<div class=\"row\">\n\t\t\t<div class=\"col-md-12\">\n\t\t\t\t<h3>s\u2019abonner au Reflexe\n\t\t\t\t<\/h3>\n\t\t\t<\/div>\n\t\t\t<div class=\"col-md-6\">\n\t\t\t\t<p><span class=\"wpcf7-form-control-wrap\" data-name=\"abonnieren\"><span class=\"wpcf7-form-control wpcf7-checkbox\"><span class=\"wpcf7-list-item first\"><input type=\"checkbox\" name=\"abonnieren[]\" value=\"J\u2019aimerais tester un num\u00e9ro gratuitement\" \/><span class=\"wpcf7-list-item-label\">J\u2019aimerais tester un num\u00e9ro gratuitement<\/span><\/span><span class=\"wpcf7-list-item last\"><input type=\"checkbox\" name=\"abonnieren[]\" value=\"Abonnement annuel Reflexe - CHF 70.00\" \/><span class=\"wpcf7-list-item-label\">Abonnement annuel Reflexe &#8211; CHF 70.00<\/span><\/span><\/span><\/span>\n\t\t\t\t<\/p>\n\t\t\t<\/div>\n\t\t\t<div class=\"col-md-12 empty-space\" style=\"margin-bottom: 1em;\">\n\t\t\t<\/div>\n\t\t\t<div class=\"col-md-6\">\n\t\t\t\t<p><span class=\"wpcf7-form-control-wrap\" data-name=\"anrede\"><select class=\"wpcf7-form-control wpcf7-select wpcf7-validates-as-required\" aria-required=\"true\" aria-invalid=\"false\" name=\"anrede\"><option value=\"Titre *\">Titre *<\/option><option value=\"Monsieur\">Monsieur<\/option><option value=\"Madame\">Madame<\/option><\/select><\/span>\n\t\t\t\t<\/p>\n\t\t\t<\/div>\n\t\t\t<div class=\"col-md-6 empty-space\">\n\t\t\t<\/div>\n\t\t\t<div class=\"col-md-6\">\n\t\t\t\t<p><span class=\"wpcf7-form-control-wrap\" data-name=\"nachname\"><input size=\"40\" maxlength=\"400\" class=\"wpcf7-form-control wpcf7-text wpcf7-validates-as-required\" aria-required=\"true\" aria-invalid=\"false\" placeholder=\"Nom *\" value=\"\" type=\"text\" name=\"nachname\" \/><\/span>\n\t\t\t\t<\/p>\n\t\t\t<\/div>\n\t\t\t<div class=\"col-md-6\">\n\t\t\t\t<p><span class=\"wpcf7-form-control-wrap\" data-name=\"vorname\"><input size=\"40\" maxlength=\"400\" class=\"wpcf7-form-control wpcf7-text wpcf7-validates-as-required\" aria-required=\"true\" aria-invalid=\"false\" placeholder=\"Pr\u00e9nom *\" value=\"\" type=\"text\" name=\"vorname\" \/><\/span>\n\t\t\t\t<\/p>\n\t\t\t<\/div>\n\t\t\t<div class=\"col-md-6\">\n\t\t\t\t<p><span class=\"wpcf7-form-control-wrap\" data-name=\"adresse\"><input size=\"40\" maxlength=\"400\" class=\"wpcf7-form-control wpcf7-text wpcf7-validates-as-required\" aria-required=\"true\" aria-invalid=\"false\" placeholder=\"Adresse *\" value=\"\" type=\"text\" name=\"adresse\" \/><\/span>\n\t\t\t\t<\/p>\n\t\t\t<\/div>\n\t\t\t<div class=\"col-md-6\">\n\t\t\t\t<p><span class=\"wpcf7-form-control-wrap\" data-name=\"postfach\"><input size=\"40\" maxlength=\"400\" class=\"wpcf7-form-control wpcf7-text\" aria-invalid=\"false\" placeholder=\"Casse postale\" value=\"\" type=\"text\" name=\"postfach\" \/><\/span>\n\t\t\t\t<\/p>\n\t\t\t<\/div>\n\t\t\t<div class=\"col-md-6\">\n\t\t\t\t<p><span class=\"wpcf7-form-control-wrap\" data-name=\"plz\"><input size=\"40\" maxlength=\"400\" class=\"wpcf7-form-control wpcf7-text wpcf7-validates-as-required\" aria-required=\"true\" aria-invalid=\"false\" placeholder=\"Code postale *\" value=\"\" type=\"text\" name=\"plz\" \/><\/span>\n\t\t\t\t<\/p>\n\t\t\t<\/div>\n\t\t\t<div class=\"col-md-6\">\n\t\t\t\t<p><span class=\"wpcf7-form-control-wrap\" data-name=\"ort\"><input size=\"40\" maxlength=\"400\" class=\"wpcf7-form-control wpcf7-text wpcf7-validates-as-required\" aria-required=\"true\" aria-invalid=\"false\" placeholder=\"Lieu *\" value=\"\" type=\"text\" name=\"ort\" \/><\/span>\n\t\t\t\t<\/p>\n\t\t\t<\/div>\n\t\t\t<div class=\"col-md-6\">\n\t\t\t\t<p><span class=\"wpcf7-form-control-wrap\" data-name=\"telefon\"><input size=\"40\" maxlength=\"400\" class=\"wpcf7-form-control wpcf7-tel wpcf7-validates-as-required wpcf7-text wpcf7-validates-as-tel\" aria-required=\"true\" aria-invalid=\"false\" placeholder=\"T\u00e9l\u00e9phone *\" value=\"\" type=\"tel\" name=\"telefon\" \/><\/span>\n\t\t\t\t<\/p>\n\t\t\t<\/div>\n\t\t\t<div class=\"col-md-6\">\n\t\t\t\t<p><span class=\"wpcf7-form-control-wrap\" data-name=\"email-191\"><input size=\"40\" maxlength=\"400\" class=\"wpcf7-form-control wpcf7-email wpcf7-validates-as-required wpcf7-text wpcf7-validates-as-email\" aria-required=\"true\" aria-invalid=\"false\" placeholder=\"Email*\" value=\"\" type=\"email\" name=\"email-191\" \/><\/span>\n\t\t\t\t<\/p>\n\t\t\t<\/div>\n\t\t\t<div class=\"col-md-6 empty-space\">\n\t\t\t<\/div>\n\t\t\t<div class=\"col-md-6\">\n\t\t\t\t<p><span class=\"wpcf7-form-control-wrap\" data-name=\"firmenname\"><input size=\"40\" maxlength=\"400\" class=\"wpcf7-form-control wpcf7-text\" aria-invalid=\"false\" placeholder=\"Nom d&#039;entreprise\" value=\"\" type=\"text\" name=\"firmenname\" \/><\/span>\n\t\t\t\t<\/p>\n\t\t\t<\/div>\n\t\t\t<div class=\"col-md-6 empty-space\">\n\t\t\t<\/div>\n\t\t\t<div class=\"col-md-6\">\n\t\t\t\t<p><label>Remarques \/ Dates souhait\u00e9es <span class=\"wpcf7-form-control-wrap\" data-name=\"bemerkungen\"><textarea cols=\"40\" rows=\"10\" maxlength=\"2000\" class=\"wpcf7-form-control wpcf7-textarea\" aria-invalid=\"false\" name=\"bemerkungen\"><\/textarea><\/span><\/label>\n\t\t\t\t<\/p>\n\t\t\t<\/div>\n\t\t\t<div class=\"col-md-12\" style=\"font-size: 0.9em\">\n\t\t\t\t<p><span class=\"wpcf7-form-control-wrap\" data-name=\"acceptance-171\"><span class=\"wpcf7-form-control wpcf7-acceptance\"><span class=\"wpcf7-list-item\"><input type=\"checkbox\" name=\"acceptance-171\" value=\"1\" aria-invalid=\"false\" \/><\/span><\/span><\/span> J&rsquo;accepte les <a href=\"https:\/\/vdms.ch\/fr\/cgv\">conditions g\u00e9n\u00e9rales de vente<\/a> et la <a href=\"https:\/\/vdms.ch\/fr\/mentions-legales\">mentions l\u00e9gales<\/a> *\n\t\t\t\t<\/p>\n\t\t\t<\/div>\n\t\t\t<div class=\"col-md-6\">\n\t\t\t\t<p><input class=\"wpcf7-form-control wpcf7-submit has-spinner\" type=\"submit\" value=\"Envoyer\" \/>\n\t\t\t\t<\/p>\n\t\t\t<\/div>\n\t\t<\/div>\n\t<\/div>\n<\/div><input type='hidden' class='wpcf7-pum' value='{\"closepopup\":false,\"closedelay\":0,\"openpopup\":false,\"openpopup_id\":0}' \/><div class=\"wpcf7-response-output\" aria-hidden=\"true\"><\/div>\n<\/form>\n<\/div>\n\r\n<\/div>\r\n<\/div>\r\n<\/div>\r\n<div id=\"content-2\" class=\"site-content container\">\r\n    <div class=\"site-page\">","protected":false},"excerpt":{"rendered":"<p>Reflexe &#8211; journal de th\u00e9rapie physique&nbsp; Le vdms-asmm propose son magazine&nbsp;\u00ab&nbsp;Reflexe &#8211; journal de th\u00e9rapie physique&nbsp;\u00bb depuis plus de 20 ans. Un journal pour toutes et tous, qui met en avant des articles sp\u00e9cialis\u00e9s dans le domaine de la&nbsp;sant\u00e9. &nbsp; Vous souhaitez Vous \u00eates devenu curieux et vous aimeriez vous faire votre propre avis? Commandez [&hellip;]<\/p>\n","protected":false},"author":1,"featured_media":4955,"parent":0,"menu_order":141,"comment_status":"closed","ping_status":"closed","template":"","meta":{"_acf_changed":false,"footnotes":""},"class_list":["post-5019","page","type-page","status-publish","has-post-thumbnail","hentry"],"acf":[],"yoast_head":"<!-- This site is optimized with the Yoast SEO plugin v26.7 - https:\/\/yoast.com\/wordpress\/plugins\/seo\/ -->\n<title>Reflexe - VDMS<\/title>\n<meta name=\"robots\" content=\"index, follow, max-snippet:-1, max-image-preview:large, max-video-preview:-1\" \/>\n<link rel=\"canonical\" href=\"https:\/\/vdms.ch\/fr\/reflexe\/\" \/>\n<meta property=\"og:locale\" content=\"fr_FR\" \/>\n<meta property=\"og:type\" content=\"article\" \/>\n<meta property=\"og:title\" content=\"Reflexe - VDMS\" \/>\n<meta property=\"og:description\" content=\"Reflexe &#8211; journal de th\u00e9rapie physique&nbsp; Le vdms-asmm propose son magazine&nbsp;\u00ab&nbsp;Reflexe &#8211; journal de th\u00e9rapie physique&nbsp;\u00bb depuis plus de 20 ans. Un journal pour toutes et tous, qui met en avant des articles sp\u00e9cialis\u00e9s dans le domaine de la&nbsp;sant\u00e9. &nbsp; Vous souhaitez Vous \u00eates devenu curieux et vous aimeriez vous faire votre propre avis? Commandez [&hellip;]\" \/>\n<meta property=\"og:url\" content=\"https:\/\/vdms.ch\/fr\/reflexe\/\" \/>\n<meta property=\"og:site_name\" content=\"VDMS\" \/>\n<meta property=\"article:modified_time\" content=\"2025-10-09T09:14:00+00:00\" \/>\n<meta property=\"og:image\" content=\"https:\/\/vdms.ch\/wp-content\/uploads\/2020\/11\/vdms_asmm_reflexe.jpg\" \/>\n\t<meta property=\"og:image:width\" content=\"2560\" \/>\n\t<meta property=\"og:image:height\" content=\"1080\" \/>\n\t<meta property=\"og:image:type\" content=\"image\/jpeg\" \/>\n<meta name=\"twitter:card\" content=\"summary_large_image\" \/>\n<meta name=\"twitter:label1\" content=\"Dur\u00e9e de lecture estim\u00e9e\" \/>\n\t<meta name=\"twitter:data1\" content=\"3 minutes\" \/>\n<script type=\"application\/ld+json\" class=\"yoast-schema-graph\">{\"@context\":\"https:\/\/schema.org\",\"@graph\":[{\"@type\":\"WebPage\",\"@id\":\"https:\/\/vdms.ch\/fr\/reflexe\/\",\"url\":\"https:\/\/vdms.ch\/fr\/reflexe\/\",\"name\":\"Reflexe - VDMS\",\"isPartOf\":{\"@id\":\"https:\/\/vdms.ch\/fr\/#website\"},\"primaryImageOfPage\":{\"@id\":\"https:\/\/vdms.ch\/fr\/reflexe\/#primaryimage\"},\"image\":{\"@id\":\"https:\/\/vdms.ch\/fr\/reflexe\/#primaryimage\"},\"thumbnailUrl\":\"https:\/\/vdms.ch\/wp-content\/uploads\/2020\/11\/vdms_asmm_reflexe.jpg\",\"datePublished\":\"2020-11-05T12:49:34+00:00\",\"dateModified\":\"2025-10-09T09:14:00+00:00\",\"breadcrumb\":{\"@id\":\"https:\/\/vdms.ch\/fr\/reflexe\/#breadcrumb\"},\"inLanguage\":\"fr-FR\",\"potentialAction\":[{\"@type\":\"ReadAction\",\"target\":[\"https:\/\/vdms.ch\/fr\/reflexe\/\"]}]},{\"@type\":\"ImageObject\",\"inLanguage\":\"fr-FR\",\"@id\":\"https:\/\/vdms.ch\/fr\/reflexe\/#primaryimage\",\"url\":\"https:\/\/vdms.ch\/wp-content\/uploads\/2020\/11\/vdms_asmm_reflexe.jpg\",\"contentUrl\":\"https:\/\/vdms.ch\/wp-content\/uploads\/2020\/11\/vdms_asmm_reflexe.jpg\",\"width\":2560,\"height\":1080},{\"@type\":\"BreadcrumbList\",\"@id\":\"https:\/\/vdms.ch\/fr\/reflexe\/#breadcrumb\",\"itemListElement\":[{\"@type\":\"ListItem\",\"position\":1,\"name\":\"Startseite\",\"item\":\"https:\/\/vdms.ch\/fr\/\"},{\"@type\":\"ListItem\",\"position\":2,\"name\":\"Reflexe\"}]},{\"@type\":\"WebSite\",\"@id\":\"https:\/\/vdms.ch\/fr\/#website\",\"url\":\"https:\/\/vdms.ch\/fr\/\",\"name\":\"VDMS\",\"description\":\"Verband der Medizinischen Massage Schweiz\",\"publisher\":{\"@id\":\"https:\/\/vdms.ch\/fr\/#organization\"},\"potentialAction\":[{\"@type\":\"SearchAction\",\"target\":{\"@type\":\"EntryPoint\",\"urlTemplate\":\"https:\/\/vdms.ch\/fr\/?s={search_term_string}\"},\"query-input\":{\"@type\":\"PropertyValueSpecification\",\"valueRequired\":true,\"valueName\":\"search_term_string\"}}],\"inLanguage\":\"fr-FR\"},{\"@type\":\"Organization\",\"@id\":\"https:\/\/vdms.ch\/fr\/#organization\",\"name\":\"vdms-asmm\",\"url\":\"https:\/\/vdms.ch\/fr\/\",\"logo\":{\"@type\":\"ImageObject\",\"inLanguage\":\"fr-FR\",\"@id\":\"https:\/\/vdms.ch\/fr\/#\/schema\/logo\/image\/\",\"url\":\"https:\/\/vdms.ch\/wp-content\/uploads\/2020\/09\/vdms-logo.png\",\"contentUrl\":\"https:\/\/vdms.ch\/wp-content\/uploads\/2020\/09\/vdms-logo.png\",\"width\":1021,\"height\":388,\"caption\":\"vdms-asmm\"},\"image\":{\"@id\":\"https:\/\/vdms.ch\/fr\/#\/schema\/logo\/image\/\"}}]}<\/script>\n<!-- \/ Yoast SEO plugin. -->","yoast_head_json":{"title":"Reflexe - VDMS","robots":{"index":"index","follow":"follow","max-snippet":"max-snippet:-1","max-image-preview":"max-image-preview:large","max-video-preview":"max-video-preview:-1"},"canonical":"https:\/\/vdms.ch\/fr\/reflexe\/","og_locale":"fr_FR","og_type":"article","og_title":"Reflexe - VDMS","og_description":"Reflexe &#8211; journal de th\u00e9rapie physique&nbsp; Le vdms-asmm propose son magazine&nbsp;\u00ab&nbsp;Reflexe &#8211; journal de th\u00e9rapie physique&nbsp;\u00bb depuis plus de 20 ans. Un journal pour toutes et tous, qui met en avant des articles sp\u00e9cialis\u00e9s dans le domaine de la&nbsp;sant\u00e9. &nbsp; Vous souhaitez Vous \u00eates devenu curieux et vous aimeriez vous faire votre propre avis? Commandez [&hellip;]","og_url":"https:\/\/vdms.ch\/fr\/reflexe\/","og_site_name":"VDMS","article_modified_time":"2025-10-09T09:14:00+00:00","og_image":[{"width":2560,"height":1080,"url":"https:\/\/vdms.ch\/wp-content\/uploads\/2020\/11\/vdms_asmm_reflexe.jpg","type":"image\/jpeg"}],"twitter_card":"summary_large_image","twitter_misc":{"Dur\u00e9e de lecture estim\u00e9e":"3 minutes"},"schema":{"@context":"https:\/\/schema.org","@graph":[{"@type":"WebPage","@id":"https:\/\/vdms.ch\/fr\/reflexe\/","url":"https:\/\/vdms.ch\/fr\/reflexe\/","name":"Reflexe - VDMS","isPartOf":{"@id":"https:\/\/vdms.ch\/fr\/#website"},"primaryImageOfPage":{"@id":"https:\/\/vdms.ch\/fr\/reflexe\/#primaryimage"},"image":{"@id":"https:\/\/vdms.ch\/fr\/reflexe\/#primaryimage"},"thumbnailUrl":"https:\/\/vdms.ch\/wp-content\/uploads\/2020\/11\/vdms_asmm_reflexe.jpg","datePublished":"2020-11-05T12:49:34+00:00","dateModified":"2025-10-09T09:14:00+00:00","breadcrumb":{"@id":"https:\/\/vdms.ch\/fr\/reflexe\/#breadcrumb"},"inLanguage":"fr-FR","potentialAction":[{"@type":"ReadAction","target":["https:\/\/vdms.ch\/fr\/reflexe\/"]}]},{"@type":"ImageObject","inLanguage":"fr-FR","@id":"https:\/\/vdms.ch\/fr\/reflexe\/#primaryimage","url":"https:\/\/vdms.ch\/wp-content\/uploads\/2020\/11\/vdms_asmm_reflexe.jpg","contentUrl":"https:\/\/vdms.ch\/wp-content\/uploads\/2020\/11\/vdms_asmm_reflexe.jpg","width":2560,"height":1080},{"@type":"BreadcrumbList","@id":"https:\/\/vdms.ch\/fr\/reflexe\/#breadcrumb","itemListElement":[{"@type":"ListItem","position":1,"name":"Startseite","item":"https:\/\/vdms.ch\/fr\/"},{"@type":"ListItem","position":2,"name":"Reflexe"}]},{"@type":"WebSite","@id":"https:\/\/vdms.ch\/fr\/#website","url":"https:\/\/vdms.ch\/fr\/","name":"VDMS","description":"Verband der Medizinischen Massage Schweiz","publisher":{"@id":"https:\/\/vdms.ch\/fr\/#organization"},"potentialAction":[{"@type":"SearchAction","target":{"@type":"EntryPoint","urlTemplate":"https:\/\/vdms.ch\/fr\/?s={search_term_string}"},"query-input":{"@type":"PropertyValueSpecification","valueRequired":true,"valueName":"search_term_string"}}],"inLanguage":"fr-FR"},{"@type":"Organization","@id":"https:\/\/vdms.ch\/fr\/#organization","name":"vdms-asmm","url":"https:\/\/vdms.ch\/fr\/","logo":{"@type":"ImageObject","inLanguage":"fr-FR","@id":"https:\/\/vdms.ch\/fr\/#\/schema\/logo\/image\/","url":"https:\/\/vdms.ch\/wp-content\/uploads\/2020\/09\/vdms-logo.png","contentUrl":"https:\/\/vdms.ch\/wp-content\/uploads\/2020\/09\/vdms-logo.png","width":1021,"height":388,"caption":"vdms-asmm"},"image":{"@id":"https:\/\/vdms.ch\/fr\/#\/schema\/logo\/image\/"}}]}},"_links":{"self":[{"href":"https:\/\/vdms.ch\/fr\/wp-json\/wp\/v2\/pages\/5019","targetHints":{"allow":["GET"]}}],"collection":[{"href":"https:\/\/vdms.ch\/fr\/wp-json\/wp\/v2\/pages"}],"about":[{"href":"https:\/\/vdms.ch\/fr\/wp-json\/wp\/v2\/types\/page"}],"author":[{"embeddable":true,"href":"https:\/\/vdms.ch\/fr\/wp-json\/wp\/v2\/users\/1"}],"replies":[{"embeddable":true,"href":"https:\/\/vdms.ch\/fr\/wp-json\/wp\/v2\/comments?post=5019"}],"version-history":[{"count":16,"href":"https:\/\/vdms.ch\/fr\/wp-json\/wp\/v2\/pages\/5019\/revisions"}],"predecessor-version":[{"id":17021,"href":"https:\/\/vdms.ch\/fr\/wp-json\/wp\/v2\/pages\/5019\/revisions\/17021"}],"wp:featuredmedia":[{"embeddable":true,"href":"https:\/\/vdms.ch\/fr\/wp-json\/wp\/v2\/media\/4955"}],"wp:attachment":[{"href":"https:\/\/vdms.ch\/fr\/wp-json\/wp\/v2\/media?parent=5019"}],"curies":[{"name":"wp","href":"https:\/\/api.w.org\/{rel}","templated":true}]}}