{"id":5105,"date":"2020-11-09T10:39:13","date_gmt":"2020-11-09T09:39:13","guid":{"rendered":"https:\/\/vdms.ch\/?page_id=5105"},"modified":"2025-10-09T10:54:02","modified_gmt":"2025-10-09T08:54:02","slug":"programme-de-formation","status":"publish","type":"page","link":"https:\/\/vdms.ch\/fr\/programme-de-formation\/","title":{"rendered":"Programme de formation"},"content":{"rendered":"\n<h3 class=\"wp-block-heading color-brown overline\">Formation continue<strong>&nbsp;<\/strong><\/h3>\n\n\n\n<div class=\"wp-block-columns alignwide is-layout-flex wp-container-core-columns-is-layout-9d6595d7 wp-block-columns-is-layout-flex\">\n<div class=\"wp-block-column is-layout-flow wp-block-column-is-layout-flow\">\n<h3 class=\"wp-block-heading color-brown\">Le masseur&nbsp;m\u00e9dical est au centre de l&rsquo;offre de formation continue du vdms-asmm et en m\u00eame temps, elle r\u00e9pond \u00e0 un int\u00e9r\u00eat g\u00e9n\u00e9ral pour les m\u00e9tiers de la&nbsp;sant\u00e9.&nbsp;<\/h3>\n\n\n\n<p>Les formations du vdms-asmm ont du succ\u00e8s gr\u00e2ce \u00e0 des formateurs comp\u00e9tents mais aussi gr\u00e2ce aux collaborateurs motiv\u00e9s pr\u00e9sents au bureau. <\/p>\n\n\n\n<div class=\"wp-block-file\"><a id=\"wp-block-file--media-70483b6b-45a4-42d6-a18f-56566ae72ee0\" href=\"https:\/\/vdms.ch\/wp-content\/uploads\/2024\/09\/AGB.jpg\" target=\"_blank\" rel=\"noreferrer noopener\">Conditions generale<\/a><\/div>\n<\/div>\n\n\n\n<div class=\"wp-block-column is-layout-flow wp-block-column-is-layout-flow\">\n<div class=\"wp-block-file\"><a id=\"wp-block-file--media-ac8f7619-ad69-4753-824c-1e249fc661b6\" href=\"https:\/\/vdms.ch\/wp-content\/uploads\/2025\/09\/VDMS_Weiterbildungsprogramm_2026_digital.pdf\" target=\"_blank\" rel=\"noreferrer noopener\">Programme de formation 2026<\/a><\/div>\n\n\n\n<div class=\"wp-block-file\"><a id=\"wp-block-file--media-c0fbd431-b5c4-455f-8373-c734c72dc23d\" href=\"https:\/\/vdms.ch\/wp-content\/uploads\/2024\/09\/VDMS_Weiterbildungsprogramm_2025_digital.pdf\" target=\"_blank\" rel=\"noreferrer noopener\">Programme de formation 2025<\/a><\/div>\n\n\n\n<div class=\"wp-block-file\"><a id=\"wp-block-file--media-4db24c5b-d9ac-454b-bf34-33aed4960e9c\" href=\"https:\/\/vdms.ch\/wp-content\/uploads\/2023\/10\/F-2023-Andragogisches-Leitbild-vdms-asmm.pdf\" target=\"_blank\" rel=\"noreferrer noopener\">Charte andragogique vdms-asmm<\/a><\/div>\n\n\n\n<div class=\"wp-block-file\"><\/div>\n<\/div>\n<\/div>\n\n\n\n<div style=\"height:68px\" aria-hidden=\"true\" class=\"wp-block-spacer\"><\/div>\n\n\n\n<div class=\"wp-block-columns alignwide is-layout-flex wp-container-core-columns-is-layout-9d6595d7 wp-block-columns-is-layout-flex\">\n<div class=\"wp-block-column is-layout-flow wp-block-column-is-layout-flow\">\n<p><strong><strong><strong>Vous voulez prendre connaissance de notre offre de formation continue dans le calme et avoir un aper\u00e7u de l\u2019offre compl\u00e8te?&nbsp;<\/strong><\/strong><\/strong><\/p>\n\n\n\n<p>Nous pouvons vous envoyer gratuitement notre programme de formation par la poste.&nbsp;<\/p>\n\n\n\n<p>Nous nous r\u00e9jouissons de pouvoir vous accueillir en personne!<\/p>\n\n\n<section class=\"cta_section row\">\r\n    <div class=\"cta col-md-12\">\r\n                <a href=\"#bestellung\">\r\n            <div class=\"color-red arrow-right\">\r\n                Commande du programme de formation continue                <img decoding=\"async\" src=\"https:\/\/vdms.ch\/wp-content\/themes\/vdms\/images\/arrow-right.png\"\/>\r\n            <\/div>\r\n        <\/a>\r\n    <\/div>\r\n<\/section><\/div>\n\n\n\n<div class=\"wp-block-column is-layout-flow wp-block-column-is-layout-flow\">\n<p><strong><strong>Vous \u00eates plut\u00f4t digital? Vous pouvez prendre connaissance de notre programme en ligne.&nbsp;<\/strong><\/strong><\/p>\n\n\n\n<p>En tr\u00e8s peu de clics, vous pouvez r\u00e9server votre cours &#8211; pas de paperasse, efficace, durable.&nbsp;<\/p>\n\n\n<section class=\"cta_section row\">\r\n    <div class=\"cta col-md-12\">\r\n                <a href=\"https:\/\/vdms.ch\/fr\/cours\/\">\r\n            <div class=\"color-red arrow-right\">\r\n                Cours                <img decoding=\"async\" src=\"https:\/\/vdms.ch\/wp-content\/themes\/vdms\/images\/arrow-right.png\"\/>\r\n            <\/div>\r\n        <\/a>\r\n    <\/div>\r\n<\/section><\/div>\n<\/div>\n\n\n\n<hr class=\"wp-block-separator has-css-opacity is-style-wide\"\/>\n\n\n\n<h3 class=\"wp-block-heading color-brown overline\">Ins\u00e9rer une annonce<\/h3>\n\n\n\n<div class=\"wp-block-columns alignwide is-layout-flex wp-container-core-columns-is-layout-9d6595d7 wp-block-columns-is-layout-flex\">\n<div class=\"wp-block-column is-layout-flow wp-block-column-is-layout-flow\">\n<p>Vous pouvez mieux positionner votre&nbsp;entreprise gr\u00e2ce \u00e0 de la publicit\u00e9. Mettez vos produits en sc\u00e8ne, nous vous y aidons volontiers!<\/p>\n\n\n\n<p>Le vdms-asmm propose une plateforme de publicit\u00e9 et de marketing attractive pour les membres ainsi que pour des entreprises tierces. Utilisez cet espace et commencez votre success story.&nbsp;<\/p>\n\n\n\n<p>Nous nous r\u00e9jouissons de votre prise de contact.&nbsp;<\/p>\n<\/div>\n\n\n\n<div class=\"wp-block-column is-layout-flow wp-block-column-is-layout-flow\">\n<div class=\"wp-block-file\"><a id=\"wp-block-file--media-ad1a53cf-a9b1-482a-ae2f-a7cb43582c46\" href=\"https:\/\/vdms.ch\/wp-content\/uploads\/2025\/10\/Reflexe-Donnees-mediatiques-2026.pdf\" target=\"_blank\" rel=\"noreferrer noopener\">Donn\u00e9es m\u00e9diatiques Reflexe 2026<\/a><\/div>\n\n\n\n<div class=\"wp-block-file\"><a id=\"wp-block-file--media-abc051e4-ab04-4a53-9582-ed2b6a7ff116\" href=\"https:\/\/vdms.ch\/wp-content\/uploads\/2025\/10\/Donnees-mediatiques-Programme-de-formation-2027.pdf\" target=\"_blank\" rel=\"noreferrer noopener\">Donn\u00e9es m\u00e9diatiques Programme de formation 2027<\/a><\/div>\n<\/div>\n<\/div>\n\n\n\n<div style=\"height:30px\" aria-hidden=\"true\" class=\"wp-block-spacer\"><\/div>\n\n\n<\/div>\r\n<\/div>\r\n<\/div>\r\n\r\n\r\n\n<div class=\"wpcf7 no-js\" id=\"wpcf7-f5000-o1\" lang=\"fr-FR\" dir=\"ltr\" data-wpcf7-id=\"5000\">\n<div class=\"screen-reader-response\"><p role=\"status\" aria-live=\"polite\" aria-atomic=\"true\"><\/p> <ul><\/ul><\/div>\n<form action=\"\/fr\/wp-json\/wp\/v2\/pages\/5105#wpcf7-f5000-o1\" method=\"post\" class=\"wpcf7-form init\" aria-label=\"Formulaire de contact\" novalidate=\"novalidate\" data-status=\"init\">\n<fieldset class=\"hidden-fields-container\"><input type=\"hidden\" name=\"_wpcf7\" value=\"5000\" \/><input type=\"hidden\" name=\"_wpcf7_version\" value=\"6.1.4\" \/><input type=\"hidden\" name=\"_wpcf7_locale\" value=\"fr_FR\" \/><input type=\"hidden\" name=\"_wpcf7_unit_tag\" value=\"wpcf7-f5000-o1\" \/><input type=\"hidden\" name=\"_wpcf7_container_post\" value=\"0\" \/><input type=\"hidden\" name=\"_wpcf7_posted_data_hash\" value=\"\" \/><input type=\"hidden\" name=\"_wpcf7cf_hidden_group_fields\" value=\"[]\" \/><input type=\"hidden\" name=\"_wpcf7cf_hidden_groups\" value=\"[]\" \/><input type=\"hidden\" name=\"_wpcf7cf_visible_groups\" value=\"[]\" \/><input type=\"hidden\" name=\"_wpcf7cf_repeaters\" value=\"[]\" \/><input type=\"hidden\" name=\"_wpcf7cf_steps\" value=\"{}\" \/><input type=\"hidden\" name=\"_wpcf7cf_options\" value=\"{&quot;form_id&quot;:5000,&quot;conditions&quot;:[],&quot;settings&quot;:{&quot;animation&quot;:&quot;yes&quot;,&quot;animation_intime&quot;:200,&quot;animation_outtime&quot;:200,&quot;conditions_ui&quot;:&quot;normal&quot;,&quot;notice_dismissed&quot;:false,&quot;notice_dismissed_rollback-cf7-5.9.5&quot;:true}}\" \/><input type=\"hidden\" name=\"_wpcf7dtx_version\" value=\"5.0.4\" \/><input type=\"hidden\" name=\"_wpcf7_recaptcha_response\" value=\"\" \/>\n<\/fieldset>\n<div id=\"bestellung\" class=\"container-vdms background-brown-light\">\n\t<div class=\"beitrittsgesuch container\">\n\t\t<div class=\"row\">\n\t\t\t<div class=\"col-md-12\">\n\t\t\t\t<h3>Commande du programme de formation continue\n\t\t\t\t<\/h3>\n\t\t\t<\/div>\n\t\t\t<div class=\"col-md-12\">\n\t\t\t\t<p><span class=\"wpcf7-form-control-wrap\" data-name=\"weiterbildungbestellung\"><span class=\"wpcf7-form-control wpcf7-checkbox\"><span class=\"wpcf7-list-item first last\"><input type=\"checkbox\" name=\"weiterbildungbestellung[]\" value=\"Faites-moi parvenir un programme de formation continue gratuitement.\" \/><span class=\"wpcf7-list-item-label\">Faites-moi parvenir un programme de formation continue gratuitement.<\/span><\/span><\/span><\/span>\n\t\t\t\t<\/p>\n\t\t\t<\/div>\n\t\t\t<div class=\"col-md-6 empty-space\">\n\t\t\t<\/div>\n\t\t\t<div class=\"col-md-6\">\n\t\t\t\t<p><span class=\"wpcf7-form-control-wrap\" data-name=\"anrede\"><select class=\"wpcf7-form-control wpcf7-select wpcf7-validates-as-required\" aria-required=\"true\" aria-invalid=\"false\" name=\"anrede\"><option value=\"Titre *\">Titre *<\/option><option value=\"Monsieur\">Monsieur<\/option><option value=\"Madame\">Madame<\/option><\/select><\/span>\n\t\t\t\t<\/p>\n\t\t\t<\/div>\n\t\t\t<div class=\"col-md-6 empty-space\">\n\t\t\t<\/div>\n\t\t\t<div class=\"col-md-6\">\n\t\t\t\t<p><span class=\"wpcf7-form-control-wrap\" data-name=\"nachname\"><input size=\"40\" maxlength=\"400\" class=\"wpcf7-form-control wpcf7-text wpcf7-validates-as-required\" aria-required=\"true\" aria-invalid=\"false\" placeholder=\"Nom *\" value=\"\" type=\"text\" name=\"nachname\" \/><\/span>\n\t\t\t\t<\/p>\n\t\t\t<\/div>\n\t\t\t<div class=\"col-md-6\">\n\t\t\t\t<p><span class=\"wpcf7-form-control-wrap\" data-name=\"vorname\"><input size=\"40\" maxlength=\"400\" class=\"wpcf7-form-control wpcf7-text wpcf7-validates-as-required\" aria-required=\"true\" aria-invalid=\"false\" placeholder=\"Pr\u00e9nom *\" value=\"\" type=\"text\" name=\"vorname\" \/><\/span>\n\t\t\t\t<\/p>\n\t\t\t<\/div>\n\t\t\t<div class=\"col-md-6\">\n\t\t\t\t<p><span class=\"wpcf7-form-control-wrap\" data-name=\"adresse\"><input size=\"40\" maxlength=\"400\" class=\"wpcf7-form-control wpcf7-text wpcf7-validates-as-required\" aria-required=\"true\" aria-invalid=\"false\" placeholder=\"Adresse *\" value=\"\" type=\"text\" name=\"adresse\" \/><\/span>\n\t\t\t\t<\/p>\n\t\t\t<\/div>\n\t\t\t<div class=\"col-md-6\">\n\t\t\t\t<p><span class=\"wpcf7-form-control-wrap\" data-name=\"postfach\"><input size=\"40\" maxlength=\"400\" class=\"wpcf7-form-control wpcf7-text\" aria-invalid=\"false\" placeholder=\"Case postale\" value=\"\" type=\"text\" name=\"postfach\" \/><\/span>\n\t\t\t\t<\/p>\n\t\t\t<\/div>\n\t\t\t<div class=\"col-md-6\">\n\t\t\t\t<p><span class=\"wpcf7-form-control-wrap\" data-name=\"plz\"><input size=\"40\" maxlength=\"400\" class=\"wpcf7-form-control wpcf7-text wpcf7-validates-as-required\" aria-required=\"true\" aria-invalid=\"false\" placeholder=\"Code postal *\" value=\"\" type=\"text\" name=\"plz\" \/><\/span>\n\t\t\t\t<\/p>\n\t\t\t<\/div>\n\t\t\t<div class=\"col-md-6\">\n\t\t\t\t<p><span class=\"wpcf7-form-control-wrap\" data-name=\"ort\"><input size=\"40\" maxlength=\"400\" class=\"wpcf7-form-control wpcf7-text wpcf7-validates-as-required\" aria-required=\"true\" aria-invalid=\"false\" placeholder=\"Lieu *\" value=\"\" type=\"text\" name=\"ort\" \/><\/span>\n\t\t\t\t<\/p>\n\t\t\t<\/div>\n\t\t\t<div class=\"col-md-6\">\n\t\t\t\t<p><span class=\"wpcf7-form-control-wrap\" data-name=\"telefon\"><input size=\"40\" maxlength=\"400\" class=\"wpcf7-form-control wpcf7-tel wpcf7-validates-as-required wpcf7-text wpcf7-validates-as-tel\" aria-required=\"true\" aria-invalid=\"false\" placeholder=\"T\u00e9l\u00e9phone *\" value=\"\" type=\"tel\" name=\"telefon\" \/><\/span>\n\t\t\t\t<\/p>\n\t\t\t<\/div>\n\t\t\t<div class=\"col-md-6\">\n\t\t\t\t<p><span class=\"wpcf7-form-control-wrap\" data-name=\"email-191\"><input size=\"40\" maxlength=\"400\" class=\"wpcf7-form-control wpcf7-email wpcf7-validates-as-required wpcf7-text wpcf7-validates-as-email\" aria-required=\"true\" aria-invalid=\"false\" placeholder=\"email *\" value=\"\" type=\"email\" name=\"email-191\" \/><\/span>\n\t\t\t\t<\/p>\n\t\t\t<\/div>\n\t\t\t<div class=\"col-md-6 empty-space\">\n\t\t\t<\/div>\n\t\t\t<div class=\"col-md-6\">\n\t\t\t\t<p><span class=\"wpcf7-form-control-wrap\" data-name=\"firmenname\"><input size=\"40\" maxlength=\"400\" class=\"wpcf7-form-control wpcf7-text\" aria-invalid=\"false\" placeholder=\"Nom d&#039;entreprise\" value=\"\" type=\"text\" name=\"firmenname\" \/><\/span>\n\t\t\t\t<\/p>\n\t\t\t<\/div>\n\t\t\t<div class=\"col-md-6 empty-space\">\n\t\t\t<\/div>\n\t\t\t<div class=\"col-md-6\">\n\t\t\t\t<p><label>Remarques \/ dates de r\u00e9servation <span class=\"wpcf7-form-control-wrap\" data-name=\"bemerkungen\"><textarea cols=\"40\" rows=\"10\" maxlength=\"2000\" class=\"wpcf7-form-control wpcf7-textarea\" aria-invalid=\"false\" name=\"bemerkungen\"><\/textarea><\/span><\/label>\n\t\t\t\t<\/p>\n\t\t\t<\/div>\n\t\t\t<div class=\"col-md-6 empty-space\">\n\t\t\t<\/div>\n\t\t\t<div class=\"col-md-12\">\n\t\t\t\t<p><span class=\"wpcf7-form-control-wrap\" data-name=\"acceptance-171\"><span class=\"wpcf7-form-control wpcf7-acceptance\"><span class=\"wpcf7-list-item\"><input type=\"checkbox\" name=\"acceptance-171\" value=\"1\" aria-invalid=\"false\" \/><\/span><\/span><\/span>J&rsquo;accepte les <a href=\"https:\/\/vdms.ch\/fr\/cgv\/\">conditions g\u00e9n\u00e9rales de vente<\/a> et la <a href=\"https:\/\/vdms.ch\/fr\/protection-des-donnees\/\">d\u00e9claration de confidentialit\u00e9.<\/a> *\n\t\t\t\t<\/p>\n\t\t\t<\/div>\n\t\t\t<div class=\"col-md-6\">\n\t\t\t\t<p><input class=\"wpcf7-form-control wpcf7-submit has-spinner\" type=\"submit\" value=\"Envoyer\" \/>\n\t\t\t\t<\/p>\n\t\t\t<\/div>\n\t\t<\/div>\n\t<\/div>\n<\/div><input type='hidden' class='wpcf7-pum' value='{\"closepopup\":false,\"closedelay\":0,\"openpopup\":false,\"openpopup_id\":0}' \/><div class=\"wpcf7-response-output\" aria-hidden=\"true\"><\/div>\n<\/form>\n<\/div>\n\r\n<\/div>\r\n<\/div>\r\n<\/div>\r\n<div id=\"content-2\" class=\"site-content container\">\r\n    <div class=\"site-page\">","protected":false},"excerpt":{"rendered":"<p>Formation continue&nbsp; Le masseur&nbsp;m\u00e9dical est au centre de l&rsquo;offre de formation continue du vdms-asmm et en m\u00eame temps, elle r\u00e9pond \u00e0 un int\u00e9r\u00eat g\u00e9n\u00e9ral pour les m\u00e9tiers de la&nbsp;sant\u00e9.&nbsp; Les formations du vdms-asmm ont du succ\u00e8s gr\u00e2ce \u00e0 des formateurs comp\u00e9tents mais aussi gr\u00e2ce aux collaborateurs motiv\u00e9s pr\u00e9sents au bureau. Vous voulez prendre connaissance de [&hellip;]<\/p>\n","protected":false},"author":1,"featured_media":16283,"parent":0,"menu_order":119,"comment_status":"closed","ping_status":"closed","template":"","meta":{"_acf_changed":false,"footnotes":""},"class_list":["post-5105","page","type-page","status-publish","has-post-thumbnail","hentry"],"acf":[],"yoast_head":"<!-- This site is optimized with the Yoast SEO plugin v26.7 - https:\/\/yoast.com\/wordpress\/plugins\/seo\/ -->\n<title>Programme de formation - VDMS<\/title>\n<meta name=\"robots\" content=\"index, follow, max-snippet:-1, max-image-preview:large, max-video-preview:-1\" \/>\n<link rel=\"canonical\" href=\"https:\/\/vdms.ch\/fr\/programme-de-formation\/\" \/>\n<meta property=\"og:locale\" content=\"fr_FR\" \/>\n<meta property=\"og:type\" content=\"article\" \/>\n<meta property=\"og:title\" content=\"Programme de formation - VDMS\" \/>\n<meta property=\"og:description\" content=\"Formation continue&nbsp; Le masseur&nbsp;m\u00e9dical est au centre de l&rsquo;offre de formation continue du vdms-asmm et en m\u00eame temps, elle r\u00e9pond \u00e0 un int\u00e9r\u00eat g\u00e9n\u00e9ral pour les m\u00e9tiers de la&nbsp;sant\u00e9.&nbsp; Les formations du vdms-asmm ont du succ\u00e8s gr\u00e2ce \u00e0 des formateurs comp\u00e9tents mais aussi gr\u00e2ce aux collaborateurs motiv\u00e9s pr\u00e9sents au bureau. Vous voulez prendre connaissance de [&hellip;]\" \/>\n<meta property=\"og:url\" content=\"https:\/\/vdms.ch\/fr\/programme-de-formation\/\" \/>\n<meta property=\"og:site_name\" content=\"VDMS\" \/>\n<meta property=\"article:modified_time\" content=\"2025-10-09T08:54:02+00:00\" \/>\n<meta property=\"og:image\" content=\"https:\/\/vdms.ch\/wp-content\/uploads\/2025\/07\/WB-Mappen.jpg\" \/>\n\t<meta property=\"og:image:width\" content=\"1200\" \/>\n\t<meta property=\"og:image:height\" content=\"1600\" \/>\n\t<meta property=\"og:image:type\" content=\"image\/jpeg\" \/>\n<meta name=\"twitter:card\" content=\"summary_large_image\" \/>\n<meta name=\"twitter:label1\" content=\"Dur\u00e9e de lecture estim\u00e9e\" \/>\n\t<meta name=\"twitter:data1\" content=\"2 minutes\" \/>\n<script type=\"application\/ld+json\" class=\"yoast-schema-graph\">{\"@context\":\"https:\/\/schema.org\",\"@graph\":[{\"@type\":\"WebPage\",\"@id\":\"https:\/\/vdms.ch\/fr\/programme-de-formation\/\",\"url\":\"https:\/\/vdms.ch\/fr\/programme-de-formation\/\",\"name\":\"Programme de formation - VDMS\",\"isPartOf\":{\"@id\":\"https:\/\/vdms.ch\/fr\/#website\"},\"primaryImageOfPage\":{\"@id\":\"https:\/\/vdms.ch\/fr\/programme-de-formation\/#primaryimage\"},\"image\":{\"@id\":\"https:\/\/vdms.ch\/fr\/programme-de-formation\/#primaryimage\"},\"thumbnailUrl\":\"https:\/\/vdms.ch\/wp-content\/uploads\/2025\/07\/WB-Mappen.jpg\",\"datePublished\":\"2020-11-09T09:39:13+00:00\",\"dateModified\":\"2025-10-09T08:54:02+00:00\",\"breadcrumb\":{\"@id\":\"https:\/\/vdms.ch\/fr\/programme-de-formation\/#breadcrumb\"},\"inLanguage\":\"fr-FR\",\"potentialAction\":[{\"@type\":\"ReadAction\",\"target\":[\"https:\/\/vdms.ch\/fr\/programme-de-formation\/\"]}]},{\"@type\":\"ImageObject\",\"inLanguage\":\"fr-FR\",\"@id\":\"https:\/\/vdms.ch\/fr\/programme-de-formation\/#primaryimage\",\"url\":\"https:\/\/vdms.ch\/wp-content\/uploads\/2025\/07\/WB-Mappen.jpg\",\"contentUrl\":\"https:\/\/vdms.ch\/wp-content\/uploads\/2025\/07\/WB-Mappen.jpg\",\"width\":1200,\"height\":1600},{\"@type\":\"BreadcrumbList\",\"@id\":\"https:\/\/vdms.ch\/fr\/programme-de-formation\/#breadcrumb\",\"itemListElement\":[{\"@type\":\"ListItem\",\"position\":1,\"name\":\"Startseite\",\"item\":\"https:\/\/vdms.ch\/fr\/\"},{\"@type\":\"ListItem\",\"position\":2,\"name\":\"Programme de formation\"}]},{\"@type\":\"WebSite\",\"@id\":\"https:\/\/vdms.ch\/fr\/#website\",\"url\":\"https:\/\/vdms.ch\/fr\/\",\"name\":\"VDMS\",\"description\":\"Verband der Medizinischen Massage Schweiz\",\"publisher\":{\"@id\":\"https:\/\/vdms.ch\/fr\/#organization\"},\"potentialAction\":[{\"@type\":\"SearchAction\",\"target\":{\"@type\":\"EntryPoint\",\"urlTemplate\":\"https:\/\/vdms.ch\/fr\/?s={search_term_string}\"},\"query-input\":{\"@type\":\"PropertyValueSpecification\",\"valueRequired\":true,\"valueName\":\"search_term_string\"}}],\"inLanguage\":\"fr-FR\"},{\"@type\":\"Organization\",\"@id\":\"https:\/\/vdms.ch\/fr\/#organization\",\"name\":\"vdms-asmm\",\"url\":\"https:\/\/vdms.ch\/fr\/\",\"logo\":{\"@type\":\"ImageObject\",\"inLanguage\":\"fr-FR\",\"@id\":\"https:\/\/vdms.ch\/fr\/#\/schema\/logo\/image\/\",\"url\":\"https:\/\/vdms.ch\/wp-content\/uploads\/2020\/09\/vdms-logo.png\",\"contentUrl\":\"https:\/\/vdms.ch\/wp-content\/uploads\/2020\/09\/vdms-logo.png\",\"width\":1021,\"height\":388,\"caption\":\"vdms-asmm\"},\"image\":{\"@id\":\"https:\/\/vdms.ch\/fr\/#\/schema\/logo\/image\/\"}}]}<\/script>\n<!-- \/ Yoast SEO plugin. -->","yoast_head_json":{"title":"Programme de formation - VDMS","robots":{"index":"index","follow":"follow","max-snippet":"max-snippet:-1","max-image-preview":"max-image-preview:large","max-video-preview":"max-video-preview:-1"},"canonical":"https:\/\/vdms.ch\/fr\/programme-de-formation\/","og_locale":"fr_FR","og_type":"article","og_title":"Programme de formation - VDMS","og_description":"Formation continue&nbsp; Le masseur&nbsp;m\u00e9dical est au centre de l&rsquo;offre de formation continue du vdms-asmm et en m\u00eame temps, elle r\u00e9pond \u00e0 un int\u00e9r\u00eat g\u00e9n\u00e9ral pour les m\u00e9tiers de la&nbsp;sant\u00e9.&nbsp; Les formations du vdms-asmm ont du succ\u00e8s gr\u00e2ce \u00e0 des formateurs comp\u00e9tents mais aussi gr\u00e2ce aux collaborateurs motiv\u00e9s pr\u00e9sents au bureau. Vous voulez prendre connaissance de [&hellip;]","og_url":"https:\/\/vdms.ch\/fr\/programme-de-formation\/","og_site_name":"VDMS","article_modified_time":"2025-10-09T08:54:02+00:00","og_image":[{"width":1200,"height":1600,"url":"https:\/\/vdms.ch\/wp-content\/uploads\/2025\/07\/WB-Mappen.jpg","type":"image\/jpeg"}],"twitter_card":"summary_large_image","twitter_misc":{"Dur\u00e9e de lecture estim\u00e9e":"2 minutes"},"schema":{"@context":"https:\/\/schema.org","@graph":[{"@type":"WebPage","@id":"https:\/\/vdms.ch\/fr\/programme-de-formation\/","url":"https:\/\/vdms.ch\/fr\/programme-de-formation\/","name":"Programme de formation - VDMS","isPartOf":{"@id":"https:\/\/vdms.ch\/fr\/#website"},"primaryImageOfPage":{"@id":"https:\/\/vdms.ch\/fr\/programme-de-formation\/#primaryimage"},"image":{"@id":"https:\/\/vdms.ch\/fr\/programme-de-formation\/#primaryimage"},"thumbnailUrl":"https:\/\/vdms.ch\/wp-content\/uploads\/2025\/07\/WB-Mappen.jpg","datePublished":"2020-11-09T09:39:13+00:00","dateModified":"2025-10-09T08:54:02+00:00","breadcrumb":{"@id":"https:\/\/vdms.ch\/fr\/programme-de-formation\/#breadcrumb"},"inLanguage":"fr-FR","potentialAction":[{"@type":"ReadAction","target":["https:\/\/vdms.ch\/fr\/programme-de-formation\/"]}]},{"@type":"ImageObject","inLanguage":"fr-FR","@id":"https:\/\/vdms.ch\/fr\/programme-de-formation\/#primaryimage","url":"https:\/\/vdms.ch\/wp-content\/uploads\/2025\/07\/WB-Mappen.jpg","contentUrl":"https:\/\/vdms.ch\/wp-content\/uploads\/2025\/07\/WB-Mappen.jpg","width":1200,"height":1600},{"@type":"BreadcrumbList","@id":"https:\/\/vdms.ch\/fr\/programme-de-formation\/#breadcrumb","itemListElement":[{"@type":"ListItem","position":1,"name":"Startseite","item":"https:\/\/vdms.ch\/fr\/"},{"@type":"ListItem","position":2,"name":"Programme de formation"}]},{"@type":"WebSite","@id":"https:\/\/vdms.ch\/fr\/#website","url":"https:\/\/vdms.ch\/fr\/","name":"VDMS","description":"Verband der Medizinischen Massage Schweiz","publisher":{"@id":"https:\/\/vdms.ch\/fr\/#organization"},"potentialAction":[{"@type":"SearchAction","target":{"@type":"EntryPoint","urlTemplate":"https:\/\/vdms.ch\/fr\/?s={search_term_string}"},"query-input":{"@type":"PropertyValueSpecification","valueRequired":true,"valueName":"search_term_string"}}],"inLanguage":"fr-FR"},{"@type":"Organization","@id":"https:\/\/vdms.ch\/fr\/#organization","name":"vdms-asmm","url":"https:\/\/vdms.ch\/fr\/","logo":{"@type":"ImageObject","inLanguage":"fr-FR","@id":"https:\/\/vdms.ch\/fr\/#\/schema\/logo\/image\/","url":"https:\/\/vdms.ch\/wp-content\/uploads\/2020\/09\/vdms-logo.png","contentUrl":"https:\/\/vdms.ch\/wp-content\/uploads\/2020\/09\/vdms-logo.png","width":1021,"height":388,"caption":"vdms-asmm"},"image":{"@id":"https:\/\/vdms.ch\/fr\/#\/schema\/logo\/image\/"}}]}},"_links":{"self":[{"href":"https:\/\/vdms.ch\/fr\/wp-json\/wp\/v2\/pages\/5105","targetHints":{"allow":["GET"]}}],"collection":[{"href":"https:\/\/vdms.ch\/fr\/wp-json\/wp\/v2\/pages"}],"about":[{"href":"https:\/\/vdms.ch\/fr\/wp-json\/wp\/v2\/types\/page"}],"author":[{"embeddable":true,"href":"https:\/\/vdms.ch\/fr\/wp-json\/wp\/v2\/users\/1"}],"replies":[{"embeddable":true,"href":"https:\/\/vdms.ch\/fr\/wp-json\/wp\/v2\/comments?post=5105"}],"version-history":[{"count":33,"href":"https:\/\/vdms.ch\/fr\/wp-json\/wp\/v2\/pages\/5105\/revisions"}],"predecessor-version":[{"id":17012,"href":"https:\/\/vdms.ch\/fr\/wp-json\/wp\/v2\/pages\/5105\/revisions\/17012"}],"wp:featuredmedia":[{"embeddable":true,"href":"https:\/\/vdms.ch\/fr\/wp-json\/wp\/v2\/media\/16283"}],"wp:attachment":[{"href":"https:\/\/vdms.ch\/fr\/wp-json\/wp\/v2\/media?parent=5105"}],"curies":[{"name":"wp","href":"https:\/\/api.w.org\/{rel}","templated":true}]}}