{"id":5113,"date":"2020-11-09T10:44:41","date_gmt":"2020-11-09T09:44:41","guid":{"rendered":"https:\/\/vdms.ch\/?page_id=5113"},"modified":"2026-03-26T12:09:05","modified_gmt":"2026-03-26T11:09:05","slug":"themes-de-la-sante-a-lire","status":"publish","type":"page","link":"https:\/\/vdms.ch\/fr\/themes-de-la-sante-a-lire\/","title":{"rendered":"Th\u00e8mes de la sant\u00e9 \u00e0 lire"},"content":{"rendered":"\n<h1 class=\"wp-block-heading color-brown overline\">Reflexe<\/h1>\n\n\n\n<div class=\"wp-block-columns alignwide is-layout-flex wp-container-core-columns-is-layout-9d6595d7 wp-block-columns-is-layout-flex\">\n<div class=\"wp-block-column is-layout-flow wp-block-column-is-layout-flow\">\n<p>Notre journal de th\u00e9rapie physique est une source d\u2019information \u00e9galement pour les patients. Dans la rubrique&nbsp;\u00ab&nbsp;lecture recommand\u00e9e&nbsp;\u00bb nous vous proposons diff\u00e9rents articles. Vous souhaitez en apprendre davantage sur le Reflexe et lire d\u2019autres publications?<\/p>\n\n\n<section class=\"cta_section row\">\r\n    <div class=\"cta col-md-12\">\r\n                <a href=\"https:\/\/vdms.ch\/fr\/reflexe\/\">\r\n            <div class=\"color-red arrow-right\">\r\n                Apprendre encore plus                <img decoding=\"async\" src=\"https:\/\/vdms.ch\/wp-content\/themes\/vdms\/images\/arrow-right.png\"\/>\r\n            <\/div>\r\n        <\/a>\r\n    <\/div>\r\n<\/section><\/div>\n\n\n\n<div class=\"wp-block-column is-layout-flow wp-block-column-is-layout-flow\"><\/div>\n<\/div>\n\n\n\n<hr class=\"wp-block-separator has-css-opacity is-style-wide\"\/>\n\n\n\n<h1 class=\"wp-block-heading color-brown overline\">Je\u00fbne<\/h1>\n\n\n\n<div class=\"wp-block-columns alignwide is-layout-flex wp-container-core-columns-is-layout-9d6595d7 wp-block-columns-is-layout-flex\">\n<div class=\"wp-block-column is-layout-flow wp-block-column-is-layout-flow\">\n<h3 class=\"wp-block-heading\">Reflexe avril 2026<\/h3>\n\n\n\n<p><strong>Le je\u00fbne chez les personnes \u00e2g\u00e9es &#8211; Est-ce encore<br>pertinent?<\/strong><\/p>\n\n\n\n<p>Le je\u00fbne n\u2019est plus seulement une tendance chez les jeunes.<br>M\u00eame \u00e0 un \u00e2ge avanc\u00e9, renoncer consciemment \u00e0 manger<br>peut aider \u00e0 r\u00e9guler son poids et \u00e0 soulager les inflammations,<br>\u00e0 condition de le faire avec prudence. Dans cet<br>article, vous d\u00e9couvrirez ce \u00e0 quoi vous devez faire<br>attention lorsque vous je\u00fbnez.<\/p>\n\n\n\n<p><\/p>\n<\/div>\n\n\n\n<div class=\"wp-block-column is-layout-flow wp-block-column-is-layout-flow\">\n<div class=\"wp-block-file\"><a id=\"wp-block-file--media-516f6950-08a1-47fe-aac8-1a6bf9cbab6c\" href=\"https:\/\/vdms.ch\/wp-content\/uploads\/2026\/03\/vdms_asmm_Beitrag_Fasten_FR.pdf\" target=\"_blank\" rel=\"noreferrer noopener\">Je\u00fbne<\/a><\/div>\n<\/div>\n<\/div>\n\n\n\n<h1 class=\"wp-block-heading color-brown overline\">Taping<\/h1>\n\n\n\n<div class=\"wp-block-columns alignwide is-layout-flex wp-container-core-columns-is-layout-9d6595d7 wp-block-columns-is-layout-flex\">\n<div class=\"wp-block-column is-layout-flow wp-block-column-is-layout-flow\">\n<h3 class=\"wp-block-heading\">Reflexe d\u00e9cembre 2025<\/h3>\n\n\n\n<p><strong>Le taping dans le sport de haut niveau<\/strong><\/p>\n\n\n\n<p>En 1973, le chiropracteur japonais Kenzo Kase (\u2020 2023),<br>en collaboration avec la soci\u00e9t\u00e9 Nitto Denko, a d\u00e9velopp\u00e9<br>le tape kin\u00e9siologique et la m\u00e9thode associ\u00e9e. Qui aurait<br>pu imaginer \u00e0 l\u2019\u00e9poque que cette pratique conna\u00eetrait un<br>tel succ\u00e8s mondial ? Probablement personne, mais il<br>est d\u00e9sormais impossible de l\u2019imaginer autrement dans<br>le sport amateur comme dans le sport de haut niveau.<br>Ceux qui ont d\u00e9j\u00e0 pratiqu\u00e9 ou b\u00e9n\u00e9fici\u00e9 du taping parlent<br>volontiers et avec bienveillance de cette forme de th\u00e9rapie<br>compl\u00e9mentaire.<\/p>\n\n\n\n<p><\/p>\n\n\n\n<p><\/p>\n\n\n\n<p><br><\/p>\n<\/div>\n\n\n\n<div class=\"wp-block-column is-layout-flow wp-block-column-is-layout-flow\">\n<div class=\"wp-block-file\"><a id=\"wp-block-file--media-30561dd7-052d-4e59-8151-a28c08acb500\" href=\"https:\/\/vdms.ch\/wp-content\/uploads\/2025\/12\/vdms_asmm_Beitrag_Taping_FR.pdf\" target=\"_blank\" rel=\"noreferrer noopener\">Hockey sur glace<\/a><\/div>\n<\/div>\n<\/div>\n\n\n\n<hr class=\"wp-block-separator has-css-opacity is-style-wide\"\/>\n\n\n<section class=\"mitglied_werden row\">\r\n    <div class=\"col-md-12\">\r\n        <h3 class=\"color-brown text-center\">Vous avez des questions?<br \/>\r\nContactez-vous.<\/h3>\r\n                    <a href=\"https:\/\/vdms.ch\/fr\/contact\">\r\n                        <button class=\"background-red\" style=\"display: flex;\">Contact<\/button>\r\n        <\/a>\r\n    <\/div>\r\n<\/section>","protected":false},"excerpt":{"rendered":"<p>Reflexe Notre journal de th\u00e9rapie physique est une source d\u2019information \u00e9galement pour les patients. Dans la rubrique&nbsp;\u00ab&nbsp;lecture recommand\u00e9e&nbsp;\u00bb nous vous proposons diff\u00e9rents articles. Vous souhaitez en apprendre davantage sur le Reflexe et lire d\u2019autres publications? Je\u00fbne Reflexe avril 2026 Le je\u00fbne chez les personnes \u00e2g\u00e9es &#8211; Est-ce encorepertinent? Le je\u00fbne n\u2019est plus seulement une tendance [&hellip;]<\/p>\n","protected":false},"author":1,"featured_media":5114,"parent":0,"menu_order":114,"comment_status":"closed","ping_status":"closed","template":"","meta":{"_acf_changed":false,"footnotes":""},"class_list":["post-5113","page","type-page","status-publish","has-post-thumbnail","hentry"],"acf":[],"yoast_head":"<!-- This site is optimized with the Yoast SEO plugin v26.7 - https:\/\/yoast.com\/wordpress\/plugins\/seo\/ -->\n<title>Th\u00e8mes de la sant\u00e9 \u00e0 lire - VDMS<\/title>\n<meta name=\"robots\" content=\"index, follow, max-snippet:-1, max-image-preview:large, max-video-preview:-1\" \/>\n<link rel=\"canonical\" href=\"https:\/\/vdms.ch\/fr\/themes-de-la-sante-a-lire\/\" \/>\n<meta property=\"og:locale\" content=\"fr_FR\" \/>\n<meta property=\"og:type\" content=\"article\" \/>\n<meta property=\"og:title\" content=\"Th\u00e8mes de la sant\u00e9 \u00e0 lire - VDMS\" \/>\n<meta property=\"og:description\" content=\"Reflexe Notre journal de th\u00e9rapie physique est une source d\u2019information \u00e9galement pour les patients. Dans la rubrique&nbsp;\u00ab&nbsp;lecture recommand\u00e9e&nbsp;\u00bb nous vous proposons diff\u00e9rents articles. Vous souhaitez en apprendre davantage sur le Reflexe et lire d\u2019autres publications? Je\u00fbne Reflexe avril 2026 Le je\u00fbne chez les personnes \u00e2g\u00e9es &#8211; Est-ce encorepertinent? Le je\u00fbne n\u2019est plus seulement une tendance [&hellip;]\" \/>\n<meta property=\"og:url\" content=\"https:\/\/vdms.ch\/fr\/themes-de-la-sante-a-lire\/\" \/>\n<meta property=\"og:site_name\" content=\"VDMS\" \/>\n<meta property=\"article:modified_time\" content=\"2026-03-26T11:09:05+00:00\" \/>\n<meta property=\"og:image\" content=\"https:\/\/vdms.ch\/wp-content\/uploads\/2020\/11\/lesenswertes-scaled-1.jpg\" \/>\n\t<meta property=\"og:image:width\" content=\"2560\" \/>\n\t<meta property=\"og:image:height\" content=\"1284\" \/>\n\t<meta property=\"og:image:type\" content=\"image\/jpeg\" \/>\n<meta name=\"twitter:card\" content=\"summary_large_image\" \/>\n<meta name=\"twitter:label1\" content=\"Dur\u00e9e de lecture estim\u00e9e\" \/>\n\t<meta name=\"twitter:data1\" content=\"2 minutes\" \/>\n<script type=\"application\/ld+json\" class=\"yoast-schema-graph\">{\"@context\":\"https:\/\/schema.org\",\"@graph\":[{\"@type\":\"WebPage\",\"@id\":\"https:\/\/vdms.ch\/fr\/themes-de-la-sante-a-lire\/\",\"url\":\"https:\/\/vdms.ch\/fr\/themes-de-la-sante-a-lire\/\",\"name\":\"Th\u00e8mes de la sant\u00e9 \u00e0 lire - VDMS\",\"isPartOf\":{\"@id\":\"https:\/\/vdms.ch\/fr\/#website\"},\"primaryImageOfPage\":{\"@id\":\"https:\/\/vdms.ch\/fr\/themes-de-la-sante-a-lire\/#primaryimage\"},\"image\":{\"@id\":\"https:\/\/vdms.ch\/fr\/themes-de-la-sante-a-lire\/#primaryimage\"},\"thumbnailUrl\":\"https:\/\/vdms.ch\/wp-content\/uploads\/2020\/11\/lesenswertes-scaled-1.jpg\",\"datePublished\":\"2020-11-09T09:44:41+00:00\",\"dateModified\":\"2026-03-26T11:09:05+00:00\",\"breadcrumb\":{\"@id\":\"https:\/\/vdms.ch\/fr\/themes-de-la-sante-a-lire\/#breadcrumb\"},\"inLanguage\":\"fr-FR\",\"potentialAction\":[{\"@type\":\"ReadAction\",\"target\":[\"https:\/\/vdms.ch\/fr\/themes-de-la-sante-a-lire\/\"]}]},{\"@type\":\"ImageObject\",\"inLanguage\":\"fr-FR\",\"@id\":\"https:\/\/vdms.ch\/fr\/themes-de-la-sante-a-lire\/#primaryimage\",\"url\":\"https:\/\/vdms.ch\/wp-content\/uploads\/2020\/11\/lesenswertes-scaled-1.jpg\",\"contentUrl\":\"https:\/\/vdms.ch\/wp-content\/uploads\/2020\/11\/lesenswertes-scaled-1.jpg\",\"width\":2560,\"height\":1284},{\"@type\":\"BreadcrumbList\",\"@id\":\"https:\/\/vdms.ch\/fr\/themes-de-la-sante-a-lire\/#breadcrumb\",\"itemListElement\":[{\"@type\":\"ListItem\",\"position\":1,\"name\":\"Startseite\",\"item\":\"https:\/\/vdms.ch\/fr\/\"},{\"@type\":\"ListItem\",\"position\":2,\"name\":\"Th\u00e8mes de la sant\u00e9 \u00e0 lire\"}]},{\"@type\":\"WebSite\",\"@id\":\"https:\/\/vdms.ch\/fr\/#website\",\"url\":\"https:\/\/vdms.ch\/fr\/\",\"name\":\"VDMS\",\"description\":\"Verband der Medizinischen Massage Schweiz\",\"publisher\":{\"@id\":\"https:\/\/vdms.ch\/fr\/#organization\"},\"potentialAction\":[{\"@type\":\"SearchAction\",\"target\":{\"@type\":\"EntryPoint\",\"urlTemplate\":\"https:\/\/vdms.ch\/fr\/?s={search_term_string}\"},\"query-input\":{\"@type\":\"PropertyValueSpecification\",\"valueRequired\":true,\"valueName\":\"search_term_string\"}}],\"inLanguage\":\"fr-FR\"},{\"@type\":\"Organization\",\"@id\":\"https:\/\/vdms.ch\/fr\/#organization\",\"name\":\"vdms-asmm\",\"url\":\"https:\/\/vdms.ch\/fr\/\",\"logo\":{\"@type\":\"ImageObject\",\"inLanguage\":\"fr-FR\",\"@id\":\"https:\/\/vdms.ch\/fr\/#\/schema\/logo\/image\/\",\"url\":\"https:\/\/vdms.ch\/wp-content\/uploads\/2020\/09\/vdms-logo.png\",\"contentUrl\":\"https:\/\/vdms.ch\/wp-content\/uploads\/2020\/09\/vdms-logo.png\",\"width\":1021,\"height\":388,\"caption\":\"vdms-asmm\"},\"image\":{\"@id\":\"https:\/\/vdms.ch\/fr\/#\/schema\/logo\/image\/\"}}]}<\/script>\n<!-- \/ Yoast SEO plugin. -->","yoast_head_json":{"title":"Th\u00e8mes de la sant\u00e9 \u00e0 lire - VDMS","robots":{"index":"index","follow":"follow","max-snippet":"max-snippet:-1","max-image-preview":"max-image-preview:large","max-video-preview":"max-video-preview:-1"},"canonical":"https:\/\/vdms.ch\/fr\/themes-de-la-sante-a-lire\/","og_locale":"fr_FR","og_type":"article","og_title":"Th\u00e8mes de la sant\u00e9 \u00e0 lire - VDMS","og_description":"Reflexe Notre journal de th\u00e9rapie physique est une source d\u2019information \u00e9galement pour les patients. Dans la rubrique&nbsp;\u00ab&nbsp;lecture recommand\u00e9e&nbsp;\u00bb nous vous proposons diff\u00e9rents articles. Vous souhaitez en apprendre davantage sur le Reflexe et lire d\u2019autres publications? Je\u00fbne Reflexe avril 2026 Le je\u00fbne chez les personnes \u00e2g\u00e9es &#8211; Est-ce encorepertinent? Le je\u00fbne n\u2019est plus seulement une tendance [&hellip;]","og_url":"https:\/\/vdms.ch\/fr\/themes-de-la-sante-a-lire\/","og_site_name":"VDMS","article_modified_time":"2026-03-26T11:09:05+00:00","og_image":[{"width":2560,"height":1284,"url":"https:\/\/vdms.ch\/wp-content\/uploads\/2020\/11\/lesenswertes-scaled-1.jpg","type":"image\/jpeg"}],"twitter_card":"summary_large_image","twitter_misc":{"Dur\u00e9e de lecture estim\u00e9e":"2 minutes"},"schema":{"@context":"https:\/\/schema.org","@graph":[{"@type":"WebPage","@id":"https:\/\/vdms.ch\/fr\/themes-de-la-sante-a-lire\/","url":"https:\/\/vdms.ch\/fr\/themes-de-la-sante-a-lire\/","name":"Th\u00e8mes de la sant\u00e9 \u00e0 lire - VDMS","isPartOf":{"@id":"https:\/\/vdms.ch\/fr\/#website"},"primaryImageOfPage":{"@id":"https:\/\/vdms.ch\/fr\/themes-de-la-sante-a-lire\/#primaryimage"},"image":{"@id":"https:\/\/vdms.ch\/fr\/themes-de-la-sante-a-lire\/#primaryimage"},"thumbnailUrl":"https:\/\/vdms.ch\/wp-content\/uploads\/2020\/11\/lesenswertes-scaled-1.jpg","datePublished":"2020-11-09T09:44:41+00:00","dateModified":"2026-03-26T11:09:05+00:00","breadcrumb":{"@id":"https:\/\/vdms.ch\/fr\/themes-de-la-sante-a-lire\/#breadcrumb"},"inLanguage":"fr-FR","potentialAction":[{"@type":"ReadAction","target":["https:\/\/vdms.ch\/fr\/themes-de-la-sante-a-lire\/"]}]},{"@type":"ImageObject","inLanguage":"fr-FR","@id":"https:\/\/vdms.ch\/fr\/themes-de-la-sante-a-lire\/#primaryimage","url":"https:\/\/vdms.ch\/wp-content\/uploads\/2020\/11\/lesenswertes-scaled-1.jpg","contentUrl":"https:\/\/vdms.ch\/wp-content\/uploads\/2020\/11\/lesenswertes-scaled-1.jpg","width":2560,"height":1284},{"@type":"BreadcrumbList","@id":"https:\/\/vdms.ch\/fr\/themes-de-la-sante-a-lire\/#breadcrumb","itemListElement":[{"@type":"ListItem","position":1,"name":"Startseite","item":"https:\/\/vdms.ch\/fr\/"},{"@type":"ListItem","position":2,"name":"Th\u00e8mes de la sant\u00e9 \u00e0 lire"}]},{"@type":"WebSite","@id":"https:\/\/vdms.ch\/fr\/#website","url":"https:\/\/vdms.ch\/fr\/","name":"VDMS","description":"Verband der Medizinischen Massage Schweiz","publisher":{"@id":"https:\/\/vdms.ch\/fr\/#organization"},"potentialAction":[{"@type":"SearchAction","target":{"@type":"EntryPoint","urlTemplate":"https:\/\/vdms.ch\/fr\/?s={search_term_string}"},"query-input":{"@type":"PropertyValueSpecification","valueRequired":true,"valueName":"search_term_string"}}],"inLanguage":"fr-FR"},{"@type":"Organization","@id":"https:\/\/vdms.ch\/fr\/#organization","name":"vdms-asmm","url":"https:\/\/vdms.ch\/fr\/","logo":{"@type":"ImageObject","inLanguage":"fr-FR","@id":"https:\/\/vdms.ch\/fr\/#\/schema\/logo\/image\/","url":"https:\/\/vdms.ch\/wp-content\/uploads\/2020\/09\/vdms-logo.png","contentUrl":"https:\/\/vdms.ch\/wp-content\/uploads\/2020\/09\/vdms-logo.png","width":1021,"height":388,"caption":"vdms-asmm"},"image":{"@id":"https:\/\/vdms.ch\/fr\/#\/schema\/logo\/image\/"}}]}},"_links":{"self":[{"href":"https:\/\/vdms.ch\/fr\/wp-json\/wp\/v2\/pages\/5113","targetHints":{"allow":["GET"]}}],"collection":[{"href":"https:\/\/vdms.ch\/fr\/wp-json\/wp\/v2\/pages"}],"about":[{"href":"https:\/\/vdms.ch\/fr\/wp-json\/wp\/v2\/types\/page"}],"author":[{"embeddable":true,"href":"https:\/\/vdms.ch\/fr\/wp-json\/wp\/v2\/users\/1"}],"replies":[{"embeddable":true,"href":"https:\/\/vdms.ch\/fr\/wp-json\/wp\/v2\/comments?post=5113"}],"version-history":[{"count":35,"href":"https:\/\/vdms.ch\/fr\/wp-json\/wp\/v2\/pages\/5113\/revisions"}],"predecessor-version":[{"id":18054,"href":"https:\/\/vdms.ch\/fr\/wp-json\/wp\/v2\/pages\/5113\/revisions\/18054"}],"wp:featuredmedia":[{"embeddable":true,"href":"https:\/\/vdms.ch\/fr\/wp-json\/wp\/v2\/media\/5114"}],"wp:attachment":[{"href":"https:\/\/vdms.ch\/fr\/wp-json\/wp\/v2\/media?parent=5113"}],"curies":[{"name":"wp","href":"https:\/\/api.w.org\/{rel}","templated":true}]}}