{"id":5136,"date":"2020-11-09T10:51:22","date_gmt":"2020-11-09T09:51:22","guid":{"rendered":"https:\/\/vdms.ch\/?page_id=5136"},"modified":"2025-12-05T10:30:06","modified_gmt":"2025-12-05T09:30:06","slug":"place-du-marche","status":"publish","type":"page","link":"https:\/\/vdms.ch\/fr\/place-du-marche\/","title":{"rendered":"Place du march\u00e9"},"content":{"rendered":"\n<h1 class=\"wp-block-heading color-brown overline\"><strong>Place du march\u00e9<\/strong><\/h1>\n\n\n\n<h3 class=\"wp-block-heading color-brown\" id=\"block-e53ec5cc-1e7e-4b76-b052-26783aeef8a0\"><strong>Publier maintenant, vendre avec succ\u00e8s<\/strong><\/h3>\n\n\n\n<div class=\"wp-block-columns alignwide is-layout-flex wp-container-core-columns-is-layout-9d6595d7 wp-block-columns-is-layout-flex\">\n<div class=\"wp-block-column is-layout-flow wp-block-column-is-layout-flow\">\n<p>\u00cates-vous \u00e0 la recherche d\u2019une plateforme sur laquelle vous pouvez vendre du mat\u00e9riel pour un cabinet? Peut-\u00eatre cherchez-vous quelqu\u2019un pour reprendre votre cabinet de massage?&nbsp;Nous vous aidons volontiers dans votre d\u00e9marche! Faites-nous parvenir le texte complet de l\u2019annonce et transmettez-nous vos coordonn\u00e9es.&nbsp;<\/p>\n\n\n\n<div class=\"wp-block-buttons is-layout-flex wp-block-buttons-is-layout-flex\">\n<div class=\"wp-block-button background-red\"><a class=\"wp-block-button__link wp-element-button\" href=\"https:\/\/vdms.ch\/fr\/contact\/\">Contact<\/a><\/div>\n<\/div>\n\n\n\n<p><\/p>\n<\/div>\n\n\n\n<div class=\"wp-block-column is-layout-flow wp-block-column-is-layout-flow\">\n<ul id=\"block-8775fab5-c040-4335-b4c0-bb7705df635c\" class=\"wp-block-list\">\n<li>en ligne durant 3 mois<\/li>\n\n\n\n<li>Gratuit pour les membres\u00a0<\/li>\n\n\n\n<li>140.00 CHF pour les non-membres<\/li>\n\n\n\n<li>Pour les annonces publi\u00e9es au nom de cliniques, cabinets ou autres \u00e9tablissements, les frais habituels s\u2019appliquent, \u00e0 moins que l\u2019\u00e9tablissement ne dispose d\u2019une adh\u00e9sion en tant qu\u2019employeur.<\/li>\n<\/ul>\n<\/div>\n<\/div>\n\n\n<\/div>\r\n<\/div>\r\n<section class=\"jobs container-vdms background-brown-light\">\r\n    <div class=\"container jobs-container\">\r\n        <div class=\"row\">\r\n            <div class=\"col-md-12\"><h3>Marktplatz<\/h3><\/div>\r\n            <form role=\"search\" method=\"post\" class=\"search-form\" action=\"\">\r\n                <label>\r\n                    <span class=\"screen-reader-text\">Marktplatz<\/span>\r\n                    <div class=\"col-md-6\"><input type=\"search\" class=\"search-field\" placeholder=\"Bezeichnung\" value=\"\" name=\"title\" title=\"Bezeichnung\" \/><\/div>\r\n                    <div class=\"col-md-4\"><input type=\"search\" class=\"search-field\" placeholder=\"Ort\" value=\"\" name=\"ort\" title=\"Ort\" \/><\/div>\r\n                    <div class=\"col-md-2\"><input type=\"submit\" class=\"search-submit background-transparent\" value=\"Rechercher\" \/><\/div>\r\n                <\/label>\r\n\r\n            <\/form>\r\n\r\n        <\/div>\r\n    <\/div>\r\n<\/section>\r\n\r\n<div id=\"content-4\" class=\"site-content container\">\r\n    <div class=\"site-page\">\r\n                            <section class=\"jobs-section row\">\r\n                    <div class=\"jobs-feature\">\r\n                        <div id=\"ajax-load-more\" class=\"ajax-load-more-wrap default\" data-id=\"mehr_laden\" data-alm-id=\"\" data-canonical-url=\"https:\/\/vdms.ch\/fr\/place-du-marche\/\" data-slug=\"place-du-marche\" data-post-id=\"5136\"  data-localized=\"ajax_load_more_mehr_laden_vars\" data-alm-object=\"ajax_load_more_mehr_laden\"><div class=\"alm-masonry\" style=\"opacity: 0;\"><div aria-live=\"polite\" aria-atomic=\"true\" class=\"alm-listing alm-ajax\" data-container-type=\"div\" data-loading-style=\"default\" data-repeater=\"default\" data-post-type=\"marktplatz\" data-meta-key=\"ort\" data-meta-compare=\"LIKE\" data-meta-relation=\"AND\" data-order=\"DESC\" data-orderby=\"date\" data-offset=\"0\" data-posts-per-page=\"12\" data-lang=\"fr\" data-scroll=\"false\" data-button-label=\"Mehr laden\" data-button-done-label=\"Keine mehr\" data-prev-button-label=\"Load Previous\" data-transition=\"masonry\" data-masonry-config=\"{&quot;selector&quot;:&quot;.post&quot;,&quot;columnwidth&quot;:&quot;&quot;,&quot;animation&quot;:&quot;&quot;,&quot;horizontalorder&quot;:&quot;&quot;}\"><\/div><\/div><div class=\"alm-btn-wrap\" data-rel=\"ajax-load-more\"><button class=\"alm-load-more-btn mehr_laden_btn\" type=\"button\">Mehr laden<\/button><\/div><\/div>                    <\/div>\r\n                <\/section>\r\n\r\n                \r\n            \n\n\n<div style=\"height:100px\" aria-hidden=\"true\" class=\"wp-block-spacer\"><\/div>\n","protected":false},"excerpt":{"rendered":"<p>Place du march\u00e9 Publier maintenant, vendre avec succ\u00e8s \u00cates-vous \u00e0 la recherche d\u2019une plateforme sur laquelle vous pouvez vendre du mat\u00e9riel pour un cabinet? Peut-\u00eatre cherchez-vous quelqu\u2019un pour reprendre votre cabinet de massage?&nbsp;Nous vous aidons volontiers dans votre d\u00e9marche! Faites-nous parvenir le texte complet de l\u2019annonce et transmettez-nous vos coordonn\u00e9es.&nbsp;<\/p>\n","protected":false},"author":1,"featured_media":0,"parent":0,"menu_order":121,"comment_status":"closed","ping_status":"closed","template":"","meta":{"_acf_changed":false,"footnotes":""},"class_list":["post-5136","page","type-page","status-publish","hentry"],"acf":[],"yoast_head":"<!-- This site is optimized with the Yoast SEO plugin v26.7 - https:\/\/yoast.com\/wordpress\/plugins\/seo\/ -->\n<title>Place du march\u00e9 - VDMS<\/title>\n<meta name=\"robots\" content=\"index, follow, max-snippet:-1, max-image-preview:large, max-video-preview:-1\" \/>\n<link rel=\"canonical\" href=\"https:\/\/vdms.ch\/fr\/place-du-marche\/\" \/>\n<meta property=\"og:locale\" content=\"fr_FR\" \/>\n<meta property=\"og:type\" content=\"article\" \/>\n<meta property=\"og:title\" content=\"Place du march\u00e9 - VDMS\" \/>\n<meta property=\"og:description\" content=\"Place du march\u00e9 Publier maintenant, vendre avec succ\u00e8s \u00cates-vous \u00e0 la recherche d\u2019une plateforme sur laquelle vous pouvez vendre du mat\u00e9riel pour un cabinet? Peut-\u00eatre cherchez-vous quelqu\u2019un pour reprendre votre cabinet de massage?&nbsp;Nous vous aidons volontiers dans votre d\u00e9marche! Faites-nous parvenir le texte complet de l\u2019annonce et transmettez-nous vos coordonn\u00e9es.&nbsp;\" \/>\n<meta property=\"og:url\" content=\"https:\/\/vdms.ch\/fr\/place-du-marche\/\" \/>\n<meta property=\"og:site_name\" content=\"VDMS\" \/>\n<meta property=\"article:modified_time\" content=\"2025-12-05T09:30:06+00:00\" \/>\n<meta name=\"twitter:card\" content=\"summary_large_image\" \/>\n<meta name=\"twitter:label1\" content=\"Dur\u00e9e de lecture estim\u00e9e\" \/>\n\t<meta name=\"twitter:data1\" content=\"1 minute\" \/>\n<script type=\"application\/ld+json\" class=\"yoast-schema-graph\">{\"@context\":\"https:\/\/schema.org\",\"@graph\":[{\"@type\":\"WebPage\",\"@id\":\"https:\/\/vdms.ch\/fr\/place-du-marche\/\",\"url\":\"https:\/\/vdms.ch\/fr\/place-du-marche\/\",\"name\":\"Place du march\u00e9 - VDMS\",\"isPartOf\":{\"@id\":\"https:\/\/vdms.ch\/fr\/#website\"},\"datePublished\":\"2020-11-09T09:51:22+00:00\",\"dateModified\":\"2025-12-05T09:30:06+00:00\",\"breadcrumb\":{\"@id\":\"https:\/\/vdms.ch\/fr\/place-du-marche\/#breadcrumb\"},\"inLanguage\":\"fr-FR\",\"potentialAction\":[{\"@type\":\"ReadAction\",\"target\":[\"https:\/\/vdms.ch\/fr\/place-du-marche\/\"]}]},{\"@type\":\"BreadcrumbList\",\"@id\":\"https:\/\/vdms.ch\/fr\/place-du-marche\/#breadcrumb\",\"itemListElement\":[{\"@type\":\"ListItem\",\"position\":1,\"name\":\"Startseite\",\"item\":\"https:\/\/vdms.ch\/fr\/\"},{\"@type\":\"ListItem\",\"position\":2,\"name\":\"Place du march\u00e9\"}]},{\"@type\":\"WebSite\",\"@id\":\"https:\/\/vdms.ch\/fr\/#website\",\"url\":\"https:\/\/vdms.ch\/fr\/\",\"name\":\"VDMS\",\"description\":\"Verband der Medizinischen Massage Schweiz\",\"publisher\":{\"@id\":\"https:\/\/vdms.ch\/fr\/#organization\"},\"potentialAction\":[{\"@type\":\"SearchAction\",\"target\":{\"@type\":\"EntryPoint\",\"urlTemplate\":\"https:\/\/vdms.ch\/fr\/?s={search_term_string}\"},\"query-input\":{\"@type\":\"PropertyValueSpecification\",\"valueRequired\":true,\"valueName\":\"search_term_string\"}}],\"inLanguage\":\"fr-FR\"},{\"@type\":\"Organization\",\"@id\":\"https:\/\/vdms.ch\/fr\/#organization\",\"name\":\"vdms-asmm\",\"url\":\"https:\/\/vdms.ch\/fr\/\",\"logo\":{\"@type\":\"ImageObject\",\"inLanguage\":\"fr-FR\",\"@id\":\"https:\/\/vdms.ch\/fr\/#\/schema\/logo\/image\/\",\"url\":\"https:\/\/vdms.ch\/wp-content\/uploads\/2020\/09\/vdms-logo.png\",\"contentUrl\":\"https:\/\/vdms.ch\/wp-content\/uploads\/2020\/09\/vdms-logo.png\",\"width\":1021,\"height\":388,\"caption\":\"vdms-asmm\"},\"image\":{\"@id\":\"https:\/\/vdms.ch\/fr\/#\/schema\/logo\/image\/\"}}]}<\/script>\n<!-- \/ Yoast SEO plugin. -->","yoast_head_json":{"title":"Place du march\u00e9 - VDMS","robots":{"index":"index","follow":"follow","max-snippet":"max-snippet:-1","max-image-preview":"max-image-preview:large","max-video-preview":"max-video-preview:-1"},"canonical":"https:\/\/vdms.ch\/fr\/place-du-marche\/","og_locale":"fr_FR","og_type":"article","og_title":"Place du march\u00e9 - VDMS","og_description":"Place du march\u00e9 Publier maintenant, vendre avec succ\u00e8s \u00cates-vous \u00e0 la recherche d\u2019une plateforme sur laquelle vous pouvez vendre du mat\u00e9riel pour un cabinet? Peut-\u00eatre cherchez-vous quelqu\u2019un pour reprendre votre cabinet de massage?&nbsp;Nous vous aidons volontiers dans votre d\u00e9marche! Faites-nous parvenir le texte complet de l\u2019annonce et transmettez-nous vos coordonn\u00e9es.&nbsp;","og_url":"https:\/\/vdms.ch\/fr\/place-du-marche\/","og_site_name":"VDMS","article_modified_time":"2025-12-05T09:30:06+00:00","twitter_card":"summary_large_image","twitter_misc":{"Dur\u00e9e de lecture estim\u00e9e":"1 minute"},"schema":{"@context":"https:\/\/schema.org","@graph":[{"@type":"WebPage","@id":"https:\/\/vdms.ch\/fr\/place-du-marche\/","url":"https:\/\/vdms.ch\/fr\/place-du-marche\/","name":"Place du march\u00e9 - VDMS","isPartOf":{"@id":"https:\/\/vdms.ch\/fr\/#website"},"datePublished":"2020-11-09T09:51:22+00:00","dateModified":"2025-12-05T09:30:06+00:00","breadcrumb":{"@id":"https:\/\/vdms.ch\/fr\/place-du-marche\/#breadcrumb"},"inLanguage":"fr-FR","potentialAction":[{"@type":"ReadAction","target":["https:\/\/vdms.ch\/fr\/place-du-marche\/"]}]},{"@type":"BreadcrumbList","@id":"https:\/\/vdms.ch\/fr\/place-du-marche\/#breadcrumb","itemListElement":[{"@type":"ListItem","position":1,"name":"Startseite","item":"https:\/\/vdms.ch\/fr\/"},{"@type":"ListItem","position":2,"name":"Place du march\u00e9"}]},{"@type":"WebSite","@id":"https:\/\/vdms.ch\/fr\/#website","url":"https:\/\/vdms.ch\/fr\/","name":"VDMS","description":"Verband der Medizinischen Massage Schweiz","publisher":{"@id":"https:\/\/vdms.ch\/fr\/#organization"},"potentialAction":[{"@type":"SearchAction","target":{"@type":"EntryPoint","urlTemplate":"https:\/\/vdms.ch\/fr\/?s={search_term_string}"},"query-input":{"@type":"PropertyValueSpecification","valueRequired":true,"valueName":"search_term_string"}}],"inLanguage":"fr-FR"},{"@type":"Organization","@id":"https:\/\/vdms.ch\/fr\/#organization","name":"vdms-asmm","url":"https:\/\/vdms.ch\/fr\/","logo":{"@type":"ImageObject","inLanguage":"fr-FR","@id":"https:\/\/vdms.ch\/fr\/#\/schema\/logo\/image\/","url":"https:\/\/vdms.ch\/wp-content\/uploads\/2020\/09\/vdms-logo.png","contentUrl":"https:\/\/vdms.ch\/wp-content\/uploads\/2020\/09\/vdms-logo.png","width":1021,"height":388,"caption":"vdms-asmm"},"image":{"@id":"https:\/\/vdms.ch\/fr\/#\/schema\/logo\/image\/"}}]}},"_links":{"self":[{"href":"https:\/\/vdms.ch\/fr\/wp-json\/wp\/v2\/pages\/5136","targetHints":{"allow":["GET"]}}],"collection":[{"href":"https:\/\/vdms.ch\/fr\/wp-json\/wp\/v2\/pages"}],"about":[{"href":"https:\/\/vdms.ch\/fr\/wp-json\/wp\/v2\/types\/page"}],"author":[{"embeddable":true,"href":"https:\/\/vdms.ch\/fr\/wp-json\/wp\/v2\/users\/1"}],"replies":[{"embeddable":true,"href":"https:\/\/vdms.ch\/fr\/wp-json\/wp\/v2\/comments?post=5136"}],"version-history":[{"count":3,"href":"https:\/\/vdms.ch\/fr\/wp-json\/wp\/v2\/pages\/5136\/revisions"}],"predecessor-version":[{"id":17284,"href":"https:\/\/vdms.ch\/fr\/wp-json\/wp\/v2\/pages\/5136\/revisions\/17284"}],"wp:attachment":[{"href":"https:\/\/vdms.ch\/fr\/wp-json\/wp\/v2\/media?parent=5136"}],"curies":[{"name":"wp","href":"https:\/\/api.w.org\/{rel}","templated":true}]}}