{"id":5289,"date":"2020-11-30T10:16:32","date_gmt":"2020-11-30T09:16:32","guid":{"rendered":"https:\/\/vdms.ch\/?page_id=5289"},"modified":"2020-12-01T15:39:49","modified_gmt":"2020-12-01T14:39:49","slug":"bons-du-vdms-asmm","status":"publish","type":"page","link":"https:\/\/vdms.ch\/fr\/bons-du-vdms-asmm\/","title":{"rendered":"Bons du vdms-asmm"},"content":{"rendered":"\n<h1 class=\"color-brown overline wp-block-heading\">Bons du vdms-asmm<strong>&nbsp;<\/strong><\/h1>\n\n\n\n<div class=\"wp-block-columns alignwide is-layout-flex wp-container-core-columns-is-layout-9d6595d7 wp-block-columns-is-layout-flex\">\n<div class=\"wp-block-column is-layout-flow wp-block-column-is-layout-flow\">\n<p>Par le biais d&rsquo;offres \u00e0 leurs collaborateurs, les entreprises motivent leurs troupes et renforcent ainsi l&rsquo;image positive \u00e0 l&rsquo;interne de l\u2019entreprise.<\/p>\n\n\n\n<p>Le programme de formation continue vdms-asmm et la revue professionnelle Reflexe touchent une corde sensible chez diff\u00e9rents acteurs.<\/p>\n<\/div>\n\n\n\n<div class=\"wp-block-column is-layout-flow wp-block-column-is-layout-flow\"><\/div>\n<\/div>\n\n\n\n<div class=\"wp-block-columns alignwide is-layout-flex wp-container-core-columns-is-layout-9d6595d7 wp-block-columns-is-layout-flex\">\n<div class=\"wp-block-column is-layout-flow wp-block-column-is-layout-flow\">\n<p><strong><strong><strong>Offrez de la formation<\/strong><\/strong><\/strong><\/p>\n\n\n\n<p>Un cadeau avec une formation continue vdms-asmm est une excellente offre pour vos collaborateurs. D\u00e9sormais, vous pouvez obtenir des bons de formation continue pour vos employ\u00e9s et\/ou des personnes int\u00e9ress\u00e9es autour de vous. Que ce soit pour les masseurs m\u00e9dicaux, les th\u00e9rapeutes ou les professionnels et profanes int\u00e9ress\u00e9s : le positionnement moderne et durable du programme de formation continue du vdms-asmm est une valeur ajout\u00e9e. Offrez de la formation.<\/p>\n<\/div>\n\n\n\n<div class=\"wp-block-column is-layout-flow wp-block-column-is-layout-flow\">\n<p><strong><strong><strong>Offrez de la lecture utile<\/strong><\/strong><\/strong><\/p>\n\n\n\n<p>Un abonnement annuel \u00e0 notre magazine r\u00e9jouira votre entourage. Une valeur s\u00fbre, un cadeau qui pla\u00eet \u00e0 tous. Si vous d\u00e9cidez d\u2019offrir le Reflexe, le destinataire recevra 4 num\u00e9ros de notre magazine Reflexe, soit un an d\u2019abonnement.&nbsp;<\/p>\n<\/div>\n<\/div>\n\n\n\n<figure class=\"wp-block-gallery alignwide columns-4 is-cropped wp-block-gallery-1 is-layout-flex wp-block-gallery-is-layout-flex\"><ul class=\"blocks-gallery-grid\"><li class=\"blocks-gallery-item\"><figure><a href=\"https:\/\/vdms.ch\/wp-content\/uploads\/2020\/11\/vdms_asmm_gutscheine_01.jpg\"><img loading=\"lazy\" decoding=\"async\" width=\"300\" height=\"300\" src=\"https:\/\/vdms.ch\/wp-content\/uploads\/2020\/11\/vdms_asmm_gutscheine_01-300x300.jpg\" alt=\"\" data-id=\"5382\" data-full-url=\"https:\/\/vdms.ch\/wp-content\/uploads\/2020\/11\/vdms_asmm_gutscheine_01.jpg\" data-link=\"https:\/\/vdms.ch\/bons-du-vdms-asmm\/vdms_asmm_gutscheine_01-2\/\" class=\"wp-image-5382\" srcset=\"https:\/\/vdms.ch\/wp-content\/uploads\/2020\/11\/vdms_asmm_gutscheine_01-300x300.jpg 300w, https:\/\/vdms.ch\/wp-content\/uploads\/2020\/11\/vdms_asmm_gutscheine_01-150x150.jpg 150w\" sizes=\"auto, (max-width: 300px) 100vw, 300px\" \/><\/a><\/figure><\/li><li class=\"blocks-gallery-item\"><figure><a href=\"https:\/\/vdms.ch\/wp-content\/uploads\/2020\/11\/vdms_asmm_gutscheine_02.jpg\"><img loading=\"lazy\" decoding=\"async\" width=\"300\" height=\"300\" src=\"https:\/\/vdms.ch\/wp-content\/uploads\/2020\/11\/vdms_asmm_gutscheine_02-300x300.jpg\" alt=\"\" data-id=\"5386\" data-full-url=\"https:\/\/vdms.ch\/wp-content\/uploads\/2020\/11\/vdms_asmm_gutscheine_02.jpg\" data-link=\"https:\/\/vdms.ch\/bons-du-vdms-asmm\/vdms_asmm_gutscheine_02-2\/\" class=\"wp-image-5386\" srcset=\"https:\/\/vdms.ch\/wp-content\/uploads\/2020\/11\/vdms_asmm_gutscheine_02-300x300.jpg 300w, https:\/\/vdms.ch\/wp-content\/uploads\/2020\/11\/vdms_asmm_gutscheine_02-150x150.jpg 150w\" sizes=\"auto, (max-width: 300px) 100vw, 300px\" \/><\/a><\/figure><\/li><li class=\"blocks-gallery-item\"><figure><a href=\"https:\/\/vdms.ch\/wp-content\/uploads\/2020\/11\/vdms_asmm_gutscheine_03.jpg\"><img loading=\"lazy\" decoding=\"async\" width=\"300\" height=\"300\" src=\"https:\/\/vdms.ch\/wp-content\/uploads\/2020\/11\/vdms_asmm_gutscheine_03-300x300.jpg\" alt=\"\" data-id=\"5389\" data-full-url=\"https:\/\/vdms.ch\/wp-content\/uploads\/2020\/11\/vdms_asmm_gutscheine_03.jpg\" data-link=\"https:\/\/vdms.ch\/bons-du-vdms-asmm\/vdms_asmm_gutscheine_03-2\/\" class=\"wp-image-5389\" srcset=\"https:\/\/vdms.ch\/wp-content\/uploads\/2020\/11\/vdms_asmm_gutscheine_03-300x300.jpg 300w, https:\/\/vdms.ch\/wp-content\/uploads\/2020\/11\/vdms_asmm_gutscheine_03-150x150.jpg 150w\" sizes=\"auto, (max-width: 300px) 100vw, 300px\" \/><\/a><\/figure><\/li><li class=\"blocks-gallery-item\"><figure><a href=\"https:\/\/vdms.ch\/wp-content\/uploads\/2020\/11\/vdms_asmm_gutscheine_04.jpg\"><img loading=\"lazy\" decoding=\"async\" width=\"300\" height=\"300\" src=\"https:\/\/vdms.ch\/wp-content\/uploads\/2020\/11\/vdms_asmm_gutscheine_04-300x300.jpg\" alt=\"\" data-id=\"5394\" data-full-url=\"https:\/\/vdms.ch\/wp-content\/uploads\/2020\/11\/vdms_asmm_gutscheine_04.jpg\" data-link=\"https:\/\/vdms.ch\/bons-du-vdms-asmm\/vdms_asmm_gutscheine_04-2\/\" class=\"wp-image-5394\" srcset=\"https:\/\/vdms.ch\/wp-content\/uploads\/2020\/11\/vdms_asmm_gutscheine_04-300x300.jpg 300w, https:\/\/vdms.ch\/wp-content\/uploads\/2020\/11\/vdms_asmm_gutscheine_04-150x150.jpg 150w\" sizes=\"auto, (max-width: 300px) 100vw, 300px\" \/><\/a><\/figure><\/li><\/ul><\/figure>\n\n\n\n<div style=\"height:30px\" aria-hidden=\"true\" class=\"wp-block-spacer\"><\/div>\n\n\n<\/div>\r\n<\/div>\r\n<\/div>\r\n\r\n\r\n\n<div class=\"wpcf7 no-js\" id=\"wpcf7-f6465-o1\" lang=\"fr-FR\" dir=\"ltr\" data-wpcf7-id=\"6465\">\n<div class=\"screen-reader-response\"><p role=\"status\" aria-live=\"polite\" aria-atomic=\"true\"><\/p> <ul><\/ul><\/div>\n<form action=\"\/fr\/wp-json\/wp\/v2\/pages\/5289#wpcf7-f6465-o1\" method=\"post\" class=\"wpcf7-form init\" aria-label=\"Formulaire de contact\" novalidate=\"novalidate\" data-status=\"init\">\n<fieldset class=\"hidden-fields-container\"><input type=\"hidden\" name=\"_wpcf7\" value=\"6465\" \/><input type=\"hidden\" name=\"_wpcf7_version\" value=\"6.1.4\" \/><input type=\"hidden\" name=\"_wpcf7_locale\" value=\"fr_FR\" \/><input type=\"hidden\" name=\"_wpcf7_unit_tag\" value=\"wpcf7-f6465-o1\" \/><input type=\"hidden\" name=\"_wpcf7_container_post\" value=\"0\" \/><input type=\"hidden\" name=\"_wpcf7_posted_data_hash\" value=\"\" \/><input type=\"hidden\" name=\"_wpcf7cf_hidden_group_fields\" value=\"[]\" \/><input type=\"hidden\" name=\"_wpcf7cf_hidden_groups\" value=\"[]\" \/><input type=\"hidden\" name=\"_wpcf7cf_visible_groups\" value=\"[]\" \/><input type=\"hidden\" name=\"_wpcf7cf_repeaters\" value=\"[]\" \/><input type=\"hidden\" name=\"_wpcf7cf_steps\" value=\"{}\" \/><input type=\"hidden\" name=\"_wpcf7cf_options\" value=\"{&quot;form_id&quot;:6465,&quot;conditions&quot;:[{&quot;then_field&quot;:&quot;group-1&quot;,&quot;and_rules&quot;:[{&quot;if_field&quot;:&quot;gutschein_weiterbildung&quot;,&quot;operator&quot;:&quot;equals&quot;,&quot;if_value&quot;:&quot;Gutschein Weiterbildung&quot;}]}],&quot;settings&quot;:{&quot;animation&quot;:&quot;yes&quot;,&quot;animation_intime&quot;:200,&quot;animation_outtime&quot;:200,&quot;conditions_ui&quot;:&quot;normal&quot;,&quot;notice_dismissed&quot;:false,&quot;notice_dismissed_rollback-cf7-5.9.5&quot;:true}}\" \/><input type=\"hidden\" name=\"_wpcf7dtx_version\" value=\"5.0.4\" \/><input type=\"hidden\" name=\"_wpcf7_recaptcha_response\" value=\"\" \/>\n<\/fieldset>\n<div id=\"gutschein\" class=\"container-vdms background-brown-light\">\n\t<div class=\"beitrittsgesuch container\">\n\t\t<div class=\"row\">\n\t\t\t<div class=\"col-md-12\">\n\t\t\t\t<h3>Commander un bon cadeau\n\t\t\t\t<\/h3>\n\t\t\t<\/div>\n\t\t\t<div class=\"col-md-12\">\n\t\t\t\t<p><span class=\"wpcf7-form-control-wrap\" data-name=\"gutschein_weiterbildung\"><span class=\"wpcf7-form-control wpcf7-checkbox\"><span class=\"wpcf7-list-item first last\"><label><input type=\"checkbox\" name=\"gutschein_weiterbildung[]\" value=\"Bon formation continue\" \/><span class=\"wpcf7-list-item-label\">Bon formation continue<\/span><\/label><\/span><\/span><\/span>\n\t\t\t\t<\/p>\n\t\t\t<\/div>\n\t\t\t<div class=\"col-md-12 gutschein_1\">\n\t\t\t\t<p><span class=\"wpcf7-form-control-wrap\" data-name=\"options_1\"><span class=\"wpcf7-form-control wpcf7-radio\"><span class=\"wpcf7-list-item first\"><label><input type=\"radio\" name=\"options_1\" value=\"CHF 190.00 CHF\" \/><span class=\"wpcf7-list-item-label\">CHF 190.00 CHF<\/span><\/label><\/span><span class=\"wpcf7-list-item\"><label><input type=\"radio\" name=\"options_1\" value=\"255.00 CHF\" \/><span class=\"wpcf7-list-item-label\">255.00 CHF<\/span><\/label><\/span><span class=\"wpcf7-list-item last\"><label><input type=\"radio\" name=\"options_1\" value=\"Montant souhait\u00e9: (CHF)\" \/><span class=\"wpcf7-list-item-label\">Montant souhait\u00e9: (CHF)<\/span><\/label><\/span><\/span><\/span><span class=\"wpcf7-form-control-wrap\" data-name=\"wunschbetrag\"><input size=\"40\" maxlength=\"400\" class=\"wpcf7-form-control wpcf7-text\" aria-invalid=\"false\" value=\"\" type=\"text\" name=\"wunschbetrag\" \/><\/span>\n\t\t\t\t<\/p>\n\t\t\t<\/div>\n\t\t\t<div class=\"col-md-12 gutschein_1\">\n\t\t\t\t<p><span class=\"wpcf7-form-control-wrap\" data-name=\"option_2\"><span class=\"wpcf7-form-control wpcf7-checkbox\"><span class=\"wpcf7-list-item first last\"><label><input type=\"checkbox\" name=\"option_2[]\" value=\"avec le programme de formation continue (gratuit)\" \/><span class=\"wpcf7-list-item-label\">avec le programme de formation continue (gratuit)<\/span><\/label><\/span><\/span><\/span>\n\t\t\t\t<\/p>\n\t\t\t<\/div>\n\t\t\t<div class=\"col-md-12 empty-space\">\n\t\t\t<\/div>\n\t\t\t<div class=\"col-md-12 empty-space\">\n\t\t\t\t<p><span class=\"wpcf7-form-control-wrap\" data-name=\"gutschein_reflexe\"><span class=\"wpcf7-form-control wpcf7-checkbox\"><span class=\"wpcf7-list-item first last\"><label><input type=\"checkbox\" name=\"gutschein_reflexe[]\" value=\"Bon abonnement annuel Reflexe - 70.00 CHF\" \/><span class=\"wpcf7-list-item-label\">Bon abonnement annuel Reflexe &#8211; 70.00 CHF<\/span><\/label><\/span><\/span><\/span>\n\t\t\t\t<\/p>\n\t\t\t<\/div>\n\t\t\t<div class=\"col-md-12 empty-space\" style=\"margin-bottom: 1em;\">\n\t\t\t<\/div>\n\t\t\t<div class=\"col-md-6\">\n\t\t\t\t<p><span class=\"wpcf7-form-control-wrap\" data-name=\"anrede\"><select class=\"wpcf7-form-control wpcf7-select wpcf7-validates-as-required\" aria-required=\"true\" aria-invalid=\"false\" name=\"anrede\"><option value=\"Titre *\">Titre *<\/option><option value=\"Monsieur\">Monsieur<\/option><option value=\"Madame\">Madame<\/option><\/select><\/span>\n\t\t\t\t<\/p>\n\t\t\t<\/div>\n\t\t\t<div class=\"col-md-6 empty-space\">\n\t\t\t<\/div>\n\t\t\t<div class=\"col-md-6\">\n\t\t\t\t<p><span class=\"wpcf7-form-control-wrap\" data-name=\"nachname\"><input size=\"40\" maxlength=\"400\" class=\"wpcf7-form-control wpcf7-text wpcf7-validates-as-required\" aria-required=\"true\" aria-invalid=\"false\" placeholder=\"Nom *\" value=\"\" type=\"text\" name=\"nachname\" \/><\/span>\n\t\t\t\t<\/p>\n\t\t\t<\/div>\n\t\t\t<div class=\"col-md-6\">\n\t\t\t\t<p><span class=\"wpcf7-form-control-wrap\" data-name=\"vorname\"><input size=\"40\" maxlength=\"400\" class=\"wpcf7-form-control wpcf7-text wpcf7-validates-as-required\" aria-required=\"true\" aria-invalid=\"false\" placeholder=\"Pr\u00e9nom *\" value=\"\" type=\"text\" name=\"vorname\" \/><\/span>\n\t\t\t\t<\/p>\n\t\t\t<\/div>\n\t\t\t<div class=\"col-md-6\">\n\t\t\t\t<p><span class=\"wpcf7-form-control-wrap\" data-name=\"adresse\"><input size=\"40\" maxlength=\"400\" class=\"wpcf7-form-control wpcf7-text wpcf7-validates-as-required\" aria-required=\"true\" aria-invalid=\"false\" placeholder=\"Adresse *\" value=\"\" type=\"text\" name=\"adresse\" \/><\/span>\n\t\t\t\t<\/p>\n\t\t\t<\/div>\n\t\t\t<div class=\"col-md-6\">\n\t\t\t\t<p><span class=\"wpcf7-form-control-wrap\" data-name=\"postfach\"><input size=\"40\" maxlength=\"400\" class=\"wpcf7-form-control wpcf7-text\" aria-invalid=\"false\" placeholder=\"Case postale\" value=\"\" type=\"text\" name=\"postfach\" \/><\/span>\n\t\t\t\t<\/p>\n\t\t\t<\/div>\n\t\t\t<div class=\"col-md-6\">\n\t\t\t\t<p><span class=\"wpcf7-form-control-wrap\" data-name=\"plz\"><input size=\"40\" maxlength=\"400\" class=\"wpcf7-form-control wpcf7-text wpcf7-validates-as-required\" aria-required=\"true\" aria-invalid=\"false\" placeholder=\"Code postal *\" value=\"\" type=\"text\" name=\"plz\" \/><\/span>\n\t\t\t\t<\/p>\n\t\t\t<\/div>\n\t\t\t<div class=\"col-md-6\">\n\t\t\t\t<p><span class=\"wpcf7-form-control-wrap\" data-name=\"ort\"><input size=\"40\" maxlength=\"400\" class=\"wpcf7-form-control wpcf7-text wpcf7-validates-as-required\" aria-required=\"true\" aria-invalid=\"false\" placeholder=\"Lieu *\" value=\"\" type=\"text\" name=\"ort\" \/><\/span>\n\t\t\t\t<\/p>\n\t\t\t<\/div>\n\t\t\t<div class=\"col-md-6\">\n\t\t\t\t<p><span class=\"wpcf7-form-control-wrap\" data-name=\"telefon\"><input size=\"40\" maxlength=\"400\" class=\"wpcf7-form-control wpcf7-tel wpcf7-validates-as-required wpcf7-text wpcf7-validates-as-tel\" aria-required=\"true\" aria-invalid=\"false\" placeholder=\"T\u00e9l\u00e9phone *\" value=\"\" type=\"tel\" name=\"telefon\" \/><\/span>\n\t\t\t\t<\/p>\n\t\t\t<\/div>\n\t\t\t<div class=\"col-md-6\">\n\t\t\t\t<p><span class=\"wpcf7-form-control-wrap\" data-name=\"email-191\"><input size=\"40\" maxlength=\"400\" class=\"wpcf7-form-control wpcf7-email wpcf7-validates-as-required wpcf7-text wpcf7-validates-as-email\" aria-required=\"true\" aria-invalid=\"false\" placeholder=\"Email *\" value=\"\" type=\"email\" name=\"email-191\" \/><\/span>\n\t\t\t\t<\/p>\n\t\t\t<\/div>\n\t\t\t<div class=\"col-md-6 empty-space\">\n\t\t\t<\/div>\n\t\t\t<div class=\"col-md-6\">\n\t\t\t\t<p><span class=\"wpcf7-form-control-wrap\" data-name=\"firmenname\"><input size=\"40\" maxlength=\"400\" class=\"wpcf7-form-control wpcf7-text\" aria-invalid=\"false\" placeholder=\"Nom d&#039;entreprise\" value=\"\" type=\"text\" name=\"firmenname\" \/><\/span>\n\t\t\t\t<\/p>\n\t\t\t<\/div>\n\t\t\t<div class=\"col-md-6 empty-space\">\n\t\t\t<\/div>\n\t\t\t<div class=\"col-md-6 bemerkungen_1\">\n\t\t\t\t<p><label>Remarques <span class=\"wpcf7-form-control-wrap\" data-name=\"bemerkungen\"><textarea cols=\"40\" rows=\"10\" maxlength=\"2000\" class=\"wpcf7-form-control wpcf7-textarea\" aria-invalid=\"false\" name=\"bemerkungen\"><\/textarea><\/span><\/label>\n\t\t\t\t<\/p>\n\t\t\t<\/div>\n\t\t\t<div class=\"col-md-12\">\n\t\t\t\t<p><span class=\"wpcf7-form-control-wrap\" data-name=\"acceptance-353\"><span class=\"wpcf7-form-control wpcf7-acceptance\"><span class=\"wpcf7-list-item\"><label><input type=\"checkbox\" name=\"acceptance-353\" value=\"1\" aria-invalid=\"false\" \/><span class=\"wpcf7-list-item-label\">J\u2019accepte la <a href=\"https:\/\/vdms.ch\/fr\/protection-des-donnees\">d\u00e9claration de confidentialit\u00e9<\/a>*<\/span><\/label><\/span><\/span><\/span>\n\t\t\t\t<\/p>\n\t\t\t<\/div>\n\t\t\t<div class=\"col-md-6\">\n\t\t\t\t<p><input class=\"wpcf7-form-control wpcf7-submit has-spinner\" type=\"submit\" value=\"Envoyer\" \/>\n\t\t\t\t<\/p>\n\t\t\t<\/div>\n\t\t<\/div>\n\t<\/div>\n<\/div><input type='hidden' class='wpcf7-pum' value='{\"closepopup\":false,\"closedelay\":0,\"openpopup\":false,\"openpopup_id\":0}' \/><div class=\"wpcf7-response-output\" aria-hidden=\"true\"><\/div>\n<\/form>\n<\/div>\n\r\n<\/div>\r\n<\/div>\r\n<\/div>\r\n<div id=\"content-2\" class=\"site-content container\">\r\n    <div class=\"site-page\">","protected":false},"excerpt":{"rendered":"<p>Bons du vdms-asmm&nbsp; Par le biais d&rsquo;offres \u00e0 leurs collaborateurs, les entreprises motivent leurs troupes et renforcent ainsi l&rsquo;image positive \u00e0 l&rsquo;interne de l\u2019entreprise. Le programme de formation continue vdms-asmm et la revue professionnelle Reflexe touchent une corde sensible chez diff\u00e9rents acteurs. Offrez de la formation Un cadeau avec une formation continue vdms-asmm est une [&hellip;]<\/p>\n","protected":false},"author":1,"featured_media":5377,"parent":0,"menu_order":124,"comment_status":"closed","ping_status":"closed","template":"","meta":{"_acf_changed":false,"footnotes":""},"class_list":["post-5289","page","type-page","status-publish","has-post-thumbnail","hentry"],"acf":[],"yoast_head":"<!-- This site is optimized with the Yoast SEO plugin v26.7 - https:\/\/yoast.com\/wordpress\/plugins\/seo\/ -->\n<title>Bons du vdms-asmm - VDMS<\/title>\n<meta name=\"robots\" content=\"index, follow, max-snippet:-1, max-image-preview:large, max-video-preview:-1\" \/>\n<link rel=\"canonical\" href=\"https:\/\/vdms.ch\/fr\/bons-du-vdms-asmm\/\" \/>\n<meta property=\"og:locale\" content=\"fr_FR\" \/>\n<meta property=\"og:type\" content=\"article\" \/>\n<meta property=\"og:title\" content=\"Bons du vdms-asmm - VDMS\" \/>\n<meta property=\"og:description\" content=\"Bons du vdms-asmm&nbsp; Par le biais d&rsquo;offres \u00e0 leurs collaborateurs, les entreprises motivent leurs troupes et renforcent ainsi l&rsquo;image positive \u00e0 l&rsquo;interne de l\u2019entreprise. Le programme de formation continue vdms-asmm et la revue professionnelle Reflexe touchent une corde sensible chez diff\u00e9rents acteurs. Offrez de la formation Un cadeau avec une formation continue vdms-asmm est une [&hellip;]\" \/>\n<meta property=\"og:url\" content=\"https:\/\/vdms.ch\/fr\/bons-du-vdms-asmm\/\" \/>\n<meta property=\"og:site_name\" content=\"VDMS\" \/>\n<meta property=\"article:modified_time\" content=\"2020-12-01T14:39:49+00:00\" \/>\n<meta property=\"og:image\" content=\"https:\/\/vdms.ch\/wp-content\/uploads\/2020\/11\/vdms_asmm_gutscheine_header.jpg\" \/>\n\t<meta property=\"og:image:width\" content=\"2560\" \/>\n\t<meta property=\"og:image:height\" content=\"1080\" \/>\n\t<meta property=\"og:image:type\" content=\"image\/jpeg\" \/>\n<meta name=\"twitter:card\" content=\"summary_large_image\" \/>\n<meta name=\"twitter:label1\" content=\"Dur\u00e9e de lecture estim\u00e9e\" \/>\n\t<meta name=\"twitter:data1\" content=\"1 minute\" \/>\n<script type=\"application\/ld+json\" class=\"yoast-schema-graph\">{\"@context\":\"https:\/\/schema.org\",\"@graph\":[{\"@type\":\"WebPage\",\"@id\":\"https:\/\/vdms.ch\/fr\/bons-du-vdms-asmm\/\",\"url\":\"https:\/\/vdms.ch\/fr\/bons-du-vdms-asmm\/\",\"name\":\"Bons du vdms-asmm - VDMS\",\"isPartOf\":{\"@id\":\"https:\/\/vdms.ch\/fr\/#website\"},\"primaryImageOfPage\":{\"@id\":\"https:\/\/vdms.ch\/fr\/bons-du-vdms-asmm\/#primaryimage\"},\"image\":{\"@id\":\"https:\/\/vdms.ch\/fr\/bons-du-vdms-asmm\/#primaryimage\"},\"thumbnailUrl\":\"https:\/\/vdms.ch\/wp-content\/uploads\/2020\/11\/vdms_asmm_gutscheine_header.jpg\",\"datePublished\":\"2020-11-30T09:16:32+00:00\",\"dateModified\":\"2020-12-01T14:39:49+00:00\",\"breadcrumb\":{\"@id\":\"https:\/\/vdms.ch\/fr\/bons-du-vdms-asmm\/#breadcrumb\"},\"inLanguage\":\"fr-FR\",\"potentialAction\":[{\"@type\":\"ReadAction\",\"target\":[\"https:\/\/vdms.ch\/fr\/bons-du-vdms-asmm\/\"]}]},{\"@type\":\"ImageObject\",\"inLanguage\":\"fr-FR\",\"@id\":\"https:\/\/vdms.ch\/fr\/bons-du-vdms-asmm\/#primaryimage\",\"url\":\"https:\/\/vdms.ch\/wp-content\/uploads\/2020\/11\/vdms_asmm_gutscheine_header.jpg\",\"contentUrl\":\"https:\/\/vdms.ch\/wp-content\/uploads\/2020\/11\/vdms_asmm_gutscheine_header.jpg\",\"width\":2560,\"height\":1080},{\"@type\":\"BreadcrumbList\",\"@id\":\"https:\/\/vdms.ch\/fr\/bons-du-vdms-asmm\/#breadcrumb\",\"itemListElement\":[{\"@type\":\"ListItem\",\"position\":1,\"name\":\"Startseite\",\"item\":\"https:\/\/vdms.ch\/fr\/\"},{\"@type\":\"ListItem\",\"position\":2,\"name\":\"Bons du vdms-asmm\"}]},{\"@type\":\"WebSite\",\"@id\":\"https:\/\/vdms.ch\/fr\/#website\",\"url\":\"https:\/\/vdms.ch\/fr\/\",\"name\":\"VDMS\",\"description\":\"Verband der Medizinischen Massage Schweiz\",\"publisher\":{\"@id\":\"https:\/\/vdms.ch\/fr\/#organization\"},\"potentialAction\":[{\"@type\":\"SearchAction\",\"target\":{\"@type\":\"EntryPoint\",\"urlTemplate\":\"https:\/\/vdms.ch\/fr\/?s={search_term_string}\"},\"query-input\":{\"@type\":\"PropertyValueSpecification\",\"valueRequired\":true,\"valueName\":\"search_term_string\"}}],\"inLanguage\":\"fr-FR\"},{\"@type\":\"Organization\",\"@id\":\"https:\/\/vdms.ch\/fr\/#organization\",\"name\":\"vdms-asmm\",\"url\":\"https:\/\/vdms.ch\/fr\/\",\"logo\":{\"@type\":\"ImageObject\",\"inLanguage\":\"fr-FR\",\"@id\":\"https:\/\/vdms.ch\/fr\/#\/schema\/logo\/image\/\",\"url\":\"https:\/\/vdms.ch\/wp-content\/uploads\/2020\/09\/vdms-logo.png\",\"contentUrl\":\"https:\/\/vdms.ch\/wp-content\/uploads\/2020\/09\/vdms-logo.png\",\"width\":1021,\"height\":388,\"caption\":\"vdms-asmm\"},\"image\":{\"@id\":\"https:\/\/vdms.ch\/fr\/#\/schema\/logo\/image\/\"}}]}<\/script>\n<!-- \/ Yoast SEO plugin. -->","yoast_head_json":{"title":"Bons du vdms-asmm - VDMS","robots":{"index":"index","follow":"follow","max-snippet":"max-snippet:-1","max-image-preview":"max-image-preview:large","max-video-preview":"max-video-preview:-1"},"canonical":"https:\/\/vdms.ch\/fr\/bons-du-vdms-asmm\/","og_locale":"fr_FR","og_type":"article","og_title":"Bons du vdms-asmm - VDMS","og_description":"Bons du vdms-asmm&nbsp; Par le biais d&rsquo;offres \u00e0 leurs collaborateurs, les entreprises motivent leurs troupes et renforcent ainsi l&rsquo;image positive \u00e0 l&rsquo;interne de l\u2019entreprise. Le programme de formation continue vdms-asmm et la revue professionnelle Reflexe touchent une corde sensible chez diff\u00e9rents acteurs. Offrez de la formation Un cadeau avec une formation continue vdms-asmm est une [&hellip;]","og_url":"https:\/\/vdms.ch\/fr\/bons-du-vdms-asmm\/","og_site_name":"VDMS","article_modified_time":"2020-12-01T14:39:49+00:00","og_image":[{"width":2560,"height":1080,"url":"https:\/\/vdms.ch\/wp-content\/uploads\/2020\/11\/vdms_asmm_gutscheine_header.jpg","type":"image\/jpeg"}],"twitter_card":"summary_large_image","twitter_misc":{"Dur\u00e9e de lecture estim\u00e9e":"1 minute"},"schema":{"@context":"https:\/\/schema.org","@graph":[{"@type":"WebPage","@id":"https:\/\/vdms.ch\/fr\/bons-du-vdms-asmm\/","url":"https:\/\/vdms.ch\/fr\/bons-du-vdms-asmm\/","name":"Bons du vdms-asmm - VDMS","isPartOf":{"@id":"https:\/\/vdms.ch\/fr\/#website"},"primaryImageOfPage":{"@id":"https:\/\/vdms.ch\/fr\/bons-du-vdms-asmm\/#primaryimage"},"image":{"@id":"https:\/\/vdms.ch\/fr\/bons-du-vdms-asmm\/#primaryimage"},"thumbnailUrl":"https:\/\/vdms.ch\/wp-content\/uploads\/2020\/11\/vdms_asmm_gutscheine_header.jpg","datePublished":"2020-11-30T09:16:32+00:00","dateModified":"2020-12-01T14:39:49+00:00","breadcrumb":{"@id":"https:\/\/vdms.ch\/fr\/bons-du-vdms-asmm\/#breadcrumb"},"inLanguage":"fr-FR","potentialAction":[{"@type":"ReadAction","target":["https:\/\/vdms.ch\/fr\/bons-du-vdms-asmm\/"]}]},{"@type":"ImageObject","inLanguage":"fr-FR","@id":"https:\/\/vdms.ch\/fr\/bons-du-vdms-asmm\/#primaryimage","url":"https:\/\/vdms.ch\/wp-content\/uploads\/2020\/11\/vdms_asmm_gutscheine_header.jpg","contentUrl":"https:\/\/vdms.ch\/wp-content\/uploads\/2020\/11\/vdms_asmm_gutscheine_header.jpg","width":2560,"height":1080},{"@type":"BreadcrumbList","@id":"https:\/\/vdms.ch\/fr\/bons-du-vdms-asmm\/#breadcrumb","itemListElement":[{"@type":"ListItem","position":1,"name":"Startseite","item":"https:\/\/vdms.ch\/fr\/"},{"@type":"ListItem","position":2,"name":"Bons du vdms-asmm"}]},{"@type":"WebSite","@id":"https:\/\/vdms.ch\/fr\/#website","url":"https:\/\/vdms.ch\/fr\/","name":"VDMS","description":"Verband der Medizinischen Massage Schweiz","publisher":{"@id":"https:\/\/vdms.ch\/fr\/#organization"},"potentialAction":[{"@type":"SearchAction","target":{"@type":"EntryPoint","urlTemplate":"https:\/\/vdms.ch\/fr\/?s={search_term_string}"},"query-input":{"@type":"PropertyValueSpecification","valueRequired":true,"valueName":"search_term_string"}}],"inLanguage":"fr-FR"},{"@type":"Organization","@id":"https:\/\/vdms.ch\/fr\/#organization","name":"vdms-asmm","url":"https:\/\/vdms.ch\/fr\/","logo":{"@type":"ImageObject","inLanguage":"fr-FR","@id":"https:\/\/vdms.ch\/fr\/#\/schema\/logo\/image\/","url":"https:\/\/vdms.ch\/wp-content\/uploads\/2020\/09\/vdms-logo.png","contentUrl":"https:\/\/vdms.ch\/wp-content\/uploads\/2020\/09\/vdms-logo.png","width":1021,"height":388,"caption":"vdms-asmm"},"image":{"@id":"https:\/\/vdms.ch\/fr\/#\/schema\/logo\/image\/"}}]}},"_links":{"self":[{"href":"https:\/\/vdms.ch\/fr\/wp-json\/wp\/v2\/pages\/5289","targetHints":{"allow":["GET"]}}],"collection":[{"href":"https:\/\/vdms.ch\/fr\/wp-json\/wp\/v2\/pages"}],"about":[{"href":"https:\/\/vdms.ch\/fr\/wp-json\/wp\/v2\/types\/page"}],"author":[{"embeddable":true,"href":"https:\/\/vdms.ch\/fr\/wp-json\/wp\/v2\/users\/1"}],"replies":[{"embeddable":true,"href":"https:\/\/vdms.ch\/fr\/wp-json\/wp\/v2\/comments?post=5289"}],"version-history":[{"count":9,"href":"https:\/\/vdms.ch\/fr\/wp-json\/wp\/v2\/pages\/5289\/revisions"}],"predecessor-version":[{"id":6053,"href":"https:\/\/vdms.ch\/fr\/wp-json\/wp\/v2\/pages\/5289\/revisions\/6053"}],"wp:featuredmedia":[{"embeddable":true,"href":"https:\/\/vdms.ch\/fr\/wp-json\/wp\/v2\/media\/5377"}],"wp:attachment":[{"href":"https:\/\/vdms.ch\/fr\/wp-json\/wp\/v2\/media?parent=5289"}],"curies":[{"name":"wp","href":"https:\/\/api.w.org\/{rel}","templated":true}]}}