{"id":5457,"date":"2020-11-30T10:27:58","date_gmt":"2020-11-30T09:27:58","guid":{"rendered":"https:\/\/vdms.ch\/?page_id=5457"},"modified":"2024-11-04T13:20:11","modified_gmt":"2024-11-04T12:20:11","slug":"le-profil-des-therapeutes","status":"publish","type":"page","link":"https:\/\/vdms.ch\/fr\/le-profil-des-therapeutes\/","title":{"rendered":"Le profil des th\u00e9rapeutes"},"content":{"rendered":"\n<h1 class=\"wp-block-heading color-brown overline\">Le profil des th\u00e9rapeutes<\/h1>\n\n\n\n<div class=\"wp-block-columns alignwide is-layout-flex wp-container-core-columns-is-layout-9d6595d7 wp-block-columns-is-layout-flex\">\n<div class=\"wp-block-column is-layout-flow wp-block-column-is-layout-flow\">\n<h3 class=\"wp-block-heading color-brown\">Profitez de l&rsquo;occasion et faites \u00e9tablir un profil de th\u00e9rapeute pour votre propre cabinet. Nous nous ferons un plaisir de vous aider dans cette d\u00e9marche.<\/h3>\n<\/div>\n\n\n\n<div class=\"wp-block-column is-layout-flow wp-block-column-is-layout-flow\"><\/div>\n<\/div>\n\n\n\n<div class=\"wp-block-columns alignwide is-layout-flex wp-container-core-columns-is-layout-9d6595d7 wp-block-columns-is-layout-flex\">\n<div class=\"wp-block-column is-layout-flow wp-block-column-is-layout-flow\">\n<p>Avec notre profil de th\u00e9rapeute, vous \u00eates assur\u00e9 d&rsquo;avoir des points de contact suppl\u00e9mentaires avec de nouveaux clients potentiels. Un \u00e9l\u00e9ment simple, mais une option r\u00e9ussie pour nos membres de la cat\u00e9gorie Masseur m\u00e9dical\/masseuse m\u00e9dicale dipl\u00f4m\u00e9(e) et SFML.<\/p>\n\n\n\n<p>Commandez le profil de th\u00e9rapeute d\u00e8s aujourd&rsquo;hui et mettez habilement votre cabinet en valeur.<\/p>\n\n\n<p class=\"wpcf7-contact-form-not-found\"><strong>Erreur\u00a0:<\/strong> Formulaire de contact non trouv\u00e9\u00a0!<\/p>\n<\/div>\n\n\n\n<div class=\"wp-block-column is-layout-flow wp-block-column-is-layout-flow\">\n<ul class=\"wp-block-list\">\n<li>Co\u00fbt : CHF 120.00 \/ ann\u00e9e civile<\/li>\n\n\n\n<li>R\u00e9siliable au 31 d\u00e9cembre avec un pr\u00e9avis de 3 mois<\/li>\n\n\n\n<li>Exclusivement pour les membres de l&rsquo;association de la cat\u00e9gorie Masseur m\u00e9dical\/masseuse m\u00e9dicale dipl\u00f4m\u00e9 et SFML<\/li>\n<\/ul>\n<\/div>\n<\/div>\n\n\n\n<figure class=\"wp-block-gallery alignwide has-nested-images columns-4 is-cropped wp-block-gallery-1 is-layout-flex wp-block-gallery-is-layout-flex\">\n<figure class=\"wp-block-image size-middle-image\"><a href=\"https:\/\/vdms.ch\/wp-content\/uploads\/2022\/11\/vdms_asmm_therapeuten-profil_04.jpg\"><img loading=\"lazy\" decoding=\"async\" width=\"300\" height=\"300\" data-id=\"11306\" src=\"https:\/\/vdms.ch\/wp-content\/uploads\/2022\/11\/vdms_asmm_therapeuten-profil_04-300x300.jpg\" alt=\"\" class=\"wp-image-11306\" srcset=\"https:\/\/vdms.ch\/wp-content\/uploads\/2022\/11\/vdms_asmm_therapeuten-profil_04-300x300.jpg 300w, https:\/\/vdms.ch\/wp-content\/uploads\/2022\/11\/vdms_asmm_therapeuten-profil_04-150x150.jpg 150w\" sizes=\"auto, (max-width: 300px) 100vw, 300px\" \/><\/a><\/figure>\n\n\n\n<figure class=\"wp-block-image size-middle-image\"><a href=\"https:\/\/vdms.ch\/wp-content\/uploads\/2020\/11\/vdms_asmm_therapeuten-profil_02.jpg\"><img loading=\"lazy\" decoding=\"async\" width=\"300\" height=\"300\" data-id=\"5585\" src=\"https:\/\/vdms.ch\/wp-content\/uploads\/2020\/11\/vdms_asmm_therapeuten-profil_02-300x300.jpg\" alt=\"\" class=\"wp-image-5585\" srcset=\"https:\/\/vdms.ch\/wp-content\/uploads\/2020\/11\/vdms_asmm_therapeuten-profil_02-300x300.jpg 300w, https:\/\/vdms.ch\/wp-content\/uploads\/2020\/11\/vdms_asmm_therapeuten-profil_02-150x150.jpg 150w\" sizes=\"auto, (max-width: 300px) 100vw, 300px\" \/><\/a><\/figure>\n\n\n\n<figure class=\"wp-block-image size-middle-image\"><a href=\"https:\/\/vdms.ch\/wp-content\/uploads\/2020\/11\/vdms_asmm_therapeuten-profil_05.jpg\"><img loading=\"lazy\" decoding=\"async\" width=\"300\" height=\"300\" data-id=\"5597\" src=\"https:\/\/vdms.ch\/wp-content\/uploads\/2020\/11\/vdms_asmm_therapeuten-profil_05-300x300.jpg\" alt=\"\" class=\"wp-image-5597\" srcset=\"https:\/\/vdms.ch\/wp-content\/uploads\/2020\/11\/vdms_asmm_therapeuten-profil_05-300x300.jpg 300w, https:\/\/vdms.ch\/wp-content\/uploads\/2020\/11\/vdms_asmm_therapeuten-profil_05-150x150.jpg 150w\" sizes=\"auto, (max-width: 300px) 100vw, 300px\" \/><\/a><\/figure>\n\n\n\n<figure class=\"wp-block-image size-middle-image\"><a href=\"https:\/\/vdms.ch\/wp-content\/uploads\/2022\/11\/vdms_asmm_therapeuten-profil_03.jpg\"><img loading=\"lazy\" decoding=\"async\" width=\"300\" height=\"300\" data-id=\"11311\" src=\"https:\/\/vdms.ch\/wp-content\/uploads\/2022\/11\/vdms_asmm_therapeuten-profil_03-300x300.jpg\" alt=\"\" class=\"wp-image-11311\" srcset=\"https:\/\/vdms.ch\/wp-content\/uploads\/2022\/11\/vdms_asmm_therapeuten-profil_03-300x300.jpg 300w, https:\/\/vdms.ch\/wp-content\/uploads\/2022\/11\/vdms_asmm_therapeuten-profil_03-150x150.jpg 150w\" sizes=\"auto, (max-width: 300px) 100vw, 300px\" \/><\/a><\/figure>\n<\/figure>\n","protected":false},"excerpt":{"rendered":"<p>Le profil des th\u00e9rapeutes Profitez de l&rsquo;occasion et faites \u00e9tablir un profil de th\u00e9rapeute pour votre propre cabinet. Nous nous ferons un plaisir de vous aider dans cette d\u00e9marche. Avec notre profil de th\u00e9rapeute, vous \u00eates assur\u00e9 d&rsquo;avoir des points de contact suppl\u00e9mentaires avec de nouveaux clients potentiels. Un \u00e9l\u00e9ment simple, mais une option r\u00e9ussie [&hellip;]<\/p>\n","protected":false},"author":3,"featured_media":11304,"parent":0,"menu_order":138,"comment_status":"closed","ping_status":"closed","template":"","meta":{"_acf_changed":false,"footnotes":""},"class_list":["post-5457","page","type-page","status-publish","has-post-thumbnail","hentry"],"acf":[],"yoast_head":"<!-- This site is optimized with the Yoast SEO plugin v26.7 - https:\/\/yoast.com\/wordpress\/plugins\/seo\/ -->\n<title>Le profil des th\u00e9rapeutes - VDMS<\/title>\n<meta name=\"robots\" content=\"index, follow, max-snippet:-1, max-image-preview:large, max-video-preview:-1\" \/>\n<link rel=\"canonical\" href=\"https:\/\/vdms.ch\/fr\/le-profil-des-therapeutes\/\" \/>\n<meta property=\"og:locale\" content=\"fr_FR\" \/>\n<meta property=\"og:type\" content=\"article\" \/>\n<meta property=\"og:title\" content=\"Le profil des th\u00e9rapeutes - VDMS\" \/>\n<meta property=\"og:description\" content=\"Le profil des th\u00e9rapeutes Profitez de l&rsquo;occasion et faites \u00e9tablir un profil de th\u00e9rapeute pour votre propre cabinet. Nous nous ferons un plaisir de vous aider dans cette d\u00e9marche. Avec notre profil de th\u00e9rapeute, vous \u00eates assur\u00e9 d&rsquo;avoir des points de contact suppl\u00e9mentaires avec de nouveaux clients potentiels. Un \u00e9l\u00e9ment simple, mais une option r\u00e9ussie [&hellip;]\" \/>\n<meta property=\"og:url\" content=\"https:\/\/vdms.ch\/fr\/le-profil-des-therapeutes\/\" \/>\n<meta property=\"og:site_name\" content=\"VDMS\" \/>\n<meta property=\"article:modified_time\" content=\"2024-11-04T12:20:11+00:00\" \/>\n<meta property=\"og:image\" content=\"https:\/\/vdms.ch\/wp-content\/uploads\/2022\/11\/vdms_asmm_therapeutenprofil_header_02.jpg\" \/>\n\t<meta property=\"og:image:width\" content=\"2560\" \/>\n\t<meta property=\"og:image:height\" content=\"1080\" \/>\n\t<meta property=\"og:image:type\" content=\"image\/jpeg\" \/>\n<meta name=\"twitter:card\" content=\"summary_large_image\" \/>\n<meta name=\"twitter:label1\" content=\"Dur\u00e9e de lecture estim\u00e9e\" \/>\n\t<meta name=\"twitter:data1\" content=\"2 minutes\" \/>\n<script type=\"application\/ld+json\" class=\"yoast-schema-graph\">{\"@context\":\"https:\/\/schema.org\",\"@graph\":[{\"@type\":\"WebPage\",\"@id\":\"https:\/\/vdms.ch\/fr\/le-profil-des-therapeutes\/\",\"url\":\"https:\/\/vdms.ch\/fr\/le-profil-des-therapeutes\/\",\"name\":\"Le profil des th\u00e9rapeutes - VDMS\",\"isPartOf\":{\"@id\":\"https:\/\/vdms.ch\/fr\/#website\"},\"primaryImageOfPage\":{\"@id\":\"https:\/\/vdms.ch\/fr\/le-profil-des-therapeutes\/#primaryimage\"},\"image\":{\"@id\":\"https:\/\/vdms.ch\/fr\/le-profil-des-therapeutes\/#primaryimage\"},\"thumbnailUrl\":\"https:\/\/vdms.ch\/wp-content\/uploads\/2022\/11\/vdms_asmm_therapeutenprofil_header_02.jpg\",\"datePublished\":\"2020-11-30T09:27:58+00:00\",\"dateModified\":\"2024-11-04T12:20:11+00:00\",\"breadcrumb\":{\"@id\":\"https:\/\/vdms.ch\/fr\/le-profil-des-therapeutes\/#breadcrumb\"},\"inLanguage\":\"fr-FR\",\"potentialAction\":[{\"@type\":\"ReadAction\",\"target\":[\"https:\/\/vdms.ch\/fr\/le-profil-des-therapeutes\/\"]}]},{\"@type\":\"ImageObject\",\"inLanguage\":\"fr-FR\",\"@id\":\"https:\/\/vdms.ch\/fr\/le-profil-des-therapeutes\/#primaryimage\",\"url\":\"https:\/\/vdms.ch\/wp-content\/uploads\/2022\/11\/vdms_asmm_therapeutenprofil_header_02.jpg\",\"contentUrl\":\"https:\/\/vdms.ch\/wp-content\/uploads\/2022\/11\/vdms_asmm_therapeutenprofil_header_02.jpg\",\"width\":2560,\"height\":1080},{\"@type\":\"BreadcrumbList\",\"@id\":\"https:\/\/vdms.ch\/fr\/le-profil-des-therapeutes\/#breadcrumb\",\"itemListElement\":[{\"@type\":\"ListItem\",\"position\":1,\"name\":\"Startseite\",\"item\":\"https:\/\/vdms.ch\/fr\/\"},{\"@type\":\"ListItem\",\"position\":2,\"name\":\"Le profil des th\u00e9rapeutes\"}]},{\"@type\":\"WebSite\",\"@id\":\"https:\/\/vdms.ch\/fr\/#website\",\"url\":\"https:\/\/vdms.ch\/fr\/\",\"name\":\"VDMS\",\"description\":\"Verband der Medizinischen Massage Schweiz\",\"publisher\":{\"@id\":\"https:\/\/vdms.ch\/fr\/#organization\"},\"potentialAction\":[{\"@type\":\"SearchAction\",\"target\":{\"@type\":\"EntryPoint\",\"urlTemplate\":\"https:\/\/vdms.ch\/fr\/?s={search_term_string}\"},\"query-input\":{\"@type\":\"PropertyValueSpecification\",\"valueRequired\":true,\"valueName\":\"search_term_string\"}}],\"inLanguage\":\"fr-FR\"},{\"@type\":\"Organization\",\"@id\":\"https:\/\/vdms.ch\/fr\/#organization\",\"name\":\"vdms-asmm\",\"url\":\"https:\/\/vdms.ch\/fr\/\",\"logo\":{\"@type\":\"ImageObject\",\"inLanguage\":\"fr-FR\",\"@id\":\"https:\/\/vdms.ch\/fr\/#\/schema\/logo\/image\/\",\"url\":\"https:\/\/vdms.ch\/wp-content\/uploads\/2020\/09\/vdms-logo.png\",\"contentUrl\":\"https:\/\/vdms.ch\/wp-content\/uploads\/2020\/09\/vdms-logo.png\",\"width\":1021,\"height\":388,\"caption\":\"vdms-asmm\"},\"image\":{\"@id\":\"https:\/\/vdms.ch\/fr\/#\/schema\/logo\/image\/\"}}]}<\/script>\n<!-- \/ Yoast SEO plugin. -->","yoast_head_json":{"title":"Le profil des th\u00e9rapeutes - VDMS","robots":{"index":"index","follow":"follow","max-snippet":"max-snippet:-1","max-image-preview":"max-image-preview:large","max-video-preview":"max-video-preview:-1"},"canonical":"https:\/\/vdms.ch\/fr\/le-profil-des-therapeutes\/","og_locale":"fr_FR","og_type":"article","og_title":"Le profil des th\u00e9rapeutes - VDMS","og_description":"Le profil des th\u00e9rapeutes Profitez de l&rsquo;occasion et faites \u00e9tablir un profil de th\u00e9rapeute pour votre propre cabinet. Nous nous ferons un plaisir de vous aider dans cette d\u00e9marche. Avec notre profil de th\u00e9rapeute, vous \u00eates assur\u00e9 d&rsquo;avoir des points de contact suppl\u00e9mentaires avec de nouveaux clients potentiels. Un \u00e9l\u00e9ment simple, mais une option r\u00e9ussie [&hellip;]","og_url":"https:\/\/vdms.ch\/fr\/le-profil-des-therapeutes\/","og_site_name":"VDMS","article_modified_time":"2024-11-04T12:20:11+00:00","og_image":[{"width":2560,"height":1080,"url":"https:\/\/vdms.ch\/wp-content\/uploads\/2022\/11\/vdms_asmm_therapeutenprofil_header_02.jpg","type":"image\/jpeg"}],"twitter_card":"summary_large_image","twitter_misc":{"Dur\u00e9e de lecture estim\u00e9e":"2 minutes"},"schema":{"@context":"https:\/\/schema.org","@graph":[{"@type":"WebPage","@id":"https:\/\/vdms.ch\/fr\/le-profil-des-therapeutes\/","url":"https:\/\/vdms.ch\/fr\/le-profil-des-therapeutes\/","name":"Le profil des th\u00e9rapeutes - VDMS","isPartOf":{"@id":"https:\/\/vdms.ch\/fr\/#website"},"primaryImageOfPage":{"@id":"https:\/\/vdms.ch\/fr\/le-profil-des-therapeutes\/#primaryimage"},"image":{"@id":"https:\/\/vdms.ch\/fr\/le-profil-des-therapeutes\/#primaryimage"},"thumbnailUrl":"https:\/\/vdms.ch\/wp-content\/uploads\/2022\/11\/vdms_asmm_therapeutenprofil_header_02.jpg","datePublished":"2020-11-30T09:27:58+00:00","dateModified":"2024-11-04T12:20:11+00:00","breadcrumb":{"@id":"https:\/\/vdms.ch\/fr\/le-profil-des-therapeutes\/#breadcrumb"},"inLanguage":"fr-FR","potentialAction":[{"@type":"ReadAction","target":["https:\/\/vdms.ch\/fr\/le-profil-des-therapeutes\/"]}]},{"@type":"ImageObject","inLanguage":"fr-FR","@id":"https:\/\/vdms.ch\/fr\/le-profil-des-therapeutes\/#primaryimage","url":"https:\/\/vdms.ch\/wp-content\/uploads\/2022\/11\/vdms_asmm_therapeutenprofil_header_02.jpg","contentUrl":"https:\/\/vdms.ch\/wp-content\/uploads\/2022\/11\/vdms_asmm_therapeutenprofil_header_02.jpg","width":2560,"height":1080},{"@type":"BreadcrumbList","@id":"https:\/\/vdms.ch\/fr\/le-profil-des-therapeutes\/#breadcrumb","itemListElement":[{"@type":"ListItem","position":1,"name":"Startseite","item":"https:\/\/vdms.ch\/fr\/"},{"@type":"ListItem","position":2,"name":"Le profil des th\u00e9rapeutes"}]},{"@type":"WebSite","@id":"https:\/\/vdms.ch\/fr\/#website","url":"https:\/\/vdms.ch\/fr\/","name":"VDMS","description":"Verband der Medizinischen Massage Schweiz","publisher":{"@id":"https:\/\/vdms.ch\/fr\/#organization"},"potentialAction":[{"@type":"SearchAction","target":{"@type":"EntryPoint","urlTemplate":"https:\/\/vdms.ch\/fr\/?s={search_term_string}"},"query-input":{"@type":"PropertyValueSpecification","valueRequired":true,"valueName":"search_term_string"}}],"inLanguage":"fr-FR"},{"@type":"Organization","@id":"https:\/\/vdms.ch\/fr\/#organization","name":"vdms-asmm","url":"https:\/\/vdms.ch\/fr\/","logo":{"@type":"ImageObject","inLanguage":"fr-FR","@id":"https:\/\/vdms.ch\/fr\/#\/schema\/logo\/image\/","url":"https:\/\/vdms.ch\/wp-content\/uploads\/2020\/09\/vdms-logo.png","contentUrl":"https:\/\/vdms.ch\/wp-content\/uploads\/2020\/09\/vdms-logo.png","width":1021,"height":388,"caption":"vdms-asmm"},"image":{"@id":"https:\/\/vdms.ch\/fr\/#\/schema\/logo\/image\/"}}]}},"_links":{"self":[{"href":"https:\/\/vdms.ch\/fr\/wp-json\/wp\/v2\/pages\/5457","targetHints":{"allow":["GET"]}}],"collection":[{"href":"https:\/\/vdms.ch\/fr\/wp-json\/wp\/v2\/pages"}],"about":[{"href":"https:\/\/vdms.ch\/fr\/wp-json\/wp\/v2\/types\/page"}],"author":[{"embeddable":true,"href":"https:\/\/vdms.ch\/fr\/wp-json\/wp\/v2\/users\/3"}],"replies":[{"embeddable":true,"href":"https:\/\/vdms.ch\/fr\/wp-json\/wp\/v2\/comments?post=5457"}],"version-history":[{"count":24,"href":"https:\/\/vdms.ch\/fr\/wp-json\/wp\/v2\/pages\/5457\/revisions"}],"predecessor-version":[{"id":14867,"href":"https:\/\/vdms.ch\/fr\/wp-json\/wp\/v2\/pages\/5457\/revisions\/14867"}],"wp:featuredmedia":[{"embeddable":true,"href":"https:\/\/vdms.ch\/fr\/wp-json\/wp\/v2\/media\/11304"}],"wp:attachment":[{"href":"https:\/\/vdms.ch\/fr\/wp-json\/wp\/v2\/media?parent=5457"}],"curies":[{"name":"wp","href":"https:\/\/api.w.org\/{rel}","templated":true}]}}