{"id":5740,"date":"2020-08-25T15:49:36","date_gmt":"2020-08-25T13:49:36","guid":{"rendered":"https:\/\/vdms.ch\/wissenswertes\/"},"modified":"2022-01-17T11:24:03","modified_gmt":"2022-01-17T10:24:03","slug":"lectures-interessantes","status":"publish","type":"page","link":"https:\/\/vdms.ch\/fr\/lectures-interessantes\/","title":{"rendered":"Lectures int\u00e9ressantes"},"content":{"rendered":"\n<h1 class=\"color-brown overline wp-block-heading\">Personnel de sant\u00e9<\/h1>\n\n\n\n<p>Le massage m\u00e9dical est la discipline par excellence des th\u00e9rapies manuelles. Le patient est au centre du traitement. La formation de masseur&nbsp;m\u00e9dical est compos\u00e9es d\u2019une partie th\u00e9orique et d\u2019une partie pratique, elle peut se r\u00e9aliser en cours d\u2019emploi ou \u00e0 temps plein. Les personnes r\u00e9ussissant les examens f\u00e9d\u00e9raux peuvent porter le titre prot\u00e9g\u00e9 de&nbsp;\u00ab&nbsp;masseur m\u00e9dical avec brevet f\u00e9d\u00e9ral&nbsp;\u00bb. Cette formation permet entre autre d\u2019ouvrir son propre cabinet et de travailler en tant que personnel de&nbsp;sant\u00e9.&nbsp;<\/p>\n\n\n\n<h1 class=\"color-brown overline wp-block-heading\">M\u00e9thodes<\/h1>\n\n\n<section class=\"richtlinien-choice row\">\r\n    \r\n                <div class=\"richtlinie-feature col-md-4\">\r\n                                        <a href=\"https:\/\/vdms.ch\/wp-content\/uploads\/2022\/01\/FR-Medizinische-Massage-Kernkompetenz.pdf\" target=\"_blank\"><div class=\"circle_1\" style=\"background: #756762; border: 2px solid #756762;\">Massage<br \/>\r\nm\u00e9dical<\/div><\/a>\r\n                    <span>actif,<br \/>\r\nfocalis\u00e9,<br \/>\r\ncomp\u00e9tent<\/span>\r\n                <\/div>\r\n\r\n            \r\n                <div class=\"richtlinie-feature col-md-4\">\r\n                                        <a href=\"https:\/\/vdms.ch\/wp-content\/uploads\/2022\/01\/F-Ergaenzende-Kompetenzen-Medizinische-Massage.pdf\" target=\"_blank\"><div class=\"circle_1\" style=\"background: #756762; border: 2px solid #756762;\">Th\u00e9rapies compl\u00e9-mentaires<\/div><\/a>\r\n                    <span>actuel,<br \/>\r\nvigilant,<br \/>\r\nharmonieux<\/span>\r\n                <\/div>\r\n\r\n            \r\n<\/section>\n\n\n<hr class=\"wp-block-separator is-style-wide\"\/>\n\n\n\n<h1 class=\"color-brown overline wp-block-heading\">Remboursement des caisses maladies \/ assureurs<\/h1>\n\n\n\n<p>Selon la Conf\u00e9rence des directrices et directeurs&nbsp;cantonaux de la&nbsp;sant\u00e9, le masseur m\u00e9dical fait partie des professions de la sant\u00e9. Les prestations des masseurs m\u00e9dicaux BF sont prises en charge par les assurances compl\u00e9mentaires LCA.&nbsp;<\/p>\n\n\n\n<p>Vous trouverez un document pour vous aider \u00e0 demander le remboursement des prestations du masseur m\u00e9dical aupr\u00e8s d\u2019une caisse maladie.&nbsp;<\/p>\n\n\n\n<div class=\"wp-block-file\"><a href=\"https:\/\/vdms.ch\/wp-content\/uploads\/2021\/12\/Possibilites-de-facturation-de-paiement.pdf\" target=\"_blank\" rel=\"noreferrer noopener\">Possibilites de facturation de paiement<\/a><\/div>\n\n\n<section class=\"mitglied_werden row\">\r\n    <div class=\"col-md-12\">\r\n        <h3 class=\"color-brown text-center\">Avez-vous des questions?<br \/>\r\nContactez-nous.<\/h3>\r\n                    <a href=\"https:\/\/vdms.ch\/fr\/contact\">\r\n                        <button class=\"background-red\" style=\"display: flex;\">Contact<\/button>\r\n        <\/a>\r\n    <\/div>\r\n<\/section>","protected":false},"excerpt":{"rendered":"<p>Personnel de sant\u00e9 Le massage m\u00e9dical est la discipline par excellence des th\u00e9rapies manuelles. Le patient est au centre du traitement. La formation de masseur&nbsp;m\u00e9dical est compos\u00e9es d\u2019une partie th\u00e9orique et d\u2019une partie pratique, elle peut se r\u00e9aliser en cours d\u2019emploi ou \u00e0 temps plein. Les personnes r\u00e9ussissant les examens f\u00e9d\u00e9raux peuvent porter le titre [&hellip;]<\/p>\n","protected":false},"author":1,"featured_media":5014,"parent":0,"menu_order":96,"comment_status":"closed","ping_status":"closed","template":"","meta":{"_acf_changed":false,"footnotes":""},"class_list":["post-5740","page","type-page","status-publish","has-post-thumbnail","hentry"],"acf":[],"yoast_head":"<!-- This site is optimized with the Yoast SEO plugin v26.7 - https:\/\/yoast.com\/wordpress\/plugins\/seo\/ -->\n<title>Lectures int\u00e9ressantes - VDMS<\/title>\n<meta name=\"robots\" content=\"index, follow, max-snippet:-1, max-image-preview:large, max-video-preview:-1\" \/>\n<link rel=\"canonical\" href=\"https:\/\/vdms.ch\/fr\/lectures-interessantes\/\" \/>\n<meta property=\"og:locale\" content=\"fr_FR\" \/>\n<meta property=\"og:type\" content=\"article\" \/>\n<meta property=\"og:title\" content=\"Lectures int\u00e9ressantes - VDMS\" \/>\n<meta property=\"og:description\" content=\"Personnel de sant\u00e9 Le massage m\u00e9dical est la discipline par excellence des th\u00e9rapies manuelles. Le patient est au centre du traitement. La formation de masseur&nbsp;m\u00e9dical est compos\u00e9es d\u2019une partie th\u00e9orique et d\u2019une partie pratique, elle peut se r\u00e9aliser en cours d\u2019emploi ou \u00e0 temps plein. Les personnes r\u00e9ussissant les examens f\u00e9d\u00e9raux peuvent porter le titre [&hellip;]\" \/>\n<meta property=\"og:url\" content=\"https:\/\/vdms.ch\/fr\/lectures-interessantes\/\" \/>\n<meta property=\"og:site_name\" content=\"VDMS\" \/>\n<meta property=\"article:modified_time\" content=\"2022-01-17T10:24:03+00:00\" \/>\n<meta property=\"og:image\" content=\"https:\/\/vdms.ch\/wp-content\/uploads\/2020\/11\/vdms_asmm_wissenswertes.jpg\" \/>\n\t<meta property=\"og:image:width\" content=\"2560\" \/>\n\t<meta property=\"og:image:height\" content=\"1080\" \/>\n\t<meta property=\"og:image:type\" content=\"image\/jpeg\" \/>\n<meta name=\"twitter:card\" content=\"summary_large_image\" \/>\n<meta name=\"twitter:label1\" content=\"Dur\u00e9e de lecture estim\u00e9e\" \/>\n\t<meta name=\"twitter:data1\" content=\"1 minute\" \/>\n<script type=\"application\/ld+json\" class=\"yoast-schema-graph\">{\"@context\":\"https:\/\/schema.org\",\"@graph\":[{\"@type\":\"WebPage\",\"@id\":\"https:\/\/vdms.ch\/fr\/lectures-interessantes\/\",\"url\":\"https:\/\/vdms.ch\/fr\/lectures-interessantes\/\",\"name\":\"Lectures int\u00e9ressantes - VDMS\",\"isPartOf\":{\"@id\":\"https:\/\/vdms.ch\/fr\/#website\"},\"primaryImageOfPage\":{\"@id\":\"https:\/\/vdms.ch\/fr\/lectures-interessantes\/#primaryimage\"},\"image\":{\"@id\":\"https:\/\/vdms.ch\/fr\/lectures-interessantes\/#primaryimage\"},\"thumbnailUrl\":\"https:\/\/vdms.ch\/wp-content\/uploads\/2020\/11\/vdms_asmm_wissenswertes.jpg\",\"datePublished\":\"2020-08-25T13:49:36+00:00\",\"dateModified\":\"2022-01-17T10:24:03+00:00\",\"breadcrumb\":{\"@id\":\"https:\/\/vdms.ch\/fr\/lectures-interessantes\/#breadcrumb\"},\"inLanguage\":\"fr-FR\",\"potentialAction\":[{\"@type\":\"ReadAction\",\"target\":[\"https:\/\/vdms.ch\/fr\/lectures-interessantes\/\"]}]},{\"@type\":\"ImageObject\",\"inLanguage\":\"fr-FR\",\"@id\":\"https:\/\/vdms.ch\/fr\/lectures-interessantes\/#primaryimage\",\"url\":\"https:\/\/vdms.ch\/wp-content\/uploads\/2020\/11\/vdms_asmm_wissenswertes.jpg\",\"contentUrl\":\"https:\/\/vdms.ch\/wp-content\/uploads\/2020\/11\/vdms_asmm_wissenswertes.jpg\",\"width\":2560,\"height\":1080},{\"@type\":\"BreadcrumbList\",\"@id\":\"https:\/\/vdms.ch\/fr\/lectures-interessantes\/#breadcrumb\",\"itemListElement\":[{\"@type\":\"ListItem\",\"position\":1,\"name\":\"Startseite\",\"item\":\"https:\/\/vdms.ch\/fr\/\"},{\"@type\":\"ListItem\",\"position\":2,\"name\":\"Lectures int\u00e9ressantes\"}]},{\"@type\":\"WebSite\",\"@id\":\"https:\/\/vdms.ch\/fr\/#website\",\"url\":\"https:\/\/vdms.ch\/fr\/\",\"name\":\"VDMS\",\"description\":\"Verband der Medizinischen Massage Schweiz\",\"publisher\":{\"@id\":\"https:\/\/vdms.ch\/fr\/#organization\"},\"potentialAction\":[{\"@type\":\"SearchAction\",\"target\":{\"@type\":\"EntryPoint\",\"urlTemplate\":\"https:\/\/vdms.ch\/fr\/?s={search_term_string}\"},\"query-input\":{\"@type\":\"PropertyValueSpecification\",\"valueRequired\":true,\"valueName\":\"search_term_string\"}}],\"inLanguage\":\"fr-FR\"},{\"@type\":\"Organization\",\"@id\":\"https:\/\/vdms.ch\/fr\/#organization\",\"name\":\"vdms-asmm\",\"url\":\"https:\/\/vdms.ch\/fr\/\",\"logo\":{\"@type\":\"ImageObject\",\"inLanguage\":\"fr-FR\",\"@id\":\"https:\/\/vdms.ch\/fr\/#\/schema\/logo\/image\/\",\"url\":\"https:\/\/vdms.ch\/wp-content\/uploads\/2020\/09\/vdms-logo.png\",\"contentUrl\":\"https:\/\/vdms.ch\/wp-content\/uploads\/2020\/09\/vdms-logo.png\",\"width\":1021,\"height\":388,\"caption\":\"vdms-asmm\"},\"image\":{\"@id\":\"https:\/\/vdms.ch\/fr\/#\/schema\/logo\/image\/\"}}]}<\/script>\n<!-- \/ Yoast SEO plugin. -->","yoast_head_json":{"title":"Lectures int\u00e9ressantes - VDMS","robots":{"index":"index","follow":"follow","max-snippet":"max-snippet:-1","max-image-preview":"max-image-preview:large","max-video-preview":"max-video-preview:-1"},"canonical":"https:\/\/vdms.ch\/fr\/lectures-interessantes\/","og_locale":"fr_FR","og_type":"article","og_title":"Lectures int\u00e9ressantes - VDMS","og_description":"Personnel de sant\u00e9 Le massage m\u00e9dical est la discipline par excellence des th\u00e9rapies manuelles. Le patient est au centre du traitement. La formation de masseur&nbsp;m\u00e9dical est compos\u00e9es d\u2019une partie th\u00e9orique et d\u2019une partie pratique, elle peut se r\u00e9aliser en cours d\u2019emploi ou \u00e0 temps plein. Les personnes r\u00e9ussissant les examens f\u00e9d\u00e9raux peuvent porter le titre [&hellip;]","og_url":"https:\/\/vdms.ch\/fr\/lectures-interessantes\/","og_site_name":"VDMS","article_modified_time":"2022-01-17T10:24:03+00:00","og_image":[{"width":2560,"height":1080,"url":"https:\/\/vdms.ch\/wp-content\/uploads\/2020\/11\/vdms_asmm_wissenswertes.jpg","type":"image\/jpeg"}],"twitter_card":"summary_large_image","twitter_misc":{"Dur\u00e9e de lecture estim\u00e9e":"1 minute"},"schema":{"@context":"https:\/\/schema.org","@graph":[{"@type":"WebPage","@id":"https:\/\/vdms.ch\/fr\/lectures-interessantes\/","url":"https:\/\/vdms.ch\/fr\/lectures-interessantes\/","name":"Lectures int\u00e9ressantes - VDMS","isPartOf":{"@id":"https:\/\/vdms.ch\/fr\/#website"},"primaryImageOfPage":{"@id":"https:\/\/vdms.ch\/fr\/lectures-interessantes\/#primaryimage"},"image":{"@id":"https:\/\/vdms.ch\/fr\/lectures-interessantes\/#primaryimage"},"thumbnailUrl":"https:\/\/vdms.ch\/wp-content\/uploads\/2020\/11\/vdms_asmm_wissenswertes.jpg","datePublished":"2020-08-25T13:49:36+00:00","dateModified":"2022-01-17T10:24:03+00:00","breadcrumb":{"@id":"https:\/\/vdms.ch\/fr\/lectures-interessantes\/#breadcrumb"},"inLanguage":"fr-FR","potentialAction":[{"@type":"ReadAction","target":["https:\/\/vdms.ch\/fr\/lectures-interessantes\/"]}]},{"@type":"ImageObject","inLanguage":"fr-FR","@id":"https:\/\/vdms.ch\/fr\/lectures-interessantes\/#primaryimage","url":"https:\/\/vdms.ch\/wp-content\/uploads\/2020\/11\/vdms_asmm_wissenswertes.jpg","contentUrl":"https:\/\/vdms.ch\/wp-content\/uploads\/2020\/11\/vdms_asmm_wissenswertes.jpg","width":2560,"height":1080},{"@type":"BreadcrumbList","@id":"https:\/\/vdms.ch\/fr\/lectures-interessantes\/#breadcrumb","itemListElement":[{"@type":"ListItem","position":1,"name":"Startseite","item":"https:\/\/vdms.ch\/fr\/"},{"@type":"ListItem","position":2,"name":"Lectures int\u00e9ressantes"}]},{"@type":"WebSite","@id":"https:\/\/vdms.ch\/fr\/#website","url":"https:\/\/vdms.ch\/fr\/","name":"VDMS","description":"Verband der Medizinischen Massage Schweiz","publisher":{"@id":"https:\/\/vdms.ch\/fr\/#organization"},"potentialAction":[{"@type":"SearchAction","target":{"@type":"EntryPoint","urlTemplate":"https:\/\/vdms.ch\/fr\/?s={search_term_string}"},"query-input":{"@type":"PropertyValueSpecification","valueRequired":true,"valueName":"search_term_string"}}],"inLanguage":"fr-FR"},{"@type":"Organization","@id":"https:\/\/vdms.ch\/fr\/#organization","name":"vdms-asmm","url":"https:\/\/vdms.ch\/fr\/","logo":{"@type":"ImageObject","inLanguage":"fr-FR","@id":"https:\/\/vdms.ch\/fr\/#\/schema\/logo\/image\/","url":"https:\/\/vdms.ch\/wp-content\/uploads\/2020\/09\/vdms-logo.png","contentUrl":"https:\/\/vdms.ch\/wp-content\/uploads\/2020\/09\/vdms-logo.png","width":1021,"height":388,"caption":"vdms-asmm"},"image":{"@id":"https:\/\/vdms.ch\/fr\/#\/schema\/logo\/image\/"}}]}},"_links":{"self":[{"href":"https:\/\/vdms.ch\/fr\/wp-json\/wp\/v2\/pages\/5740","targetHints":{"allow":["GET"]}}],"collection":[{"href":"https:\/\/vdms.ch\/fr\/wp-json\/wp\/v2\/pages"}],"about":[{"href":"https:\/\/vdms.ch\/fr\/wp-json\/wp\/v2\/types\/page"}],"author":[{"embeddable":true,"href":"https:\/\/vdms.ch\/fr\/wp-json\/wp\/v2\/users\/1"}],"replies":[{"embeddable":true,"href":"https:\/\/vdms.ch\/fr\/wp-json\/wp\/v2\/comments?post=5740"}],"version-history":[{"count":19,"href":"https:\/\/vdms.ch\/fr\/wp-json\/wp\/v2\/pages\/5740\/revisions"}],"predecessor-version":[{"id":9506,"href":"https:\/\/vdms.ch\/fr\/wp-json\/wp\/v2\/pages\/5740\/revisions\/9506"}],"wp:featuredmedia":[{"embeddable":true,"href":"https:\/\/vdms.ch\/fr\/wp-json\/wp\/v2\/media\/5014"}],"wp:attachment":[{"href":"https:\/\/vdms.ch\/fr\/wp-json\/wp\/v2\/media?parent=5740"}],"curies":[{"name":"wp","href":"https:\/\/api.w.org\/{rel}","templated":true}]}}