{"id":6424,"date":"2020-10-27T10:26:14","date_gmt":"2020-10-27T09:26:14","guid":{"rendered":"https:\/\/vdms.ch\/therapeutenliste\/"},"modified":"2025-01-13T16:56:24","modified_gmt":"2025-01-13T15:56:24","slug":"therapeutenliste","status":"publish","type":"page","link":"https:\/\/vdms.ch\/fr\/therapeutenliste\/","title":{"rendered":"Liste de th\u00e9rapeutes"},"content":{"rendered":"\n<h1 class=\"wp-block-heading color-brown overline\"><strong>Liste de th\u00e9rapeutes<\/strong><\/h1>\n\n\n\n<div class=\"wp-block-columns alignwide is-layout-flex wp-container-core-columns-is-layout-9d6595d7 wp-block-columns-is-layout-flex\">\n<div class=\"wp-block-column is-layout-flow wp-block-column-is-layout-flow\">\n<h3 class=\"wp-block-heading color-brown\">Nos masseurs m\u00e9dicaux BF m\u00e9ritent votre confiance! Cherchez un ou une th\u00e9rapeute dans votre r\u00e9gion!<\/h3>\n<\/div>\n\n\n\n<div class=\"wp-block-column is-layout-flow wp-block-column-is-layout-flow\">\n<p>Pour des raisons de protections de donn\u00e9es, vous ne trouverez que des th\u00e9rapeutes ayant donn\u00e9 leur accord pour \u00eatre <a href=\"http:\/\/xn--publi-fsa.es\">publi\u00e9.es<\/a> dans cette liste.&nbsp;Il est express\u00e9ment interdit aux tierces personnes d\u2019utiliser ou de faire r\u00e9f\u00e9rence, de toute nature, \u00e0 ces donn\u00e9es personnelles, selon l\u2019article 12 de la loi sur la protection des donn\u00e9es. (LPD)<\/p>\n<\/div>\n<\/div>\n\n\n<section class=\"mitglied_buttons\">\r\n                    <a href=\"https:\/\/vdms.ch\/fr\/liste-de-therapeutes-masseur-seuse-medical-e-bf\/\">\r\n                    <div class=\"circle_mitglied col-md-2 col-sm-4 col-xs-4\">\r\n                        Masseur.seuse m\u00e9dical.e BF                    <\/div>\r\n                <\/a>\r\n                <a href=\"https:\/\/vdms.ch\/fr\/liste-de-therapeutes\/\">\r\n                    <div class=\"courses_color background-yellow col-md-2 col-sm-4 col-xs-4\" style=\"background-color: #ffc40c !important; border-color: #ffc40c !important; width: 130px !important; height: 130px !important;\">\r\n                        Th\u00e9rapeute en drainage lymphatique                    <\/div>\r\n                <\/a>\r\n\r\n<\/section>","protected":false},"excerpt":{"rendered":"<p>Liste de th\u00e9rapeutes Nos masseurs m\u00e9dicaux BF m\u00e9ritent votre confiance! Cherchez un ou une th\u00e9rapeute dans votre r\u00e9gion! Pour des raisons de protections de donn\u00e9es, vous ne trouverez que des th\u00e9rapeutes ayant donn\u00e9 leur accord pour \u00eatre publi\u00e9.es dans cette liste.&nbsp;Il est express\u00e9ment interdit aux tierces personnes d\u2019utiliser ou de faire r\u00e9f\u00e9rence, de toute nature, [&hellip;]<\/p>\n","protected":false},"author":1,"featured_media":6425,"parent":0,"menu_order":57,"comment_status":"closed","ping_status":"closed","template":"therapeuten-liste.php","meta":{"_acf_changed":false,"footnotes":""},"class_list":["post-6424","page","type-page","status-publish","has-post-thumbnail","hentry"],"acf":[],"yoast_head":"<!-- This site is optimized with the Yoast SEO plugin v26.7 - https:\/\/yoast.com\/wordpress\/plugins\/seo\/ -->\n<title>Liste de th\u00e9rapeutes - VDMS<\/title>\n<meta name=\"robots\" content=\"index, follow, max-snippet:-1, max-image-preview:large, max-video-preview:-1\" \/>\n<link rel=\"canonical\" href=\"https:\/\/vdms.ch\/fr\/therapeutenliste\/\" \/>\n<meta property=\"og:locale\" content=\"fr_FR\" \/>\n<meta property=\"og:type\" content=\"article\" \/>\n<meta property=\"og:title\" content=\"Liste de th\u00e9rapeutes - VDMS\" \/>\n<meta property=\"og:description\" content=\"Liste de th\u00e9rapeutes Nos masseurs m\u00e9dicaux BF m\u00e9ritent votre confiance! Cherchez un ou une th\u00e9rapeute dans votre r\u00e9gion! Pour des raisons de protections de donn\u00e9es, vous ne trouverez que des th\u00e9rapeutes ayant donn\u00e9 leur accord pour \u00eatre publi\u00e9.es dans cette liste.&nbsp;Il est express\u00e9ment interdit aux tierces personnes d\u2019utiliser ou de faire r\u00e9f\u00e9rence, de toute nature, [&hellip;]\" \/>\n<meta property=\"og:url\" content=\"https:\/\/vdms.ch\/fr\/therapeutenliste\/\" \/>\n<meta property=\"og:site_name\" content=\"VDMS\" \/>\n<meta property=\"article:modified_time\" content=\"2025-01-13T15:56:24+00:00\" \/>\n<meta property=\"og:image\" content=\"https:\/\/vdms.ch\/wp-content\/uploads\/2020\/09\/vdms_asmm_titelbild.jpg\" \/>\n\t<meta property=\"og:image:width\" content=\"2560\" \/>\n\t<meta property=\"og:image:height\" content=\"1080\" \/>\n\t<meta property=\"og:image:type\" content=\"image\/jpeg\" \/>\n<meta name=\"twitter:card\" content=\"summary_large_image\" \/>\n<meta name=\"twitter:label1\" content=\"Dur\u00e9e de lecture estim\u00e9e\" \/>\n\t<meta name=\"twitter:data1\" content=\"1 minute\" \/>\n<script type=\"application\/ld+json\" class=\"yoast-schema-graph\">{\"@context\":\"https:\/\/schema.org\",\"@graph\":[{\"@type\":\"WebPage\",\"@id\":\"https:\/\/vdms.ch\/fr\/therapeutenliste\/\",\"url\":\"https:\/\/vdms.ch\/fr\/therapeutenliste\/\",\"name\":\"Liste de th\u00e9rapeutes - VDMS\",\"isPartOf\":{\"@id\":\"https:\/\/vdms.ch\/fr\/#website\"},\"primaryImageOfPage\":{\"@id\":\"https:\/\/vdms.ch\/fr\/therapeutenliste\/#primaryimage\"},\"image\":{\"@id\":\"https:\/\/vdms.ch\/fr\/therapeutenliste\/#primaryimage\"},\"thumbnailUrl\":\"https:\/\/vdms.ch\/wp-content\/uploads\/2020\/09\/vdms_asmm_titelbild.jpg\",\"datePublished\":\"2020-10-27T09:26:14+00:00\",\"dateModified\":\"2025-01-13T15:56:24+00:00\",\"breadcrumb\":{\"@id\":\"https:\/\/vdms.ch\/fr\/therapeutenliste\/#breadcrumb\"},\"inLanguage\":\"fr-FR\",\"potentialAction\":[{\"@type\":\"ReadAction\",\"target\":[\"https:\/\/vdms.ch\/fr\/therapeutenliste\/\"]}]},{\"@type\":\"ImageObject\",\"inLanguage\":\"fr-FR\",\"@id\":\"https:\/\/vdms.ch\/fr\/therapeutenliste\/#primaryimage\",\"url\":\"https:\/\/vdms.ch\/wp-content\/uploads\/2020\/09\/vdms_asmm_titelbild.jpg\",\"contentUrl\":\"https:\/\/vdms.ch\/wp-content\/uploads\/2020\/09\/vdms_asmm_titelbild.jpg\",\"width\":2560,\"height\":1080},{\"@type\":\"BreadcrumbList\",\"@id\":\"https:\/\/vdms.ch\/fr\/therapeutenliste\/#breadcrumb\",\"itemListElement\":[{\"@type\":\"ListItem\",\"position\":1,\"name\":\"Startseite\",\"item\":\"https:\/\/vdms.ch\/fr\/\"},{\"@type\":\"ListItem\",\"position\":2,\"name\":\"Liste de th\u00e9rapeutes\"}]},{\"@type\":\"WebSite\",\"@id\":\"https:\/\/vdms.ch\/fr\/#website\",\"url\":\"https:\/\/vdms.ch\/fr\/\",\"name\":\"VDMS\",\"description\":\"Verband der Medizinischen Massage Schweiz\",\"publisher\":{\"@id\":\"https:\/\/vdms.ch\/fr\/#organization\"},\"potentialAction\":[{\"@type\":\"SearchAction\",\"target\":{\"@type\":\"EntryPoint\",\"urlTemplate\":\"https:\/\/vdms.ch\/fr\/?s={search_term_string}\"},\"query-input\":{\"@type\":\"PropertyValueSpecification\",\"valueRequired\":true,\"valueName\":\"search_term_string\"}}],\"inLanguage\":\"fr-FR\"},{\"@type\":\"Organization\",\"@id\":\"https:\/\/vdms.ch\/fr\/#organization\",\"name\":\"vdms-asmm\",\"url\":\"https:\/\/vdms.ch\/fr\/\",\"logo\":{\"@type\":\"ImageObject\",\"inLanguage\":\"fr-FR\",\"@id\":\"https:\/\/vdms.ch\/fr\/#\/schema\/logo\/image\/\",\"url\":\"https:\/\/vdms.ch\/wp-content\/uploads\/2020\/09\/vdms-logo.png\",\"contentUrl\":\"https:\/\/vdms.ch\/wp-content\/uploads\/2020\/09\/vdms-logo.png\",\"width\":1021,\"height\":388,\"caption\":\"vdms-asmm\"},\"image\":{\"@id\":\"https:\/\/vdms.ch\/fr\/#\/schema\/logo\/image\/\"}}]}<\/script>\n<!-- \/ Yoast SEO plugin. -->","yoast_head_json":{"title":"Liste de th\u00e9rapeutes - VDMS","robots":{"index":"index","follow":"follow","max-snippet":"max-snippet:-1","max-image-preview":"max-image-preview:large","max-video-preview":"max-video-preview:-1"},"canonical":"https:\/\/vdms.ch\/fr\/therapeutenliste\/","og_locale":"fr_FR","og_type":"article","og_title":"Liste de th\u00e9rapeutes - VDMS","og_description":"Liste de th\u00e9rapeutes Nos masseurs m\u00e9dicaux BF m\u00e9ritent votre confiance! Cherchez un ou une th\u00e9rapeute dans votre r\u00e9gion! Pour des raisons de protections de donn\u00e9es, vous ne trouverez que des th\u00e9rapeutes ayant donn\u00e9 leur accord pour \u00eatre publi\u00e9.es dans cette liste.&nbsp;Il est express\u00e9ment interdit aux tierces personnes d\u2019utiliser ou de faire r\u00e9f\u00e9rence, de toute nature, [&hellip;]","og_url":"https:\/\/vdms.ch\/fr\/therapeutenliste\/","og_site_name":"VDMS","article_modified_time":"2025-01-13T15:56:24+00:00","og_image":[{"width":2560,"height":1080,"url":"https:\/\/vdms.ch\/wp-content\/uploads\/2020\/09\/vdms_asmm_titelbild.jpg","type":"image\/jpeg"}],"twitter_card":"summary_large_image","twitter_misc":{"Dur\u00e9e de lecture estim\u00e9e":"1 minute"},"schema":{"@context":"https:\/\/schema.org","@graph":[{"@type":"WebPage","@id":"https:\/\/vdms.ch\/fr\/therapeutenliste\/","url":"https:\/\/vdms.ch\/fr\/therapeutenliste\/","name":"Liste de th\u00e9rapeutes - VDMS","isPartOf":{"@id":"https:\/\/vdms.ch\/fr\/#website"},"primaryImageOfPage":{"@id":"https:\/\/vdms.ch\/fr\/therapeutenliste\/#primaryimage"},"image":{"@id":"https:\/\/vdms.ch\/fr\/therapeutenliste\/#primaryimage"},"thumbnailUrl":"https:\/\/vdms.ch\/wp-content\/uploads\/2020\/09\/vdms_asmm_titelbild.jpg","datePublished":"2020-10-27T09:26:14+00:00","dateModified":"2025-01-13T15:56:24+00:00","breadcrumb":{"@id":"https:\/\/vdms.ch\/fr\/therapeutenliste\/#breadcrumb"},"inLanguage":"fr-FR","potentialAction":[{"@type":"ReadAction","target":["https:\/\/vdms.ch\/fr\/therapeutenliste\/"]}]},{"@type":"ImageObject","inLanguage":"fr-FR","@id":"https:\/\/vdms.ch\/fr\/therapeutenliste\/#primaryimage","url":"https:\/\/vdms.ch\/wp-content\/uploads\/2020\/09\/vdms_asmm_titelbild.jpg","contentUrl":"https:\/\/vdms.ch\/wp-content\/uploads\/2020\/09\/vdms_asmm_titelbild.jpg","width":2560,"height":1080},{"@type":"BreadcrumbList","@id":"https:\/\/vdms.ch\/fr\/therapeutenliste\/#breadcrumb","itemListElement":[{"@type":"ListItem","position":1,"name":"Startseite","item":"https:\/\/vdms.ch\/fr\/"},{"@type":"ListItem","position":2,"name":"Liste de th\u00e9rapeutes"}]},{"@type":"WebSite","@id":"https:\/\/vdms.ch\/fr\/#website","url":"https:\/\/vdms.ch\/fr\/","name":"VDMS","description":"Verband der Medizinischen Massage Schweiz","publisher":{"@id":"https:\/\/vdms.ch\/fr\/#organization"},"potentialAction":[{"@type":"SearchAction","target":{"@type":"EntryPoint","urlTemplate":"https:\/\/vdms.ch\/fr\/?s={search_term_string}"},"query-input":{"@type":"PropertyValueSpecification","valueRequired":true,"valueName":"search_term_string"}}],"inLanguage":"fr-FR"},{"@type":"Organization","@id":"https:\/\/vdms.ch\/fr\/#organization","name":"vdms-asmm","url":"https:\/\/vdms.ch\/fr\/","logo":{"@type":"ImageObject","inLanguage":"fr-FR","@id":"https:\/\/vdms.ch\/fr\/#\/schema\/logo\/image\/","url":"https:\/\/vdms.ch\/wp-content\/uploads\/2020\/09\/vdms-logo.png","contentUrl":"https:\/\/vdms.ch\/wp-content\/uploads\/2020\/09\/vdms-logo.png","width":1021,"height":388,"caption":"vdms-asmm"},"image":{"@id":"https:\/\/vdms.ch\/fr\/#\/schema\/logo\/image\/"}}]}},"_links":{"self":[{"href":"https:\/\/vdms.ch\/fr\/wp-json\/wp\/v2\/pages\/6424","targetHints":{"allow":["GET"]}}],"collection":[{"href":"https:\/\/vdms.ch\/fr\/wp-json\/wp\/v2\/pages"}],"about":[{"href":"https:\/\/vdms.ch\/fr\/wp-json\/wp\/v2\/types\/page"}],"author":[{"embeddable":true,"href":"https:\/\/vdms.ch\/fr\/wp-json\/wp\/v2\/users\/1"}],"replies":[{"embeddable":true,"href":"https:\/\/vdms.ch\/fr\/wp-json\/wp\/v2\/comments?post=6424"}],"version-history":[{"count":9,"href":"https:\/\/vdms.ch\/fr\/wp-json\/wp\/v2\/pages\/6424\/revisions"}],"predecessor-version":[{"id":15605,"href":"https:\/\/vdms.ch\/fr\/wp-json\/wp\/v2\/pages\/6424\/revisions\/15605"}],"wp:featuredmedia":[{"embeddable":true,"href":"https:\/\/vdms.ch\/fr\/wp-json\/wp\/v2\/media\/6425"}],"wp:attachment":[{"href":"https:\/\/vdms.ch\/fr\/wp-json\/wp\/v2\/media?parent=6424"}],"curies":[{"name":"wp","href":"https:\/\/api.w.org\/{rel}","templated":true}]}}