{"id":6434,"date":"2020-08-23T17:21:54","date_gmt":"2020-08-23T15:21:54","guid":{"rendered":"https:\/\/vdms.ch\/richtlinien\/"},"modified":"2025-11-20T15:48:46","modified_gmt":"2025-11-20T14:48:46","slug":"richtlinien","status":"publish","type":"page","link":"https:\/\/vdms.ch\/fr\/richtlinien\/","title":{"rendered":"Normes de qualit\u00e9"},"content":{"rendered":"\n<h1 class=\"wp-block-heading color-brown overline\">Normes de qualit\u00e9<\/h1>\n\n\n\n<p class=\"color-brown\"><strong>Nos normes de qualit\u00e9 refl\u00e8tent l&rsquo;exercice professionnel des professionnels de la sant\u00e9 : transparent, fiable et responsable. Vous trouverez sur cette page notre code de d\u00e9ontologie ainsi que les directives qui vous aideront dans votre quotidien et dans vos d\u00e9cisions. Nous garantissons ainsi que les valeurs, la qualit\u00e9 et le professionnalisme sont toujours prioritaires.<\/strong><\/p>\n\n\n\n<div style=\"height:20px\" aria-hidden=\"true\" class=\"wp-block-spacer\"><\/div>\n\n\n\n<div class=\"wp-block-columns alignfull is-layout-flex wp-container-core-columns-is-layout-9d6595d7 wp-block-columns-is-layout-flex\">\n<div class=\"wp-block-column is-layout-flow wp-block-column-is-layout-flow\">\n<h3 class=\"wp-block-heading\"><\/h3>\n\n\n\n<p><\/p>\n<\/div>\n\n\n\n<div class=\"wp-block-column is-layout-flow wp-block-column-is-layout-flow\"><\/div>\n<\/div>\n\n\n<section class=\"richtlinien-choice row\">\r\n    \r\n                <div class=\"richtlinie-feature col-md-4\">\r\n                                        <a href=\"https:\/\/vdms.ch\/wp-content\/uploads\/2025\/11\/Code-de-deontolgie.pdf\" target=\"_blank\"><div class=\"circle_1\" style=\"background: #756762; border: 2px solid #756762;\">Code de d\u00e9ontolgie<\/div><\/a>\r\n                    <span>Les normes et valeurs \u00e9thiques les plus importantes<\/span>\r\n                <\/div>\r\n\r\n            \r\n                <div class=\"richtlinie-feature col-md-4\">\r\n                                        <a href=\"https:\/\/vdms.ch\/wp-content\/uploads\/2021\/01\/Criteres-de-qualite.pdf\" target=\"_blank\"><div class=\"circle_1\" style=\"background: #756762; border: 2px solid #756762;\">Lignes directrices<\/div><\/a>\r\n                    <span>crit\u00e8res de qualit\u00e9 vdms-asmm<\/span>\r\n                <\/div>\r\n\r\n            \r\n<\/section>\n\n\n<hr class=\"wp-block-separator has-css-opacity is-style-wide\"\/>\n\n\n<section class=\"mitglied_werden row\">\r\n    <div class=\"col-md-12\">\r\n        <h3 class=\"color-brown text-center\">Saisissez votre chance<br \/>\r\navec le vdms-asmm<\/h3>\r\n                    <a href=\"https:\/\/vdms.ch\/fr\/devenir-membre\/\">\r\n                <button class=\"background-red\" style=\"display: flex;\">Devenir membre<\/button>\r\n            <\/a>\r\n        \r\n    <\/div>\r\n<\/section>","protected":false},"excerpt":{"rendered":"<p>Normes de qualit\u00e9 Nos normes de qualit\u00e9 refl\u00e8tent l&rsquo;exercice professionnel des professionnels de la sant\u00e9 : transparent, fiable et responsable. Vous trouverez sur cette page notre code de d\u00e9ontologie ainsi que les directives qui vous aideront dans votre quotidien et dans vos d\u00e9cisions. Nous garantissons ainsi que les valeurs, la qualit\u00e9 et le professionnalisme sont [&hellip;]<\/p>\n","protected":false},"author":1,"featured_media":0,"parent":0,"menu_order":108,"comment_status":"closed","ping_status":"closed","template":"","meta":{"_acf_changed":false,"footnotes":""},"class_list":["post-6434","page","type-page","status-publish","hentry"],"acf":[],"yoast_head":"<!-- This site is optimized with the Yoast SEO plugin v26.7 - https:\/\/yoast.com\/wordpress\/plugins\/seo\/ -->\n<title>Normes de qualit\u00e9 - VDMS<\/title>\n<meta name=\"robots\" content=\"index, follow, max-snippet:-1, max-image-preview:large, max-video-preview:-1\" \/>\n<link rel=\"canonical\" href=\"https:\/\/vdms.ch\/fr\/richtlinien\/\" \/>\n<meta property=\"og:locale\" content=\"fr_FR\" \/>\n<meta property=\"og:type\" content=\"article\" \/>\n<meta property=\"og:title\" content=\"Normes de qualit\u00e9 - VDMS\" \/>\n<meta property=\"og:description\" content=\"Normes de qualit\u00e9 Nos normes de qualit\u00e9 refl\u00e8tent l&rsquo;exercice professionnel des professionnels de la sant\u00e9 : transparent, fiable et responsable. Vous trouverez sur cette page notre code de d\u00e9ontologie ainsi que les directives qui vous aideront dans votre quotidien et dans vos d\u00e9cisions. Nous garantissons ainsi que les valeurs, la qualit\u00e9 et le professionnalisme sont [&hellip;]\" \/>\n<meta property=\"og:url\" content=\"https:\/\/vdms.ch\/fr\/richtlinien\/\" \/>\n<meta property=\"og:site_name\" content=\"VDMS\" \/>\n<meta property=\"article:modified_time\" content=\"2025-11-20T14:48:46+00:00\" \/>\n<meta name=\"twitter:card\" content=\"summary_large_image\" \/>\n<meta name=\"twitter:label1\" content=\"Dur\u00e9e de lecture estim\u00e9e\" \/>\n\t<meta name=\"twitter:data1\" content=\"1 minute\" \/>\n<script type=\"application\/ld+json\" class=\"yoast-schema-graph\">{\"@context\":\"https:\/\/schema.org\",\"@graph\":[{\"@type\":\"WebPage\",\"@id\":\"https:\/\/vdms.ch\/fr\/richtlinien\/\",\"url\":\"https:\/\/vdms.ch\/fr\/richtlinien\/\",\"name\":\"Normes de qualit\u00e9 - VDMS\",\"isPartOf\":{\"@id\":\"https:\/\/vdms.ch\/fr\/#website\"},\"datePublished\":\"2020-08-23T15:21:54+00:00\",\"dateModified\":\"2025-11-20T14:48:46+00:00\",\"breadcrumb\":{\"@id\":\"https:\/\/vdms.ch\/fr\/richtlinien\/#breadcrumb\"},\"inLanguage\":\"fr-FR\",\"potentialAction\":[{\"@type\":\"ReadAction\",\"target\":[\"https:\/\/vdms.ch\/fr\/richtlinien\/\"]}]},{\"@type\":\"BreadcrumbList\",\"@id\":\"https:\/\/vdms.ch\/fr\/richtlinien\/#breadcrumb\",\"itemListElement\":[{\"@type\":\"ListItem\",\"position\":1,\"name\":\"Startseite\",\"item\":\"https:\/\/vdms.ch\/fr\/\"},{\"@type\":\"ListItem\",\"position\":2,\"name\":\"Normes de qualit\u00e9\"}]},{\"@type\":\"WebSite\",\"@id\":\"https:\/\/vdms.ch\/fr\/#website\",\"url\":\"https:\/\/vdms.ch\/fr\/\",\"name\":\"VDMS\",\"description\":\"Verband der Medizinischen Massage Schweiz\",\"publisher\":{\"@id\":\"https:\/\/vdms.ch\/fr\/#organization\"},\"potentialAction\":[{\"@type\":\"SearchAction\",\"target\":{\"@type\":\"EntryPoint\",\"urlTemplate\":\"https:\/\/vdms.ch\/fr\/?s={search_term_string}\"},\"query-input\":{\"@type\":\"PropertyValueSpecification\",\"valueRequired\":true,\"valueName\":\"search_term_string\"}}],\"inLanguage\":\"fr-FR\"},{\"@type\":\"Organization\",\"@id\":\"https:\/\/vdms.ch\/fr\/#organization\",\"name\":\"vdms-asmm\",\"url\":\"https:\/\/vdms.ch\/fr\/\",\"logo\":{\"@type\":\"ImageObject\",\"inLanguage\":\"fr-FR\",\"@id\":\"https:\/\/vdms.ch\/fr\/#\/schema\/logo\/image\/\",\"url\":\"https:\/\/vdms.ch\/wp-content\/uploads\/2020\/09\/vdms-logo.png\",\"contentUrl\":\"https:\/\/vdms.ch\/wp-content\/uploads\/2020\/09\/vdms-logo.png\",\"width\":1021,\"height\":388,\"caption\":\"vdms-asmm\"},\"image\":{\"@id\":\"https:\/\/vdms.ch\/fr\/#\/schema\/logo\/image\/\"}}]}<\/script>\n<!-- \/ Yoast SEO plugin. -->","yoast_head_json":{"title":"Normes de qualit\u00e9 - VDMS","robots":{"index":"index","follow":"follow","max-snippet":"max-snippet:-1","max-image-preview":"max-image-preview:large","max-video-preview":"max-video-preview:-1"},"canonical":"https:\/\/vdms.ch\/fr\/richtlinien\/","og_locale":"fr_FR","og_type":"article","og_title":"Normes de qualit\u00e9 - VDMS","og_description":"Normes de qualit\u00e9 Nos normes de qualit\u00e9 refl\u00e8tent l&rsquo;exercice professionnel des professionnels de la sant\u00e9 : transparent, fiable et responsable. Vous trouverez sur cette page notre code de d\u00e9ontologie ainsi que les directives qui vous aideront dans votre quotidien et dans vos d\u00e9cisions. Nous garantissons ainsi que les valeurs, la qualit\u00e9 et le professionnalisme sont [&hellip;]","og_url":"https:\/\/vdms.ch\/fr\/richtlinien\/","og_site_name":"VDMS","article_modified_time":"2025-11-20T14:48:46+00:00","twitter_card":"summary_large_image","twitter_misc":{"Dur\u00e9e de lecture estim\u00e9e":"1 minute"},"schema":{"@context":"https:\/\/schema.org","@graph":[{"@type":"WebPage","@id":"https:\/\/vdms.ch\/fr\/richtlinien\/","url":"https:\/\/vdms.ch\/fr\/richtlinien\/","name":"Normes de qualit\u00e9 - VDMS","isPartOf":{"@id":"https:\/\/vdms.ch\/fr\/#website"},"datePublished":"2020-08-23T15:21:54+00:00","dateModified":"2025-11-20T14:48:46+00:00","breadcrumb":{"@id":"https:\/\/vdms.ch\/fr\/richtlinien\/#breadcrumb"},"inLanguage":"fr-FR","potentialAction":[{"@type":"ReadAction","target":["https:\/\/vdms.ch\/fr\/richtlinien\/"]}]},{"@type":"BreadcrumbList","@id":"https:\/\/vdms.ch\/fr\/richtlinien\/#breadcrumb","itemListElement":[{"@type":"ListItem","position":1,"name":"Startseite","item":"https:\/\/vdms.ch\/fr\/"},{"@type":"ListItem","position":2,"name":"Normes de qualit\u00e9"}]},{"@type":"WebSite","@id":"https:\/\/vdms.ch\/fr\/#website","url":"https:\/\/vdms.ch\/fr\/","name":"VDMS","description":"Verband der Medizinischen Massage Schweiz","publisher":{"@id":"https:\/\/vdms.ch\/fr\/#organization"},"potentialAction":[{"@type":"SearchAction","target":{"@type":"EntryPoint","urlTemplate":"https:\/\/vdms.ch\/fr\/?s={search_term_string}"},"query-input":{"@type":"PropertyValueSpecification","valueRequired":true,"valueName":"search_term_string"}}],"inLanguage":"fr-FR"},{"@type":"Organization","@id":"https:\/\/vdms.ch\/fr\/#organization","name":"vdms-asmm","url":"https:\/\/vdms.ch\/fr\/","logo":{"@type":"ImageObject","inLanguage":"fr-FR","@id":"https:\/\/vdms.ch\/fr\/#\/schema\/logo\/image\/","url":"https:\/\/vdms.ch\/wp-content\/uploads\/2020\/09\/vdms-logo.png","contentUrl":"https:\/\/vdms.ch\/wp-content\/uploads\/2020\/09\/vdms-logo.png","width":1021,"height":388,"caption":"vdms-asmm"},"image":{"@id":"https:\/\/vdms.ch\/fr\/#\/schema\/logo\/image\/"}}]}},"_links":{"self":[{"href":"https:\/\/vdms.ch\/fr\/wp-json\/wp\/v2\/pages\/6434","targetHints":{"allow":["GET"]}}],"collection":[{"href":"https:\/\/vdms.ch\/fr\/wp-json\/wp\/v2\/pages"}],"about":[{"href":"https:\/\/vdms.ch\/fr\/wp-json\/wp\/v2\/types\/page"}],"author":[{"embeddable":true,"href":"https:\/\/vdms.ch\/fr\/wp-json\/wp\/v2\/users\/1"}],"replies":[{"embeddable":true,"href":"https:\/\/vdms.ch\/fr\/wp-json\/wp\/v2\/comments?post=6434"}],"version-history":[{"count":5,"href":"https:\/\/vdms.ch\/fr\/wp-json\/wp\/v2\/pages\/6434\/revisions"}],"predecessor-version":[{"id":17214,"href":"https:\/\/vdms.ch\/fr\/wp-json\/wp\/v2\/pages\/6434\/revisions\/17214"}],"wp:attachment":[{"href":"https:\/\/vdms.ch\/fr\/wp-json\/wp\/v2\/media?parent=6434"}],"curies":[{"name":"wp","href":"https:\/\/api.w.org\/{rel}","templated":true}]}}