{"id":6675,"date":"2020-08-23T16:27:06","date_gmt":"2020-08-23T14:27:06","guid":{"rendered":"https:\/\/vdms.ch\/kategorien\/"},"modified":"2025-01-29T09:01:47","modified_gmt":"2025-01-29T08:01:47","slug":"kategorien","status":"publish","type":"page","link":"https:\/\/vdms.ch\/fr\/kategorien\/","title":{"rendered":"Cat\u00e9gories"},"content":{"rendered":"\n<h1 class=\"wp-block-heading color-brown overline\">Cat\u00e9gories<\/h1>\n\n\n\n<div style=\"height:30px\" aria-hidden=\"true\" class=\"wp-block-spacer\"><\/div>\n\n\n<section class=\"kategorien row\">\r\n                                <div id=\"masseur-seuse-medical-e-bf\" class=\"col-md-12\">\r\n                <div class=\"row\">\r\n                    <div class=\"col-md-2\">\r\n                        <div class=\"circle_kategorie background-red\">\r\n                            Masseur.seuse <br \/>\r\nm\u00e9dical.e BF                        <\/div>\r\n                    <\/div>\r\n                    <div class=\"col-md-10 desc\">\r\n                        <p><strong>Tous les masseurs.seuses m\u00e9dicaux.cales BF travaillant en Suisse ou au Liechtenstein peuvent faire partie de la cat\u00e9gorie Masseur.seuse m\u00e9dical.e BF.<\/strong><\/p>\n<p>Les membres de la cat\u00e9gorie Masseur.seuse m\u00e9dical.e BF b\u00e9n\u00e9ficient d\u2019un acc\u00e8s opportun \u00e0 toutes les informations transmises par le vdms-asmmet et d&rsquo;un large \u00e9ventail de services avec l&rsquo;aide du vdms-asmm.<\/p>\n<ul>\n<li>rabais lors de formation continue inclus<\/li>\n<li>contr\u00f4le de la formation continue asca inclus<\/li>\n<li>abonnement annuel Reflexe inclus<\/li>\n<li>rabais aupr\u00e8s des partenaires vdms-asmm inclus<\/li>\n<li>acc\u00e8s \u00e0 l\u2019espace membre sur le site internet inclus<\/li>\n<\/ul>\n                        <hr\/>\r\n                        <div class=\"jahresbeitrag\"><p><strong>CHF 300.-<\/strong> Cotisation annuelle<\/p>\n                                                        <a href=\"https:\/\/vdms.ch\/mitglied-werden\/?kategorie=Med.%20Masseur\">\r\n                                <div class=\"color-red arrow-right\">\r\n                                Formulaire d&rsquo;inscription                                <img decoding=\"async\" src=\"https:\/\/vdms.ch\/wp-content\/themes\/vdms\/images\/arrow-right.png\"\/>\r\n                                <\/div>\r\n                            <\/a>\r\n                        <\/div>\r\n                    <\/div>\r\n                <\/div>\r\n            <\/div>\r\n                                    <div id=\"sfml\" class=\"col-md-12\">\r\n                <div class=\"row\">\r\n                    <div class=\"col-md-2\">\r\n                        <div class=\"circle_kategorie background-red\">\r\n                            SFML                        <\/div>\r\n                    <\/div>\r\n                    <div class=\"col-md-10 desc\">\r\n                        <p><b><span lang=\"FR-CH\" data-ogsc=\"red\">Les membres de la cat\u00e9gorie SFML sont des th\u00e9rapeutes lymphatiques et des masseurs m\u00e9dicaux BF qui se sont sp\u00e9cialis\u00e9s dans la m\u00e9thode th\u00e9rapeutique du drainage lymphatique manuel.<\/span><\/b><\/p>\n<p>Avec la cat\u00e9gorie de membres SFML, nous nous engageons sp\u00e9cialement pour les demandes du drainage lymphatique manuel. L\u2019acc\u00e8s \u00e0 cette cat\u00e9gorie est exclusivement r\u00e9serv\u00e9 aux th\u00e9rapeutes lymphatiques et aux masseurs m\u00e9dicaux titulaires du brevet f\u00e9d\u00e9ral.<\/p>\n<p>Les th\u00e9rapeutes lymphatiques et les masseurs m\u00e9dicaux avec brevet f\u00e9d\u00e9ral disposent d\u2019une formation approfondie en anatomie, physiologie et drainage lymphatique manuel. Des formations continues r\u00e9guli\u00e8res leur permettent d\u2019\u00eatre toujours \u00e0 la pointe des connaissances scientifiques et des comp\u00e9tences pratiques. Pour \u00eatre reconnus comme membres de la cat\u00e9gorie SFML, ils doivent suivre au moins 20 heures de formation continue par an, dont 14 heures deformation continue en lymphologie. Cela garantit une grande comp\u00e9tence professionnelle et des approches th\u00e9rapeutiques adapt\u00e9es aux besoins individuels des patients atteints du syst\u00e8me lymphatique.<\/p>\n<ul>\n<li>Abonnement annuel au Reflexe inclus<\/li>\n<li>Rabais sur les formations continues inclus<\/li>\n<li><span lang=\"FR-CH\" data-ogsc=\"red\">Contr\u00f4le de la formation continue annuel du SFML inclus<\/span><\/li>\n<li>Contr\u00f4le de la formation continue annuel ASCA inclus<\/li>\n<li>Rabais aupr\u00e8s des partenaires vdms-asmm inclus<\/li>\n<li>Acc\u00e8s \u00e0 l\u2019espace membre sur le site internet inclus<\/li>\n<\/ul>\n                        <hr\/>\r\n                        <div class=\"jahresbeitrag\"><p><strong>CHF 300.-<\/strong> Cotisation annuelle<\/p>\n                                                        <a href=\"\">\r\n                                <div class=\"color-red arrow-right\">\r\n                                Formulaire d&rsquo;inscription                                <img decoding=\"async\" src=\"https:\/\/vdms.ch\/wp-content\/themes\/vdms\/images\/arrow-right.png\"\/>\r\n                                <\/div>\r\n                            <\/a>\r\n                        <\/div>\r\n                    <\/div>\r\n                <\/div>\r\n            <\/div>\r\n                                    <div id=\"etudiant\" class=\"col-md-12\">\r\n                <div class=\"row\">\r\n                    <div class=\"col-md-2\">\r\n                        <div class=\"circle_kategorie background-red\">\r\n                            Etudiant                        <\/div>\r\n                    <\/div>\r\n                    <div class=\"col-md-10 desc\">\r\n                        <p><strong>Les membres Etudiant sont en formation pour devenir masseur m\u00e9dical BF (apprenant, \u00e9l\u00e8ve et stagiaire). Une fois le titre obtenu, ils deviennent automatiquement membre actif, sans r\u00e9aliser d\u2019autres d\u00e9marches.\u00a0<\/strong><\/p>\n<p>Gr\u00e2ce \u00e0 cette\u00a0cat\u00e9gorie, le vdms-asmm peut entendre les pr\u00e9occupations des apprenants en formation et les traiter en leur faveur. Les \u00e9tudiants b\u00e9n\u00e9ficient de l\u2019aide du vdms-asmm et sont inform\u00e9s sur la pratique professionnelle d\u00e8s l\u2019obtention de leur titre de MM BF.<\/p>\n<ul>\n<li>premi\u00e8re ann\u00e9e civile de cotisation offerte<\/li>\n<li>abonnement annuel Reflexe inclus<\/li>\n<li>rabais lors de formation continue inclus<\/li>\n<li>rabais aupr\u00e8s des partenaires vdms-asmm inclus<\/li>\n<li>acc\u00e8s \u00e0 l\u2019espace membre sur le site internet inclus<\/li>\n<\/ul>\n                        <hr\/>\r\n                        <div class=\"jahresbeitrag\"><p><strong>CHF 120.-<\/strong> Cotisation annuelle<\/p>\n                                                        <a href=\"https:\/\/vdms.ch\/mitglied-werden\/?kategorie=Student\">\r\n                                <div class=\"color-red arrow-right\">\r\n                                Formulaire d&rsquo;inscription                                <img decoding=\"async\" src=\"https:\/\/vdms.ch\/wp-content\/themes\/vdms\/images\/arrow-right.png\"\/>\r\n                                <\/div>\r\n                            <\/a>\r\n                        <\/div>\r\n                    <\/div>\r\n                <\/div>\r\n            <\/div>\r\n                                    <div id=\"employeur\" class=\"col-md-12\">\r\n                <div class=\"row\">\r\n                    <div class=\"col-md-2\">\r\n                        <div class=\"circle_kategorie background-red\">\r\n                            Employeur                        <\/div>\r\n                    <\/div>\r\n                    <div class=\"col-md-10 desc\">\r\n                        <p><strong>Les entreprises figurant dans la cat\u00e9gorie Employeur collaborent avec au moins trois masseurs m\u00e9dicaux BF employ\u00e9s.<\/strong><\/p>\n<p>En raison des changements et des pressions dans le syst\u00e8me de soins de sant\u00e9, les employeurs deviennent de plus en plus importants pour le masseur m\u00e9dical BF ainsi que dans le travail de l&rsquo;association et vice versa. Le vdms-asmm r\u00e9pond de mani\u00e8re ad\u00e9quate aux besoins des employeurs dans le cadre de la formation et de la pratique professionnelle du masseur m\u00e9dical.<\/p>\n<p>Avec une approche coordonn\u00e9e et en tenant compte de toutes les parties prenantes, le vdms-asmm travaille sur les objectifs pour le masseur m\u00e9dical BF, d\u00e9finis avec les employeurs.<\/p>\n<ul>\n<li>abonnement annuel Reflexe inclus (min. 3 exemplaires par envoi)<\/li>\n<li>rabais pour des prestations du vdms-asmm inclus<\/li>\n<li>acc\u00e8s \u00e0 l\u2019espace membre sur le site internet inclus<\/li>\n<\/ul>\n                        <hr\/>\r\n                        <div class=\"jahresbeitrag\"><p><strong>d\u00e8s 1\u2019000 CHF <\/strong>de cotisation annuelle (cotisation minimale pour un employeur de 3 \u00e0 5 MM BF)<\/p>\n<p><em>La cotisation annuelle tient compte de l&rsquo;importance \u00e9conomique, \u00e9ducative ou professionnelle de l&#8217;employeur. C\u2019est le comit\u00e9 qui d\u00e9terminent les cotisations lors de la proc\u00e9dure d&rsquo;admission de l\u2019employeur.<\/em><\/p>\n                                                        <a href=\"https:\/\/vdms.ch\/mitglied-werden\/?kategorie=Arbeitgeber\">\r\n                                <div class=\"color-red arrow-right\">\r\n                                Formulaire d&rsquo;inscription                                <img decoding=\"async\" src=\"https:\/\/vdms.ch\/wp-content\/themes\/vdms\/images\/arrow-right.png\"\/>\r\n                                <\/div>\r\n                            <\/a>\r\n                        <\/div>\r\n                    <\/div>\r\n                <\/div>\r\n            <\/div>\r\n                                    <div id=\"academy\" class=\"col-md-12\">\r\n                <div class=\"row\">\r\n                    <div class=\"col-md-2\">\r\n                        <div class=\"circle_kategorie background-red\">\r\n                            Academy                        <\/div>\r\n                    <\/div>\r\n                    <div class=\"col-md-10 desc\">\r\n                        <p><strong>Les membres Academy sont les th\u00e9rapeutes qui ne poss\u00e8dent pas le titre de masseur\u00a0m\u00e9dical\u00a0BF mais qui au moins une m\u00e9thode enregistr\u00e9e et qui veulent profiter du programme de formation continue \u00e0 un\u00a0prix avantageux.\u00a0<\/strong><\/p>\n<p>Cette cat\u00e9gorie incite le vdms-asmm \u00e0 prendre en compte les besoins des autres th\u00e9rapeutes compl\u00e9mentaires dans les th\u00e8mes de formation continue et donc indirectement \u00e0 promouvoir le travail interdisciplinaire. Les masseurs non m\u00e9dicaux doivent \u00e9galement pouvoir b\u00e9n\u00e9ficier des services du vdms-asmm et, entre autres, gagner en valeur ajout\u00e9e dans la formation continue.<\/p>\n<ul>\n<li>rabais lors de formation continue vdms-asmm inclus<\/li>\n<li>contr\u00f4le de la formation continue asca inclus<\/li>\n<li>abonnement annuel Reflexe inclus<\/li>\n<li>newsletter\u00a0vdms-asmm<\/li>\n<\/ul>\n                        <hr\/>\r\n                        <div class=\"jahresbeitrag\"><p><strong>CHF 260.-<\/strong> Cotisation annuelle<\/p>\n                                                        <a href=\"https:\/\/vdms.ch\/mitglied-werden\/?kategorie=Academy\">\r\n                                <div class=\"color-red arrow-right\">\r\n                                Formulaire d&rsquo;inscription                                <img decoding=\"async\" src=\"https:\/\/vdms.ch\/wp-content\/themes\/vdms\/images\/arrow-right.png\"\/>\r\n                                <\/div>\r\n                            <\/a>\r\n                        <\/div>\r\n                    <\/div>\r\n                <\/div>\r\n            <\/div>\r\n                                    <div id=\"membrecollectif\" class=\"col-md-12\">\r\n                <div class=\"row\">\r\n                    <div class=\"col-md-2\">\r\n                        <div class=\"circle_kategorie background-red\">\r\n                            Membre<br \/>\r\ncollectif                        <\/div>\r\n                    <\/div>\r\n                    <div class=\"col-md-10 desc\">\r\n                        <p><strong>Le membre collectif peut \u00eatre une entreprise, une organisation ou une association tierce, qui s\u2019identifie avec les objectifs de l\u2019association ou qui veulent soutenir ceux-ci.<\/strong><\/p>\n<p>Le vdms-asmm consid\u00e8re le membre collectif comme un partenaire et celui-ci doit avoir un lien avec le milieu de la formation ou de la sant\u00e9. Les membres collectifs reconnaissent la valeur ajout\u00e9e d\u2019un masseur m\u00e9dical BF. Le vdms-asmm aide \u00e0 construire, \u00e0 mettre en avant et \u00e0 rendre visible cette valeur ajout\u00e9e. Les membres collectifs figurent dans les canaux de communication du vdms-asmm et profitent de la pr\u00e9sence du vdms-asmm sur le march\u00e9.<\/p>\n<ul>\n<li>abonnement annuel Reflexe inclus (min. 3 exemplaires par envoi)<\/li>\n<li>rabais pour des prestations du vdms-asmm inclus<\/li>\n<li>acc\u00e8s \u00e0 l\u2019espace membre du site internet inclus<\/li>\n<\/ul>\n                        <hr\/>\r\n                        <div class=\"jahresbeitrag\"><p><strong>CHF 2\u2019500<\/strong> Cotisation annuelle<\/p>\n<p><em>La cotisation annuelle est une ligne directrice. La cotisation annuelle d\u00e9finitive est d\u00e9termin\u00e9e par le comit\u00e9 dans le cadre de la proc\u00e9dure d&rsquo;admission et doit refl\u00e9ter l&rsquo;importance \u00e9conomique, \u00e9ducative ou professionnelle du membre collectif.<\/em><\/p>\n                                                        <a href=\"https:\/\/vdms.ch\/mitglied-werden\/?kategorie=Kollektiv-Mitglied\">\r\n                                <div class=\"color-red arrow-right\">\r\n                                Formulaire d&rsquo;inscription                                <img decoding=\"async\" src=\"https:\/\/vdms.ch\/wp-content\/themes\/vdms\/images\/arrow-right.png\"\/>\r\n                                <\/div>\r\n                            <\/a>\r\n                        <\/div>\r\n                    <\/div>\r\n                <\/div>\r\n            <\/div>\r\n                                    <div id=\"membre-passif\" class=\"col-md-12\">\r\n                <div class=\"row\">\r\n                    <div class=\"col-md-2\">\r\n                        <div class=\"circle_kategorie background-red\">\r\n                            Membre <br \/>\r\npassif                        <\/div>\r\n                    <\/div>\r\n                    <div class=\"col-md-10 desc\">\r\n                        <p><strong>Les membres passifs sont les personnes qui remplissent les crit\u00e8res pour faire partie de la cat\u00e9gorie Masseur m\u00e9dical BF\u00a0mais\u00a0qui ne sont plus actifs dans la profession.\u00a0<\/strong><\/p>\n<p>Le vdms-asmm propose plusieurs avantages aux membres passifs qui s\u2019identifient \u00e0 la profession et gr\u00e2ce aux informations cibl\u00e9es (magazine, newsletter) le membre passif reste au courant des derni\u00e8res nouveaut\u00e9s. Il peut participer \u00e0 l\u2019Assembl\u00e9e G\u00e9n\u00e9rale en tant qu\u2019invit\u00e9.<\/p>\n<ul>\n<li>abonnement annuel Reflexe inclus<\/li>\n<li>newsletter vdms-asmm<\/li>\n<\/ul>\n                        <hr\/>\r\n                        <div class=\"jahresbeitrag\"><p><strong>CHF 150.-<\/strong> Cotisation annuelle<\/p>\n                                                        <a href=\"https:\/\/vdms.ch\/mitglied-werden\/?kategorie=Passiv-Mitglied\">\r\n                                <div class=\"color-red arrow-right\">\r\n                                Formulaire d&rsquo;inscription                                <img decoding=\"async\" src=\"https:\/\/vdms.ch\/wp-content\/themes\/vdms\/images\/arrow-right.png\"\/>\r\n                                <\/div>\r\n                            <\/a>\r\n                        <\/div>\r\n                    <\/div>\r\n                <\/div>\r\n            <\/div>\r\n                                    <div id=\"mecene\" class=\"col-md-12\">\r\n                <div class=\"row\">\r\n                    <div class=\"col-md-2\">\r\n                        <div class=\"circle_kategorie background-red\">\r\n                            M\u00e9c\u00e8ne                        <\/div>\r\n                    <\/div>\r\n                    <div class=\"col-md-10 desc\">\r\n                        <p>Les m\u00e9c\u00e8nes sont \u00e9videmment les bienvenus au vdms-asmm. En tant que m\u00e9c\u00e8ne vous soutenez les activit\u00e9s du vdms-asmm et vous renforcer directement la profession de masseur m\u00e9dical BF.\u00a0Vous serez inform\u00e9 des activit\u00e9s de l\u2019association et recevez le magazine Reflexe.<\/p>\n<ul>\n<li>abonnement annuel Reflexe inclus<\/li>\n<\/ul>\n                        <hr\/>\r\n                        <div class=\"jahresbeitrag\"><p><strong>d\u00e8s CHF 200.- <\/strong>de cotisation annuelle<\/p>\n                                                        <a href=\"https:\/\/vdms.ch\/mitglied-werden\/?kategorie=G\u00f6nner\">\r\n                                <div class=\"color-red arrow-right\">\r\n                                Formulaire d&rsquo;inscription                                <img decoding=\"async\" src=\"https:\/\/vdms.ch\/wp-content\/themes\/vdms\/images\/arrow-right.png\"\/>\r\n                                <\/div>\r\n                            <\/a>\r\n                        <\/div>\r\n                    <\/div>\r\n                <\/div>\r\n            <\/div>\r\n            <\/section>\n\n\n<hr class=\"wp-block-separator has-css-opacity is-style-wide\"\/>\n\n\n<section class=\"mitglied_werden row\">\r\n    <div class=\"col-md-12\">\r\n        <h3 class=\"color-brown text-center\">Saisissez votre chance<br \/>\r\navec le vdms-asmm<\/h3>\r\n                    <a href=\"https:\/\/vdms.ch\/fr\/devenir-membre\/\">\r\n                <button class=\"background-red\" style=\"display: flex;\">Devenir membre<\/button>\r\n            <\/a>\r\n        \r\n    <\/div>\r\n<\/section>","protected":false},"excerpt":{"rendered":"<p>Cat\u00e9gories<\/p>\n","protected":false},"author":1,"featured_media":0,"parent":0,"menu_order":131,"comment_status":"closed","ping_status":"closed","template":"","meta":{"_acf_changed":false,"footnotes":""},"class_list":["post-6675","page","type-page","status-publish","hentry"],"acf":[],"yoast_head":"<!-- This site is optimized with the Yoast SEO plugin v26.7 - https:\/\/yoast.com\/wordpress\/plugins\/seo\/ -->\n<title>Cat\u00e9gories - VDMS<\/title>\n<meta name=\"robots\" content=\"index, follow, max-snippet:-1, max-image-preview:large, max-video-preview:-1\" \/>\n<link rel=\"canonical\" href=\"https:\/\/vdms.ch\/fr\/kategorien\/\" \/>\n<meta property=\"og:locale\" content=\"fr_FR\" \/>\n<meta property=\"og:type\" content=\"article\" \/>\n<meta property=\"og:title\" content=\"Cat\u00e9gories - VDMS\" \/>\n<meta property=\"og:description\" content=\"Cat\u00e9gories\" \/>\n<meta property=\"og:url\" content=\"https:\/\/vdms.ch\/fr\/kategorien\/\" \/>\n<meta property=\"og:site_name\" content=\"VDMS\" \/>\n<meta property=\"article:modified_time\" content=\"2025-01-29T08:01:47+00:00\" \/>\n<meta name=\"twitter:card\" content=\"summary_large_image\" \/>\n<meta name=\"twitter:label1\" content=\"Dur\u00e9e de lecture estim\u00e9e\" \/>\n\t<meta name=\"twitter:data1\" content=\"6 minutes\" \/>\n<script type=\"application\/ld+json\" class=\"yoast-schema-graph\">{\"@context\":\"https:\/\/schema.org\",\"@graph\":[{\"@type\":\"WebPage\",\"@id\":\"https:\/\/vdms.ch\/fr\/kategorien\/\",\"url\":\"https:\/\/vdms.ch\/fr\/kategorien\/\",\"name\":\"Cat\u00e9gories - VDMS\",\"isPartOf\":{\"@id\":\"https:\/\/vdms.ch\/fr\/#website\"},\"datePublished\":\"2020-08-23T14:27:06+00:00\",\"dateModified\":\"2025-01-29T08:01:47+00:00\",\"breadcrumb\":{\"@id\":\"https:\/\/vdms.ch\/fr\/kategorien\/#breadcrumb\"},\"inLanguage\":\"fr-FR\",\"potentialAction\":[{\"@type\":\"ReadAction\",\"target\":[\"https:\/\/vdms.ch\/fr\/kategorien\/\"]}]},{\"@type\":\"BreadcrumbList\",\"@id\":\"https:\/\/vdms.ch\/fr\/kategorien\/#breadcrumb\",\"itemListElement\":[{\"@type\":\"ListItem\",\"position\":1,\"name\":\"Startseite\",\"item\":\"https:\/\/vdms.ch\/fr\/\"},{\"@type\":\"ListItem\",\"position\":2,\"name\":\"Cat\u00e9gories\"}]},{\"@type\":\"WebSite\",\"@id\":\"https:\/\/vdms.ch\/fr\/#website\",\"url\":\"https:\/\/vdms.ch\/fr\/\",\"name\":\"VDMS\",\"description\":\"Verband der Medizinischen Massage Schweiz\",\"publisher\":{\"@id\":\"https:\/\/vdms.ch\/fr\/#organization\"},\"potentialAction\":[{\"@type\":\"SearchAction\",\"target\":{\"@type\":\"EntryPoint\",\"urlTemplate\":\"https:\/\/vdms.ch\/fr\/?s={search_term_string}\"},\"query-input\":{\"@type\":\"PropertyValueSpecification\",\"valueRequired\":true,\"valueName\":\"search_term_string\"}}],\"inLanguage\":\"fr-FR\"},{\"@type\":\"Organization\",\"@id\":\"https:\/\/vdms.ch\/fr\/#organization\",\"name\":\"vdms-asmm\",\"url\":\"https:\/\/vdms.ch\/fr\/\",\"logo\":{\"@type\":\"ImageObject\",\"inLanguage\":\"fr-FR\",\"@id\":\"https:\/\/vdms.ch\/fr\/#\/schema\/logo\/image\/\",\"url\":\"https:\/\/vdms.ch\/wp-content\/uploads\/2020\/09\/vdms-logo.png\",\"contentUrl\":\"https:\/\/vdms.ch\/wp-content\/uploads\/2020\/09\/vdms-logo.png\",\"width\":1021,\"height\":388,\"caption\":\"vdms-asmm\"},\"image\":{\"@id\":\"https:\/\/vdms.ch\/fr\/#\/schema\/logo\/image\/\"}}]}<\/script>\n<!-- \/ Yoast SEO plugin. -->","yoast_head_json":{"title":"Cat\u00e9gories - VDMS","robots":{"index":"index","follow":"follow","max-snippet":"max-snippet:-1","max-image-preview":"max-image-preview:large","max-video-preview":"max-video-preview:-1"},"canonical":"https:\/\/vdms.ch\/fr\/kategorien\/","og_locale":"fr_FR","og_type":"article","og_title":"Cat\u00e9gories - VDMS","og_description":"Cat\u00e9gories","og_url":"https:\/\/vdms.ch\/fr\/kategorien\/","og_site_name":"VDMS","article_modified_time":"2025-01-29T08:01:47+00:00","twitter_card":"summary_large_image","twitter_misc":{"Dur\u00e9e de lecture estim\u00e9e":"6 minutes"},"schema":{"@context":"https:\/\/schema.org","@graph":[{"@type":"WebPage","@id":"https:\/\/vdms.ch\/fr\/kategorien\/","url":"https:\/\/vdms.ch\/fr\/kategorien\/","name":"Cat\u00e9gories - VDMS","isPartOf":{"@id":"https:\/\/vdms.ch\/fr\/#website"},"datePublished":"2020-08-23T14:27:06+00:00","dateModified":"2025-01-29T08:01:47+00:00","breadcrumb":{"@id":"https:\/\/vdms.ch\/fr\/kategorien\/#breadcrumb"},"inLanguage":"fr-FR","potentialAction":[{"@type":"ReadAction","target":["https:\/\/vdms.ch\/fr\/kategorien\/"]}]},{"@type":"BreadcrumbList","@id":"https:\/\/vdms.ch\/fr\/kategorien\/#breadcrumb","itemListElement":[{"@type":"ListItem","position":1,"name":"Startseite","item":"https:\/\/vdms.ch\/fr\/"},{"@type":"ListItem","position":2,"name":"Cat\u00e9gories"}]},{"@type":"WebSite","@id":"https:\/\/vdms.ch\/fr\/#website","url":"https:\/\/vdms.ch\/fr\/","name":"VDMS","description":"Verband der Medizinischen Massage Schweiz","publisher":{"@id":"https:\/\/vdms.ch\/fr\/#organization"},"potentialAction":[{"@type":"SearchAction","target":{"@type":"EntryPoint","urlTemplate":"https:\/\/vdms.ch\/fr\/?s={search_term_string}"},"query-input":{"@type":"PropertyValueSpecification","valueRequired":true,"valueName":"search_term_string"}}],"inLanguage":"fr-FR"},{"@type":"Organization","@id":"https:\/\/vdms.ch\/fr\/#organization","name":"vdms-asmm","url":"https:\/\/vdms.ch\/fr\/","logo":{"@type":"ImageObject","inLanguage":"fr-FR","@id":"https:\/\/vdms.ch\/fr\/#\/schema\/logo\/image\/","url":"https:\/\/vdms.ch\/wp-content\/uploads\/2020\/09\/vdms-logo.png","contentUrl":"https:\/\/vdms.ch\/wp-content\/uploads\/2020\/09\/vdms-logo.png","width":1021,"height":388,"caption":"vdms-asmm"},"image":{"@id":"https:\/\/vdms.ch\/fr\/#\/schema\/logo\/image\/"}}]}},"_links":{"self":[{"href":"https:\/\/vdms.ch\/fr\/wp-json\/wp\/v2\/pages\/6675","targetHints":{"allow":["GET"]}}],"collection":[{"href":"https:\/\/vdms.ch\/fr\/wp-json\/wp\/v2\/pages"}],"about":[{"href":"https:\/\/vdms.ch\/fr\/wp-json\/wp\/v2\/types\/page"}],"author":[{"embeddable":true,"href":"https:\/\/vdms.ch\/fr\/wp-json\/wp\/v2\/users\/1"}],"replies":[{"embeddable":true,"href":"https:\/\/vdms.ch\/fr\/wp-json\/wp\/v2\/comments?post=6675"}],"version-history":[{"count":9,"href":"https:\/\/vdms.ch\/fr\/wp-json\/wp\/v2\/pages\/6675\/revisions"}],"predecessor-version":[{"id":15598,"href":"https:\/\/vdms.ch\/fr\/wp-json\/wp\/v2\/pages\/6675\/revisions\/15598"}],"wp:attachment":[{"href":"https:\/\/vdms.ch\/fr\/wp-json\/wp\/v2\/media?parent=6675"}],"curies":[{"name":"wp","href":"https:\/\/api.w.org\/{rel}","templated":true}]}}