{"id":6685,"date":"2020-08-23T17:43:21","date_gmt":"2020-08-23T15:43:21","guid":{"rendered":"https:\/\/vdms.ch\/mitglied-werden\/"},"modified":"2025-09-18T14:23:17","modified_gmt":"2025-09-18T12:23:17","slug":"devenir-membre","status":"publish","type":"page","link":"https:\/\/vdms.ch\/fr\/devenir-membre\/","title":{"rendered":"Devenir membre"},"content":{"rendered":"\n<h1 class=\"wp-block-heading color-brown overline\">Devenir membre<\/h1>\n\n\n\n<div class=\"wp-block-columns alignwide is-layout-flex wp-container-core-columns-is-layout-9d6595d7 wp-block-columns-is-layout-flex\">\n<div class=\"wp-block-column is-layout-flow wp-block-column-is-layout-flow\"><\/div>\n\n\n\n<div class=\"wp-block-column is-layout-flow wp-block-column-is-layout-flow\"><\/div>\n<\/div>\n\n\n\n<h3 class=\"wp-block-heading color-brown\">Avec environ 1\u2019000 membres, le&nbsp;vdms-asmm est l\u2019association professionnelle des masseurs m\u00e9dicaux. Notre grande motivation est d\u2019offrir un accompagnement technique professionnel, d\u2019augmenter la reconnaissance aupr\u00e8s des patients ainsi que de simplifier les conditions cadres.&nbsp;<\/h3>\n\n\n\n<p>En tant que grande famille, nous repr\u00e9sentons la profession, nous prenons en charge les pr\u00e9occupations personnelles des employeurs et des employ\u00e9s et nous nous concentrons sur les probl\u00e8mes de la profession. Profitez d\u00e8s maintenant de formations continues ax\u00e9es sur les comp\u00e9tences et certifi\u00e9es ainsi que de nombreux extras et de prix avantageux. \u00a0<\/p>\n\n\n\n<p>Nos membres ne se trompent pas, laissez-vous convaincre. Vous aussi devenez membre. Ensemble nous sommes forts!<\/p>\n\n\n\n<div style=\"height:50px\" aria-hidden=\"true\" class=\"wp-block-spacer\"><\/div>\n\n\n<section class=\"mitglied_buttons\">\r\n                                            <a href=\"https:\/\/vdms.ch\/fr\/kategorien\/#masseur-seuse-medical-e-bf\">\r\n                    <div class=\"col-md-1-2 col-sm-4 col-xs-4\">\r\n                        <div class=\"circle_mitglied\">\r\n                            Masseur.seuse<br \/>\r\nm\u00e9dical.e BF                         <\/div>\r\n                    <\/div>\r\n                <\/a>\r\n            \r\n\r\n                \r\n\r\n\r\n                                                                    <a href=\"https:\/\/vdms.ch\/fr\/kategorien\/#sfml\">\r\n                    <div class=\"col-md-1-2 col-sm-4 col-xs-4\">\r\n                        <div class=\"circle_mitglied\">\r\n                            SFML                        <\/div>\r\n                    <\/div>\r\n                <\/a>\r\n            \r\n\r\n                \r\n\r\n\r\n                                                                    <a href=\"https:\/\/vdms.ch\/fr\/kategorien\/#etudiant\">\r\n                    <div class=\"col-md-1-2 col-sm-4 col-xs-4\">\r\n                        <div class=\"circle_mitglied\">\r\n                            Etudiant                        <\/div>\r\n                    <\/div>\r\n                <\/a>\r\n            \r\n\r\n                \r\n\r\n\r\n                                                                    <a href=\"https:\/\/vdms.ch\/fr\/kategorien\/#employeur\">\r\n                    <div class=\"col-md-1-2 col-sm-4 col-xs-4\">\r\n                        <div class=\"circle_mitglied\">\r\n                            Employeur                        <\/div>\r\n                    <\/div>\r\n                <\/a>\r\n            \r\n\r\n                \r\n\r\n\r\n                                                                    <a href=\"https:\/\/vdms.ch\/fr\/kategorien\/#academy\">\r\n                    <div class=\"col-md-1-2 col-sm-4 col-xs-4\">\r\n                        <div class=\"circle_mitglied\">\r\n                            Academy                        <\/div>\r\n                    <\/div>\r\n                <\/a>\r\n            \r\n\r\n                \r\n\r\n\r\n                                                                    <a href=\"https:\/\/vdms.ch\/fr\/kategorien\/#membrecollectif\">\r\n                    <div class=\"col-md-1-2 col-sm-4 col-xs-4\">\r\n                        <div class=\"circle_mitglied\">\r\n                            Membre<br \/>\r\ncollectif                        <\/div>\r\n                    <\/div>\r\n                <\/a>\r\n            \r\n\r\n                \r\n\r\n\r\n                                                                    <a href=\"https:\/\/vdms.ch\/fr\/kategorien\/#membre-passif\">\r\n                    <div class=\"col-md-1-2 col-sm-4 col-xs-4\">\r\n                        <div class=\"circle_mitglied\">\r\n                            Membre <br \/>\r\npassif                        <\/div>\r\n                    <\/div>\r\n                <\/a>\r\n            \r\n\r\n                \r\n\r\n\r\n                                                                    <a href=\"https:\/\/vdms.ch\/fr\/kategorien\/#mecene\">\r\n                    <div class=\"col-md-1-2 col-sm-4 col-xs-4\">\r\n                        <div class=\"circle_mitglied\">\r\n                            M\u00e9c\u00e8ne                        <\/div>\r\n                    <\/div>\r\n                <\/a>\r\n            \r\n\r\n                \r\n\r\n\r\n                            \r\n<\/section>\n\n\n<p><\/p>\n\n\n\n<div class=\"wp-block-group background-brown-light beitrittsgesuch\"><div class=\"wp-block-group__inner-container is-layout-constrained wp-block-group-is-layout-constrained\">\n<p><strong>D\u00e9couvrez notre association &#8211; avec le dossier de pr\u00e9sentation<br><\/strong>Vous souhaitez d&rsquo;abord mieux nous conna\u00eetre ? Commandez notre dossier de pr\u00e9sentation, qui vous donnera un aper\u00e7u complet de notre association et de nos services.&nbsp;Il vous suffit de remplir le formulaire de contact ci-dessous et nous vous enverrons volontiers le dossier par la poste.<\/p>\n\n\n\n<p><strong>D\u00e9j\u00e0 convaincu!<br><\/strong>Si vous \u00eates d\u00e9j\u00e0 d\u00e9cid\u00e9, vous pouvez t\u00e9l\u00e9charger directement le PDF de demande d&rsquo;adh\u00e9sion. Remplissez-le et envoyez-le nous par courrier ou par e-mail. Nous nous r\u00e9jouissons de vous accueillir&nbsp;bient\u00f4t comme membre de notre association professionnelle vdms-asmm!<\/p>\n\n\n\n<div class=\"wp-block-file\"><a id=\"wp-block-file--media-89007989-019d-48ed-8f4f-697b4147d9da\" href=\"https:\/\/vdms.ch\/wp-content\/uploads\/2025\/02\/Beitrittsgesuch-F.pdf\" target=\"_blank\" rel=\"noreferrer noopener\">Formulaire d&rsquo;inscription<\/a><\/div>\n<\/div><\/div>\n\n\n\n<p><\/p>\n\n\n<\/div>\r\n<\/div>\r\n<\/div>\r\n\r\n\r\n\n<div class=\"wpcf7 no-js\" id=\"wpcf7-f6708-o1\" lang=\"fr-FR\" dir=\"ltr\" data-wpcf7-id=\"6708\">\n<div class=\"screen-reader-response\"><p role=\"status\" aria-live=\"polite\" aria-atomic=\"true\"><\/p> <ul><\/ul><\/div>\n<form action=\"\/fr\/wp-json\/wp\/v2\/pages\/6685#wpcf7-f6708-o1\" method=\"post\" class=\"wpcf7-form init\" aria-label=\"Formulaire de contact\" novalidate=\"novalidate\" data-status=\"init\">\n<fieldset class=\"hidden-fields-container\"><input type=\"hidden\" name=\"_wpcf7\" value=\"6708\" \/><input type=\"hidden\" name=\"_wpcf7_version\" value=\"6.1.4\" \/><input type=\"hidden\" name=\"_wpcf7_locale\" value=\"fr_FR\" \/><input type=\"hidden\" name=\"_wpcf7_unit_tag\" value=\"wpcf7-f6708-o1\" \/><input type=\"hidden\" name=\"_wpcf7_container_post\" value=\"0\" \/><input type=\"hidden\" name=\"_wpcf7_posted_data_hash\" value=\"\" \/><input type=\"hidden\" name=\"_wpcf7cf_hidden_group_fields\" value=\"[]\" \/><input type=\"hidden\" name=\"_wpcf7cf_hidden_groups\" value=\"[]\" \/><input type=\"hidden\" name=\"_wpcf7cf_visible_groups\" value=\"[]\" \/><input type=\"hidden\" name=\"_wpcf7cf_repeaters\" value=\"[]\" \/><input type=\"hidden\" name=\"_wpcf7cf_steps\" value=\"{}\" \/><input type=\"hidden\" name=\"_wpcf7cf_options\" value=\"{&quot;form_id&quot;:6708,&quot;conditions&quot;:[],&quot;settings&quot;:{&quot;animation&quot;:&quot;yes&quot;,&quot;animation_intime&quot;:200,&quot;animation_outtime&quot;:200,&quot;conditions_ui&quot;:&quot;normal&quot;,&quot;notice_dismissed&quot;:false,&quot;notice_dismissed_rollback-cf7-5.9.5&quot;:true}}\" \/><input type=\"hidden\" name=\"_wpcf7dtx_version\" value=\"5.0.4\" \/><input type=\"hidden\" name=\"_wpcf7_recaptcha_response\" value=\"\" \/>\n<\/fieldset>\n<div class=\"container-vdms background-brown-light\">\n\t<div class=\"formular beitrittsgesuch container\">\n\t\t<div class=\"row\">\n\t\t\t<div class=\"col-md-12\">\n\t\t\t\t<h3>Formulaire d&rsquo;inscription\n\t\t\t\t<\/h3>\n\t\t\t<\/div>\n\t\t\t<div class=\"col-md-6\">\n\t\t\t\t<p><span class=\"wpcf7-form-control-wrap\" data-name=\"kategorie\"><select class=\"wpcf7-form-control wpcf7-select wpcf7-validates-as-required category\" aria-required=\"true\" aria-invalid=\"false\" name=\"kategorie\"><option value=\"\">Cat\u00e9gorie *<\/option><option value=\"Med. Masseur\">Med. Masseur<\/option><option value=\"Arbeitgeber\">Arbeitgeber<\/option><option value=\"Student\">Student<\/option><option value=\"Academy\">Academy<\/option><option value=\"Passiv-Mitglied\">Passiv-Mitglied<\/option><option value=\"Kollektiv-Mitglied\">Kollektiv-Mitglied<\/option><option value=\"G\u00f6nner\">G\u00f6nner<\/option><\/select><\/span>\n\t\t\t\t<\/p>\n\t\t\t<\/div>\n\t\t\t<div class=\"col-md-6\">\n\t\t\t\t<p><span class=\"wpcf7-form-control-wrap\" data-name=\"anrede\"><select class=\"wpcf7-form-control wpcf7-select wpcf7-validates-as-required\" aria-required=\"true\" aria-invalid=\"false\" name=\"anrede\"><option value=\"Titre *\">Titre *<\/option><option value=\"Monsieur\">Monsieur<\/option><option value=\"Madame\">Madame<\/option><\/select><\/span>\n\t\t\t\t<\/p>\n\t\t\t<\/div>\n\t\t\t<div class=\"col-md-6\">\n\t\t\t\t<p><span class=\"wpcf7-form-control-wrap\" data-name=\"nachname\"><input size=\"40\" maxlength=\"400\" class=\"wpcf7-form-control wpcf7-text wpcf7-validates-as-required\" aria-required=\"true\" aria-invalid=\"false\" placeholder=\"Nom *\" value=\"\" type=\"text\" name=\"nachname\" \/><\/span>\n\t\t\t\t<\/p>\n\t\t\t<\/div>\n\t\t\t<div class=\"col-md-6\">\n\t\t\t\t<p><span class=\"wpcf7-form-control-wrap\" data-name=\"vorname\"><input size=\"40\" maxlength=\"400\" class=\"wpcf7-form-control wpcf7-text wpcf7-validates-as-required\" aria-required=\"true\" aria-invalid=\"false\" placeholder=\"Pr\u00e9nom *\" value=\"\" type=\"text\" name=\"vorname\" \/><\/span>\n\t\t\t\t<\/p>\n\t\t\t<\/div>\n\t\t\t<div class=\"col-md-6\">\n\t\t\t\t<p><span class=\"wpcf7-form-control-wrap\" data-name=\"adresse\"><input size=\"40\" maxlength=\"400\" class=\"wpcf7-form-control wpcf7-text wpcf7-validates-as-required\" aria-required=\"true\" aria-invalid=\"false\" placeholder=\"Adresse *\" value=\"\" type=\"text\" name=\"adresse\" \/><\/span>\n\t\t\t\t<\/p>\n\t\t\t<\/div>\n\t\t\t<div class=\"col-md-6\">\n\t\t\t\t<p><span class=\"wpcf7-form-control-wrap\" data-name=\"postfach\"><input size=\"40\" maxlength=\"400\" class=\"wpcf7-form-control wpcf7-text\" aria-invalid=\"false\" placeholder=\"Case postale\" value=\"\" type=\"text\" name=\"postfach\" \/><\/span>\n\t\t\t\t<\/p>\n\t\t\t<\/div>\n\t\t\t<div class=\"col-md-6\">\n\t\t\t\t<p><span class=\"wpcf7-form-control-wrap\" data-name=\"plz\"><input size=\"40\" maxlength=\"400\" class=\"wpcf7-form-control wpcf7-text wpcf7-validates-as-required\" aria-required=\"true\" aria-invalid=\"false\" placeholder=\"Code postal *\" value=\"\" type=\"text\" name=\"plz\" \/><\/span>\n\t\t\t\t<\/p>\n\t\t\t<\/div>\n\t\t\t<div class=\"col-md-6\">\n\t\t\t\t<p><span class=\"wpcf7-form-control-wrap\" data-name=\"ort\"><input size=\"40\" maxlength=\"400\" class=\"wpcf7-form-control wpcf7-text wpcf7-validates-as-required\" aria-required=\"true\" aria-invalid=\"false\" placeholder=\"Lieu *\" value=\"\" type=\"text\" name=\"ort\" \/><\/span>\n\t\t\t\t<\/p>\n\t\t\t<\/div>\n\t\t\t<div class=\"col-md-6\">\n\t\t\t\t<p><span class=\"wpcf7-form-control-wrap\" data-name=\"telefon\"><input size=\"40\" maxlength=\"400\" class=\"wpcf7-form-control wpcf7-tel wpcf7-validates-as-required wpcf7-text wpcf7-validates-as-tel\" aria-required=\"true\" aria-invalid=\"false\" placeholder=\"T\u00e9l\u00e9phone *\" value=\"\" type=\"tel\" name=\"telefon\" \/><\/span>\n\t\t\t\t<\/p>\n\t\t\t<\/div>\n\t\t\t<div class=\"col-md-6\">\n\t\t\t\t<p><span class=\"wpcf7-form-control-wrap\" data-name=\"email-191\"><input size=\"40\" maxlength=\"400\" class=\"wpcf7-form-control wpcf7-email wpcf7-validates-as-required wpcf7-text wpcf7-validates-as-email\" aria-required=\"true\" aria-invalid=\"false\" placeholder=\"E-mail *\" value=\"\" type=\"email\" name=\"email-191\" \/><\/span>\n\t\t\t\t<\/p>\n\t\t\t<\/div>\n\t\t\t<div class=\"col-md-6\">\n\t\t\t\t<p><span class=\"wpcf7-form-control-wrap\" data-name=\"firmenname\"><input size=\"40\" maxlength=\"400\" class=\"wpcf7-form-control wpcf7-text\" aria-invalid=\"false\" placeholder=\"Nom d&#039;entreprise\" value=\"\" type=\"text\" name=\"firmenname\" \/><\/span>\n\t\t\t\t<\/p>\n\t\t\t<\/div>\n\t\t\t<div class=\"col-md-6 empty-space\">\n\t\t\t<\/div>\n\t\t\t<div class=\"col-md-6\">\n\t\t\t\t<p><span class=\"wpcf7-form-control-wrap\" data-name=\"date-457\"><input class=\"wpcf7-form-control wpcf7-date wpcf7-validates-as-date\" min=\"2020-10-12\" aria-invalid=\"false\" placeholder=\"D\u00e9but du statut de membre\" value=\"\" type=\"date\" name=\"date-457\" \/><\/span>\n\t\t\t\t<\/p>\n\t\t\t<\/div>\n\t\t\t<div class=\"col-md-6\">\n\t\t\t\t<p><span class=\"wpcf7-form-control-wrap\" data-name=\"sprache\"><select class=\"wpcf7-form-control wpcf7-select\" aria-invalid=\"false\" name=\"sprache\"><option value=\"\">Langue pr\u00e9f\u00e9r\u00e9e pour les contacts<\/option><option value=\"Deutsch\">Deutsch<\/option><option value=\"Italienisch\">Italienisch<\/option><option value=\"Franz\u00f6sisch\">Franz\u00f6sisch<\/option><\/select><\/span>\n\t\t\t\t<\/p>\n\t\t\t<\/div>\n\t\t\t<div class=\"col-md-6\">\n\t\t\t\t<p><label> Remarques <span class=\"wpcf7-form-control-wrap\" data-name=\"bemerkungen\"><textarea cols=\"40\" rows=\"10\" maxlength=\"2000\" class=\"wpcf7-form-control wpcf7-textarea\" aria-invalid=\"false\" name=\"bemerkungen\"><\/textarea><\/span><\/label>\n\t\t\t\t<\/p>\n\t\t\t<\/div>\n\t\t\t<div class=\"col-md-12\">\n\t\t\t\t<p><span class=\"wpcf7-form-control-wrap\" data-name=\"profil\"><span class=\"wpcf7-form-control wpcf7-checkbox\"><span class=\"wpcf7-list-item first last\"><input type=\"checkbox\" name=\"profil[]\" value=\"Je souhaite un profil de th\u00e9rapeute - CHF 120.00\/ann\u00e9e\" \/><span class=\"wpcf7-list-item-label\">Je souhaite un profil de th\u00e9rapeute &#8211; CHF 120.00\/ann\u00e9e<\/span><\/span><\/span><\/span>\n\t\t\t\t<\/p>\n\t\t\t<\/div>\n\t\t\t<div class=\"col-md-12\" style=\"font-size: 0.9em;\">\n\t\t\t\t<p><span class=\"wpcf7-form-control-wrap\" data-name=\"acceptance-171\"><span class=\"wpcf7-form-control wpcf7-acceptance\"><span class=\"wpcf7-list-item\"><input type=\"checkbox\" name=\"acceptance-171\" value=\"1\" aria-invalid=\"false\" \/><\/span><\/span><\/span> J\u2019accepte <a href=\"https:\/\/vdms.ch\/fr\/cgv\">les conditions g\u00e9n\u00e9rales<\/a> et la <a href=\"https:\/\/vdms.ch\/fr\/protection-des-donnees\">charte de confidentialit\u00e9<\/a>. *\n\t\t\t\t<\/p>\n\t\t\t<\/div>\n\t\t\t<div class=\"col-md-6\">\n\t\t\t\t<p><input class=\"wpcf7-form-control wpcf7-submit has-spinner\" type=\"submit\" value=\"Envoyer\" \/>\n\t\t\t\t<\/p>\n\t\t\t<\/div>\n\t\t\t<div class=\"col-md-12\" style=\"font-size: 0.9em;\">\n\t\t\t\t<p>Vous pouvez jeter un oeil sur les donn\u00e9es dont nous avons besoin pour votre enregistrement d\u00e9finitif.<br \/>\nAvec l\u2019inscription en ligne, vous serez de toute fa\u00e7on contact\u00e9 par le secr\u00e9tariat. D\u2019ici-l\u00e0 vous pouvez prendre le temps de rassembler tous les documents \u00e9nonc\u00e9s dans le formulaire.\n\t\t\t\t<\/p>\n\t\t\t<\/div>\n\t\t<\/div>\n\t<\/div>\n<\/div><input type='hidden' class='wpcf7-pum' value='{\"closepopup\":false,\"closedelay\":0,\"openpopup\":false,\"openpopup_id\":0}' \/><div class=\"wpcf7-response-output\" aria-hidden=\"true\"><\/div>\n<\/form>\n<\/div>\n\r\n<\/div>\r\n<\/div>\r\n<\/div>\r\n<div id=\"content-2\" class=\"site-content container\">\r\n    <div class=\"site-page\">","protected":false},"excerpt":{"rendered":"<p>Devenir membre Avec environ 1\u2019000 membres, le&nbsp;vdms-asmm est l\u2019association professionnelle des masseurs m\u00e9dicaux. Notre grande motivation est d\u2019offrir un accompagnement technique professionnel, d\u2019augmenter la reconnaissance aupr\u00e8s des patients ainsi que de simplifier les conditions cadres.&nbsp; En tant que grande famille, nous repr\u00e9sentons la profession, nous prenons en charge les pr\u00e9occupations personnelles des employeurs et des [&hellip;]<\/p>\n","protected":false},"author":1,"featured_media":0,"parent":0,"menu_order":144,"comment_status":"closed","ping_status":"closed","template":"","meta":{"_acf_changed":false,"footnotes":""},"class_list":["post-6685","page","type-page","status-publish","hentry"],"acf":[],"yoast_head":"<!-- This site is optimized with the Yoast SEO plugin v26.7 - https:\/\/yoast.com\/wordpress\/plugins\/seo\/ -->\n<title>Devenir membre - VDMS<\/title>\n<meta name=\"description\" content=\"Mit rund 1\u2018000 Mitgliedern ist der vdms-asmm der Schweizer Branchenverband f\u00fcr die Medizinischen Masseure. Unsere grosse Motivation ist es, eine fachliche Mitgliederbetreuung zu bieten, eine breite Akzeptanz mit gr\u00f6sstm\u00f6glicher Wertsch\u00e4tzung bei Patienten, sowie vereinfachte Rahmenbedingungen zu schaffen.\" \/>\n<meta name=\"robots\" content=\"index, follow, max-snippet:-1, max-image-preview:large, max-video-preview:-1\" \/>\n<link rel=\"canonical\" href=\"https:\/\/vdms.ch\/fr\/devenir-membre\/\" \/>\n<meta property=\"og:locale\" content=\"fr_FR\" \/>\n<meta property=\"og:type\" content=\"article\" \/>\n<meta property=\"og:title\" content=\"Devenir membre - VDMS\" \/>\n<meta property=\"og:description\" content=\"Mit rund 1\u2018000 Mitgliedern ist der vdms-asmm der Schweizer Branchenverband f\u00fcr die Medizinischen Masseure. Unsere grosse Motivation ist es, eine fachliche Mitgliederbetreuung zu bieten, eine breite Akzeptanz mit gr\u00f6sstm\u00f6glicher Wertsch\u00e4tzung bei Patienten, sowie vereinfachte Rahmenbedingungen zu schaffen.\" \/>\n<meta property=\"og:url\" content=\"https:\/\/vdms.ch\/fr\/devenir-membre\/\" \/>\n<meta property=\"og:site_name\" content=\"VDMS\" \/>\n<meta property=\"article:modified_time\" content=\"2025-09-18T12:23:17+00:00\" \/>\n<meta name=\"twitter:card\" content=\"summary_large_image\" \/>\n<meta name=\"twitter:label1\" content=\"Dur\u00e9e de lecture estim\u00e9e\" \/>\n\t<meta name=\"twitter:data1\" content=\"2 minutes\" \/>\n<script type=\"application\/ld+json\" class=\"yoast-schema-graph\">{\"@context\":\"https:\/\/schema.org\",\"@graph\":[{\"@type\":\"WebPage\",\"@id\":\"https:\/\/vdms.ch\/fr\/devenir-membre\/\",\"url\":\"https:\/\/vdms.ch\/fr\/devenir-membre\/\",\"name\":\"Devenir membre - VDMS\",\"isPartOf\":{\"@id\":\"https:\/\/vdms.ch\/fr\/#website\"},\"datePublished\":\"2020-08-23T15:43:21+00:00\",\"dateModified\":\"2025-09-18T12:23:17+00:00\",\"description\":\"Mit rund 1\u2018000 Mitgliedern ist der vdms-asmm der Schweizer Branchenverband f\u00fcr die Medizinischen Masseure. Unsere grosse Motivation ist es, eine fachliche Mitgliederbetreuung zu bieten, eine breite Akzeptanz mit gr\u00f6sstm\u00f6glicher Wertsch\u00e4tzung bei Patienten, sowie vereinfachte Rahmenbedingungen zu schaffen.\",\"breadcrumb\":{\"@id\":\"https:\/\/vdms.ch\/fr\/devenir-membre\/#breadcrumb\"},\"inLanguage\":\"fr-FR\",\"potentialAction\":[{\"@type\":\"ReadAction\",\"target\":[\"https:\/\/vdms.ch\/fr\/devenir-membre\/\"]}]},{\"@type\":\"BreadcrumbList\",\"@id\":\"https:\/\/vdms.ch\/fr\/devenir-membre\/#breadcrumb\",\"itemListElement\":[{\"@type\":\"ListItem\",\"position\":1,\"name\":\"Startseite\",\"item\":\"https:\/\/vdms.ch\/fr\/\"},{\"@type\":\"ListItem\",\"position\":2,\"name\":\"Devenir membre\"}]},{\"@type\":\"WebSite\",\"@id\":\"https:\/\/vdms.ch\/fr\/#website\",\"url\":\"https:\/\/vdms.ch\/fr\/\",\"name\":\"VDMS\",\"description\":\"Verband der Medizinischen Massage Schweiz\",\"publisher\":{\"@id\":\"https:\/\/vdms.ch\/fr\/#organization\"},\"potentialAction\":[{\"@type\":\"SearchAction\",\"target\":{\"@type\":\"EntryPoint\",\"urlTemplate\":\"https:\/\/vdms.ch\/fr\/?s={search_term_string}\"},\"query-input\":{\"@type\":\"PropertyValueSpecification\",\"valueRequired\":true,\"valueName\":\"search_term_string\"}}],\"inLanguage\":\"fr-FR\"},{\"@type\":\"Organization\",\"@id\":\"https:\/\/vdms.ch\/fr\/#organization\",\"name\":\"vdms-asmm\",\"url\":\"https:\/\/vdms.ch\/fr\/\",\"logo\":{\"@type\":\"ImageObject\",\"inLanguage\":\"fr-FR\",\"@id\":\"https:\/\/vdms.ch\/fr\/#\/schema\/logo\/image\/\",\"url\":\"https:\/\/vdms.ch\/wp-content\/uploads\/2020\/09\/vdms-logo.png\",\"contentUrl\":\"https:\/\/vdms.ch\/wp-content\/uploads\/2020\/09\/vdms-logo.png\",\"width\":1021,\"height\":388,\"caption\":\"vdms-asmm\"},\"image\":{\"@id\":\"https:\/\/vdms.ch\/fr\/#\/schema\/logo\/image\/\"}}]}<\/script>\n<!-- \/ Yoast SEO plugin. -->","yoast_head_json":{"title":"Devenir membre - VDMS","description":"Mit rund 1\u2018000 Mitgliedern ist der vdms-asmm der Schweizer Branchenverband f\u00fcr die Medizinischen Masseure. Unsere grosse Motivation ist es, eine fachliche Mitgliederbetreuung zu bieten, eine breite Akzeptanz mit gr\u00f6sstm\u00f6glicher Wertsch\u00e4tzung bei Patienten, sowie vereinfachte Rahmenbedingungen zu schaffen.","robots":{"index":"index","follow":"follow","max-snippet":"max-snippet:-1","max-image-preview":"max-image-preview:large","max-video-preview":"max-video-preview:-1"},"canonical":"https:\/\/vdms.ch\/fr\/devenir-membre\/","og_locale":"fr_FR","og_type":"article","og_title":"Devenir membre - VDMS","og_description":"Mit rund 1\u2018000 Mitgliedern ist der vdms-asmm der Schweizer Branchenverband f\u00fcr die Medizinischen Masseure. Unsere grosse Motivation ist es, eine fachliche Mitgliederbetreuung zu bieten, eine breite Akzeptanz mit gr\u00f6sstm\u00f6glicher Wertsch\u00e4tzung bei Patienten, sowie vereinfachte Rahmenbedingungen zu schaffen.","og_url":"https:\/\/vdms.ch\/fr\/devenir-membre\/","og_site_name":"VDMS","article_modified_time":"2025-09-18T12:23:17+00:00","twitter_card":"summary_large_image","twitter_misc":{"Dur\u00e9e de lecture estim\u00e9e":"2 minutes"},"schema":{"@context":"https:\/\/schema.org","@graph":[{"@type":"WebPage","@id":"https:\/\/vdms.ch\/fr\/devenir-membre\/","url":"https:\/\/vdms.ch\/fr\/devenir-membre\/","name":"Devenir membre - VDMS","isPartOf":{"@id":"https:\/\/vdms.ch\/fr\/#website"},"datePublished":"2020-08-23T15:43:21+00:00","dateModified":"2025-09-18T12:23:17+00:00","description":"Mit rund 1\u2018000 Mitgliedern ist der vdms-asmm der Schweizer Branchenverband f\u00fcr die Medizinischen Masseure. Unsere grosse Motivation ist es, eine fachliche Mitgliederbetreuung zu bieten, eine breite Akzeptanz mit gr\u00f6sstm\u00f6glicher Wertsch\u00e4tzung bei Patienten, sowie vereinfachte Rahmenbedingungen zu schaffen.","breadcrumb":{"@id":"https:\/\/vdms.ch\/fr\/devenir-membre\/#breadcrumb"},"inLanguage":"fr-FR","potentialAction":[{"@type":"ReadAction","target":["https:\/\/vdms.ch\/fr\/devenir-membre\/"]}]},{"@type":"BreadcrumbList","@id":"https:\/\/vdms.ch\/fr\/devenir-membre\/#breadcrumb","itemListElement":[{"@type":"ListItem","position":1,"name":"Startseite","item":"https:\/\/vdms.ch\/fr\/"},{"@type":"ListItem","position":2,"name":"Devenir membre"}]},{"@type":"WebSite","@id":"https:\/\/vdms.ch\/fr\/#website","url":"https:\/\/vdms.ch\/fr\/","name":"VDMS","description":"Verband der Medizinischen Massage Schweiz","publisher":{"@id":"https:\/\/vdms.ch\/fr\/#organization"},"potentialAction":[{"@type":"SearchAction","target":{"@type":"EntryPoint","urlTemplate":"https:\/\/vdms.ch\/fr\/?s={search_term_string}"},"query-input":{"@type":"PropertyValueSpecification","valueRequired":true,"valueName":"search_term_string"}}],"inLanguage":"fr-FR"},{"@type":"Organization","@id":"https:\/\/vdms.ch\/fr\/#organization","name":"vdms-asmm","url":"https:\/\/vdms.ch\/fr\/","logo":{"@type":"ImageObject","inLanguage":"fr-FR","@id":"https:\/\/vdms.ch\/fr\/#\/schema\/logo\/image\/","url":"https:\/\/vdms.ch\/wp-content\/uploads\/2020\/09\/vdms-logo.png","contentUrl":"https:\/\/vdms.ch\/wp-content\/uploads\/2020\/09\/vdms-logo.png","width":1021,"height":388,"caption":"vdms-asmm"},"image":{"@id":"https:\/\/vdms.ch\/fr\/#\/schema\/logo\/image\/"}}]}},"_links":{"self":[{"href":"https:\/\/vdms.ch\/fr\/wp-json\/wp\/v2\/pages\/6685","targetHints":{"allow":["GET"]}}],"collection":[{"href":"https:\/\/vdms.ch\/fr\/wp-json\/wp\/v2\/pages"}],"about":[{"href":"https:\/\/vdms.ch\/fr\/wp-json\/wp\/v2\/types\/page"}],"author":[{"embeddable":true,"href":"https:\/\/vdms.ch\/fr\/wp-json\/wp\/v2\/users\/1"}],"replies":[{"embeddable":true,"href":"https:\/\/vdms.ch\/fr\/wp-json\/wp\/v2\/comments?post=6685"}],"version-history":[{"count":16,"href":"https:\/\/vdms.ch\/fr\/wp-json\/wp\/v2\/pages\/6685\/revisions"}],"predecessor-version":[{"id":16927,"href":"https:\/\/vdms.ch\/fr\/wp-json\/wp\/v2\/pages\/6685\/revisions\/16927"}],"wp:attachment":[{"href":"https:\/\/vdms.ch\/fr\/wp-json\/wp\/v2\/media?parent=6685"}],"curies":[{"name":"wp","href":"https:\/\/api.w.org\/{rel}","templated":true}]}}