{"id":7644,"date":"2021-05-27T10:19:50","date_gmt":"2021-05-27T08:19:50","guid":{"rendered":"https:\/\/vdms.ch\/netzwerk\/"},"modified":"2025-11-10T10:54:38","modified_gmt":"2025-11-10T09:54:38","slug":"netzwerk","status":"publish","type":"page","link":"https:\/\/vdms.ch\/fr\/netzwerk\/","title":{"rendered":"R\u00e9seau"},"content":{"rendered":"\n<h1 class=\"wp-block-heading overline color-brown\">R\u00e9seau<\/h1>\n\n\n\n<div class=\"wp-block-columns alignwide is-layout-flex wp-container-core-columns-is-layout-9d6595d7 wp-block-columns-is-layout-flex\">\n<div class=\"wp-block-column is-layout-flow wp-block-column-is-layout-flow\">\n<h3 class=\"wp-block-heading color-brown\">Les membres de l\u2019association des cat\u00e9gories membre collectif et employeur renforcent le m\u00e9tier de masseur m\u00e9dical BF avec le vdms-asmm. Une situation gagnant-gagnant pour toutes les parties, nous profitons d\u2019un r\u00e9seau de partenariat.<\/h3>\n<\/div>\n\n\n\n<div class=\"wp-block-column netzwerk-mitglieder is-layout-flow wp-block-column-is-layout-flow\"><section class=\"mitglied_buttons\">\r\n                            \r\n\r\n                \r\n                    <a data-toggle=\"modal\" data-target=\"#popup_mitglied_1\">\r\n                        <div class=\"circle_mitglied col-md-2 col-sm-4 col-xs-4\">\r\n                            Membre <br \/>\r\ncollectif                        <\/div>\r\n                    <\/a>\r\n                <!-- Modal -->\r\n                <div class=\"modal fade\" id=\"popup_mitglied_1\" tabindex=\"-1\" role=\"dialog\" aria-labelledby=\"exampleModalLongTitle\" aria-hidden=\"true\">\r\n                    <div class=\"modal-dialog model_new\" role=\"document\">\r\n                        <div class=\"modal-content\">\r\n                            <div class=\"modal-header\">\r\n                                <button type=\"button\" class=\"close\" data-dismiss=\"modal\" aria-label=\"Close\">\r\n                                    <span aria-hidden=\"true\">&times;<\/span>\r\n                                <\/button>\r\n                            <\/div>\r\n                            <div class=\"modal-body\">\r\n                                <div class=\"popup_mitglied\">\r\n                                    <p><strong>Le membre collectif peut \u00eatre une entreprise, une organisation ou une association tierce, qui s\u2019identifie avec les objectifs de l\u2019association ou qui veulent soutenir ceux-ci.<\/strong><\/p>\n<p>Le vdms-asmm consid\u00e8re le membre collectif comme un partenaire et celui-ci doit avoir un lien avec le milieu de la formation ou de la sant\u00e9. Les membres collectifs reconnaissent la valeur ajout\u00e9e d\u2019un masseur m\u00e9dical BF. Le vdms-asmm aide \u00e0 construire, \u00e0 mettre en avant et \u00e0 rendre visible cette valeur ajout\u00e9e. Les membres collectifs figurent dans les canaux de communication du vdms-asmm et profitent de la pr\u00e9sence du vdms-asmm sur le march\u00e9.<\/p>\n                                <\/div>\r\n                            <\/div>\r\n                        <\/div>\r\n                    <\/div>\r\n                <\/div>\r\n                \r\n\r\n\r\n                                                    \r\n\r\n                \r\n                    <a data-toggle=\"modal\" data-target=\"#popup_mitglied_2\">\r\n                        <div class=\"circle_mitglied col-md-2 col-sm-4 col-xs-4\">\r\n                            Employeur                        <\/div>\r\n                    <\/a>\r\n                <!-- Modal -->\r\n                <div class=\"modal fade\" id=\"popup_mitglied_2\" tabindex=\"-1\" role=\"dialog\" aria-labelledby=\"exampleModalLongTitle\" aria-hidden=\"true\">\r\n                    <div class=\"modal-dialog model_new\" role=\"document\">\r\n                        <div class=\"modal-content\">\r\n                            <div class=\"modal-header\">\r\n                                <button type=\"button\" class=\"close\" data-dismiss=\"modal\" aria-label=\"Close\">\r\n                                    <span aria-hidden=\"true\">&times;<\/span>\r\n                                <\/button>\r\n                            <\/div>\r\n                            <div class=\"modal-body\">\r\n                                <div class=\"popup_mitglied\">\r\n                                    <p><strong>Les entreprises figurant dans la cat\u00e9gorie Employeur collaborent avec au moins trois masseurs m\u00e9dicaux BF employ\u00e9s.<\/strong><\/p>\n<p>En raison des changements et des pressions dans le syst\u00e8me de soins de sant\u00e9, les employeurs deviennent de plus en plus importants pour le masseur m\u00e9dical BF ainsi que dans le travail de l\u2019association et vice versa. Le vdms-asmm r\u00e9pond de mani\u00e8re ad\u00e9quate aux besoins des employeurs dans le cadre de la formation et de la pratique professionnelle du masseur m\u00e9dical.<\/p>\n<p>Avec une approche coordonn\u00e9e et en tenant compte de toutes les parties prenantes, le vdms-asmm travaille sur les objectifs pour le masseur m\u00e9dical BF, d\u00e9finis avec les employeurs.<\/p>\n                                <\/div>\r\n                            <\/div>\r\n                        <\/div>\r\n                    <\/div>\r\n                <\/div>\r\n                \r\n\r\n\r\n                            \r\n<\/section>\n\n\n<p><\/p>\n<\/div>\n<\/div>\n\n\n<section class=\"mitglieder_logos netzwerk_logos\">\r\n                                                        <a href=\"https:\/\/vdms.ch\/wp-content\/uploads\/2021\/06\/Essity-traductions-francais.pdf\" class=\"mitglieder-logos\" target=\"_blank\">\r\n                    <div class=\"logos_m col-lg-3 col-md-3 col-sm-6 col-xs-12\">\r\n                                                <div class=\"tooltips image_logo logo_1 \" style=\"background-image: url(https:\/\/vdms.ch\/wp-content\/uploads\/2021\/05\/essity_farbig.svg);\">\r\n                                                    <\/div>\r\n                    <\/div>\r\n                <\/a>\r\n                                                                                            <a href=\"https:\/\/vdms.ch\/wp-content\/uploads\/2021\/06\/Steckbrief-Physiozentrum.pdf\" class=\"mitglieder-logos\" target=\"_blank\">\r\n                    <div class=\"logos_m col-lg-3 col-md-3 col-sm-6 col-xs-12\">\r\n                                                <div class=\"tooltips image_logo logo_2 \" style=\"background-image: url(https:\/\/vdms.ch\/wp-content\/uploads\/2021\/05\/physiozentrum_farbig.svg);\">\r\n                                                    <\/div>\r\n                    <\/div>\r\n                <\/a>\r\n                                                                                            <a href=\"https:\/\/vdms.ch\/wp-content\/uploads\/2021\/07\/Steckbrief-Neutra-Medica-traductions.pdf\" class=\"mitglieder-logos\" target=\"_blank\">\r\n                    <div class=\"logos_m col-lg-3 col-md-3 col-sm-6 col-xs-12\">\r\n                                                <div class=\"tooltips image_logo logo_3 \" style=\"background-image: url(https:\/\/vdms.ch\/wp-content\/uploads\/2021\/05\/neutra_medica_farbig.svg);\">\r\n                                                    <\/div>\r\n                    <\/div>\r\n                <\/a>\r\n                                                                                            <a href=\"https:\/\/vdms.ch\/wp-content\/uploads\/2022\/01\/2022-F-Steckbrief-SFML.pdf\" class=\"mitglieder-logos\" target=\"_blank\">\r\n                    <div class=\"logos_m col-lg-3 col-md-3 col-sm-6 col-xs-12\">\r\n                                                <div class=\"tooltips image_logo logo_4 \" style=\"background-image: url(https:\/\/vdms.ch\/wp-content\/uploads\/2022\/01\/Logo.png);\">\r\n                                                    <\/div>\r\n                    <\/div>\r\n                <\/a>\r\n                                                                                            <a href=\"https:\/\/vdms.ch\/wp-content\/uploads\/2022\/03\/F-Steckbrief-Manualpraxis-Vitalis.pdf\" class=\"mitglieder-logos\" target=\"_blank\">\r\n                    <div class=\"logos_m col-lg-3 col-md-3 col-sm-6 col-xs-12\">\r\n                                                <div class=\"tooltips image_logo logo_5 \" style=\"background-image: url(https:\/\/vdms.ch\/wp-content\/uploads\/2022\/03\/Logo_Manualpraxis_Vitalis-002.jpg);\">\r\n                                                    <\/div>\r\n                    <\/div>\r\n                <\/a>\r\n                                                                                            <a href=\"https:\/\/vdms.ch\/wp-content\/uploads\/2022\/07\/F-Steckbrief-Nuu.pdf\" class=\"mitglieder-logos\" target=\"_blank\">\r\n                    <div class=\"logos_m col-lg-3 col-md-3 col-sm-6 col-xs-12\">\r\n                                                <div class=\"tooltips image_logo logo_6 \" style=\"background-image: url(https:\/\/vdms.ch\/wp-content\/uploads\/2022\/07\/NUU_Logo_mit_Zusatz_CMYK_nachtblau_mit_Zusatz_nachtblau.jpg);\">\r\n                                                    <\/div>\r\n                    <\/div>\r\n                <\/a>\r\n                                                                                            <a href=\"https:\/\/vdms.ch\/wp-content\/uploads\/2022\/11\/F-Steckbrief-Schulthess.pdf\" class=\"mitglieder-logos\" target=\"_blank\">\r\n                    <div class=\"logos_m col-lg-3 col-md-3 col-sm-6 col-xs-12\">\r\n                                                <div class=\"tooltips image_logo logo_7 \" style=\"background-image: url(https:\/\/vdms.ch\/wp-content\/uploads\/2022\/11\/sul_logo_100_srgb.jpg);\">\r\n                                                    <\/div>\r\n                    <\/div>\r\n                <\/a>\r\n                                                                                            <a href=\"https:\/\/vdms.ch\/wp-content\/uploads\/2024\/04\/F-Kurzprofil-ZURZACH-Care.pdf\" class=\"mitglieder-logos\" target=\"_blank\">\r\n                    <div class=\"logos_m col-lg-3 col-md-3 col-sm-6 col-xs-12\">\r\n                                                <div class=\"tooltips image_logo logo_8 \" style=\"background-image: url(https:\/\/vdms.ch\/wp-content\/uploads\/2023\/04\/ZURZACHCare_Logo_Standard_RGB-002.jpg);\">\r\n                                                    <\/div>\r\n                    <\/div>\r\n                <\/a>\r\n                                                                                            <a href=\"https:\/\/vdms.ch\/wp-content\/uploads\/2024\/04\/F-Steckbrief.pdf\" class=\"mitglieder-logos\" target=\"_blank\">\r\n                    <div class=\"logos_m col-lg-3 col-md-3 col-sm-6 col-xs-12\">\r\n                                                <div class=\"tooltips image_logo logo_9 \" style=\"background-image: url(https:\/\/vdms.ch\/wp-content\/uploads\/2024\/04\/Bild1.png);\">\r\n                                                    <\/div>\r\n                    <\/div>\r\n                <\/a>\r\n                                                                                            <a href=\"https:\/\/vdms.ch\/wp-content\/uploads\/2024\/05\/F-Steckbrief-RH.pdf\" class=\"mitglieder-logos\" target=\"_blank\">\r\n                    <div class=\"logos_m col-lg-3 col-md-3 col-sm-6 col-xs-12\">\r\n                                                <div class=\"tooltips image_logo logo_10 \" style=\"background-image: url(https:\/\/vdms.ch\/wp-content\/uploads\/2024\/05\/Logo-Rehaklinik-Hasliberg.jpg);\">\r\n                                                    <\/div>\r\n                    <\/div>\r\n                <\/a>\r\n                                                                                            <a href=\"https:\/\/vdms.ch\/wp-content\/uploads\/2024\/11\/Berro_vdms_Steckbrief-F.pdf\" class=\"mitglieder-logos\" target=\"_blank\">\r\n                    <div class=\"logos_m col-lg-3 col-md-3 col-sm-6 col-xs-12\">\r\n                                                <div class=\"tooltips image_logo logo_11 \" style=\"background-image: url(https:\/\/vdms.ch\/wp-content\/uploads\/2024\/07\/Berro-Logo.png);\">\r\n                                                    <\/div>\r\n                    <\/div>\r\n                <\/a>\r\n                                                                                            <a href=\"https:\/\/vdms.ch\/wp-content\/uploads\/2024\/12\/F-Steckbrief-sb.pdf\" class=\"mitglieder-logos\" target=\"_blank\">\r\n                    <div class=\"logos_m col-lg-3 col-md-3 col-sm-6 col-xs-12\">\r\n                                                <div class=\"tooltips image_logo logo_12 \" style=\"background-image: url(https:\/\/vdms.ch\/wp-content\/uploads\/2024\/12\/solutionbenefit_Logo.jpg);\">\r\n                                                    <\/div>\r\n                    <\/div>\r\n                <\/a>\r\n                                                                                            <a href=\"https:\/\/vdms.ch\/wp-content\/uploads\/2025\/03\/F-knetbude-GmbH.pdf\" class=\"mitglieder-logos\" target=\"_blank\">\r\n                    <div class=\"logos_m col-lg-3 col-md-3 col-sm-6 col-xs-12\">\r\n                                                <div class=\"tooltips image_logo logo_13 \" style=\"background-image: url(https:\/\/vdms.ch\/wp-content\/uploads\/2025\/02\/Logo-Knetbude.png);\">\r\n                                                    <\/div>\r\n                    <\/div>\r\n                <\/a>\r\n                                                                                            <a href=\"https:\/\/vdms.ch\/wp-content\/uploads\/2025\/06\/F-Steckbrief-Integri-AG.pdf\" class=\"mitglieder-logos\" target=\"_blank\">\r\n                    <div class=\"logos_m col-lg-3 col-md-3 col-sm-6 col-xs-12\">\r\n                                                <div class=\"tooltips image_logo logo_14 \" style=\"background-image: url(https:\/\/vdms.ch\/wp-content\/uploads\/2025\/06\/Logo-Integri-AG.jpg);\">\r\n                                                    <\/div>\r\n                    <\/div>\r\n                <\/a>\r\n                                                                                            <a href=\"https:\/\/kneipp.ch\/\" class=\"mitglieder-logos\" target=\"_blank\">\r\n                    <div class=\"logos_m col-lg-3 col-md-3 col-sm-6 col-xs-12\">\r\n                                                <div class=\"tooltips image_logo logo_15 \" style=\"background-image: url(https:\/\/vdms.ch\/wp-content\/uploads\/2025\/04\/kneipp_square_logo_deutsch-002-scaled.jpg);\">\r\n                                                    <\/div>\r\n                    <\/div>\r\n                <\/a>\r\n                                                                                            <a href=\"https:\/\/medmasseure.ch\/\" class=\"mitglieder-logos\" target=\"_blank\">\r\n                    <div class=\"logos_m col-lg-3 col-md-3 col-sm-6 col-xs-12\">\r\n                                                <div class=\"tooltips image_logo logo_16 \" style=\"background-image: url(https:\/\/vdms.ch\/wp-content\/uploads\/2025\/11\/Logo-medmasseure1-002.jpg);\">\r\n                                                    <\/div>\r\n                    <\/div>\r\n                <\/a>\r\n                                        \r\n<\/section>\n\n\n<div style=\"height:30px\" aria-hidden=\"true\" class=\"wp-block-spacer\"><\/div>\n\n\n\n<hr class=\"wp-block-separator has-css-opacity is-style-wide\"\/>\n\n\n<section class=\"mitglied_werden row\">\r\n    <div class=\"col-md-12\">\r\n        <h3 class=\"color-brown text-center\">Saissisez votre chance<br \/>\r\navec le vdms-asmm<\/h3>\r\n                    <a href=\"https:\/\/vdms.ch\/fr\/devenir-membre\/\">\r\n                <button class=\"background-red\" style=\"display: flex;\">Devenir membre<\/button>\r\n            <\/a>\r\n        \r\n    <\/div>\r\n<\/section>","protected":false},"excerpt":{"rendered":"<p>R\u00e9seau Les membres de l\u2019association des cat\u00e9gories membre collectif et employeur renforcent le m\u00e9tier de masseur m\u00e9dical BF avec le vdms-asmm. Une situation gagnant-gagnant pour toutes les parties, nous profitons d\u2019un r\u00e9seau de partenariat.<\/p>\n","protected":false},"author":1,"featured_media":7413,"parent":0,"menu_order":2,"comment_status":"closed","ping_status":"closed","template":"","meta":{"_acf_changed":false,"footnotes":""},"class_list":["post-7644","page","type-page","status-publish","has-post-thumbnail","hentry"],"acf":[],"yoast_head":"<!-- This site is optimized with the Yoast SEO plugin v26.7 - https:\/\/yoast.com\/wordpress\/plugins\/seo\/ -->\n<title>R\u00e9seau - VDMS<\/title>\n<meta name=\"robots\" content=\"index, follow, max-snippet:-1, max-image-preview:large, max-video-preview:-1\" \/>\n<link rel=\"canonical\" href=\"https:\/\/vdms.ch\/fr\/netzwerk\/\" \/>\n<meta property=\"og:locale\" content=\"fr_FR\" \/>\n<meta property=\"og:type\" content=\"article\" \/>\n<meta property=\"og:title\" content=\"R\u00e9seau - VDMS\" \/>\n<meta property=\"og:description\" content=\"R\u00e9seau Les membres de l\u2019association des cat\u00e9gories membre collectif et employeur renforcent le m\u00e9tier de masseur m\u00e9dical BF avec le vdms-asmm. Une situation gagnant-gagnant pour toutes les parties, nous profitons d\u2019un r\u00e9seau de partenariat.\" \/>\n<meta property=\"og:url\" content=\"https:\/\/vdms.ch\/fr\/netzwerk\/\" \/>\n<meta property=\"og:site_name\" content=\"VDMS\" \/>\n<meta property=\"article:modified_time\" content=\"2025-11-10T09:54:38+00:00\" \/>\n<meta property=\"og:image\" content=\"https:\/\/vdms.ch\/wp-content\/uploads\/2021\/05\/vdms_asmm_netzwerk.jpg\" \/>\n\t<meta property=\"og:image:width\" content=\"2560\" \/>\n\t<meta property=\"og:image:height\" content=\"1080\" \/>\n\t<meta property=\"og:image:type\" content=\"image\/jpeg\" \/>\n<meta name=\"twitter:card\" content=\"summary_large_image\" \/>\n<meta name=\"twitter:label1\" content=\"Dur\u00e9e de lecture estim\u00e9e\" \/>\n\t<meta name=\"twitter:data1\" content=\"5 minutes\" \/>\n<script type=\"application\/ld+json\" class=\"yoast-schema-graph\">{\"@context\":\"https:\/\/schema.org\",\"@graph\":[{\"@type\":\"WebPage\",\"@id\":\"https:\/\/vdms.ch\/fr\/netzwerk\/\",\"url\":\"https:\/\/vdms.ch\/fr\/netzwerk\/\",\"name\":\"R\u00e9seau - VDMS\",\"isPartOf\":{\"@id\":\"https:\/\/vdms.ch\/fr\/#website\"},\"primaryImageOfPage\":{\"@id\":\"https:\/\/vdms.ch\/fr\/netzwerk\/#primaryimage\"},\"image\":{\"@id\":\"https:\/\/vdms.ch\/fr\/netzwerk\/#primaryimage\"},\"thumbnailUrl\":\"https:\/\/vdms.ch\/wp-content\/uploads\/2021\/05\/vdms_asmm_netzwerk.jpg\",\"datePublished\":\"2021-05-27T08:19:50+00:00\",\"dateModified\":\"2025-11-10T09:54:38+00:00\",\"breadcrumb\":{\"@id\":\"https:\/\/vdms.ch\/fr\/netzwerk\/#breadcrumb\"},\"inLanguage\":\"fr-FR\",\"potentialAction\":[{\"@type\":\"ReadAction\",\"target\":[\"https:\/\/vdms.ch\/fr\/netzwerk\/\"]}]},{\"@type\":\"ImageObject\",\"inLanguage\":\"fr-FR\",\"@id\":\"https:\/\/vdms.ch\/fr\/netzwerk\/#primaryimage\",\"url\":\"https:\/\/vdms.ch\/wp-content\/uploads\/2021\/05\/vdms_asmm_netzwerk.jpg\",\"contentUrl\":\"https:\/\/vdms.ch\/wp-content\/uploads\/2021\/05\/vdms_asmm_netzwerk.jpg\",\"width\":2560,\"height\":1080},{\"@type\":\"BreadcrumbList\",\"@id\":\"https:\/\/vdms.ch\/fr\/netzwerk\/#breadcrumb\",\"itemListElement\":[{\"@type\":\"ListItem\",\"position\":1,\"name\":\"Startseite\",\"item\":\"https:\/\/vdms.ch\/fr\/\"},{\"@type\":\"ListItem\",\"position\":2,\"name\":\"R\u00e9seau\"}]},{\"@type\":\"WebSite\",\"@id\":\"https:\/\/vdms.ch\/fr\/#website\",\"url\":\"https:\/\/vdms.ch\/fr\/\",\"name\":\"VDMS\",\"description\":\"Verband der Medizinischen Massage Schweiz\",\"publisher\":{\"@id\":\"https:\/\/vdms.ch\/fr\/#organization\"},\"potentialAction\":[{\"@type\":\"SearchAction\",\"target\":{\"@type\":\"EntryPoint\",\"urlTemplate\":\"https:\/\/vdms.ch\/fr\/?s={search_term_string}\"},\"query-input\":{\"@type\":\"PropertyValueSpecification\",\"valueRequired\":true,\"valueName\":\"search_term_string\"}}],\"inLanguage\":\"fr-FR\"},{\"@type\":\"Organization\",\"@id\":\"https:\/\/vdms.ch\/fr\/#organization\",\"name\":\"vdms-asmm\",\"url\":\"https:\/\/vdms.ch\/fr\/\",\"logo\":{\"@type\":\"ImageObject\",\"inLanguage\":\"fr-FR\",\"@id\":\"https:\/\/vdms.ch\/fr\/#\/schema\/logo\/image\/\",\"url\":\"https:\/\/vdms.ch\/wp-content\/uploads\/2020\/09\/vdms-logo.png\",\"contentUrl\":\"https:\/\/vdms.ch\/wp-content\/uploads\/2020\/09\/vdms-logo.png\",\"width\":1021,\"height\":388,\"caption\":\"vdms-asmm\"},\"image\":{\"@id\":\"https:\/\/vdms.ch\/fr\/#\/schema\/logo\/image\/\"}}]}<\/script>\n<!-- \/ Yoast SEO plugin. -->","yoast_head_json":{"title":"R\u00e9seau - VDMS","robots":{"index":"index","follow":"follow","max-snippet":"max-snippet:-1","max-image-preview":"max-image-preview:large","max-video-preview":"max-video-preview:-1"},"canonical":"https:\/\/vdms.ch\/fr\/netzwerk\/","og_locale":"fr_FR","og_type":"article","og_title":"R\u00e9seau - VDMS","og_description":"R\u00e9seau Les membres de l\u2019association des cat\u00e9gories membre collectif et employeur renforcent le m\u00e9tier de masseur m\u00e9dical BF avec le vdms-asmm. Une situation gagnant-gagnant pour toutes les parties, nous profitons d\u2019un r\u00e9seau de partenariat.","og_url":"https:\/\/vdms.ch\/fr\/netzwerk\/","og_site_name":"VDMS","article_modified_time":"2025-11-10T09:54:38+00:00","og_image":[{"width":2560,"height":1080,"url":"https:\/\/vdms.ch\/wp-content\/uploads\/2021\/05\/vdms_asmm_netzwerk.jpg","type":"image\/jpeg"}],"twitter_card":"summary_large_image","twitter_misc":{"Dur\u00e9e de lecture estim\u00e9e":"5 minutes"},"schema":{"@context":"https:\/\/schema.org","@graph":[{"@type":"WebPage","@id":"https:\/\/vdms.ch\/fr\/netzwerk\/","url":"https:\/\/vdms.ch\/fr\/netzwerk\/","name":"R\u00e9seau - VDMS","isPartOf":{"@id":"https:\/\/vdms.ch\/fr\/#website"},"primaryImageOfPage":{"@id":"https:\/\/vdms.ch\/fr\/netzwerk\/#primaryimage"},"image":{"@id":"https:\/\/vdms.ch\/fr\/netzwerk\/#primaryimage"},"thumbnailUrl":"https:\/\/vdms.ch\/wp-content\/uploads\/2021\/05\/vdms_asmm_netzwerk.jpg","datePublished":"2021-05-27T08:19:50+00:00","dateModified":"2025-11-10T09:54:38+00:00","breadcrumb":{"@id":"https:\/\/vdms.ch\/fr\/netzwerk\/#breadcrumb"},"inLanguage":"fr-FR","potentialAction":[{"@type":"ReadAction","target":["https:\/\/vdms.ch\/fr\/netzwerk\/"]}]},{"@type":"ImageObject","inLanguage":"fr-FR","@id":"https:\/\/vdms.ch\/fr\/netzwerk\/#primaryimage","url":"https:\/\/vdms.ch\/wp-content\/uploads\/2021\/05\/vdms_asmm_netzwerk.jpg","contentUrl":"https:\/\/vdms.ch\/wp-content\/uploads\/2021\/05\/vdms_asmm_netzwerk.jpg","width":2560,"height":1080},{"@type":"BreadcrumbList","@id":"https:\/\/vdms.ch\/fr\/netzwerk\/#breadcrumb","itemListElement":[{"@type":"ListItem","position":1,"name":"Startseite","item":"https:\/\/vdms.ch\/fr\/"},{"@type":"ListItem","position":2,"name":"R\u00e9seau"}]},{"@type":"WebSite","@id":"https:\/\/vdms.ch\/fr\/#website","url":"https:\/\/vdms.ch\/fr\/","name":"VDMS","description":"Verband der Medizinischen Massage Schweiz","publisher":{"@id":"https:\/\/vdms.ch\/fr\/#organization"},"potentialAction":[{"@type":"SearchAction","target":{"@type":"EntryPoint","urlTemplate":"https:\/\/vdms.ch\/fr\/?s={search_term_string}"},"query-input":{"@type":"PropertyValueSpecification","valueRequired":true,"valueName":"search_term_string"}}],"inLanguage":"fr-FR"},{"@type":"Organization","@id":"https:\/\/vdms.ch\/fr\/#organization","name":"vdms-asmm","url":"https:\/\/vdms.ch\/fr\/","logo":{"@type":"ImageObject","inLanguage":"fr-FR","@id":"https:\/\/vdms.ch\/fr\/#\/schema\/logo\/image\/","url":"https:\/\/vdms.ch\/wp-content\/uploads\/2020\/09\/vdms-logo.png","contentUrl":"https:\/\/vdms.ch\/wp-content\/uploads\/2020\/09\/vdms-logo.png","width":1021,"height":388,"caption":"vdms-asmm"},"image":{"@id":"https:\/\/vdms.ch\/fr\/#\/schema\/logo\/image\/"}}]}},"_links":{"self":[{"href":"https:\/\/vdms.ch\/fr\/wp-json\/wp\/v2\/pages\/7644","targetHints":{"allow":["GET"]}}],"collection":[{"href":"https:\/\/vdms.ch\/fr\/wp-json\/wp\/v2\/pages"}],"about":[{"href":"https:\/\/vdms.ch\/fr\/wp-json\/wp\/v2\/types\/page"}],"author":[{"embeddable":true,"href":"https:\/\/vdms.ch\/fr\/wp-json\/wp\/v2\/users\/1"}],"replies":[{"embeddable":true,"href":"https:\/\/vdms.ch\/fr\/wp-json\/wp\/v2\/comments?post=7644"}],"version-history":[{"count":60,"href":"https:\/\/vdms.ch\/fr\/wp-json\/wp\/v2\/pages\/7644\/revisions"}],"predecessor-version":[{"id":17130,"href":"https:\/\/vdms.ch\/fr\/wp-json\/wp\/v2\/pages\/7644\/revisions\/17130"}],"wp:featuredmedia":[{"embeddable":true,"href":"https:\/\/vdms.ch\/fr\/wp-json\/wp\/v2\/media\/7413"}],"wp:attachment":[{"href":"https:\/\/vdms.ch\/fr\/wp-json\/wp\/v2\/media?parent=7644"}],"curies":[{"name":"wp","href":"https:\/\/api.w.org\/{rel}","templated":true}]}}