{"id":14710,"date":"2024-10-14T15:00:08","date_gmt":"2024-10-14T13:00:08","guid":{"rendered":"https:\/\/vdms.ch\/svmm-schweizerischer-verband-medizinische-massage-schweizerischer-verband-medizinische-masseure\/"},"modified":"2026-02-02T15:25:10","modified_gmt":"2026-02-02T14:25:10","slug":"svmm-schweizerischer-verband-medizinische-massage-schweizerischer-verband-medizinische-masseure","status":"publish","type":"page","link":"https:\/\/vdms.ch\/it\/svmm-schweizerischer-verband-medizinische-massage-schweizerischer-verband-medizinische-masseure\/","title":{"rendered":"SVMM"},"content":{"rendered":"\n<div class=\"wp-block-columns no-margin is-layout-flex wp-container-core-columns-is-layout-9d6595d7 wp-block-columns-is-layout-flex\">\n<div class=\"wp-block-column is-layout-flow wp-block-column-is-layout-flow\" style=\"flex-basis:75%\">\n<h1 class=\"wp-block-heading color-brown overline\">Alleanza vdms-asmm &#8211; SVMM<\/h1>\n<\/div>\n<\/div>\n\n\n\n<div style=\"height:20px\" aria-hidden=\"true\" class=\"wp-block-spacer\"><\/div>\n\n\n\n<div class=\"wp-block-columns alignwide is-layout-flex wp-container-core-columns-is-layout-9d6595d7 wp-block-columns-is-layout-flex\">\n<div class=\"wp-block-column is-layout-flow wp-block-column-is-layout-flow\">\n<p>Aarau, 08.03.2024<\/p>\n\n\n\n<h3 class=\"wp-block-heading\">Marchi protetti<\/h3>\n\n\n\n<p>Le seguenti tre marche sono ufficialmente registrate presso l\u2019Ufficio federale della propriet\u00e0 intellettuale e protette a livello di marchio. La protezione \u00e8 garantita dal vdms-asmm e assicura l\u2019uso legittimo nonch\u00e9 la tutela completa delle denominazioni e dei loghi ad essi associati.<\/p>\n\n\n\n<figure class=\"wp-block-image size-full\"><img loading=\"lazy\" decoding=\"async\" width=\"947\" height=\"235\" src=\"https:\/\/vdms.ch\/wp-content\/uploads\/2026\/02\/IT-Markenschutz.png\" alt=\"\" class=\"wp-image-17795\" srcset=\"https:\/\/vdms.ch\/wp-content\/uploads\/2026\/02\/IT-Markenschutz.png 947w, https:\/\/vdms.ch\/wp-content\/uploads\/2026\/02\/IT-Markenschutz-300x74.png 300w, https:\/\/vdms.ch\/wp-content\/uploads\/2026\/02\/IT-Markenschutz-768x191.png 768w\" sizes=\"auto, (max-width: 947px) 100vw, 947px\" \/><\/figure>\n\n\n\n<div style=\"height:100px\" aria-hidden=\"true\" class=\"wp-block-spacer\"><\/div>\n\n\n\n<p>Aarau, 15.01.2024<\/p>\n\n\n\n<h3 class=\"wp-block-heading\"><strong><strong>Rendere attraente la professione sanitaria del massaggiatore medicale!&nbsp;<\/strong><\/strong><\/h3>\n\n\n\n<p>Questo appello proviene dai membri datori di lavoro del vdms-asmm al \u00ab2\u00b0 tavolo rotondo della categoria dei datori di lavoro membri\u00bb del 09.11.2023. Da ci\u00f2 \u00e8 emersa una proposta concreta, che \u00e8 stata inclusa nella strategia del vdms-asmm e ha portato alla riattivazione dell\u2019SVMM con il nome di Associazione Svizzera per il Massaggio Medicale. <\/p>\n\n\n\n<p>Le attivit\u00e0 dell\u2019alleanza SVMM \/ vdms-asmm con la riattivazione della sezione SVMM del vdms-asmm sono descritte nel seguente pdf.&nbsp;<\/p>\n\n\n\n<div class=\"wp-block-file\"><a id=\"wp-block-file--media-8b1c36ec-3679-4e2f-8c91-693eb3dd391c\" href=\"https:\/\/vdms.ch\/wp-content\/uploads\/2024\/11\/ITA_05.11.2024_20241018_Rendere-attraente-la-professione-sanitaria-del-massaggio-medico-2.pdf\" target=\"_blank\" rel=\"noreferrer noopener\">Rendere attraente la professione sanitaria del massaggiatore medicale<\/a><\/div>\n\n\n\n<p><\/p>\n\n\n\n<div style=\"height:51px\" aria-hidden=\"true\" class=\"wp-block-spacer\"><\/div>\n\n\n\n<p>Aarau, 23.01.2010<\/p>\n\n\n\n<h3 class=\"wp-block-heading\">L\u2019Associazione Svizzera per il Massaggio Medicale (SVMM) \u00e8 stata fondata nel 2000 e ha successivamente conosciuto e apprezzato il lavoro visionario del vdms-asmm, l\u2019associazione pi\u00f9 antica e allo stesso tempo pi\u00f9 moderna<\/h3>\n\n\n\n<p>Grazie a questa esperienza positiva, nel 2005 l\u2019SVMM ha cercato una collaborazione con il vdms-asmm per rafforzare insieme il massaggio medicale.<\/p>\n\n\n\n<p>Dalla cooperazione tra l\u2019SVMM e il vdms-asmm \u00e8 nato il percorso per la professione sanitaria odierna con il certificato federale di capacit\u00e0 per massaggiatori e massaggiatrici medicali.<\/p>\n\n\n\n<p>Dal 2005 al 2009, i membri dell\u2019SVMM sono stati convinti dall\u2019impressionante qualit\u00e0 del vdms-asmm, che copriva il rafforzamento del massaggio medicale in tutte le regioni linguistiche. Dopo l\u2019implementazione con successo della nuova professione di massaggiatori e massaggiatrici medicali nel 2009, hanno chiesto al vdms-asmm una fusione. <\/p>\n\n\n\n<p>Le assemblee generali dell\u2019SVMM e del vdms-asmm hanno approvato la fusione nel 2010. Da allora, operano insieme sotto il nome di Associazione per il Massaggio Medicale (vdms-asmm). Su richiesta dei membri dell\u2019SVMM, questi sono completamente integrati nel vdms-asmm dal 2010. Da questa unione con una chiara direzione, il vdms-asmm \u00e8 diventato l\u2019associazione di categoria per il massaggio medicale ed \u00e8 riconosciuto da tutti gli enti nel settore dell\u2019istruzione e della sanit\u00e0 come il primo interlocutore.<\/p>\n\n\n\n<p>\u00abNoi per voi \u2013 Insieme per la professione.\u00bb<\/p>\n\n\n\n<p><\/p>\n\n\n\n<div style=\"height:100px\" aria-hidden=\"true\" class=\"wp-block-spacer\"><\/div>\n<\/div>\n<\/div>\n","protected":false},"excerpt":{"rendered":"<p>Alleanza vdms-asmm &#8211; SVMM Aarau, 08.03.2024 Marchi protetti Le seguenti tre marche sono ufficialmente registrate presso l\u2019Ufficio federale della propriet\u00e0 intellettuale e protette a livello di marchio. La protezione \u00e8 garantita dal vdms-asmm e assicura l\u2019uso legittimo nonch\u00e9 la tutela completa delle denominazioni e dei loghi ad essi associati. Aarau, 15.01.2024 Rendere attraente la professione [&hellip;]<\/p>\n","protected":false},"author":1,"featured_media":3641,"parent":0,"menu_order":85,"comment_status":"closed","ping_status":"closed","template":"","meta":{"_acf_changed":false,"footnotes":""},"class_list":["post-14710","page","type-page","status-publish","has-post-thumbnail","hentry"],"acf":[],"yoast_head":"<!-- This site is optimized with the Yoast SEO plugin v26.7 - https:\/\/yoast.com\/wordpress\/plugins\/seo\/ -->\n<title>SVMM - VDMS<\/title>\n<meta name=\"description\" content=\"Als Branchenverband nimmt der Verband der medizinischen Masseure Schweiz (vdms-asmm) Stellung zu berufs-, bildungs-, und gesundheitspolitischen Themen. Wir vertreten die Interessen der Medizinischen Masseure EFA mit deren Kernkompetenzen.\" \/>\n<meta name=\"robots\" content=\"index, follow, max-snippet:-1, max-image-preview:large, max-video-preview:-1\" \/>\n<link rel=\"canonical\" href=\"https:\/\/vdms.ch\/it\/svmm-schweizerischer-verband-medizinische-massage-schweizerischer-verband-medizinische-masseure\/\" \/>\n<meta property=\"og:locale\" content=\"it_IT\" \/>\n<meta property=\"og:type\" content=\"article\" \/>\n<meta property=\"og:title\" content=\"SVMM - VDMS\" \/>\n<meta property=\"og:description\" content=\"Als Branchenverband nimmt der Verband der medizinischen Masseure Schweiz (vdms-asmm) Stellung zu berufs-, bildungs-, und gesundheitspolitischen Themen. Wir vertreten die Interessen der Medizinischen Masseure EFA mit deren Kernkompetenzen.\" \/>\n<meta property=\"og:url\" content=\"https:\/\/vdms.ch\/it\/svmm-schweizerischer-verband-medizinische-massage-schweizerischer-verband-medizinische-masseure\/\" \/>\n<meta property=\"og:site_name\" content=\"VDMS\" \/>\n<meta property=\"article:modified_time\" content=\"2026-02-02T14:25:10+00:00\" \/>\n<meta property=\"og:image\" content=\"https:\/\/vdms.ch\/wp-content\/uploads\/2020\/10\/vdms_asmm_titelbild_02.jpg\" \/>\n\t<meta property=\"og:image:width\" content=\"2560\" \/>\n\t<meta property=\"og:image:height\" content=\"1080\" \/>\n\t<meta property=\"og:image:type\" content=\"image\/jpeg\" \/>\n<meta name=\"twitter:card\" content=\"summary_large_image\" \/>\n<meta name=\"twitter:label1\" content=\"Tempo di lettura stimato\" \/>\n\t<meta name=\"twitter:data1\" content=\"3 minuti\" \/>\n<script type=\"application\/ld+json\" class=\"yoast-schema-graph\">{\"@context\":\"https:\/\/schema.org\",\"@graph\":[{\"@type\":\"WebPage\",\"@id\":\"https:\/\/vdms.ch\/it\/svmm-schweizerischer-verband-medizinische-massage-schweizerischer-verband-medizinische-masseure\/\",\"url\":\"https:\/\/vdms.ch\/it\/svmm-schweizerischer-verband-medizinische-massage-schweizerischer-verband-medizinische-masseure\/\",\"name\":\"SVMM - VDMS\",\"isPartOf\":{\"@id\":\"https:\/\/vdms.ch\/it\/#website\"},\"primaryImageOfPage\":{\"@id\":\"https:\/\/vdms.ch\/it\/svmm-schweizerischer-verband-medizinische-massage-schweizerischer-verband-medizinische-masseure\/#primaryimage\"},\"image\":{\"@id\":\"https:\/\/vdms.ch\/it\/svmm-schweizerischer-verband-medizinische-massage-schweizerischer-verband-medizinische-masseure\/#primaryimage\"},\"thumbnailUrl\":\"https:\/\/vdms.ch\/wp-content\/uploads\/2020\/10\/vdms_asmm_titelbild_02.jpg\",\"datePublished\":\"2024-10-14T13:00:08+00:00\",\"dateModified\":\"2026-02-02T14:25:10+00:00\",\"description\":\"Als Branchenverband nimmt der Verband der medizinischen Masseure Schweiz (vdms-asmm) Stellung zu berufs-, bildungs-, und gesundheitspolitischen Themen. Wir vertreten die Interessen der Medizinischen Masseure EFA mit deren Kernkompetenzen.\",\"breadcrumb\":{\"@id\":\"https:\/\/vdms.ch\/it\/svmm-schweizerischer-verband-medizinische-massage-schweizerischer-verband-medizinische-masseure\/#breadcrumb\"},\"inLanguage\":\"it-IT\",\"potentialAction\":[{\"@type\":\"ReadAction\",\"target\":[\"https:\/\/vdms.ch\/it\/svmm-schweizerischer-verband-medizinische-massage-schweizerischer-verband-medizinische-masseure\/\"]}]},{\"@type\":\"ImageObject\",\"inLanguage\":\"it-IT\",\"@id\":\"https:\/\/vdms.ch\/it\/svmm-schweizerischer-verband-medizinische-massage-schweizerischer-verband-medizinische-masseure\/#primaryimage\",\"url\":\"https:\/\/vdms.ch\/wp-content\/uploads\/2020\/10\/vdms_asmm_titelbild_02.jpg\",\"contentUrl\":\"https:\/\/vdms.ch\/wp-content\/uploads\/2020\/10\/vdms_asmm_titelbild_02.jpg\",\"width\":2560,\"height\":1080},{\"@type\":\"BreadcrumbList\",\"@id\":\"https:\/\/vdms.ch\/it\/svmm-schweizerischer-verband-medizinische-massage-schweizerischer-verband-medizinische-masseure\/#breadcrumb\",\"itemListElement\":[{\"@type\":\"ListItem\",\"position\":1,\"name\":\"Startseite\",\"item\":\"https:\/\/vdms.ch\/it\/\"},{\"@type\":\"ListItem\",\"position\":2,\"name\":\"SVMM\"}]},{\"@type\":\"WebSite\",\"@id\":\"https:\/\/vdms.ch\/it\/#website\",\"url\":\"https:\/\/vdms.ch\/it\/\",\"name\":\"VDMS\",\"description\":\"Verband der Medizinischen Massage Schweiz\",\"publisher\":{\"@id\":\"https:\/\/vdms.ch\/it\/#organization\"},\"potentialAction\":[{\"@type\":\"SearchAction\",\"target\":{\"@type\":\"EntryPoint\",\"urlTemplate\":\"https:\/\/vdms.ch\/it\/?s={search_term_string}\"},\"query-input\":{\"@type\":\"PropertyValueSpecification\",\"valueRequired\":true,\"valueName\":\"search_term_string\"}}],\"inLanguage\":\"it-IT\"},{\"@type\":\"Organization\",\"@id\":\"https:\/\/vdms.ch\/it\/#organization\",\"name\":\"vdms-asmm\",\"url\":\"https:\/\/vdms.ch\/it\/\",\"logo\":{\"@type\":\"ImageObject\",\"inLanguage\":\"it-IT\",\"@id\":\"https:\/\/vdms.ch\/it\/#\/schema\/logo\/image\/\",\"url\":\"https:\/\/vdms.ch\/wp-content\/uploads\/2020\/09\/vdms-logo.png\",\"contentUrl\":\"https:\/\/vdms.ch\/wp-content\/uploads\/2020\/09\/vdms-logo.png\",\"width\":1021,\"height\":388,\"caption\":\"vdms-asmm\"},\"image\":{\"@id\":\"https:\/\/vdms.ch\/it\/#\/schema\/logo\/image\/\"}}]}<\/script>\n<!-- \/ Yoast SEO plugin. -->","yoast_head_json":{"title":"SVMM - VDMS","description":"Als Branchenverband nimmt der Verband der medizinischen Masseure Schweiz (vdms-asmm) Stellung zu berufs-, bildungs-, und gesundheitspolitischen Themen. Wir vertreten die Interessen der Medizinischen Masseure EFA mit deren Kernkompetenzen.","robots":{"index":"index","follow":"follow","max-snippet":"max-snippet:-1","max-image-preview":"max-image-preview:large","max-video-preview":"max-video-preview:-1"},"canonical":"https:\/\/vdms.ch\/it\/svmm-schweizerischer-verband-medizinische-massage-schweizerischer-verband-medizinische-masseure\/","og_locale":"it_IT","og_type":"article","og_title":"SVMM - VDMS","og_description":"Als Branchenverband nimmt der Verband der medizinischen Masseure Schweiz (vdms-asmm) Stellung zu berufs-, bildungs-, und gesundheitspolitischen Themen. Wir vertreten die Interessen der Medizinischen Masseure EFA mit deren Kernkompetenzen.","og_url":"https:\/\/vdms.ch\/it\/svmm-schweizerischer-verband-medizinische-massage-schweizerischer-verband-medizinische-masseure\/","og_site_name":"VDMS","article_modified_time":"2026-02-02T14:25:10+00:00","og_image":[{"width":2560,"height":1080,"url":"https:\/\/vdms.ch\/wp-content\/uploads\/2020\/10\/vdms_asmm_titelbild_02.jpg","type":"image\/jpeg"}],"twitter_card":"summary_large_image","twitter_misc":{"Tempo di lettura stimato":"3 minuti"},"schema":{"@context":"https:\/\/schema.org","@graph":[{"@type":"WebPage","@id":"https:\/\/vdms.ch\/it\/svmm-schweizerischer-verband-medizinische-massage-schweizerischer-verband-medizinische-masseure\/","url":"https:\/\/vdms.ch\/it\/svmm-schweizerischer-verband-medizinische-massage-schweizerischer-verband-medizinische-masseure\/","name":"SVMM - VDMS","isPartOf":{"@id":"https:\/\/vdms.ch\/it\/#website"},"primaryImageOfPage":{"@id":"https:\/\/vdms.ch\/it\/svmm-schweizerischer-verband-medizinische-massage-schweizerischer-verband-medizinische-masseure\/#primaryimage"},"image":{"@id":"https:\/\/vdms.ch\/it\/svmm-schweizerischer-verband-medizinische-massage-schweizerischer-verband-medizinische-masseure\/#primaryimage"},"thumbnailUrl":"https:\/\/vdms.ch\/wp-content\/uploads\/2020\/10\/vdms_asmm_titelbild_02.jpg","datePublished":"2024-10-14T13:00:08+00:00","dateModified":"2026-02-02T14:25:10+00:00","description":"Als Branchenverband nimmt der Verband der medizinischen Masseure Schweiz (vdms-asmm) Stellung zu berufs-, bildungs-, und gesundheitspolitischen Themen. Wir vertreten die Interessen der Medizinischen Masseure EFA mit deren Kernkompetenzen.","breadcrumb":{"@id":"https:\/\/vdms.ch\/it\/svmm-schweizerischer-verband-medizinische-massage-schweizerischer-verband-medizinische-masseure\/#breadcrumb"},"inLanguage":"it-IT","potentialAction":[{"@type":"ReadAction","target":["https:\/\/vdms.ch\/it\/svmm-schweizerischer-verband-medizinische-massage-schweizerischer-verband-medizinische-masseure\/"]}]},{"@type":"ImageObject","inLanguage":"it-IT","@id":"https:\/\/vdms.ch\/it\/svmm-schweizerischer-verband-medizinische-massage-schweizerischer-verband-medizinische-masseure\/#primaryimage","url":"https:\/\/vdms.ch\/wp-content\/uploads\/2020\/10\/vdms_asmm_titelbild_02.jpg","contentUrl":"https:\/\/vdms.ch\/wp-content\/uploads\/2020\/10\/vdms_asmm_titelbild_02.jpg","width":2560,"height":1080},{"@type":"BreadcrumbList","@id":"https:\/\/vdms.ch\/it\/svmm-schweizerischer-verband-medizinische-massage-schweizerischer-verband-medizinische-masseure\/#breadcrumb","itemListElement":[{"@type":"ListItem","position":1,"name":"Startseite","item":"https:\/\/vdms.ch\/it\/"},{"@type":"ListItem","position":2,"name":"SVMM"}]},{"@type":"WebSite","@id":"https:\/\/vdms.ch\/it\/#website","url":"https:\/\/vdms.ch\/it\/","name":"VDMS","description":"Verband der Medizinischen Massage Schweiz","publisher":{"@id":"https:\/\/vdms.ch\/it\/#organization"},"potentialAction":[{"@type":"SearchAction","target":{"@type":"EntryPoint","urlTemplate":"https:\/\/vdms.ch\/it\/?s={search_term_string}"},"query-input":{"@type":"PropertyValueSpecification","valueRequired":true,"valueName":"search_term_string"}}],"inLanguage":"it-IT"},{"@type":"Organization","@id":"https:\/\/vdms.ch\/it\/#organization","name":"vdms-asmm","url":"https:\/\/vdms.ch\/it\/","logo":{"@type":"ImageObject","inLanguage":"it-IT","@id":"https:\/\/vdms.ch\/it\/#\/schema\/logo\/image\/","url":"https:\/\/vdms.ch\/wp-content\/uploads\/2020\/09\/vdms-logo.png","contentUrl":"https:\/\/vdms.ch\/wp-content\/uploads\/2020\/09\/vdms-logo.png","width":1021,"height":388,"caption":"vdms-asmm"},"image":{"@id":"https:\/\/vdms.ch\/it\/#\/schema\/logo\/image\/"}}]}},"_links":{"self":[{"href":"https:\/\/vdms.ch\/it\/wp-json\/wp\/v2\/pages\/14710","targetHints":{"allow":["GET"]}}],"collection":[{"href":"https:\/\/vdms.ch\/it\/wp-json\/wp\/v2\/pages"}],"about":[{"href":"https:\/\/vdms.ch\/it\/wp-json\/wp\/v2\/types\/page"}],"author":[{"embeddable":true,"href":"https:\/\/vdms.ch\/it\/wp-json\/wp\/v2\/users\/1"}],"replies":[{"embeddable":true,"href":"https:\/\/vdms.ch\/it\/wp-json\/wp\/v2\/comments?post=14710"}],"version-history":[{"count":20,"href":"https:\/\/vdms.ch\/it\/wp-json\/wp\/v2\/pages\/14710\/revisions"}],"predecessor-version":[{"id":17807,"href":"https:\/\/vdms.ch\/it\/wp-json\/wp\/v2\/pages\/14710\/revisions\/17807"}],"wp:featuredmedia":[{"embeddable":true,"href":"https:\/\/vdms.ch\/it\/wp-json\/wp\/v2\/media\/3641"}],"wp:attachment":[{"href":"https:\/\/vdms.ch\/it\/wp-json\/wp\/v2\/media?parent=14710"}],"curies":[{"name":"wp","href":"https:\/\/api.w.org\/{rel}","templated":true}]}}