{"id":15123,"date":"2024-12-18T23:03:50","date_gmt":"2024-12-18T22:03:50","guid":{"rendered":"https:\/\/vdms.ch\/?page_id=15123"},"modified":"2026-03-23T14:42:12","modified_gmt":"2026-03-23T13:42:12","slug":"esame-professionale","status":"publish","type":"page","link":"https:\/\/vdms.ch\/it\/esame-professionale\/","title":{"rendered":"Esame professionale"},"content":{"rendered":"\n<div class=\"wp-block-columns no-margin is-layout-flex wp-container-core-columns-is-layout-9d6595d7 wp-block-columns-is-layout-flex\">\n<div class=\"wp-block-column is-layout-flow wp-block-column-is-layout-flow\" style=\"flex-basis:75%\"><\/div>\n<\/div>\n\n\n\n<div style=\"height:20px\" aria-hidden=\"true\" class=\"wp-block-spacer\"><\/div>\n\n\n\n<div class=\"wp-block-columns alignwide is-layout-flex wp-container-core-columns-is-layout-9d6595d7 wp-block-columns-is-layout-flex\">\n<div class=\"wp-block-column is-layout-flow wp-block-column-is-layout-flow\">\n<p>Nell&#8217;ambito della co-responsabilit\u00e0, l&#8217;associazione svizzera di massaggio medicale (vdms-asmm) \u00e8 lieta di annunciare che dal 2025 far\u00e0 parte dell&#8217;esame professionale federale. Siamo motivati a implementare l&#8217;esame professionale secondo le direttive federali (SBFI). Siamo pronti ad affrontare la sfida per garantire ai diplomati un esame professionale equo e attuale.<\/p>\n\n\n\n<p>Siamo lieti di collaborare in modo costruttivo con la commissione di garanzia della qualit\u00e0 e la segreteria d&#8217;esame. Ulteriori informazioni sono disponibili sul nuovo sito web dell&#8217;esame professionale<strong> <a href=\"https:\/\/mmep.ch\/it\/home-2\/\" target=\"_blank\" rel=\"noreferrer noopener\">www.mmep.ch<\/a><\/strong><\/p>\n\n\n\n<div style=\"height:50px\" aria-hidden=\"true\" class=\"wp-block-spacer\"><\/div>\n\n\n\n<figure class=\"wp-block-image size-large\"><img loading=\"lazy\" decoding=\"async\" width=\"1024\" height=\"228\" src=\"https:\/\/vdms.ch\/wp-content\/uploads\/2026\/03\/MMEP_Logo_mit_Text_RBG-1024x228.jpg\" alt=\"\" class=\"wp-image-18000\" srcset=\"https:\/\/vdms.ch\/wp-content\/uploads\/2026\/03\/MMEP_Logo_mit_Text_RBG-1024x228.jpg 1024w, https:\/\/vdms.ch\/wp-content\/uploads\/2026\/03\/MMEP_Logo_mit_Text_RBG-300x67.jpg 300w, https:\/\/vdms.ch\/wp-content\/uploads\/2026\/03\/MMEP_Logo_mit_Text_RBG-768x171.jpg 768w, https:\/\/vdms.ch\/wp-content\/uploads\/2026\/03\/MMEP_Logo_mit_Text_RBG.jpg 1435w\" sizes=\"auto, (max-width: 1024px) 100vw, 1024px\" \/><\/figure>\n\n\n\n<div style=\"height:50px\" aria-hidden=\"true\" class=\"wp-block-spacer\"><\/div>\n\n\n\n<h3 class=\"wp-block-heading color-brown overline\">Titoli di formazione esteri<\/h3>\n\n\n\n<p>Desidera far riconoscere il Suo titolo di formazione conseguito all\u2019estero?<br>La preghiamo di rivolgersi direttamente alla <strong>Croce Rossa Svizzera (CRS), settore Sanit\u00e0<\/strong>. Le informazioni sul riconoscimento e sulla registrazione sono disponibili al seguente link: <em><a href=\"https:\/\/www.redcross.ch\/it\/la-nostra-offerta\/professioni-sanitarie-riconoscimento-e-registrazione\" target=\"_blank\" rel=\"noreferrer noopener\">Riconoscere e registrare le professioni sanitarie | CRS<\/a><\/em><\/p>\n\n\n\n<p>In alternativa, pu\u00f2 utilizzare l\u2019applicazione web <strong>PreCheck<\/strong>: <a href=\"http:\/\/www.precheck.ch\" target=\"_blank\" rel=\"noreferrer noopener\">www.precheck.ch<\/a><\/p>\n\n\n\n<p>Affinch\u00e9 la Sua domanda possa essere trattata correttamente e la documentazione venga predisposta e inviata in modo conforme, La preghiamo di osservare quanto segue:<\/p>\n\n\n\n<ul class=\"wp-block-list\">\n<li>rispondere in modo veritiero alle domande relative alla situazione attuale di domicilio e di lavoro, nonch\u00e9 all\u2019ultima attivit\u00e0 professionale svolta al di fuori della Svizzera;<\/li>\n\n\n\n<li>indicare nei dati di contatto l\u2019indirizzo attuale della persona richiedente.<\/li>\n<\/ul>\n<\/div>\n<\/div>\n","protected":false},"excerpt":{"rendered":"<p>Nell&#8217;ambito della co-responsabilit\u00e0, l&#8217;associazione svizzera di massaggio medicale (vdms-asmm) \u00e8 lieta di annunciare che dal 2025 far\u00e0 parte dell&#8217;esame professionale federale. Siamo motivati a implementare l&#8217;esame professionale secondo le direttive federali (SBFI). Siamo pronti ad affrontare la sfida per garantire ai diplomati un esame professionale equo e attuale. Siamo lieti di collaborare in modo costruttivo [&hellip;]<\/p>\n","protected":false},"author":1,"featured_media":15179,"parent":0,"menu_order":82,"comment_status":"closed","ping_status":"closed","template":"","meta":{"_acf_changed":false,"footnotes":""},"class_list":["post-15123","page","type-page","status-publish","has-post-thumbnail","hentry"],"acf":[],"yoast_head":"<!-- This site is optimized with the Yoast SEO plugin v26.7 - https:\/\/yoast.com\/wordpress\/plugins\/seo\/ -->\n<title>Esame professionale - VDMS<\/title>\n<meta name=\"description\" content=\"Als Branchenverband nimmt der Verband der medizinischen Masseure Schweiz (vdms-asmm) Stellung zu berufs-, bildungs-, und gesundheitspolitischen Themen. Wir vertreten die Interessen der Medizinischen Masseure EFA mit deren Kernkompetenzen.\" \/>\n<meta name=\"robots\" content=\"index, follow, max-snippet:-1, max-image-preview:large, max-video-preview:-1\" \/>\n<link rel=\"canonical\" href=\"https:\/\/vdms.ch\/it\/esame-professionale\/\" \/>\n<meta property=\"og:locale\" content=\"it_IT\" \/>\n<meta property=\"og:type\" content=\"article\" \/>\n<meta property=\"og:title\" content=\"Esame professionale - VDMS\" \/>\n<meta property=\"og:description\" content=\"Als Branchenverband nimmt der Verband der medizinischen Masseure Schweiz (vdms-asmm) Stellung zu berufs-, bildungs-, und gesundheitspolitischen Themen. Wir vertreten die Interessen der Medizinischen Masseure EFA mit deren Kernkompetenzen.\" \/>\n<meta property=\"og:url\" content=\"https:\/\/vdms.ch\/it\/esame-professionale\/\" \/>\n<meta property=\"og:site_name\" content=\"VDMS\" \/>\n<meta property=\"article:modified_time\" content=\"2026-03-23T13:42:12+00:00\" \/>\n<meta property=\"og:image\" content=\"https:\/\/vdms.ch\/wp-content\/uploads\/2025\/01\/Bild-BP-Home.jpeg\" \/>\n\t<meta property=\"og:image:width\" content=\"2560\" \/>\n\t<meta property=\"og:image:height\" content=\"1707\" \/>\n\t<meta property=\"og:image:type\" content=\"image\/jpeg\" \/>\n<meta name=\"twitter:card\" content=\"summary_large_image\" \/>\n<meta name=\"twitter:label1\" content=\"Tempo di lettura stimato\" \/>\n\t<meta name=\"twitter:data1\" content=\"2 minuti\" \/>\n<script type=\"application\/ld+json\" class=\"yoast-schema-graph\">{\"@context\":\"https:\/\/schema.org\",\"@graph\":[{\"@type\":\"WebPage\",\"@id\":\"https:\/\/vdms.ch\/it\/esame-professionale\/\",\"url\":\"https:\/\/vdms.ch\/it\/esame-professionale\/\",\"name\":\"Esame professionale - VDMS\",\"isPartOf\":{\"@id\":\"https:\/\/vdms.ch\/it\/#website\"},\"primaryImageOfPage\":{\"@id\":\"https:\/\/vdms.ch\/it\/esame-professionale\/#primaryimage\"},\"image\":{\"@id\":\"https:\/\/vdms.ch\/it\/esame-professionale\/#primaryimage\"},\"thumbnailUrl\":\"https:\/\/vdms.ch\/wp-content\/uploads\/2025\/01\/Bild-BP-Home.jpeg\",\"datePublished\":\"2024-12-18T22:03:50+00:00\",\"dateModified\":\"2026-03-23T13:42:12+00:00\",\"description\":\"Als Branchenverband nimmt der Verband der medizinischen Masseure Schweiz (vdms-asmm) Stellung zu berufs-, bildungs-, und gesundheitspolitischen Themen. Wir vertreten die Interessen der Medizinischen Masseure EFA mit deren Kernkompetenzen.\",\"breadcrumb\":{\"@id\":\"https:\/\/vdms.ch\/it\/esame-professionale\/#breadcrumb\"},\"inLanguage\":\"it-IT\",\"potentialAction\":[{\"@type\":\"ReadAction\",\"target\":[\"https:\/\/vdms.ch\/it\/esame-professionale\/\"]}]},{\"@type\":\"ImageObject\",\"inLanguage\":\"it-IT\",\"@id\":\"https:\/\/vdms.ch\/it\/esame-professionale\/#primaryimage\",\"url\":\"https:\/\/vdms.ch\/wp-content\/uploads\/2025\/01\/Bild-BP-Home.jpeg\",\"contentUrl\":\"https:\/\/vdms.ch\/wp-content\/uploads\/2025\/01\/Bild-BP-Home.jpeg\",\"width\":2560,\"height\":1707,\"caption\":\"Managers applauding to speaker after presentation\"},{\"@type\":\"BreadcrumbList\",\"@id\":\"https:\/\/vdms.ch\/it\/esame-professionale\/#breadcrumb\",\"itemListElement\":[{\"@type\":\"ListItem\",\"position\":1,\"name\":\"Startseite\",\"item\":\"https:\/\/vdms.ch\/it\/\"},{\"@type\":\"ListItem\",\"position\":2,\"name\":\"Esame professionale\"}]},{\"@type\":\"WebSite\",\"@id\":\"https:\/\/vdms.ch\/it\/#website\",\"url\":\"https:\/\/vdms.ch\/it\/\",\"name\":\"VDMS\",\"description\":\"Verband der Medizinischen Massage Schweiz\",\"publisher\":{\"@id\":\"https:\/\/vdms.ch\/it\/#organization\"},\"potentialAction\":[{\"@type\":\"SearchAction\",\"target\":{\"@type\":\"EntryPoint\",\"urlTemplate\":\"https:\/\/vdms.ch\/it\/?s={search_term_string}\"},\"query-input\":{\"@type\":\"PropertyValueSpecification\",\"valueRequired\":true,\"valueName\":\"search_term_string\"}}],\"inLanguage\":\"it-IT\"},{\"@type\":\"Organization\",\"@id\":\"https:\/\/vdms.ch\/it\/#organization\",\"name\":\"vdms-asmm\",\"url\":\"https:\/\/vdms.ch\/it\/\",\"logo\":{\"@type\":\"ImageObject\",\"inLanguage\":\"it-IT\",\"@id\":\"https:\/\/vdms.ch\/it\/#\/schema\/logo\/image\/\",\"url\":\"https:\/\/vdms.ch\/wp-content\/uploads\/2020\/09\/vdms-logo.png\",\"contentUrl\":\"https:\/\/vdms.ch\/wp-content\/uploads\/2020\/09\/vdms-logo.png\",\"width\":1021,\"height\":388,\"caption\":\"vdms-asmm\"},\"image\":{\"@id\":\"https:\/\/vdms.ch\/it\/#\/schema\/logo\/image\/\"}}]}<\/script>\n<!-- \/ Yoast SEO plugin. -->","yoast_head_json":{"title":"Esame professionale - VDMS","description":"Als Branchenverband nimmt der Verband der medizinischen Masseure Schweiz (vdms-asmm) Stellung zu berufs-, bildungs-, und gesundheitspolitischen Themen. Wir vertreten die Interessen der Medizinischen Masseure EFA mit deren Kernkompetenzen.","robots":{"index":"index","follow":"follow","max-snippet":"max-snippet:-1","max-image-preview":"max-image-preview:large","max-video-preview":"max-video-preview:-1"},"canonical":"https:\/\/vdms.ch\/it\/esame-professionale\/","og_locale":"it_IT","og_type":"article","og_title":"Esame professionale - VDMS","og_description":"Als Branchenverband nimmt der Verband der medizinischen Masseure Schweiz (vdms-asmm) Stellung zu berufs-, bildungs-, und gesundheitspolitischen Themen. Wir vertreten die Interessen der Medizinischen Masseure EFA mit deren Kernkompetenzen.","og_url":"https:\/\/vdms.ch\/it\/esame-professionale\/","og_site_name":"VDMS","article_modified_time":"2026-03-23T13:42:12+00:00","og_image":[{"width":2560,"height":1707,"url":"https:\/\/vdms.ch\/wp-content\/uploads\/2025\/01\/Bild-BP-Home.jpeg","type":"image\/jpeg"}],"twitter_card":"summary_large_image","twitter_misc":{"Tempo di lettura stimato":"2 minuti"},"schema":{"@context":"https:\/\/schema.org","@graph":[{"@type":"WebPage","@id":"https:\/\/vdms.ch\/it\/esame-professionale\/","url":"https:\/\/vdms.ch\/it\/esame-professionale\/","name":"Esame professionale - VDMS","isPartOf":{"@id":"https:\/\/vdms.ch\/it\/#website"},"primaryImageOfPage":{"@id":"https:\/\/vdms.ch\/it\/esame-professionale\/#primaryimage"},"image":{"@id":"https:\/\/vdms.ch\/it\/esame-professionale\/#primaryimage"},"thumbnailUrl":"https:\/\/vdms.ch\/wp-content\/uploads\/2025\/01\/Bild-BP-Home.jpeg","datePublished":"2024-12-18T22:03:50+00:00","dateModified":"2026-03-23T13:42:12+00:00","description":"Als Branchenverband nimmt der Verband der medizinischen Masseure Schweiz (vdms-asmm) Stellung zu berufs-, bildungs-, und gesundheitspolitischen Themen. Wir vertreten die Interessen der Medizinischen Masseure EFA mit deren Kernkompetenzen.","breadcrumb":{"@id":"https:\/\/vdms.ch\/it\/esame-professionale\/#breadcrumb"},"inLanguage":"it-IT","potentialAction":[{"@type":"ReadAction","target":["https:\/\/vdms.ch\/it\/esame-professionale\/"]}]},{"@type":"ImageObject","inLanguage":"it-IT","@id":"https:\/\/vdms.ch\/it\/esame-professionale\/#primaryimage","url":"https:\/\/vdms.ch\/wp-content\/uploads\/2025\/01\/Bild-BP-Home.jpeg","contentUrl":"https:\/\/vdms.ch\/wp-content\/uploads\/2025\/01\/Bild-BP-Home.jpeg","width":2560,"height":1707,"caption":"Managers applauding to speaker after presentation"},{"@type":"BreadcrumbList","@id":"https:\/\/vdms.ch\/it\/esame-professionale\/#breadcrumb","itemListElement":[{"@type":"ListItem","position":1,"name":"Startseite","item":"https:\/\/vdms.ch\/it\/"},{"@type":"ListItem","position":2,"name":"Esame professionale"}]},{"@type":"WebSite","@id":"https:\/\/vdms.ch\/it\/#website","url":"https:\/\/vdms.ch\/it\/","name":"VDMS","description":"Verband der Medizinischen Massage Schweiz","publisher":{"@id":"https:\/\/vdms.ch\/it\/#organization"},"potentialAction":[{"@type":"SearchAction","target":{"@type":"EntryPoint","urlTemplate":"https:\/\/vdms.ch\/it\/?s={search_term_string}"},"query-input":{"@type":"PropertyValueSpecification","valueRequired":true,"valueName":"search_term_string"}}],"inLanguage":"it-IT"},{"@type":"Organization","@id":"https:\/\/vdms.ch\/it\/#organization","name":"vdms-asmm","url":"https:\/\/vdms.ch\/it\/","logo":{"@type":"ImageObject","inLanguage":"it-IT","@id":"https:\/\/vdms.ch\/it\/#\/schema\/logo\/image\/","url":"https:\/\/vdms.ch\/wp-content\/uploads\/2020\/09\/vdms-logo.png","contentUrl":"https:\/\/vdms.ch\/wp-content\/uploads\/2020\/09\/vdms-logo.png","width":1021,"height":388,"caption":"vdms-asmm"},"image":{"@id":"https:\/\/vdms.ch\/it\/#\/schema\/logo\/image\/"}}]}},"_links":{"self":[{"href":"https:\/\/vdms.ch\/it\/wp-json\/wp\/v2\/pages\/15123","targetHints":{"allow":["GET"]}}],"collection":[{"href":"https:\/\/vdms.ch\/it\/wp-json\/wp\/v2\/pages"}],"about":[{"href":"https:\/\/vdms.ch\/it\/wp-json\/wp\/v2\/types\/page"}],"author":[{"embeddable":true,"href":"https:\/\/vdms.ch\/it\/wp-json\/wp\/v2\/users\/1"}],"replies":[{"embeddable":true,"href":"https:\/\/vdms.ch\/it\/wp-json\/wp\/v2\/comments?post=15123"}],"version-history":[{"count":14,"href":"https:\/\/vdms.ch\/it\/wp-json\/wp\/v2\/pages\/15123\/revisions"}],"predecessor-version":[{"id":18002,"href":"https:\/\/vdms.ch\/it\/wp-json\/wp\/v2\/pages\/15123\/revisions\/18002"}],"wp:featuredmedia":[{"embeddable":true,"href":"https:\/\/vdms.ch\/it\/wp-json\/wp\/v2\/media\/15179"}],"wp:attachment":[{"href":"https:\/\/vdms.ch\/it\/wp-json\/wp\/v2\/media?parent=15123"}],"curies":[{"name":"wp","href":"https:\/\/api.w.org\/{rel}","templated":true}]}}