{"id":4942,"date":"2020-11-05T11:19:23","date_gmt":"2020-11-05T10:19:23","guid":{"rendered":"https:\/\/vdms.ch\/?page_id=4942"},"modified":"2020-11-05T12:17:57","modified_gmt":"2020-11-05T11:17:57","slug":"affitto-aule-spazi","status":"publish","type":"page","link":"https:\/\/vdms.ch\/it\/affitto-aule-spazi\/","title":{"rendered":"Affitto aule\/spazi"},"content":{"rendered":"\n<h1 class=\"color-brown overline wp-block-heading\">Affitto aule\/spazi<\/h1>\n\n\n\n<div class=\"wp-block-columns alignwide is-layout-flex wp-container-core-columns-is-layout-9d6595d7 wp-block-columns-is-layout-flex\">\n<div class=\"wp-block-column is-layout-flow wp-block-column-is-layout-flow\">\n<h3 class=\"color-brown wp-block-heading\">Nella migliore posizione, in posizione centrale ad Aarau, ma ancora in campagna, offriamo anche le nostre aule di formazione arredate professionalmente in affitto.<\/h3>\n<\/div>\n\n\n\n<div class=\"wp-block-column is-layout-flow wp-block-column-is-layout-flow\"><\/div>\n<\/div>\n\n\n\n<div class=\"wp-block-columns alignwide is-layout-flex wp-container-core-columns-is-layout-9d6595d7 wp-block-columns-is-layout-flex\">\n<div class=\"wp-block-column is-layout-flow wp-block-column-is-layout-flow\">\n<p>Le nostre sale sono ideali per tutti i tipi di formazione e perfezionamento, ma servono perfettamente anche come sala conferenze, per eventi aziendali, riunioni di gruppo o altri eventi. I nostri spazi sono di dimensioni ideali per ogni occasione. A seconda della scelta dei posti a sedere, possiamo offrire spazio per un massimo di 60 persone.<\/p>\n\n\n\n<p>Saremo lieti di organizzare per voi catering, spuntini o prenotare un ristorante nelle vicinanze per la vostra pausa pranzo. Approfittate del nostro eccellente rapporto prezzo \/ prestazioni e contattateci oggi in modo che possiamo memorizzare i dati desiderati.<\/p>\n<\/div>\n\n\n\n<div class=\"wp-block-column is-layout-flow wp-block-column-is-layout-flow\">\n<p><strong>Vi offriamo<\/strong><\/p>\n\n\n\n<ul class=\"wp-block-list\"><li>2 ampie aule di formazione per teoria e pratica<\/li><li>Servizi igienici per uomini e donne&nbsp;<\/li><li>Sala pausa e guardaroba con biblioteca<\/li><li>Laptop, proiettore, lavagna a fogli mobili e bacheca sono inclusi nella struttura<\/li><li>Organizzazione del catering&nbsp;<\/li><\/ul>\n\n\n\n<div class=\"wp-block-file\"><a href=\"https:\/\/vdms.mokay.ch\/wp-content\/uploads\/2020\/10\/Affitto-aule-spazi.pdf\" target=\"_blank\" rel=\"noreferrer noopener\">Affitto-aule-spazi<\/a><\/div>\n<\/div>\n<\/div>\n\n\n\n<figure class=\"wp-block-gallery alignwide columns-4 is-cropped wp-block-gallery-1 is-layout-flex wp-block-gallery-is-layout-flex\"><ul class=\"blocks-gallery-grid\"><li class=\"blocks-gallery-item\"><figure><a href=\"https:\/\/vdms.mokay.ch\/wp-content\/uploads\/2020\/10\/vdms_asmm_profilbild_raumvermietung_01.jpg\"><img loading=\"lazy\" decoding=\"async\" width=\"300\" height=\"300\" src=\"https:\/\/vdms.mokay.ch\/wp-content\/uploads\/2020\/10\/vdms_asmm_profilbild_raumvermietung_01-300x300.jpg\" alt=\"\" data-id=\"3786\" data-full-url=\"https:\/\/vdms.mokay.ch\/wp-content\/uploads\/2020\/10\/vdms_asmm_profilbild_raumvermietung_01.jpg\" data-link=\"https:\/\/vdms.mokay.ch\/dienstleistungen\/raumvermietung\/vdms_asmm_profilbild_raumvermietung_01\/\" class=\"wp-image-3786\" srcset=\"https:\/\/vdms.ch\/wp-content\/uploads\/2020\/10\/vdms_asmm_profilbild_raumvermietung_01-300x300.jpg 300w, https:\/\/vdms.ch\/wp-content\/uploads\/2020\/10\/vdms_asmm_profilbild_raumvermietung_01-150x150.jpg 150w\" sizes=\"auto, (max-width: 300px) 100vw, 300px\" \/><\/a><\/figure><\/li><li class=\"blocks-gallery-item\"><figure><a href=\"https:\/\/vdms.mokay.ch\/wp-content\/uploads\/2020\/10\/vdms_asmm_profilbild_raumvermietung_02.jpg\"><img loading=\"lazy\" decoding=\"async\" width=\"300\" height=\"300\" src=\"https:\/\/vdms.mokay.ch\/wp-content\/uploads\/2020\/10\/vdms_asmm_profilbild_raumvermietung_02-300x300.jpg\" alt=\"\" data-id=\"3789\" data-full-url=\"https:\/\/vdms.mokay.ch\/wp-content\/uploads\/2020\/10\/vdms_asmm_profilbild_raumvermietung_02.jpg\" data-link=\"https:\/\/vdms.mokay.ch\/dienstleistungen\/raumvermietung\/vdms_asmm_profilbild_raumvermietung_02\/\" class=\"wp-image-3789\" srcset=\"https:\/\/vdms.ch\/wp-content\/uploads\/2020\/10\/vdms_asmm_profilbild_raumvermietung_02-300x300.jpg 300w, https:\/\/vdms.ch\/wp-content\/uploads\/2020\/10\/vdms_asmm_profilbild_raumvermietung_02-150x150.jpg 150w\" sizes=\"auto, (max-width: 300px) 100vw, 300px\" \/><\/a><\/figure><\/li><li class=\"blocks-gallery-item\"><figure><a href=\"https:\/\/vdms.mokay.ch\/wp-content\/uploads\/2020\/10\/vdms_asmm_profilbild_raumvermietung_03.jpg\"><img loading=\"lazy\" decoding=\"async\" width=\"300\" height=\"300\" src=\"https:\/\/vdms.mokay.ch\/wp-content\/uploads\/2020\/10\/vdms_asmm_profilbild_raumvermietung_03-300x300.jpg\" alt=\"\" data-id=\"3810\" data-full-url=\"https:\/\/vdms.mokay.ch\/wp-content\/uploads\/2020\/10\/vdms_asmm_profilbild_raumvermietung_03.jpg\" data-link=\"https:\/\/vdms.mokay.ch\/dienstleistungen\/raumvermietung\/vdms_asmm_profilbild_raumvermietung_03\/\" class=\"wp-image-3810\" srcset=\"https:\/\/vdms.ch\/wp-content\/uploads\/2020\/10\/vdms_asmm_profilbild_raumvermietung_03-300x300.jpg 300w, https:\/\/vdms.ch\/wp-content\/uploads\/2020\/10\/vdms_asmm_profilbild_raumvermietung_03-150x150.jpg 150w\" sizes=\"auto, (max-width: 300px) 100vw, 300px\" \/><\/a><\/figure><\/li><li class=\"blocks-gallery-item\"><figure><a href=\"https:\/\/vdms.mokay.ch\/wp-content\/uploads\/2020\/10\/vdms_asmm_profilbild_raumvermietung_04.jpg\"><img loading=\"lazy\" decoding=\"async\" width=\"300\" height=\"300\" src=\"https:\/\/vdms.mokay.ch\/wp-content\/uploads\/2020\/10\/vdms_asmm_profilbild_raumvermietung_04-300x300.jpg\" alt=\"\" data-id=\"3814\" data-full-url=\"https:\/\/vdms.mokay.ch\/wp-content\/uploads\/2020\/10\/vdms_asmm_profilbild_raumvermietung_04.jpg\" data-link=\"https:\/\/vdms.mokay.ch\/dienstleistungen\/raumvermietung\/vdms_asmm_profilbild_raumvermietung_04\/\" class=\"wp-image-3814\" srcset=\"https:\/\/vdms.ch\/wp-content\/uploads\/2020\/10\/vdms_asmm_profilbild_raumvermietung_04-300x300.jpg 300w, https:\/\/vdms.ch\/wp-content\/uploads\/2020\/10\/vdms_asmm_profilbild_raumvermietung_04-150x150.jpg 150w\" sizes=\"auto, (max-width: 300px) 100vw, 300px\" \/><\/a><\/figure><\/li><\/ul><\/figure>\n\n\n\n<div style=\"height:60px\" aria-hidden=\"true\" class=\"wp-block-spacer\"><\/div>\n\n\n<section class=\"testimonial-choice text-center\">\r\n    <h3>Libro feedback degli ospiti<\/h3>\r\n    <ul id=\"testimonial\" class=\"text-center testimonial-slider\">\r\n                        <li>\r\n                    <div class=\"testimonial_text\">H + Bildung utilizza da molti anni le sale VDMS. Abbiamo sempre trovato la collaborazione molto rapida e benevola quando si tratta di affittare. Cerchiamo sempre di rendere possibili le preoccupazioni degli utenti. Non vediamo l&#8217;ora di continuare a fare affidamento sui locali del VDMS in caso di nostri colli di bottiglia.<\/div>\r\n                    <br\/>\r\n                    <span>Feedback ottobre 2020: H + Education<\/span>\r\n                <\/li>\r\n                            <li>\r\n                    <div class=\"testimonial_text\">Dipendenti molto cortesi. I nostri desideri e le nostre preoccupazioni vengono presi sul serio e, quando possibile, soddisfatti. La stanza \u00e8 molto luminosa e ben arredata. Ci sentiamo davvero a casa nei vdms. Il rapporto qualit\u00e0-prezzo \u00e8 ottimo.<\/div>\r\n                    <br\/>\r\n                    <span>Feedback settembre 2020: Viviane Lareida<\/span>\r\n                <\/li>\r\n                            <li>\r\n                    <div class=\"testimonial_text\">ll nostro negozio si trova nello stesso edificio del VDMS. Apprezziamo molto il fatto che il VDMS ci offra sempre il suo ampio spazio per vari incontri ed eventi. Apprezziamo la gestione semplice e il servizio sempre estremamente perfetto e cortese e la calda accoglienza! Soprattutto durante il periodo Corona, questa stanza \u00e8 la nostra unica possibilit\u00e0 per tenere riunioni fisiche, sia interne che esterne. Mille grazie al team VDMS per la buona collaborazione, che \u00e8 apprezzata da tutti.<\/div>\r\n                    <br\/>\r\n                    <span>Feedback settembre 2020: CSD INGENIEURE AG<\/span>\r\n                <\/li>\r\n                            <li>\r\n                    <div class=\"testimonial_text\">Caro team vdms, vorremmo ringraziarti molto per il tuo ottimo servizio. \u00c8 stato fantastico dalla A alla Z. Abbiamo davvero apprezzato il modo in cui siamo stati presentati, come ci \u00e8 stata data l&#8217;opportunit\u00e0 di familiarizzare con i locali e la tecnologia. Anche l&#8217;ingresso il giorno del corso \u00e8 stato fantastico. Tutto and\u00f2 bene. Le camere sono fantastiche! Lode anche da chi parla.<\/div>\r\n                    <br\/>\r\n                    <span>Feedback aprile 2016: Lymphatic Drainage Association<\/span>\r\n                <\/li>\r\n                <\/ul>\r\n<\/section>\n\n\n<div style=\"height:80px\" aria-hidden=\"true\" class=\"wp-block-spacer\"><\/div>\n\n\n<\/div>\r\n<\/div>\r\n<\/div>\r\n\r\n\r\n\n<div class=\"wpcf7 no-js\" id=\"wpcf7-f4917-o1\" lang=\"it-IT\" dir=\"ltr\" data-wpcf7-id=\"4917\">\n<div class=\"screen-reader-response\"><p role=\"status\" aria-live=\"polite\" aria-atomic=\"true\"><\/p> <ul><\/ul><\/div>\n<form action=\"\/it\/wp-json\/wp\/v2\/pages\/4942#wpcf7-f4917-o1\" method=\"post\" class=\"wpcf7-form init\" aria-label=\"Modulo di contatto\" novalidate=\"novalidate\" data-status=\"init\">\n<fieldset class=\"hidden-fields-container\"><input type=\"hidden\" name=\"_wpcf7\" value=\"4917\" \/><input type=\"hidden\" name=\"_wpcf7_version\" value=\"6.1.4\" \/><input type=\"hidden\" name=\"_wpcf7_locale\" value=\"it_IT\" \/><input type=\"hidden\" name=\"_wpcf7_unit_tag\" value=\"wpcf7-f4917-o1\" \/><input type=\"hidden\" name=\"_wpcf7_container_post\" value=\"0\" \/><input type=\"hidden\" name=\"_wpcf7_posted_data_hash\" value=\"\" \/><input type=\"hidden\" name=\"_wpcf7cf_hidden_group_fields\" value=\"[]\" \/><input type=\"hidden\" name=\"_wpcf7cf_hidden_groups\" value=\"[]\" \/><input type=\"hidden\" name=\"_wpcf7cf_visible_groups\" value=\"[]\" \/><input type=\"hidden\" name=\"_wpcf7cf_repeaters\" value=\"[]\" \/><input type=\"hidden\" name=\"_wpcf7cf_steps\" value=\"{}\" \/><input type=\"hidden\" name=\"_wpcf7cf_options\" value=\"{&quot;form_id&quot;:4917,&quot;conditions&quot;:[],&quot;settings&quot;:{&quot;animation&quot;:&quot;yes&quot;,&quot;animation_intime&quot;:200,&quot;animation_outtime&quot;:200,&quot;conditions_ui&quot;:&quot;normal&quot;,&quot;notice_dismissed&quot;:false,&quot;notice_dismissed_rollback-cf7-5.9.5&quot;:true}}\" \/><input type=\"hidden\" name=\"_wpcf7dtx_version\" value=\"5.0.4\" \/><input type=\"hidden\" name=\"_wpcf7_recaptcha_response\" value=\"\" \/>\n<\/fieldset>\n<div class=\"container-vdms background-brown-light\">\n\t<div class=\"beitrittsgesuch container\">\n\t\t<div class=\"row\">\n\t\t\t<div class=\"col-md-12\">\n\t\t\t\t<h3>Richiesta affitto spazi\/aule\n\t\t\t\t<\/h3>\n\t\t\t<\/div>\n\t\t\t<div class=\"col-md-6\">\n\t\t\t\t<p><span class=\"wpcf7-form-control-wrap\" data-name=\"anrede\"><select class=\"wpcf7-form-control wpcf7-select wpcf7-validates-as-required\" aria-required=\"true\" aria-invalid=\"false\" name=\"anrede\"><option value=\"Titolo *\">Titolo *<\/option><option value=\"Signor\">Signor<\/option><option value=\"Signora\">Signora<\/option><\/select><\/span>\n\t\t\t\t<\/p>\n\t\t\t<\/div>\n\t\t\t<div class=\"col-md-6 empty-space\">\n\t\t\t<\/div>\n\t\t\t<div class=\"col-md-6\">\n\t\t\t\t<p><span class=\"wpcf7-form-control-wrap\" data-name=\"nachname\"><input size=\"40\" maxlength=\"400\" class=\"wpcf7-form-control wpcf7-text wpcf7-validates-as-required\" aria-required=\"true\" aria-invalid=\"false\" placeholder=\"Cognome *\" value=\"\" type=\"text\" name=\"nachname\" \/><\/span>\n\t\t\t\t<\/p>\n\t\t\t<\/div>\n\t\t\t<div class=\"col-md-6\">\n\t\t\t\t<p><span class=\"wpcf7-form-control-wrap\" data-name=\"vorname\"><input size=\"40\" maxlength=\"400\" class=\"wpcf7-form-control wpcf7-text wpcf7-validates-as-required\" aria-required=\"true\" aria-invalid=\"false\" placeholder=\"Nome *\" value=\"\" type=\"text\" name=\"vorname\" \/><\/span>\n\t\t\t\t<\/p>\n\t\t\t<\/div>\n\t\t\t<div class=\"col-md-6\">\n\t\t\t\t<p><span class=\"wpcf7-form-control-wrap\" data-name=\"adresse\"><input size=\"40\" maxlength=\"400\" class=\"wpcf7-form-control wpcf7-text wpcf7-validates-as-required\" aria-required=\"true\" aria-invalid=\"false\" placeholder=\"Indirizzo *\" value=\"\" type=\"text\" name=\"adresse\" \/><\/span>\n\t\t\t\t<\/p>\n\t\t\t<\/div>\n\t\t\t<div class=\"col-md-6\">\n\t\t\t\t<p><span class=\"wpcf7-form-control-wrap\" data-name=\"postfach\"><input size=\"40\" maxlength=\"400\" class=\"wpcf7-form-control wpcf7-text\" aria-invalid=\"false\" placeholder=\"Casella postale\" value=\"\" type=\"text\" name=\"postfach\" \/><\/span>\n\t\t\t\t<\/p>\n\t\t\t<\/div>\n\t\t\t<div class=\"col-md-6\">\n\t\t\t\t<p><span class=\"wpcf7-form-control-wrap\" data-name=\"plz\"><input size=\"40\" maxlength=\"400\" class=\"wpcf7-form-control wpcf7-text wpcf7-validates-as-required\" aria-required=\"true\" aria-invalid=\"false\" placeholder=\"Codice postale *\" value=\"\" type=\"text\" name=\"plz\" \/><\/span>\n\t\t\t\t<\/p>\n\t\t\t<\/div>\n\t\t\t<div class=\"col-md-6\">\n\t\t\t\t<p><span class=\"wpcf7-form-control-wrap\" data-name=\"ort\"><input size=\"40\" maxlength=\"400\" class=\"wpcf7-form-control wpcf7-text wpcf7-validates-as-required\" aria-required=\"true\" aria-invalid=\"false\" placeholder=\"Luogo *\" value=\"\" type=\"text\" name=\"ort\" \/><\/span>\n\t\t\t\t<\/p>\n\t\t\t<\/div>\n\t\t\t<div class=\"col-md-6\">\n\t\t\t\t<p><span class=\"wpcf7-form-control-wrap\" data-name=\"telefon\"><input size=\"40\" maxlength=\"400\" class=\"wpcf7-form-control wpcf7-tel wpcf7-validates-as-required wpcf7-text wpcf7-validates-as-tel\" aria-required=\"true\" aria-invalid=\"false\" placeholder=\"Telefono *\" value=\"\" type=\"tel\" name=\"telefon\" \/><\/span>\n\t\t\t\t<\/p>\n\t\t\t<\/div>\n\t\t\t<div class=\"col-md-6\">\n\t\t\t\t<p><span class=\"wpcf7-form-control-wrap\" data-name=\"email-191\"><input size=\"40\" maxlength=\"400\" class=\"wpcf7-form-control wpcf7-email wpcf7-validates-as-required wpcf7-text wpcf7-validates-as-email\" aria-required=\"true\" aria-invalid=\"false\" placeholder=\"e-mail *\" value=\"\" type=\"email\" name=\"email-191\" \/><\/span>\n\t\t\t\t<\/p>\n\t\t\t<\/div>\n\t\t\t<div class=\"col-md-6 empty-space\">\n\t\t\t<\/div>\n\t\t\t<div class=\"col-md-6\">\n\t\t\t\t<p><span class=\"wpcf7-form-control-wrap\" data-name=\"firmenname\"><input size=\"40\" maxlength=\"400\" class=\"wpcf7-form-control wpcf7-text\" aria-invalid=\"false\" placeholder=\"Nome della ditta\" value=\"\" type=\"text\" name=\"firmenname\" \/><\/span>\n\t\t\t\t<\/p>\n\t\t\t<\/div>\n\t\t\t<div class=\"col-md-6 empty-space\">\n\t\t\t<\/div>\n\t\t\t<div class=\"col-md-6\">\n\t\t\t\t<p><label>Osservazioni \/ dati desiderati <span class=\"wpcf7-form-control-wrap\" data-name=\"bemerkungen\"><textarea cols=\"40\" rows=\"10\" maxlength=\"2000\" class=\"wpcf7-form-control wpcf7-textarea\" aria-invalid=\"false\" name=\"bemerkungen\"><\/textarea><\/span><\/label>\n\t\t\t\t<\/p>\n\t\t\t<\/div>\n\t\t\t<div class=\"col-md-12\" style=\"font-size: 0.9em\">\n\t\t\t\t<p><span class=\"wpcf7-form-control-wrap\" data-name=\"acceptance-171\"><span class=\"wpcf7-form-control wpcf7-acceptance\"><span class=\"wpcf7-list-item\"><input type=\"checkbox\" name=\"acceptance-171\" value=\"1\" aria-invalid=\"false\" \/><\/span><\/span><\/span> Accetto tutti i <a href=\"https:\/\/vdms.ch\/it\/cgc\">termini e condizioni generali<\/a> e accetto l\u2019informativa sulla <a href=\"https:\/\/vdms.ch\/it\/privacy\">privacy.<\/a> *\n\t\t\t\t<\/p>\n\t\t\t<\/div>\n\t\t\t<div class=\"col-md-6\">\n\t\t\t\t<p><input class=\"wpcf7-form-control wpcf7-submit has-spinner\" type=\"submit\" value=\"spedire\" \/>\n\t\t\t\t<\/p>\n\t\t\t<\/div>\n\t\t<\/div>\n\t<\/div>\n<\/div><input type='hidden' class='wpcf7-pum' value='{\"closepopup\":false,\"closedelay\":0,\"openpopup\":false,\"openpopup_id\":0}' \/><div class=\"wpcf7-response-output\" aria-hidden=\"true\"><\/div>\n<\/form>\n<\/div>\n\r\n<\/div>\r\n<\/div>\r\n<\/div>\r\n<div id=\"content-2\" class=\"site-content container\">\r\n    <div class=\"site-page\">\n\n\n<div style=\"height:80px\" aria-hidden=\"true\" class=\"wp-block-spacer\"><\/div>\n","protected":false},"excerpt":{"rendered":"<p>Affitto aule\/spazi Nella migliore posizione, in posizione centrale ad Aarau, ma ancora in campagna, offriamo anche le nostre aule di formazione arredate professionalmente in affitto. Le nostre sale sono ideali per tutti i tipi di formazione e perfezionamento, ma servono perfettamente anche come sala conferenze, per eventi aziendali, riunioni di gruppo o altri eventi. I [&hellip;]<\/p>\n","protected":false},"author":1,"featured_media":14619,"parent":0,"menu_order":133,"comment_status":"closed","ping_status":"closed","template":"","meta":{"_acf_changed":false,"footnotes":""},"class_list":["post-4942","page","type-page","status-publish","has-post-thumbnail","hentry"],"acf":[],"yoast_head":"<!-- This site is optimized with the Yoast SEO plugin v26.7 - https:\/\/yoast.com\/wordpress\/plugins\/seo\/ -->\n<title>Affitto aule\/spazi - VDMS<\/title>\n<meta name=\"robots\" content=\"index, follow, max-snippet:-1, max-image-preview:large, max-video-preview:-1\" \/>\n<link rel=\"canonical\" href=\"https:\/\/vdms.ch\/it\/affitto-aule-spazi\/\" \/>\n<meta property=\"og:locale\" content=\"it_IT\" \/>\n<meta property=\"og:type\" content=\"article\" \/>\n<meta property=\"og:title\" content=\"Affitto aule\/spazi - VDMS\" \/>\n<meta property=\"og:description\" content=\"Affitto aule\/spazi Nella migliore posizione, in posizione centrale ad Aarau, ma ancora in campagna, offriamo anche le nostre aule di formazione arredate professionalmente in affitto. Le nostre sale sono ideali per tutti i tipi di formazione e perfezionamento, ma servono perfettamente anche come sala conferenze, per eventi aziendali, riunioni di gruppo o altri eventi. I [&hellip;]\" \/>\n<meta property=\"og:url\" content=\"https:\/\/vdms.ch\/it\/affitto-aule-spazi\/\" \/>\n<meta property=\"og:site_name\" content=\"VDMS\" \/>\n<meta property=\"article:modified_time\" content=\"2020-11-05T11:17:57+00:00\" \/>\n<meta property=\"og:image\" content=\"https:\/\/vdms.ch\/wp-content\/uploads\/2024\/09\/vdms_asmm_Kursraum_2024-11-scaled.jpg\" \/>\n\t<meta property=\"og:image:width\" content=\"2000\" \/>\n\t<meta property=\"og:image:height\" content=\"2560\" \/>\n\t<meta property=\"og:image:type\" content=\"image\/jpeg\" \/>\n<meta name=\"twitter:card\" content=\"summary_large_image\" \/>\n<meta name=\"twitter:label1\" content=\"Tempo di lettura stimato\" \/>\n\t<meta name=\"twitter:data1\" content=\"1 minuto\" \/>\n<script type=\"application\/ld+json\" class=\"yoast-schema-graph\">{\"@context\":\"https:\/\/schema.org\",\"@graph\":[{\"@type\":\"WebPage\",\"@id\":\"https:\/\/vdms.ch\/it\/affitto-aule-spazi\/\",\"url\":\"https:\/\/vdms.ch\/it\/affitto-aule-spazi\/\",\"name\":\"Affitto aule\/spazi - VDMS\",\"isPartOf\":{\"@id\":\"https:\/\/vdms.ch\/it\/#website\"},\"primaryImageOfPage\":{\"@id\":\"https:\/\/vdms.ch\/it\/affitto-aule-spazi\/#primaryimage\"},\"image\":{\"@id\":\"https:\/\/vdms.ch\/it\/affitto-aule-spazi\/#primaryimage\"},\"thumbnailUrl\":\"https:\/\/vdms.ch\/wp-content\/uploads\/2024\/09\/vdms_asmm_Kursraum_2024-11-scaled.jpg\",\"datePublished\":\"2020-11-05T10:19:23+00:00\",\"dateModified\":\"2020-11-05T11:17:57+00:00\",\"breadcrumb\":{\"@id\":\"https:\/\/vdms.ch\/it\/affitto-aule-spazi\/#breadcrumb\"},\"inLanguage\":\"it-IT\",\"potentialAction\":[{\"@type\":\"ReadAction\",\"target\":[\"https:\/\/vdms.ch\/it\/affitto-aule-spazi\/\"]}]},{\"@type\":\"ImageObject\",\"inLanguage\":\"it-IT\",\"@id\":\"https:\/\/vdms.ch\/it\/affitto-aule-spazi\/#primaryimage\",\"url\":\"https:\/\/vdms.ch\/wp-content\/uploads\/2024\/09\/vdms_asmm_Kursraum_2024-11-scaled.jpg\",\"contentUrl\":\"https:\/\/vdms.ch\/wp-content\/uploads\/2024\/09\/vdms_asmm_Kursraum_2024-11-scaled.jpg\",\"width\":2000,\"height\":2560},{\"@type\":\"BreadcrumbList\",\"@id\":\"https:\/\/vdms.ch\/it\/affitto-aule-spazi\/#breadcrumb\",\"itemListElement\":[{\"@type\":\"ListItem\",\"position\":1,\"name\":\"Startseite\",\"item\":\"https:\/\/vdms.ch\/it\/\"},{\"@type\":\"ListItem\",\"position\":2,\"name\":\"Affitto aule\/spazi\"}]},{\"@type\":\"WebSite\",\"@id\":\"https:\/\/vdms.ch\/it\/#website\",\"url\":\"https:\/\/vdms.ch\/it\/\",\"name\":\"VDMS\",\"description\":\"Verband der Medizinischen Massage Schweiz\",\"publisher\":{\"@id\":\"https:\/\/vdms.ch\/it\/#organization\"},\"potentialAction\":[{\"@type\":\"SearchAction\",\"target\":{\"@type\":\"EntryPoint\",\"urlTemplate\":\"https:\/\/vdms.ch\/it\/?s={search_term_string}\"},\"query-input\":{\"@type\":\"PropertyValueSpecification\",\"valueRequired\":true,\"valueName\":\"search_term_string\"}}],\"inLanguage\":\"it-IT\"},{\"@type\":\"Organization\",\"@id\":\"https:\/\/vdms.ch\/it\/#organization\",\"name\":\"vdms-asmm\",\"url\":\"https:\/\/vdms.ch\/it\/\",\"logo\":{\"@type\":\"ImageObject\",\"inLanguage\":\"it-IT\",\"@id\":\"https:\/\/vdms.ch\/it\/#\/schema\/logo\/image\/\",\"url\":\"https:\/\/vdms.ch\/wp-content\/uploads\/2020\/09\/vdms-logo.png\",\"contentUrl\":\"https:\/\/vdms.ch\/wp-content\/uploads\/2020\/09\/vdms-logo.png\",\"width\":1021,\"height\":388,\"caption\":\"vdms-asmm\"},\"image\":{\"@id\":\"https:\/\/vdms.ch\/it\/#\/schema\/logo\/image\/\"}}]}<\/script>\n<!-- \/ Yoast SEO plugin. -->","yoast_head_json":{"title":"Affitto aule\/spazi - VDMS","robots":{"index":"index","follow":"follow","max-snippet":"max-snippet:-1","max-image-preview":"max-image-preview:large","max-video-preview":"max-video-preview:-1"},"canonical":"https:\/\/vdms.ch\/it\/affitto-aule-spazi\/","og_locale":"it_IT","og_type":"article","og_title":"Affitto aule\/spazi - VDMS","og_description":"Affitto aule\/spazi Nella migliore posizione, in posizione centrale ad Aarau, ma ancora in campagna, offriamo anche le nostre aule di formazione arredate professionalmente in affitto. Le nostre sale sono ideali per tutti i tipi di formazione e perfezionamento, ma servono perfettamente anche come sala conferenze, per eventi aziendali, riunioni di gruppo o altri eventi. I [&hellip;]","og_url":"https:\/\/vdms.ch\/it\/affitto-aule-spazi\/","og_site_name":"VDMS","article_modified_time":"2020-11-05T11:17:57+00:00","og_image":[{"width":2000,"height":2560,"url":"https:\/\/vdms.ch\/wp-content\/uploads\/2024\/09\/vdms_asmm_Kursraum_2024-11-scaled.jpg","type":"image\/jpeg"}],"twitter_card":"summary_large_image","twitter_misc":{"Tempo di lettura stimato":"1 minuto"},"schema":{"@context":"https:\/\/schema.org","@graph":[{"@type":"WebPage","@id":"https:\/\/vdms.ch\/it\/affitto-aule-spazi\/","url":"https:\/\/vdms.ch\/it\/affitto-aule-spazi\/","name":"Affitto aule\/spazi - VDMS","isPartOf":{"@id":"https:\/\/vdms.ch\/it\/#website"},"primaryImageOfPage":{"@id":"https:\/\/vdms.ch\/it\/affitto-aule-spazi\/#primaryimage"},"image":{"@id":"https:\/\/vdms.ch\/it\/affitto-aule-spazi\/#primaryimage"},"thumbnailUrl":"https:\/\/vdms.ch\/wp-content\/uploads\/2024\/09\/vdms_asmm_Kursraum_2024-11-scaled.jpg","datePublished":"2020-11-05T10:19:23+00:00","dateModified":"2020-11-05T11:17:57+00:00","breadcrumb":{"@id":"https:\/\/vdms.ch\/it\/affitto-aule-spazi\/#breadcrumb"},"inLanguage":"it-IT","potentialAction":[{"@type":"ReadAction","target":["https:\/\/vdms.ch\/it\/affitto-aule-spazi\/"]}]},{"@type":"ImageObject","inLanguage":"it-IT","@id":"https:\/\/vdms.ch\/it\/affitto-aule-spazi\/#primaryimage","url":"https:\/\/vdms.ch\/wp-content\/uploads\/2024\/09\/vdms_asmm_Kursraum_2024-11-scaled.jpg","contentUrl":"https:\/\/vdms.ch\/wp-content\/uploads\/2024\/09\/vdms_asmm_Kursraum_2024-11-scaled.jpg","width":2000,"height":2560},{"@type":"BreadcrumbList","@id":"https:\/\/vdms.ch\/it\/affitto-aule-spazi\/#breadcrumb","itemListElement":[{"@type":"ListItem","position":1,"name":"Startseite","item":"https:\/\/vdms.ch\/it\/"},{"@type":"ListItem","position":2,"name":"Affitto aule\/spazi"}]},{"@type":"WebSite","@id":"https:\/\/vdms.ch\/it\/#website","url":"https:\/\/vdms.ch\/it\/","name":"VDMS","description":"Verband der Medizinischen Massage Schweiz","publisher":{"@id":"https:\/\/vdms.ch\/it\/#organization"},"potentialAction":[{"@type":"SearchAction","target":{"@type":"EntryPoint","urlTemplate":"https:\/\/vdms.ch\/it\/?s={search_term_string}"},"query-input":{"@type":"PropertyValueSpecification","valueRequired":true,"valueName":"search_term_string"}}],"inLanguage":"it-IT"},{"@type":"Organization","@id":"https:\/\/vdms.ch\/it\/#organization","name":"vdms-asmm","url":"https:\/\/vdms.ch\/it\/","logo":{"@type":"ImageObject","inLanguage":"it-IT","@id":"https:\/\/vdms.ch\/it\/#\/schema\/logo\/image\/","url":"https:\/\/vdms.ch\/wp-content\/uploads\/2020\/09\/vdms-logo.png","contentUrl":"https:\/\/vdms.ch\/wp-content\/uploads\/2020\/09\/vdms-logo.png","width":1021,"height":388,"caption":"vdms-asmm"},"image":{"@id":"https:\/\/vdms.ch\/it\/#\/schema\/logo\/image\/"}}]}},"_links":{"self":[{"href":"https:\/\/vdms.ch\/it\/wp-json\/wp\/v2\/pages\/4942","targetHints":{"allow":["GET"]}}],"collection":[{"href":"https:\/\/vdms.ch\/it\/wp-json\/wp\/v2\/pages"}],"about":[{"href":"https:\/\/vdms.ch\/it\/wp-json\/wp\/v2\/types\/page"}],"author":[{"embeddable":true,"href":"https:\/\/vdms.ch\/it\/wp-json\/wp\/v2\/users\/1"}],"replies":[{"embeddable":true,"href":"https:\/\/vdms.ch\/it\/wp-json\/wp\/v2\/comments?post=4942"}],"version-history":[{"count":3,"href":"https:\/\/vdms.ch\/it\/wp-json\/wp\/v2\/pages\/4942\/revisions"}],"predecessor-version":[{"id":4999,"href":"https:\/\/vdms.ch\/it\/wp-json\/wp\/v2\/pages\/4942\/revisions\/4999"}],"wp:featuredmedia":[{"embeddable":true,"href":"https:\/\/vdms.ch\/it\/wp-json\/wp\/v2\/media\/14619"}],"wp:attachment":[{"href":"https:\/\/vdms.ch\/it\/wp-json\/wp\/v2\/media?parent=4942"}],"curies":[{"name":"wp","href":"https:\/\/api.w.org\/{rel}","templated":true}]}}