{"id":5125,"date":"2020-11-09T10:47:34","date_gmt":"2020-11-09T09:47:34","guid":{"rendered":"https:\/\/vdms.ch\/?page_id=5125"},"modified":"2026-03-26T12:14:43","modified_gmt":"2026-03-26T11:14:43","slug":"problemi-di-salute","status":"publish","type":"page","link":"https:\/\/vdms.ch\/it\/problemi-di-salute\/","title":{"rendered":"Problemi di salute"},"content":{"rendered":"\n<h1 class=\"wp-block-heading color-brown overline\">Reflexe<\/h1>\n\n\n\n<div class=\"wp-block-columns alignwide is-layout-flex wp-container-core-columns-is-layout-9d6595d7 wp-block-columns-is-layout-flex\">\n<div class=\"wp-block-column is-layout-flow wp-block-column-is-layout-flow\">\n<p>La nostra rivista di terapia fisica \u00e8 anche per i pazienti<\/p>\n\n\n\n<p>una fonte per argomenti di salute. Nella nostra sezione &#8220;Cose da leggere&#8221;, vi forniamo interessanti articoli sui singoli numeri. Vuoi saperne di pi\u00f9 sui nostri riflessi e leggere altri articoli?<\/p>\n\n\n<section class=\"cta_section row\">\r\n    <div class=\"cta col-md-12\">\r\n                <a href=\"https:\/\/vdms.ch\/it\/reflexe\/\">\r\n            <div class=\"color-red arrow-right\">\r\n                Per saperne di pi\u00f9                <img decoding=\"async\" src=\"https:\/\/vdms.ch\/wp-content\/themes\/vdms\/images\/arrow-right.png\"\/>\r\n            <\/div>\r\n        <\/a>\r\n    <\/div>\r\n<\/section><\/div>\n\n\n\n<div class=\"wp-block-column is-layout-flow wp-block-column-is-layout-flow\"><\/div>\n<\/div>\n\n\n\n<hr class=\"wp-block-separator has-css-opacity is-style-wide\"\/>\n\n\n\n<h1 class=\"wp-block-heading color-brown overline\">Digiuno<\/h1>\n\n\n\n<div class=\"wp-block-columns alignwide is-layout-flex wp-container-core-columns-is-layout-9d6595d7 wp-block-columns-is-layout-flex\">\n<div class=\"wp-block-column is-layout-flow wp-block-column-is-layout-flow\">\n<h3 class=\"wp-block-heading\">Reflexe aprile 2026<\/h3>\n\n\n\n<p><strong>Il digiuno in et\u00e0 avanzata &#8211; Ha ancora<br>senso?<\/strong><\/p>\n\n\n\n<p>Da tempo il digiuno non \u00e8 pi\u00f9 solo una moda per i giovani.<br>Anche nella terza et\u00e0 la rinuncia consapevole al cibo pu\u00f2<br>aiutare a tenere sotto controllo il peso e ad alleviare le<br>infiammazioni, a condizione che venga affrontato con cautela.<br>In questo articolo scoprirete a cosa occorre prestare<br>attenzione quando si digiuna.<\/p>\n\n\n\n<p><\/p>\n\n\n\n<p><\/p>\n<\/div>\n\n\n\n<div class=\"wp-block-column is-layout-flow wp-block-column-is-layout-flow\">\n<div class=\"wp-block-file\"><a id=\"wp-block-file--media-5e071a12-c136-4623-b415-1239ce747731\" href=\"https:\/\/vdms.ch\/wp-content\/uploads\/2026\/03\/vdms_asmm_Beitrag_Fasten_IT.pdf\" target=\"_blank\" rel=\"noreferrer noopener\">Digiuno<\/a><\/div>\n<\/div>\n<\/div>\n\n\n\n<h1 class=\"wp-block-heading color-brown overline\">Taping<\/h1>\n\n\n\n<div class=\"wp-block-columns alignwide is-layout-flex wp-container-core-columns-is-layout-9d6595d7 wp-block-columns-is-layout-flex\">\n<div class=\"wp-block-column is-layout-flow wp-block-column-is-layout-flow\">\n<h3 class=\"wp-block-heading\">Reflexe dicembre 2025<\/h3>\n\n\n\n<p><strong>Il taping terapeutico nello sport d\u2019\u00e9lite<\/strong><\/p>\n\n\n\n<p>Nel 1973 il chiropratico giapponese Kenzo Kase (\u2020 2023)<br>svilupp\u00f2, in collaborazione con l\u2019azienda Nitto Denko, il<br>tape chinesiologico e il metodo corrispondente. Chi avrebbe<br>mai pensato, allora, che questa pratica avrebbe avuto<br>successo a livello mondiale? Probabilmente nessuno,<br>eppure oggi \u00e8 impossibile immaginare lo sport amatoriale<br>e d\u2019\u00e9lite senza questo nastro. Chi ha gi\u00e0 utilizzato o<br>fatto uso di questo tape riferisce volentieri e positivamente<br>di questa forma di terapia di supporto.<\/p>\n\n\n\n<p><\/p>\n\n\n\n<p><\/p>\n<\/div>\n\n\n\n<div class=\"wp-block-column is-layout-flow wp-block-column-is-layout-flow\">\n<div class=\"wp-block-file\"><a id=\"wp-block-file--media-d55df38e-dd72-44bc-903c-931452beed3d\" href=\"https:\/\/vdms.ch\/wp-content\/uploads\/2025\/12\/vdms_asmm_Beitrag_Taping_IT.pdf\" target=\"_blank\" rel=\"noreferrer noopener\">Hockey su ghiaccio<\/a><\/div>\n<\/div>\n<\/div>\n\n\n\n<hr class=\"wp-block-separator has-css-opacity is-style-wide\"\/>\n\n\n<section class=\"mitglied_werden row\">\r\n    <div class=\"col-md-12\">\r\n        <h3 class=\"color-brown text-center\">Avete domande?<br \/>\r\nContattaci.<\/h3>\r\n                    <a href=\"https:\/\/vdms.ch\/it\/contatto\">\r\n                        <button class=\"background-red\" style=\"display: flex;\">Contatto<\/button>\r\n        <\/a>\r\n    <\/div>\r\n<\/section>","protected":false},"excerpt":{"rendered":"<p>Reflexe La nostra rivista di terapia fisica \u00e8 anche per i pazienti una fonte per argomenti di salute. Nella nostra sezione &#8220;Cose da leggere&#8221;, vi forniamo interessanti articoli sui singoli numeri. Vuoi saperne di pi\u00f9 sui nostri riflessi e leggere altri articoli? Digiuno Reflexe aprile 2026 Il digiuno in et\u00e0 avanzata &#8211; Ha ancorasenso? Da [&hellip;]<\/p>\n","protected":false},"author":1,"featured_media":5116,"parent":0,"menu_order":114,"comment_status":"closed","ping_status":"closed","template":"","meta":{"_acf_changed":false,"footnotes":""},"class_list":["post-5125","page","type-page","status-publish","has-post-thumbnail","hentry"],"acf":[],"yoast_head":"<!-- This site is optimized with the Yoast SEO plugin v26.7 - https:\/\/yoast.com\/wordpress\/plugins\/seo\/ -->\n<title>Problemi di salute - VDMS<\/title>\n<meta name=\"robots\" content=\"index, follow, max-snippet:-1, max-image-preview:large, max-video-preview:-1\" \/>\n<link rel=\"canonical\" href=\"https:\/\/vdms.ch\/it\/problemi-di-salute\/\" \/>\n<meta property=\"og:locale\" content=\"it_IT\" \/>\n<meta property=\"og:type\" content=\"article\" \/>\n<meta property=\"og:title\" content=\"Problemi di salute - VDMS\" \/>\n<meta property=\"og:description\" content=\"Reflexe La nostra rivista di terapia fisica \u00e8 anche per i pazienti una fonte per argomenti di salute. Nella nostra sezione &#8220;Cose da leggere&#8221;, vi forniamo interessanti articoli sui singoli numeri. Vuoi saperne di pi\u00f9 sui nostri riflessi e leggere altri articoli? Digiuno Reflexe aprile 2026 Il digiuno in et\u00e0 avanzata &#8211; Ha ancorasenso? Da [&hellip;]\" \/>\n<meta property=\"og:url\" content=\"https:\/\/vdms.ch\/it\/problemi-di-salute\/\" \/>\n<meta property=\"og:site_name\" content=\"VDMS\" \/>\n<meta property=\"article:modified_time\" content=\"2026-03-26T11:14:43+00:00\" \/>\n<meta property=\"og:image\" content=\"https:\/\/vdms.ch\/wp-content\/uploads\/2020\/11\/lesenswertes-scaled-1.jpg\" \/>\n\t<meta property=\"og:image:width\" content=\"2560\" \/>\n\t<meta property=\"og:image:height\" content=\"1284\" \/>\n\t<meta property=\"og:image:type\" content=\"image\/jpeg\" \/>\n<meta name=\"twitter:card\" content=\"summary_large_image\" \/>\n<meta name=\"twitter:label1\" content=\"Tempo di lettura stimato\" \/>\n\t<meta name=\"twitter:data1\" content=\"2 minuti\" \/>\n<script type=\"application\/ld+json\" class=\"yoast-schema-graph\">{\"@context\":\"https:\/\/schema.org\",\"@graph\":[{\"@type\":\"WebPage\",\"@id\":\"https:\/\/vdms.ch\/it\/problemi-di-salute\/\",\"url\":\"https:\/\/vdms.ch\/it\/problemi-di-salute\/\",\"name\":\"Problemi di salute - VDMS\",\"isPartOf\":{\"@id\":\"https:\/\/vdms.ch\/it\/#website\"},\"primaryImageOfPage\":{\"@id\":\"https:\/\/vdms.ch\/it\/problemi-di-salute\/#primaryimage\"},\"image\":{\"@id\":\"https:\/\/vdms.ch\/it\/problemi-di-salute\/#primaryimage\"},\"thumbnailUrl\":\"https:\/\/vdms.ch\/wp-content\/uploads\/2020\/11\/lesenswertes-scaled-1.jpg\",\"datePublished\":\"2020-11-09T09:47:34+00:00\",\"dateModified\":\"2026-03-26T11:14:43+00:00\",\"breadcrumb\":{\"@id\":\"https:\/\/vdms.ch\/it\/problemi-di-salute\/#breadcrumb\"},\"inLanguage\":\"it-IT\",\"potentialAction\":[{\"@type\":\"ReadAction\",\"target\":[\"https:\/\/vdms.ch\/it\/problemi-di-salute\/\"]}]},{\"@type\":\"ImageObject\",\"inLanguage\":\"it-IT\",\"@id\":\"https:\/\/vdms.ch\/it\/problemi-di-salute\/#primaryimage\",\"url\":\"https:\/\/vdms.ch\/wp-content\/uploads\/2020\/11\/lesenswertes-scaled-1.jpg\",\"contentUrl\":\"https:\/\/vdms.ch\/wp-content\/uploads\/2020\/11\/lesenswertes-scaled-1.jpg\",\"width\":2560,\"height\":1284},{\"@type\":\"BreadcrumbList\",\"@id\":\"https:\/\/vdms.ch\/it\/problemi-di-salute\/#breadcrumb\",\"itemListElement\":[{\"@type\":\"ListItem\",\"position\":1,\"name\":\"Startseite\",\"item\":\"https:\/\/vdms.ch\/it\/\"},{\"@type\":\"ListItem\",\"position\":2,\"name\":\"Problemi di salute\"}]},{\"@type\":\"WebSite\",\"@id\":\"https:\/\/vdms.ch\/it\/#website\",\"url\":\"https:\/\/vdms.ch\/it\/\",\"name\":\"VDMS\",\"description\":\"Verband der Medizinischen Massage Schweiz\",\"publisher\":{\"@id\":\"https:\/\/vdms.ch\/it\/#organization\"},\"potentialAction\":[{\"@type\":\"SearchAction\",\"target\":{\"@type\":\"EntryPoint\",\"urlTemplate\":\"https:\/\/vdms.ch\/it\/?s={search_term_string}\"},\"query-input\":{\"@type\":\"PropertyValueSpecification\",\"valueRequired\":true,\"valueName\":\"search_term_string\"}}],\"inLanguage\":\"it-IT\"},{\"@type\":\"Organization\",\"@id\":\"https:\/\/vdms.ch\/it\/#organization\",\"name\":\"vdms-asmm\",\"url\":\"https:\/\/vdms.ch\/it\/\",\"logo\":{\"@type\":\"ImageObject\",\"inLanguage\":\"it-IT\",\"@id\":\"https:\/\/vdms.ch\/it\/#\/schema\/logo\/image\/\",\"url\":\"https:\/\/vdms.ch\/wp-content\/uploads\/2020\/09\/vdms-logo.png\",\"contentUrl\":\"https:\/\/vdms.ch\/wp-content\/uploads\/2020\/09\/vdms-logo.png\",\"width\":1021,\"height\":388,\"caption\":\"vdms-asmm\"},\"image\":{\"@id\":\"https:\/\/vdms.ch\/it\/#\/schema\/logo\/image\/\"}}]}<\/script>\n<!-- \/ Yoast SEO plugin. -->","yoast_head_json":{"title":"Problemi di salute - VDMS","robots":{"index":"index","follow":"follow","max-snippet":"max-snippet:-1","max-image-preview":"max-image-preview:large","max-video-preview":"max-video-preview:-1"},"canonical":"https:\/\/vdms.ch\/it\/problemi-di-salute\/","og_locale":"it_IT","og_type":"article","og_title":"Problemi di salute - VDMS","og_description":"Reflexe La nostra rivista di terapia fisica \u00e8 anche per i pazienti una fonte per argomenti di salute. Nella nostra sezione &#8220;Cose da leggere&#8221;, vi forniamo interessanti articoli sui singoli numeri. Vuoi saperne di pi\u00f9 sui nostri riflessi e leggere altri articoli? Digiuno Reflexe aprile 2026 Il digiuno in et\u00e0 avanzata &#8211; Ha ancorasenso? Da [&hellip;]","og_url":"https:\/\/vdms.ch\/it\/problemi-di-salute\/","og_site_name":"VDMS","article_modified_time":"2026-03-26T11:14:43+00:00","og_image":[{"width":2560,"height":1284,"url":"https:\/\/vdms.ch\/wp-content\/uploads\/2020\/11\/lesenswertes-scaled-1.jpg","type":"image\/jpeg"}],"twitter_card":"summary_large_image","twitter_misc":{"Tempo di lettura stimato":"2 minuti"},"schema":{"@context":"https:\/\/schema.org","@graph":[{"@type":"WebPage","@id":"https:\/\/vdms.ch\/it\/problemi-di-salute\/","url":"https:\/\/vdms.ch\/it\/problemi-di-salute\/","name":"Problemi di salute - VDMS","isPartOf":{"@id":"https:\/\/vdms.ch\/it\/#website"},"primaryImageOfPage":{"@id":"https:\/\/vdms.ch\/it\/problemi-di-salute\/#primaryimage"},"image":{"@id":"https:\/\/vdms.ch\/it\/problemi-di-salute\/#primaryimage"},"thumbnailUrl":"https:\/\/vdms.ch\/wp-content\/uploads\/2020\/11\/lesenswertes-scaled-1.jpg","datePublished":"2020-11-09T09:47:34+00:00","dateModified":"2026-03-26T11:14:43+00:00","breadcrumb":{"@id":"https:\/\/vdms.ch\/it\/problemi-di-salute\/#breadcrumb"},"inLanguage":"it-IT","potentialAction":[{"@type":"ReadAction","target":["https:\/\/vdms.ch\/it\/problemi-di-salute\/"]}]},{"@type":"ImageObject","inLanguage":"it-IT","@id":"https:\/\/vdms.ch\/it\/problemi-di-salute\/#primaryimage","url":"https:\/\/vdms.ch\/wp-content\/uploads\/2020\/11\/lesenswertes-scaled-1.jpg","contentUrl":"https:\/\/vdms.ch\/wp-content\/uploads\/2020\/11\/lesenswertes-scaled-1.jpg","width":2560,"height":1284},{"@type":"BreadcrumbList","@id":"https:\/\/vdms.ch\/it\/problemi-di-salute\/#breadcrumb","itemListElement":[{"@type":"ListItem","position":1,"name":"Startseite","item":"https:\/\/vdms.ch\/it\/"},{"@type":"ListItem","position":2,"name":"Problemi di salute"}]},{"@type":"WebSite","@id":"https:\/\/vdms.ch\/it\/#website","url":"https:\/\/vdms.ch\/it\/","name":"VDMS","description":"Verband der Medizinischen Massage Schweiz","publisher":{"@id":"https:\/\/vdms.ch\/it\/#organization"},"potentialAction":[{"@type":"SearchAction","target":{"@type":"EntryPoint","urlTemplate":"https:\/\/vdms.ch\/it\/?s={search_term_string}"},"query-input":{"@type":"PropertyValueSpecification","valueRequired":true,"valueName":"search_term_string"}}],"inLanguage":"it-IT"},{"@type":"Organization","@id":"https:\/\/vdms.ch\/it\/#organization","name":"vdms-asmm","url":"https:\/\/vdms.ch\/it\/","logo":{"@type":"ImageObject","inLanguage":"it-IT","@id":"https:\/\/vdms.ch\/it\/#\/schema\/logo\/image\/","url":"https:\/\/vdms.ch\/wp-content\/uploads\/2020\/09\/vdms-logo.png","contentUrl":"https:\/\/vdms.ch\/wp-content\/uploads\/2020\/09\/vdms-logo.png","width":1021,"height":388,"caption":"vdms-asmm"},"image":{"@id":"https:\/\/vdms.ch\/it\/#\/schema\/logo\/image\/"}}]}},"_links":{"self":[{"href":"https:\/\/vdms.ch\/it\/wp-json\/wp\/v2\/pages\/5125","targetHints":{"allow":["GET"]}}],"collection":[{"href":"https:\/\/vdms.ch\/it\/wp-json\/wp\/v2\/pages"}],"about":[{"href":"https:\/\/vdms.ch\/it\/wp-json\/wp\/v2\/types\/page"}],"author":[{"embeddable":true,"href":"https:\/\/vdms.ch\/it\/wp-json\/wp\/v2\/users\/1"}],"replies":[{"embeddable":true,"href":"https:\/\/vdms.ch\/it\/wp-json\/wp\/v2\/comments?post=5125"}],"version-history":[{"count":26,"href":"https:\/\/vdms.ch\/it\/wp-json\/wp\/v2\/pages\/5125\/revisions"}],"predecessor-version":[{"id":18062,"href":"https:\/\/vdms.ch\/it\/wp-json\/wp\/v2\/pages\/5125\/revisions\/18062"}],"wp:featuredmedia":[{"embeddable":true,"href":"https:\/\/vdms.ch\/it\/wp-json\/wp\/v2\/media\/5116"}],"wp:attachment":[{"href":"https:\/\/vdms.ch\/it\/wp-json\/wp\/v2\/media?parent=5125"}],"curies":[{"name":"wp","href":"https:\/\/api.w.org\/{rel}","templated":true}]}}