{"id":5140,"date":"2020-11-09T10:55:46","date_gmt":"2020-11-09T09:55:46","guid":{"rendered":"https:\/\/vdms.ch\/?page_id=5140"},"modified":"2025-07-23T12:02:16","modified_gmt":"2025-07-23T10:02:16","slug":"home","status":"publish","type":"page","link":"https:\/\/vdms.ch\/it\/","title":{"rendered":"Home"},"content":{"rendered":"\r\n<\/div>\r\n<\/div>\r\n<div class=\"container-vdms\">\r\n    <div class=\"arrow-down\">\r\n        <img decoding=\"async\" src=\"https:\/\/vdms.ch\/wp-content\/themes\/vdms\/images\/arrow-down.png\"\/>\r\n    <\/div>\r\n<\/div>\r\n<div id=\"content-services\" class=\"site-content container\">\r\n        <div class=\"site-page\">\r\n        <section class=\"services-choice row\">\r\n    <div class=\"service-feature col-md-4\">\r\n                <a href=\"https:\/\/vdms.ch\/it\/corsi\/\"><div class=\"circle_1\" style=\"background: #66c1bf; border: 2px solid #66c1bf;\">Corsi<\/div><\/a>\r\n        <span>Programma di <br \/>\r\nformazione continua <br \/>\r\ncertificata<\/span>\r\n    <\/div>\r\n    <div class=\"service-feature col-md-4\">\r\n                <a href=\"\"><div class=\"circle_2\" style=\"background: #c74227; border: 2px solid #c74227;\">Diventa un <br \/>\r\nmembro<\/div><\/a>\r\n        <span>ogni cambiamento <br \/>\r\noffre opportunit\u00e0, <br \/>\r\napprofittane<\/span>\r\n    <\/div>\r\n    <div class=\"service-feature col-md-4\">\r\n                <a href=\"\"><div class=\"circle_3\" style=\"background: #806f67; border: 2px solid #806f67;\">Trova <br \/>\r\nterapisti<\/div><\/a>\r\n        <span>massaggiatori medici approvati <br \/>\r\nnella tua zona<\/span>\r\n    <\/div>\r\n<\/section>\n\n<\/div>\r\n<\/div>\r\n<section class=\"reflexe container-vdms background-brown\" style=\"background-image: url(https:\/\/vdms.ch\/wp-content\/uploads\/2025\/01\/vdms_asmm_informationen_HG.jpg);\">\r\n        <div class=\"container\">\r\n        <div class=\"row\">\r\n            <div class=\"col-md-7\">\r\n                    <h1 class=\"overline color-brown\">Informazioni<\/h1>\r\n                    <div>\r\n                        <p>Riceverete informazioni aggiornate sull&#8217;associazione, nonch\u00e9 modifiche nel campo della medicina complementare, sviluppi politici professionali e novit\u00e0 dalle compagnie di assicurazione sanitaria. Rimanete aggiornati con le ultime novit\u00e0 e notizie rilevanti.<\/p>\n                    <\/div>\r\n                                    <a href=\"https:\/\/vdms.ch\/it\/attuale\">\r\n                        <button class=\"background-brown\">Tutti gli articoli<\/button>\r\n                    <\/a>\r\n                \r\n            <\/div>\r\n        <\/div>\r\n    <\/div>\r\n<\/section>\r\n\r\n<div id=\"content-2\" class=\"site-content container\">\r\n    <div class=\"site-page\">\n\n\n<div style=\"height:50px\" aria-hidden=\"true\" class=\"wp-block-spacer\"><\/div>\n\n\n<section class=\"gemeinsam_kurse row to-hide\">\r\n    <div class=\"col-md-6 gemeinsam\">\r\n        <h1 class=\"overline color-brown\">Insieme siamo <br \/>\r\nforti<\/h1>\r\n        <div class=\"signet\"><img decoding=\"async\" src=\"https:\/\/vdms.ch\/wp-content\/themes\/vdms\/images\/qualitaet-signet.png\"\/><\/div>\r\n        <div class=\"color-brown\">\r\n            <p><strong>informa, muove, collega, rafforza, interessato, sostiene, sviluppa, promuove, trasparente, onesto, insieme, riconoscente, rispettoso, impegnato, entusiasta, competente, agile, vincente, orientato al servizio, positivo, vigile, sicuro di s\u00e9, visionario, coraggioso, propositivo, aperto, personalizzabile, empatico, cooperativo, armonioso, concentrato<\/strong><\/p>\n<p>In qualit\u00e0 di associazione del settore, l&#8217;Association of Medical Massage Svizzera (vdms-asmm) prende posizione su questioni di politica professionale, educativa e sanitaria. Rappresentiamo gli interessi dei massaggiatori medicali APF con le loro competenze principali.<\/p>\n<p>Per la vdms-asmm, la massima priorit\u00e0 \u00e8 promuovere e rafforzare la professione di massaggiatore medicale APF nel sistema sanitario svizzero, nel panorama educativo e agli occhi del pubblico.<\/p>\n        <\/div>\r\n                    <a href=\"https:\/\/vdms.ch\/it\/ritratto-dellassociazione\">\r\n                <button class=\"background-brown\">Ritratto dell\u2019associazione<\/button>\r\n            <\/a>\r\n        \r\n\r\n    <\/div>\r\n    <div class=\"col-md-6\">\r\n        <h1 class=\"overline color-blue\">Prossimi <br \/>\r\ncorsi<\/h1>\r\n                            <article class=\"post\">\r\n                <div class=\"news-content-2\">\r\n                                            <a href=\"corsi\/?kurs_slug=posture-et-ergonomie-2\">\r\n                        \r\n                    <h3>Posture et ergonomie<\/h3>\r\n                    <span class=\"time\">29.05.2026<\/span>\r\n                        <div class=\"color-blue arrow-right\">\r\n                            <img decoding=\"async\" src=\"https:\/\/vdms.ch\/wp-content\/themes\/vdms\/images\/arrow-right-blue.png\"\/>\r\n                        <\/div>\r\n                    <\/a>\r\n                <\/div>\r\n            <\/article>\r\n                            <article class=\"post\">\r\n                <div class=\"news-content-2\">\r\n                                            <a href=\"corsi\/?kurs_slug=clinical-reasoning\">\r\n                        \r\n                    <h3>Clinical Reasoning<\/h3>\r\n                    <span class=\"time\">08.06.2026<\/span>\r\n                        <div class=\"color-blue arrow-right\">\r\n                            <img decoding=\"async\" src=\"https:\/\/vdms.ch\/wp-content\/themes\/vdms\/images\/arrow-right-blue.png\"\/>\r\n                        <\/div>\r\n                    <\/a>\r\n                <\/div>\r\n            <\/article>\r\n                            <article class=\"post\">\r\n                <div class=\"news-content-2\">\r\n                                            <a href=\"corsi\/?kurs_slug=mobilisation-der-wirbelsaeule-lws-6\">\r\n                        \r\n                    <h3>Mobilisation der Wirbels\u00e4ule: LWS<\/h3>\r\n                    <span class=\"time\">08.06.2026<\/span>\r\n                        <div class=\"color-blue arrow-right\">\r\n                            <img decoding=\"async\" src=\"https:\/\/vdms.ch\/wp-content\/themes\/vdms\/images\/arrow-right-blue.png\"\/>\r\n                        <\/div>\r\n                    <\/a>\r\n                <\/div>\r\n            <\/article>\r\n                            <article class=\"post\">\r\n                <div class=\"news-content-2\">\r\n                                            <a href=\"corsi\/?kurs_slug=die-4-jahreszeiten-sommer\">\r\n                        \r\n                    <h3>Die 4 Jahreszeiten &#8211; Sommer<\/h3>\r\n                    <span class=\"time\">09.06.2026<\/span>\r\n                        <div class=\"color-blue arrow-right\">\r\n                            <img decoding=\"async\" src=\"https:\/\/vdms.ch\/wp-content\/themes\/vdms\/images\/arrow-right-blue.png\"\/>\r\n                        <\/div>\r\n                    <\/a>\r\n                <\/div>\r\n            <\/article>\r\n                            <a href=\"https:\/\/vdms.ch\/it\/corsi\">\r\n                <button class=\"background-blue\">Programma del corso<\/button>\r\n            <\/a>\r\n            \r\n    <\/div>\r\n<\/section>\n\n<\/div>\r\n<\/div>\r\n<section class=\"reflexe container-vdms background-brown\" style=\"background-image: url(https:\/\/vdms.ch\/wp-content\/uploads\/2020\/10\/vdms_asmm_reflexe_HG.jpg);\">\r\n        <div class=\"container\">\r\n        <div class=\"row\">\r\n            <div class=\"col-md-7\">\r\n                    <h1 class=\"overline color-brown\">Reflexe<\/h1>\r\n                    <div>\r\n                        <h3>La nostra rivista per terapie fisicali<\/h3>\n<h3 class=\"color-brown\">Da circa 20 anni la vdms-asmm propone la propria rivista associativa \u2039\u2039 Reflexe, rivista specializzata in terapie fisicali \u203a\u203a. Una rivista per tutti coloro che apprezzano gli articoli specialistici nel settore della salute.<\/h3>\n<ul>\n<li>Appare 4 volte all&#8217;anno<\/li>\n<li>Costi all&#8217;anno CHF 70.\u2013<\/li>\n<li>Incluso per i membri dell&#8217;associazione<\/li>\n<li>Ti offre pi\u00f9 di quanto ti aspetti<\/li>\n<\/ul>\n<p>&nbsp;<\/p>\n                    <\/div>\r\n                                    <a href=\"https:\/\/vdms.ch\/it\/reflexe\">\r\n                        <button class=\"background-brown\">Reflexe abonnieren<\/button>\r\n                    <\/a>\r\n                \r\n            <\/div>\r\n        <\/div>\r\n    <\/div>\r\n<\/section>\r\n\r\n<div id=\"content-2\" class=\"site-content container\">\r\n    <div class=\"site-page\">","protected":false},"excerpt":{"rendered":"","protected":false},"author":1,"featured_media":4992,"parent":0,"menu_order":148,"comment_status":"closed","ping_status":"closed","template":"","meta":{"_acf_changed":false,"footnotes":""},"class_list":["post-5140","page","type-page","status-publish","has-post-thumbnail","hentry"],"acf":[],"yoast_head":"<!-- This site is optimized with the Yoast SEO plugin v26.7 - https:\/\/yoast.com\/wordpress\/plugins\/seo\/ -->\n<title>Home - VDMS<\/title>\n<meta name=\"robots\" content=\"index, follow, max-snippet:-1, max-image-preview:large, max-video-preview:-1\" \/>\n<link rel=\"canonical\" href=\"https:\/\/vdms.ch\/it\/\" \/>\n<meta property=\"og:locale\" content=\"it_IT\" \/>\n<meta property=\"og:type\" content=\"article\" \/>\n<meta property=\"og:title\" content=\"Home - VDMS\" \/>\n<meta property=\"og:url\" content=\"https:\/\/vdms.ch\/it\/\" \/>\n<meta property=\"og:site_name\" content=\"VDMS\" \/>\n<meta property=\"article:modified_time\" content=\"2025-07-23T10:02:16+00:00\" \/>\n<meta property=\"og:image\" content=\"https:\/\/vdms.ch\/wp-content\/uploads\/2020\/11\/vdms_asmm_titelbild.jpg\" \/>\n\t<meta property=\"og:image:width\" content=\"2560\" \/>\n\t<meta property=\"og:image:height\" content=\"1080\" \/>\n\t<meta property=\"og:image:type\" content=\"image\/jpeg\" \/>\n<meta name=\"twitter:card\" content=\"summary_large_image\" \/>\n<meta name=\"twitter:label1\" content=\"Tempo di lettura stimato\" \/>\n\t<meta name=\"twitter:data1\" content=\"2 minuti\" \/>\n<script type=\"application\/ld+json\" class=\"yoast-schema-graph\">{\"@context\":\"https:\/\/schema.org\",\"@graph\":[{\"@type\":\"WebPage\",\"@id\":\"https:\/\/vdms.ch\/it\/\",\"url\":\"https:\/\/vdms.ch\/it\/\",\"name\":\"Home - VDMS\",\"isPartOf\":{\"@id\":\"https:\/\/vdms.ch\/it\/#website\"},\"primaryImageOfPage\":{\"@id\":\"https:\/\/vdms.ch\/it\/#primaryimage\"},\"image\":{\"@id\":\"https:\/\/vdms.ch\/it\/#primaryimage\"},\"thumbnailUrl\":\"https:\/\/vdms.ch\/wp-content\/uploads\/2020\/11\/vdms_asmm_titelbild.jpg\",\"datePublished\":\"2020-11-09T09:55:46+00:00\",\"dateModified\":\"2025-07-23T10:02:16+00:00\",\"breadcrumb\":{\"@id\":\"https:\/\/vdms.ch\/it\/#breadcrumb\"},\"inLanguage\":\"it-IT\",\"potentialAction\":[{\"@type\":\"ReadAction\",\"target\":[\"https:\/\/vdms.ch\/it\/\"]}]},{\"@type\":\"ImageObject\",\"inLanguage\":\"it-IT\",\"@id\":\"https:\/\/vdms.ch\/it\/#primaryimage\",\"url\":\"https:\/\/vdms.ch\/wp-content\/uploads\/2020\/11\/vdms_asmm_titelbild.jpg\",\"contentUrl\":\"https:\/\/vdms.ch\/wp-content\/uploads\/2020\/11\/vdms_asmm_titelbild.jpg\",\"width\":2560,\"height\":1080},{\"@type\":\"BreadcrumbList\",\"@id\":\"https:\/\/vdms.ch\/it\/#breadcrumb\",\"itemListElement\":[{\"@type\":\"ListItem\",\"position\":1,\"name\":\"Startseite\",\"item\":\"https:\/\/vdms.ch\/it\/\"},{\"@type\":\"ListItem\",\"position\":2,\"name\":\"Home\"}]},{\"@type\":\"WebSite\",\"@id\":\"https:\/\/vdms.ch\/it\/#website\",\"url\":\"https:\/\/vdms.ch\/it\/\",\"name\":\"VDMS\",\"description\":\"Verband der Medizinischen Massage Schweiz\",\"publisher\":{\"@id\":\"https:\/\/vdms.ch\/it\/#organization\"},\"potentialAction\":[{\"@type\":\"SearchAction\",\"target\":{\"@type\":\"EntryPoint\",\"urlTemplate\":\"https:\/\/vdms.ch\/it\/?s={search_term_string}\"},\"query-input\":{\"@type\":\"PropertyValueSpecification\",\"valueRequired\":true,\"valueName\":\"search_term_string\"}}],\"inLanguage\":\"it-IT\"},{\"@type\":\"Organization\",\"@id\":\"https:\/\/vdms.ch\/it\/#organization\",\"name\":\"vdms-asmm\",\"url\":\"https:\/\/vdms.ch\/it\/\",\"logo\":{\"@type\":\"ImageObject\",\"inLanguage\":\"it-IT\",\"@id\":\"https:\/\/vdms.ch\/it\/#\/schema\/logo\/image\/\",\"url\":\"https:\/\/vdms.ch\/wp-content\/uploads\/2020\/09\/vdms-logo.png\",\"contentUrl\":\"https:\/\/vdms.ch\/wp-content\/uploads\/2020\/09\/vdms-logo.png\",\"width\":1021,\"height\":388,\"caption\":\"vdms-asmm\"},\"image\":{\"@id\":\"https:\/\/vdms.ch\/it\/#\/schema\/logo\/image\/\"}}]}<\/script>\n<!-- \/ Yoast SEO plugin. -->","yoast_head_json":{"title":"Home - VDMS","robots":{"index":"index","follow":"follow","max-snippet":"max-snippet:-1","max-image-preview":"max-image-preview:large","max-video-preview":"max-video-preview:-1"},"canonical":"https:\/\/vdms.ch\/it\/","og_locale":"it_IT","og_type":"article","og_title":"Home - VDMS","og_url":"https:\/\/vdms.ch\/it\/","og_site_name":"VDMS","article_modified_time":"2025-07-23T10:02:16+00:00","og_image":[{"width":2560,"height":1080,"url":"https:\/\/vdms.ch\/wp-content\/uploads\/2020\/11\/vdms_asmm_titelbild.jpg","type":"image\/jpeg"}],"twitter_card":"summary_large_image","twitter_misc":{"Tempo di lettura stimato":"2 minuti"},"schema":{"@context":"https:\/\/schema.org","@graph":[{"@type":"WebPage","@id":"https:\/\/vdms.ch\/it\/","url":"https:\/\/vdms.ch\/it\/","name":"Home - VDMS","isPartOf":{"@id":"https:\/\/vdms.ch\/it\/#website"},"primaryImageOfPage":{"@id":"https:\/\/vdms.ch\/it\/#primaryimage"},"image":{"@id":"https:\/\/vdms.ch\/it\/#primaryimage"},"thumbnailUrl":"https:\/\/vdms.ch\/wp-content\/uploads\/2020\/11\/vdms_asmm_titelbild.jpg","datePublished":"2020-11-09T09:55:46+00:00","dateModified":"2025-07-23T10:02:16+00:00","breadcrumb":{"@id":"https:\/\/vdms.ch\/it\/#breadcrumb"},"inLanguage":"it-IT","potentialAction":[{"@type":"ReadAction","target":["https:\/\/vdms.ch\/it\/"]}]},{"@type":"ImageObject","inLanguage":"it-IT","@id":"https:\/\/vdms.ch\/it\/#primaryimage","url":"https:\/\/vdms.ch\/wp-content\/uploads\/2020\/11\/vdms_asmm_titelbild.jpg","contentUrl":"https:\/\/vdms.ch\/wp-content\/uploads\/2020\/11\/vdms_asmm_titelbild.jpg","width":2560,"height":1080},{"@type":"BreadcrumbList","@id":"https:\/\/vdms.ch\/it\/#breadcrumb","itemListElement":[{"@type":"ListItem","position":1,"name":"Startseite","item":"https:\/\/vdms.ch\/it\/"},{"@type":"ListItem","position":2,"name":"Home"}]},{"@type":"WebSite","@id":"https:\/\/vdms.ch\/it\/#website","url":"https:\/\/vdms.ch\/it\/","name":"VDMS","description":"Verband der Medizinischen Massage Schweiz","publisher":{"@id":"https:\/\/vdms.ch\/it\/#organization"},"potentialAction":[{"@type":"SearchAction","target":{"@type":"EntryPoint","urlTemplate":"https:\/\/vdms.ch\/it\/?s={search_term_string}"},"query-input":{"@type":"PropertyValueSpecification","valueRequired":true,"valueName":"search_term_string"}}],"inLanguage":"it-IT"},{"@type":"Organization","@id":"https:\/\/vdms.ch\/it\/#organization","name":"vdms-asmm","url":"https:\/\/vdms.ch\/it\/","logo":{"@type":"ImageObject","inLanguage":"it-IT","@id":"https:\/\/vdms.ch\/it\/#\/schema\/logo\/image\/","url":"https:\/\/vdms.ch\/wp-content\/uploads\/2020\/09\/vdms-logo.png","contentUrl":"https:\/\/vdms.ch\/wp-content\/uploads\/2020\/09\/vdms-logo.png","width":1021,"height":388,"caption":"vdms-asmm"},"image":{"@id":"https:\/\/vdms.ch\/it\/#\/schema\/logo\/image\/"}}]}},"_links":{"self":[{"href":"https:\/\/vdms.ch\/it\/wp-json\/wp\/v2\/pages\/5140","targetHints":{"allow":["GET"]}}],"collection":[{"href":"https:\/\/vdms.ch\/it\/wp-json\/wp\/v2\/pages"}],"about":[{"href":"https:\/\/vdms.ch\/it\/wp-json\/wp\/v2\/types\/page"}],"author":[{"embeddable":true,"href":"https:\/\/vdms.ch\/it\/wp-json\/wp\/v2\/users\/1"}],"replies":[{"embeddable":true,"href":"https:\/\/vdms.ch\/it\/wp-json\/wp\/v2\/comments?post=5140"}],"version-history":[{"count":24,"href":"https:\/\/vdms.ch\/it\/wp-json\/wp\/v2\/pages\/5140\/revisions"}],"predecessor-version":[{"id":16321,"href":"https:\/\/vdms.ch\/it\/wp-json\/wp\/v2\/pages\/5140\/revisions\/16321"}],"wp:featuredmedia":[{"embeddable":true,"href":"https:\/\/vdms.ch\/it\/wp-json\/wp\/v2\/media\/4992"}],"wp:attachment":[{"href":"https:\/\/vdms.ch\/it\/wp-json\/wp\/v2\/media?parent=5140"}],"curies":[{"name":"wp","href":"https:\/\/api.w.org\/{rel}","templated":true}]}}