{"id":6108,"date":"2020-08-23T17:21:54","date_gmt":"2020-08-23T15:21:54","guid":{"rendered":"https:\/\/vdms.ch\/richtlinien\/"},"modified":"2025-12-04T11:58:40","modified_gmt":"2025-12-04T10:58:40","slug":"richtlinien","status":"publish","type":"page","link":"https:\/\/vdms.ch\/it\/richtlinien\/","title":{"rendered":"Standard di qualit\u00e0"},"content":{"rendered":"\n<h1 class=\"wp-block-heading color-brown overline\"><strong>Standard di qualit\u00e0<\/strong><\/h1>\n\n\n\n<p><strong>I nostri standard di qualit\u00e0 riflettono l\u2019esercizio professionale degli operatori sanitari \u2013 in modo trasparente, affidabile e responsabile. In questa pagina trovate il nostro codice professionale, insieme alle linee guida che vi supportano nella pratica quotidiana e nelle vostre decisioni. In questo modo garantiamo che valori, qualit\u00e0 e professionalit\u00e0 rimangano sempre al primo posto.<\/strong><\/p>\n\n\n\n<div style=\"height:20px\" aria-hidden=\"true\" class=\"wp-block-spacer\"><\/div>\n\n\n\n<div class=\"wp-block-columns alignfull is-layout-flex wp-container-core-columns-is-layout-9d6595d7 wp-block-columns-is-layout-flex\">\n<div class=\"wp-block-column is-layout-flow wp-block-column-is-layout-flow\">\n<p><\/p>\n\n\n\n<p><\/p>\n<\/div>\n<\/div>\n\n\n<section class=\"richtlinien-choice row\">\r\n    \r\n                <div class=\"richtlinie-feature col-md-4\">\r\n                                        <a href=\"https:\/\/vdms.ch\/wp-content\/uploads\/2025\/12\/Berufskodex-codice-di-etica-professionale.pdf\" target=\"_blank\"><div class=\"circle_1\" style=\"background: #756762; border: 2px solid #756762;\">Codice deontologico<\/div><\/a>\r\n                    <span>I principali valori etici e norme<\/span>\r\n                <\/div>\r\n\r\n            \r\n                <div class=\"richtlinie-feature col-md-4\">\r\n                                        <a href=\"https:\/\/vdms.ch\/wp-content\/uploads\/2020\/12\/Criteri-di-qualita.pdf\" target=\"_blank\"><div class=\"circle_1\" style=\"background: #756762; border: 2px solid #756762;\">Linee guida<\/div><\/a>\r\n                    <span>criteri di qualit\u00e0 vdms-asmm<\/span>\r\n                <\/div>\r\n\r\n            \r\n<\/section>\n\n\n<hr class=\"wp-block-separator has-css-opacity is-style-wide\"\/>\n\n\n<section class=\"mitglied_werden row\">\r\n    <div class=\"col-md-12\">\r\n        <h3 class=\"color-brown text-center\">Cogli l&#8217;occasione di <br \/>\r\ndiventare membro<br \/>\r\ncon vdms-asmm<\/h3>\r\n                    <a href=\"https:\/\/vdms.ch\/it\/diventa-socio\/\">\r\n                <button class=\"background-red\" style=\"display: flex;\">diventare membro<\/button>\r\n            <\/a>\r\n        \r\n    <\/div>\r\n<\/section>","protected":false},"excerpt":{"rendered":"<p>Standard di qualit\u00e0 I nostri standard di qualit\u00e0 riflettono l\u2019esercizio professionale degli operatori sanitari \u2013 in modo trasparente, affidabile e responsabile. In questa pagina trovate il nostro codice professionale, insieme alle linee guida che vi supportano nella pratica quotidiana e nelle vostre decisioni. In questo modo garantiamo che valori, qualit\u00e0 e professionalit\u00e0 rimangano sempre al [&hellip;]<\/p>\n","protected":false},"author":1,"featured_media":0,"parent":0,"menu_order":107,"comment_status":"closed","ping_status":"closed","template":"","meta":{"_acf_changed":false,"footnotes":""},"class_list":["post-6108","page","type-page","status-publish","hentry"],"acf":[],"yoast_head":"<!-- This site is optimized with the Yoast SEO plugin v26.7 - https:\/\/yoast.com\/wordpress\/plugins\/seo\/ -->\n<title>Standard di qualit\u00e0 - VDMS<\/title>\n<meta name=\"robots\" content=\"index, follow, max-snippet:-1, max-image-preview:large, max-video-preview:-1\" \/>\n<link rel=\"canonical\" href=\"https:\/\/vdms.ch\/it\/richtlinien\/\" \/>\n<meta property=\"og:locale\" content=\"it_IT\" \/>\n<meta property=\"og:type\" content=\"article\" \/>\n<meta property=\"og:title\" content=\"Standard di qualit\u00e0 - VDMS\" \/>\n<meta property=\"og:description\" content=\"Standard di qualit\u00e0 I nostri standard di qualit\u00e0 riflettono l\u2019esercizio professionale degli operatori sanitari \u2013 in modo trasparente, affidabile e responsabile. In questa pagina trovate il nostro codice professionale, insieme alle linee guida che vi supportano nella pratica quotidiana e nelle vostre decisioni. In questo modo garantiamo che valori, qualit\u00e0 e professionalit\u00e0 rimangano sempre al [&hellip;]\" \/>\n<meta property=\"og:url\" content=\"https:\/\/vdms.ch\/it\/richtlinien\/\" \/>\n<meta property=\"og:site_name\" content=\"VDMS\" \/>\n<meta property=\"article:modified_time\" content=\"2025-12-04T10:58:40+00:00\" \/>\n<meta name=\"twitter:card\" content=\"summary_large_image\" \/>\n<meta name=\"twitter:label1\" content=\"Tempo di lettura stimato\" \/>\n\t<meta name=\"twitter:data1\" content=\"1 minuto\" \/>\n<script type=\"application\/ld+json\" class=\"yoast-schema-graph\">{\"@context\":\"https:\/\/schema.org\",\"@graph\":[{\"@type\":\"WebPage\",\"@id\":\"https:\/\/vdms.ch\/it\/richtlinien\/\",\"url\":\"https:\/\/vdms.ch\/it\/richtlinien\/\",\"name\":\"Standard di qualit\u00e0 - VDMS\",\"isPartOf\":{\"@id\":\"https:\/\/vdms.ch\/it\/#website\"},\"datePublished\":\"2020-08-23T15:21:54+00:00\",\"dateModified\":\"2025-12-04T10:58:40+00:00\",\"breadcrumb\":{\"@id\":\"https:\/\/vdms.ch\/it\/richtlinien\/#breadcrumb\"},\"inLanguage\":\"it-IT\",\"potentialAction\":[{\"@type\":\"ReadAction\",\"target\":[\"https:\/\/vdms.ch\/it\/richtlinien\/\"]}]},{\"@type\":\"BreadcrumbList\",\"@id\":\"https:\/\/vdms.ch\/it\/richtlinien\/#breadcrumb\",\"itemListElement\":[{\"@type\":\"ListItem\",\"position\":1,\"name\":\"Startseite\",\"item\":\"https:\/\/vdms.ch\/it\/\"},{\"@type\":\"ListItem\",\"position\":2,\"name\":\"Standard di qualit\u00e0\"}]},{\"@type\":\"WebSite\",\"@id\":\"https:\/\/vdms.ch\/it\/#website\",\"url\":\"https:\/\/vdms.ch\/it\/\",\"name\":\"VDMS\",\"description\":\"Verband der Medizinischen Massage Schweiz\",\"publisher\":{\"@id\":\"https:\/\/vdms.ch\/it\/#organization\"},\"potentialAction\":[{\"@type\":\"SearchAction\",\"target\":{\"@type\":\"EntryPoint\",\"urlTemplate\":\"https:\/\/vdms.ch\/it\/?s={search_term_string}\"},\"query-input\":{\"@type\":\"PropertyValueSpecification\",\"valueRequired\":true,\"valueName\":\"search_term_string\"}}],\"inLanguage\":\"it-IT\"},{\"@type\":\"Organization\",\"@id\":\"https:\/\/vdms.ch\/it\/#organization\",\"name\":\"vdms-asmm\",\"url\":\"https:\/\/vdms.ch\/it\/\",\"logo\":{\"@type\":\"ImageObject\",\"inLanguage\":\"it-IT\",\"@id\":\"https:\/\/vdms.ch\/it\/#\/schema\/logo\/image\/\",\"url\":\"https:\/\/vdms.ch\/wp-content\/uploads\/2020\/09\/vdms-logo.png\",\"contentUrl\":\"https:\/\/vdms.ch\/wp-content\/uploads\/2020\/09\/vdms-logo.png\",\"width\":1021,\"height\":388,\"caption\":\"vdms-asmm\"},\"image\":{\"@id\":\"https:\/\/vdms.ch\/it\/#\/schema\/logo\/image\/\"}}]}<\/script>\n<!-- \/ Yoast SEO plugin. -->","yoast_head_json":{"title":"Standard di qualit\u00e0 - VDMS","robots":{"index":"index","follow":"follow","max-snippet":"max-snippet:-1","max-image-preview":"max-image-preview:large","max-video-preview":"max-video-preview:-1"},"canonical":"https:\/\/vdms.ch\/it\/richtlinien\/","og_locale":"it_IT","og_type":"article","og_title":"Standard di qualit\u00e0 - VDMS","og_description":"Standard di qualit\u00e0 I nostri standard di qualit\u00e0 riflettono l\u2019esercizio professionale degli operatori sanitari \u2013 in modo trasparente, affidabile e responsabile. In questa pagina trovate il nostro codice professionale, insieme alle linee guida che vi supportano nella pratica quotidiana e nelle vostre decisioni. In questo modo garantiamo che valori, qualit\u00e0 e professionalit\u00e0 rimangano sempre al [&hellip;]","og_url":"https:\/\/vdms.ch\/it\/richtlinien\/","og_site_name":"VDMS","article_modified_time":"2025-12-04T10:58:40+00:00","twitter_card":"summary_large_image","twitter_misc":{"Tempo di lettura stimato":"1 minuto"},"schema":{"@context":"https:\/\/schema.org","@graph":[{"@type":"WebPage","@id":"https:\/\/vdms.ch\/it\/richtlinien\/","url":"https:\/\/vdms.ch\/it\/richtlinien\/","name":"Standard di qualit\u00e0 - VDMS","isPartOf":{"@id":"https:\/\/vdms.ch\/it\/#website"},"datePublished":"2020-08-23T15:21:54+00:00","dateModified":"2025-12-04T10:58:40+00:00","breadcrumb":{"@id":"https:\/\/vdms.ch\/it\/richtlinien\/#breadcrumb"},"inLanguage":"it-IT","potentialAction":[{"@type":"ReadAction","target":["https:\/\/vdms.ch\/it\/richtlinien\/"]}]},{"@type":"BreadcrumbList","@id":"https:\/\/vdms.ch\/it\/richtlinien\/#breadcrumb","itemListElement":[{"@type":"ListItem","position":1,"name":"Startseite","item":"https:\/\/vdms.ch\/it\/"},{"@type":"ListItem","position":2,"name":"Standard di qualit\u00e0"}]},{"@type":"WebSite","@id":"https:\/\/vdms.ch\/it\/#website","url":"https:\/\/vdms.ch\/it\/","name":"VDMS","description":"Verband der Medizinischen Massage Schweiz","publisher":{"@id":"https:\/\/vdms.ch\/it\/#organization"},"potentialAction":[{"@type":"SearchAction","target":{"@type":"EntryPoint","urlTemplate":"https:\/\/vdms.ch\/it\/?s={search_term_string}"},"query-input":{"@type":"PropertyValueSpecification","valueRequired":true,"valueName":"search_term_string"}}],"inLanguage":"it-IT"},{"@type":"Organization","@id":"https:\/\/vdms.ch\/it\/#organization","name":"vdms-asmm","url":"https:\/\/vdms.ch\/it\/","logo":{"@type":"ImageObject","inLanguage":"it-IT","@id":"https:\/\/vdms.ch\/it\/#\/schema\/logo\/image\/","url":"https:\/\/vdms.ch\/wp-content\/uploads\/2020\/09\/vdms-logo.png","contentUrl":"https:\/\/vdms.ch\/wp-content\/uploads\/2020\/09\/vdms-logo.png","width":1021,"height":388,"caption":"vdms-asmm"},"image":{"@id":"https:\/\/vdms.ch\/it\/#\/schema\/logo\/image\/"}}]}},"_links":{"self":[{"href":"https:\/\/vdms.ch\/it\/wp-json\/wp\/v2\/pages\/6108","targetHints":{"allow":["GET"]}}],"collection":[{"href":"https:\/\/vdms.ch\/it\/wp-json\/wp\/v2\/pages"}],"about":[{"href":"https:\/\/vdms.ch\/it\/wp-json\/wp\/v2\/types\/page"}],"author":[{"embeddable":true,"href":"https:\/\/vdms.ch\/it\/wp-json\/wp\/v2\/users\/1"}],"replies":[{"embeddable":true,"href":"https:\/\/vdms.ch\/it\/wp-json\/wp\/v2\/comments?post=6108"}],"version-history":[{"count":15,"href":"https:\/\/vdms.ch\/it\/wp-json\/wp\/v2\/pages\/6108\/revisions"}],"predecessor-version":[{"id":17241,"href":"https:\/\/vdms.ch\/it\/wp-json\/wp\/v2\/pages\/6108\/revisions\/17241"}],"wp:attachment":[{"href":"https:\/\/vdms.ch\/it\/wp-json\/wp\/v2\/media?parent=6108"}],"curies":[{"name":"wp","href":"https:\/\/api.w.org\/{rel}","templated":true}]}}