{"id":6357,"date":"2020-08-23T16:27:06","date_gmt":"2020-08-23T14:27:06","guid":{"rendered":"https:\/\/vdms.ch\/kategorien\/"},"modified":"2025-01-28T13:37:53","modified_gmt":"2025-01-28T12:37:53","slug":"categorie","status":"publish","type":"page","link":"https:\/\/vdms.ch\/it\/categorie\/","title":{"rendered":"Categorie"},"content":{"rendered":"\n<h1 class=\"wp-block-heading color-brown overline\">Categorie<\/h1>\n\n\n\n<div style=\"height:30px\" aria-hidden=\"true\" class=\"wp-block-spacer\"><\/div>\n\n\n<section class=\"kategorien row\">\r\n                                <div id=\"mass-medicale-apf\" class=\"col-md-12\">\r\n                <div class=\"row\">\r\n                    <div class=\"col-md-2\">\r\n                        <div class=\"circle_kategorie background-red\">\r\n                            Mass. <br \/>\r\nMedicale <br \/>\r\nAPF                        <\/div>\r\n                    <\/div>\r\n                    <div class=\"col-md-10 desc\">\r\n                        <p><strong>Nella categoria Massaggiatore\/trice Medicale APF pu\u00f2 iscriversi chiunque sia attivo come Mass.Medicale APF in Svizzera e nel principato del Liechtenstein.<\/strong><\/p>\n<p>I membri della categoria Massaggiatori Medicali APF hanno la garanzia di informazioni aggiornate da parte della \u00a0vdms-asmm e beneficiano dell&#8217;ampia gamma di servizi con l&#8217;assistenza di vdms-asmm. La vdms-asmm risponde prontamente alle perplessit\u00e0 e alle domande di questa categoria di soci, indipendentemente dal fatto che si tratti di lavoratori dipendenti, stipendiati o autonomi. Pi\u00f9 membri ha vdms-asmm, pi\u00f9 si pu\u00f2 ottenere per la professione.<\/p>\n<ul>\n<li>compreso l&#8217;abbonamento annuale Reflexe<\/li>\n<li>inclusi sconti su ulteriore formazione<\/li>\n<li>controllo formazione continua ASCA<\/li>\n<li>inclusi sconti con i partner vdms-asmm<\/li>\n<li>compreso l&#8217;accesso all&#8217;area di login del sito web<\/li>\n<\/ul>\n                        <hr\/>\r\n                        <div class=\"jahresbeitrag\"><p><strong>CHF 300.\u2013<\/strong>\u00a0Quota associativa annuale<\/p>\n                                                        <a href=\"https:\/\/vdms.ch\/it\/diventa-socio\/?categoria=Mass.%20Medicale\">\r\n                                <div class=\"color-red arrow-right\">\r\n                                Domanda d \u2018adesione                                <img decoding=\"async\" src=\"https:\/\/vdms.ch\/wp-content\/themes\/vdms\/images\/arrow-right.png\"\/>\r\n                                <\/div>\r\n                            <\/a>\r\n                        <\/div>\r\n                    <\/div>\r\n                <\/div>\r\n            <\/div>\r\n                                    <div id=\"sfml\" class=\"col-md-12\">\r\n                <div class=\"row\">\r\n                    <div class=\"col-md-2\">\r\n                        <div class=\"circle_kategorie background-red\">\r\n                            SFML                        <\/div>\r\n                    <\/div>\r\n                    <div class=\"col-md-10 desc\">\r\n                        <p><strong>I membri della categoria SFML sono terapisti specializzati nella terapia del drenaggio linfatico manuale e massaggiatori medicali APF.<\/strong><\/p>\n<p>Con la categoria di membri SFML ci impegniamo specificamente per le esigenze del drenaggio linfatico manuale. L&#8217;accesso a questa categoria \u00e8 riservato esclusivamente ai terapisti specializzati nella terapia del drenaggio linfatico manuale e ai massaggiatori medicali con attestato federale.<\/p>\n<p>I terapisti specializzati nella terapia del drenaggio linfatico manuale e i massaggiatori medicali con attestato federale dispongono di una formazione approfondita in anatomia, fisiologia e drenaggio linfatico manuale. Formazioni e aggiornamenti regolari garantiscono che siano sempre al passo con le ultime conoscenze scientifiche e abilit\u00e0 pratiche. Per il riconoscimento della categoria di membri SFML, essi completano annualmente almeno 20 ore di formazione continua, di cui 14 ore sono dedicate esclusivamente alla formazione linfologica. Questo garantisce un&#8217;elevata competenza professionale e approcci terapeutici personalizzati per i pazienti linfatici.<\/p>\n<ul>\n<li>incluso abbonamento annuale a Reflexe<\/li>\n<li>inclusi sconti per corsi di aggiornamento<\/li>\n<li>controllo della formazione continua SFML<\/li>\n<li>controllo della formazione continua ASCA<\/li>\n<li>inclusi sconti presso i partner vdms-asmm<\/li>\n<li>incluso accesso all&#8217;area di login del sito web<\/li>\n<\/ul>\n                        <hr\/>\r\n                        <div class=\"jahresbeitrag\"><p>CHF 300. \u2013 quota annuale<\/p>\n                                                        <a href=\"https:\/\/vdms.ch\/it\/diventa-socio\/?categoria=SFML\">\r\n                                <div class=\"color-red arrow-right\">\r\n                                Domanda d \u2018adesione                                <img decoding=\"async\" src=\"https:\/\/vdms.ch\/wp-content\/themes\/vdms\/images\/arrow-right.png\"\/>\r\n                                <\/div>\r\n                            <\/a>\r\n                        <\/div>\r\n                    <\/div>\r\n                <\/div>\r\n            <\/div>\r\n                                    <div id=\"studenti\" class=\"col-md-12\">\r\n                <div class=\"row\">\r\n                    <div class=\"col-md-2\">\r\n                        <div class=\"circle_kategorie background-red\">\r\n                            Studenti                        <\/div>\r\n                    <\/div>\r\n                    <div class=\"col-md-10 desc\">\r\n                        <p><strong>Gli studenti sono soci in formazione per diventare massaggiatori medicali APF (apprendisti, alunni e stagisti). Con l&#8217;acquisizione del titolo di Mass.Med. APF, i membri in formazione diventano automaticamente membri attivi senza alcuna ulteriore procedura di ammissione.<\/strong><\/p>\n<p>Con questa categoria la vdms-asmm pu\u00f2 registrare direttamente le preoccupazioni degli studenti nella formazione professionale ed elaborarle a beneficio degli studenti. Gli studenti ricevono aiuto dalla vdms-asmm e vengono informati 1: 1 su come si presenta la pratica professionale del massaggiatore medicale APF dopo aver ottenuto il titolo federale.<\/p>\n<ul>\n<li>iscrizione gratuita per il primo anno solare<\/li>\n<li>compreso l&#8217;abbonamento annuale Reflexe<\/li>\n<li>inclusi sconti su ulteriore formazione<\/li>\n<li>inclusi sconti con i partner vdms-asmm<\/li>\n<li>compreso l&#8217;accesso all&#8217;area di login del sito web<\/li>\n<\/ul>\n                        <hr\/>\r\n                        <div class=\"jahresbeitrag\"><p><strong>CHF 120.\u2013<\/strong>\u00a0Quota associativa annuale<\/p>\n                                                        <a href=\"https:\/\/vdms.ch\/it\/diventa-socio\/?categoria=Studenti\">\r\n                                <div class=\"color-red arrow-right\">\r\n                                Domanda d \u2018adesione                                <img decoding=\"async\" src=\"https:\/\/vdms.ch\/wp-content\/themes\/vdms\/images\/arrow-right.png\"\/>\r\n                                <\/div>\r\n                            <\/a>\r\n                        <\/div>\r\n                    <\/div>\r\n                <\/div>\r\n            <\/div>\r\n                                    <div id=\"datori-di-lavoro\" class=\"col-md-12\">\r\n                <div class=\"row\">\r\n                    <div class=\"col-md-2\">\r\n                        <div class=\"circle_kategorie background-red\">\r\n                            Datori di lavoro                        <\/div>\r\n                    <\/div>\r\n                    <div class=\"col-md-10 desc\">\r\n                        <p><strong>Le aziende che impiegano almeno tre massaggiatori medicali APF come dipendenti sono incluse nella categoria di appartenenza del datore di lavoro.<\/strong><\/p>\n<p>A causa del cambiamento e della pressione nel sistema sanitario, i datori di lavoro stanno diventando sempre pi\u00f9 importanti per il Mass.Med. APF nel lavoro di associazione e viceversa. La vdms-asmm si occupa adeguatamente delle esigenze dei datori di lavoro nell&#8217;istruzione e nella pratica professionale del massaggiatore medicale.<\/p>\n<p>Con un approccio coordinato e tenendo conto di tutti i gruppi di prenditori, la vdms-asmm elabora gli obiettivi definiti insieme ai datori di lavoro per il massaggiatore medicale APF.<\/p>\n<ul>\n<li>compreso l&#8217;abbonamento annuale a Reflexe (almeno 3 copie per spedizione)<\/li>\n<li>inclusi sconti sui servizi vdms-asmm<\/li>\n<li>compreso l&#8217;accesso all&#8217;area di login del sito web<\/li>\n<\/ul>\n                        <hr\/>\r\n                        <div class=\"jahresbeitrag\"><p><strong>Da CHF 1\u2019000.\u2013<\/strong>\u00a0Quota associativa annuale<br \/>\n(contributo annuo minimo per i datori di lavoro che impiegano<br \/>\nda 3 a 5 massaggiatori medicali APF come dipendenti)<\/p>\n<p><em>Il contributo annuale tiene conto dell&#8217;importanza economica, educativa o professionale del datore di lavoro. \u00c8 responsabilit\u00e0 del comitato vdms determinare i contributi nella procedura di ammissione per il datore di lavoro.<\/em><\/p>\n                                                        <a href=\"https:\/\/vdms.ch\/it\/diventa-socio\/?categoria=Datori%20di%20lavoro\">\r\n                                <div class=\"color-red arrow-right\">\r\n                                Domanda d \u2018adesione                                <img decoding=\"async\" src=\"https:\/\/vdms.ch\/wp-content\/themes\/vdms\/images\/arrow-right.png\"\/>\r\n                                <\/div>\r\n                            <\/a>\r\n                        <\/div>\r\n                    <\/div>\r\n                <\/div>\r\n            <\/div>\r\n                                    <div id=\"academy\" class=\"col-md-12\">\r\n                <div class=\"row\">\r\n                    <div class=\"col-md-2\">\r\n                        <div class=\"circle_kategorie background-red\">\r\n                            Academy                        <\/div>\r\n                    <\/div>\r\n                    <div class=\"col-md-10 desc\">\r\n                        <p><strong>I membri dell&#8217;Academy sono terapisti che non hanno il titolo di Mass.Med. APF, ma che possono mostrare almeno un metodo terapeutico registrato e che desiderano utilizzare il programma di perfezionamento della vdms-asmm a condizioni vantaggiose.<\/strong><\/p>\n<p>Questa categoria spinge la vdms-asmm a tenere conto delle esigenze di altri terapisti complementari negli argomenti di ulteriore formazione e quindi a promuovere indirettamente la cooperazione interdisciplinare. Anche I massaggiatori non medicali dovrebbero beneficiare dell&#8217;orientamento al servizio della vdms-asmm e, tra le altre cose, ottenere valore aggiunto nella formazione continua.<\/p>\n<ul>\n<li>sconto per ulteriore formazione vdms-asmm<\/li>\n<li>controllo formazione continua ASCA<\/li>\n<li>compreso l&#8217;abbonamento annuale Reflexe<\/li>\n<li>Newsletter vdms-asmm<\/li>\n<\/ul>\n                        <hr\/>\r\n                        <div class=\"jahresbeitrag\"><p><strong>CHF 260.\u2013<\/strong>\u00a0Quota associativa annuale<\/p>\n                                                        <a href=\"https:\/\/vdms.ch\/it\/diventa-socio\/?categoria=Academy\">\r\n                                <div class=\"color-red arrow-right\">\r\n                                Domanda d \u2018adesione                                <img decoding=\"async\" src=\"https:\/\/vdms.ch\/wp-content\/themes\/vdms\/images\/arrow-right.png\"\/>\r\n                                <\/div>\r\n                            <\/a>\r\n                        <\/div>\r\n                    <\/div>\r\n                <\/div>\r\n            <\/div>\r\n                                    <div id=\"membri-collettivi\" class=\"col-md-12\">\r\n                <div class=\"row\">\r\n                    <div class=\"col-md-2\">\r\n                        <div class=\"circle_kategorie background-red\">\r\n                            Membri <br \/>\r\ncollettivi                        <\/div>\r\n                    <\/div>\r\n                    <div class=\"col-md-10 desc\">\r\n                        <p><strong>Aziende, organizzazioni o associazioni di terze parti che si identificano con lo scopo della vdms-asmm o vogliono promuoverlo possono diventare membri collettivi<\/strong>.<\/p>\n<p>Il membro collettivo vede la vdms-asmm come un partner e questi devono essere correlati al sistema educativo o al settore sanitario. I membri del collettivo riconoscono il valore aggiunto di un massaggiatore medicale APF. La vdms-asmm aiuta a elaborare ed espandere questi valori aggiunti e a renderli visibili sui canali di comunicazione. I membri del collettivo ottengono una presenza nei canali di comunicazione della vdms-asmm e beneficiano direttamente della presenza sul mercato della vdms-asmm.<\/p>\n<ul>\n<li>compreso l&#8217;abbonamento annuale a Reflexe (almeno 3 copie per spedizione)<\/li>\n<li>inclusi sconti sui servizi vdms-asmm<\/li>\n<li>compreso l&#8217;accesso all&#8217;area di login del sito web<\/li>\n<\/ul>\n                        <hr\/>\r\n                        <div class=\"jahresbeitrag\"><p><strong>CHF 2\u2018500.\u2013<\/strong>\u00a0 Quota associativa annuale<\/p>\n<p><em>La quota annuale \u00e8 una linea guida. La quota annuale definitiva \u00e8 determinata dal comitato vdms nell&#8217;ambito della procedura di ammissione ed \u00e8 destinata a riflettere la rilevanza economica, formativa o professionale del membro collettivo.<\/em><\/p>\n                                                        <a href=\"https:\/\/vdms.ch\/it\/diventa-socio\/?categoria=Membri%20collettivi\">\r\n                                <div class=\"color-red arrow-right\">\r\n                                Domanda d \u2018adesione                                <img decoding=\"async\" src=\"https:\/\/vdms.ch\/wp-content\/themes\/vdms\/images\/arrow-right.png\"\/>\r\n                                <\/div>\r\n                            <\/a>\r\n                        <\/div>\r\n                    <\/div>\r\n                <\/div>\r\n            <\/div>\r\n                                    <div id=\"membri-passivi\" class=\"col-md-12\">\r\n                <div class=\"row\">\r\n                    <div class=\"col-md-2\">\r\n                        <div class=\"circle_kategorie background-red\">\r\n                            Membri <br \/>\r\npassivi                        <\/div>\r\n                    <\/div>\r\n                    <div class=\"col-md-10 desc\">\r\n                        <p><strong>I membri passivi sono persone che soddisfano i requisiti per l&#8217;adesione alla categoria Med.Mass. APF, ma che non lavorano o non lavorano pi\u00f9 attivamente nella loro professione.<\/strong><\/p>\n<p>La vdms-asmm offre ai membri passivi che si identificano con la professione vari valori aggiunti e con informazioni mirate (es. Rivista dell&#8217;associazione, newsletter) i membri passivi rimangono aggiornati e possono partecipare all&#8217;assemblea generale come ospiti.<\/p>\n<ul>\n<li>compreso l&#8217;abbonamento annuale Reflexe<\/li>\n<li>Newsletter vdms-asmm<\/li>\n<\/ul>\n                        <hr\/>\r\n                        <div class=\"jahresbeitrag\"><p><strong>CHF 150.\u2013<\/strong>\u00a0Quota associativa annuale<\/p>\n                                                        <a href=\"https:\/\/vdms.ch\/it\/diventa-socio\/?categoria=Membri%20passivi\">\r\n                                <div class=\"color-red arrow-right\">\r\n                                Domanda d \u2018adesione                                <img decoding=\"async\" src=\"https:\/\/vdms.ch\/wp-content\/themes\/vdms\/images\/arrow-right.png\"\/>\r\n                                <\/div>\r\n                            <\/a>\r\n                        <\/div>\r\n                    <\/div>\r\n                <\/div>\r\n            <\/div>\r\n                                    <div id=\"patrocinanti-sponsor\" class=\"col-md-12\">\r\n                <div class=\"row\">\r\n                    <div class=\"col-md-2\">\r\n                        <div class=\"circle_kategorie background-red\">\r\n                            Patrocinanti \/ <br \/>\r\nSponsor                        <\/div>\r\n                    <\/div>\r\n                    <div class=\"col-md-10 desc\">\r\n                        <p>Naturalmente, anche utenti patrocinanti della vdms-asmm sono i benvenuti. In qualit\u00e0 di sponsor, sostieni le attivit\u00e0 della vdms-asmm e quindi rafforzi direttamente la professione del massaggiatore medicaleAPF. In qualit\u00e0 di sponsor, sarai tenuto informato sulle attivit\u00e0 dell&#8217;associazione e, naturalmente, riceverai anche la rivista vdms-asmm Reflexe gratuitamente.<\/p>\n<ul>\n<li>Compreso l\u2019abbonamento annaule Reflexe<\/li>\n<\/ul>\n                        <hr\/>\r\n                        <div class=\"jahresbeitrag\"><p><strong>CHF 200.\u2013<\/strong>\u00a0Quota associativa annuale<\/p>\n                                                        <a href=\"https:\/\/vdms.ch\/it\/diventa-socio\/?categoria=Sponsor\">\r\n                                <div class=\"color-red arrow-right\">\r\n                                Domanda d \u2018adesione                                <img decoding=\"async\" src=\"https:\/\/vdms.ch\/wp-content\/themes\/vdms\/images\/arrow-right.png\"\/>\r\n                                <\/div>\r\n                            <\/a>\r\n                        <\/div>\r\n                    <\/div>\r\n                <\/div>\r\n            <\/div>\r\n            <\/section>\n\n\n<hr class=\"wp-block-separator has-css-opacity is-style-wide\"\/>\n\n\n<section class=\"mitglied_werden row\">\r\n    <div class=\"col-md-12\">\r\n        <h3 class=\"color-brown text-center\">Cogli l\u2019occasione di <br \/>\r\ndiventare socio della vdms-asmm<\/h3>\r\n                    <a href=\"https:\/\/vdms.ch\/it\/diventa-socio\/\">\r\n                <button class=\"background-red\" style=\"display: flex;\">diventare membro<\/button>\r\n            <\/a>\r\n        \r\n    <\/div>\r\n<\/section>","protected":false},"excerpt":{"rendered":"<p>Categorie<\/p>\n","protected":false},"author":1,"featured_media":0,"parent":0,"menu_order":130,"comment_status":"closed","ping_status":"closed","template":"","meta":{"_acf_changed":false,"footnotes":""},"class_list":["post-6357","page","type-page","status-publish","hentry"],"acf":[],"yoast_head":"<!-- This site is optimized with the Yoast SEO plugin v26.7 - https:\/\/yoast.com\/wordpress\/plugins\/seo\/ -->\n<title>Categorie - VDMS<\/title>\n<meta name=\"robots\" content=\"index, follow, max-snippet:-1, max-image-preview:large, max-video-preview:-1\" \/>\n<link rel=\"canonical\" href=\"https:\/\/vdms.ch\/it\/categorie\/\" \/>\n<meta property=\"og:locale\" content=\"it_IT\" \/>\n<meta property=\"og:type\" content=\"article\" \/>\n<meta property=\"og:title\" content=\"Categorie - VDMS\" \/>\n<meta property=\"og:description\" content=\"Categorie\" \/>\n<meta property=\"og:url\" content=\"https:\/\/vdms.ch\/it\/categorie\/\" \/>\n<meta property=\"og:site_name\" content=\"VDMS\" \/>\n<meta property=\"article:modified_time\" content=\"2025-01-28T12:37:53+00:00\" \/>\n<meta name=\"twitter:card\" content=\"summary_large_image\" \/>\n<meta name=\"twitter:label1\" content=\"Tempo di lettura stimato\" \/>\n\t<meta name=\"twitter:data1\" content=\"6 minuti\" \/>\n<script type=\"application\/ld+json\" class=\"yoast-schema-graph\">{\"@context\":\"https:\/\/schema.org\",\"@graph\":[{\"@type\":\"WebPage\",\"@id\":\"https:\/\/vdms.ch\/it\/categorie\/\",\"url\":\"https:\/\/vdms.ch\/it\/categorie\/\",\"name\":\"Categorie - VDMS\",\"isPartOf\":{\"@id\":\"https:\/\/vdms.ch\/it\/#website\"},\"datePublished\":\"2020-08-23T14:27:06+00:00\",\"dateModified\":\"2025-01-28T12:37:53+00:00\",\"breadcrumb\":{\"@id\":\"https:\/\/vdms.ch\/it\/categorie\/#breadcrumb\"},\"inLanguage\":\"it-IT\",\"potentialAction\":[{\"@type\":\"ReadAction\",\"target\":[\"https:\/\/vdms.ch\/it\/categorie\/\"]}]},{\"@type\":\"BreadcrumbList\",\"@id\":\"https:\/\/vdms.ch\/it\/categorie\/#breadcrumb\",\"itemListElement\":[{\"@type\":\"ListItem\",\"position\":1,\"name\":\"Startseite\",\"item\":\"https:\/\/vdms.ch\/it\/\"},{\"@type\":\"ListItem\",\"position\":2,\"name\":\"Categorie\"}]},{\"@type\":\"WebSite\",\"@id\":\"https:\/\/vdms.ch\/it\/#website\",\"url\":\"https:\/\/vdms.ch\/it\/\",\"name\":\"VDMS\",\"description\":\"Verband der Medizinischen Massage Schweiz\",\"publisher\":{\"@id\":\"https:\/\/vdms.ch\/it\/#organization\"},\"potentialAction\":[{\"@type\":\"SearchAction\",\"target\":{\"@type\":\"EntryPoint\",\"urlTemplate\":\"https:\/\/vdms.ch\/it\/?s={search_term_string}\"},\"query-input\":{\"@type\":\"PropertyValueSpecification\",\"valueRequired\":true,\"valueName\":\"search_term_string\"}}],\"inLanguage\":\"it-IT\"},{\"@type\":\"Organization\",\"@id\":\"https:\/\/vdms.ch\/it\/#organization\",\"name\":\"vdms-asmm\",\"url\":\"https:\/\/vdms.ch\/it\/\",\"logo\":{\"@type\":\"ImageObject\",\"inLanguage\":\"it-IT\",\"@id\":\"https:\/\/vdms.ch\/it\/#\/schema\/logo\/image\/\",\"url\":\"https:\/\/vdms.ch\/wp-content\/uploads\/2020\/09\/vdms-logo.png\",\"contentUrl\":\"https:\/\/vdms.ch\/wp-content\/uploads\/2020\/09\/vdms-logo.png\",\"width\":1021,\"height\":388,\"caption\":\"vdms-asmm\"},\"image\":{\"@id\":\"https:\/\/vdms.ch\/it\/#\/schema\/logo\/image\/\"}}]}<\/script>\n<!-- \/ Yoast SEO plugin. -->","yoast_head_json":{"title":"Categorie - VDMS","robots":{"index":"index","follow":"follow","max-snippet":"max-snippet:-1","max-image-preview":"max-image-preview:large","max-video-preview":"max-video-preview:-1"},"canonical":"https:\/\/vdms.ch\/it\/categorie\/","og_locale":"it_IT","og_type":"article","og_title":"Categorie - VDMS","og_description":"Categorie","og_url":"https:\/\/vdms.ch\/it\/categorie\/","og_site_name":"VDMS","article_modified_time":"2025-01-28T12:37:53+00:00","twitter_card":"summary_large_image","twitter_misc":{"Tempo di lettura stimato":"6 minuti"},"schema":{"@context":"https:\/\/schema.org","@graph":[{"@type":"WebPage","@id":"https:\/\/vdms.ch\/it\/categorie\/","url":"https:\/\/vdms.ch\/it\/categorie\/","name":"Categorie - VDMS","isPartOf":{"@id":"https:\/\/vdms.ch\/it\/#website"},"datePublished":"2020-08-23T14:27:06+00:00","dateModified":"2025-01-28T12:37:53+00:00","breadcrumb":{"@id":"https:\/\/vdms.ch\/it\/categorie\/#breadcrumb"},"inLanguage":"it-IT","potentialAction":[{"@type":"ReadAction","target":["https:\/\/vdms.ch\/it\/categorie\/"]}]},{"@type":"BreadcrumbList","@id":"https:\/\/vdms.ch\/it\/categorie\/#breadcrumb","itemListElement":[{"@type":"ListItem","position":1,"name":"Startseite","item":"https:\/\/vdms.ch\/it\/"},{"@type":"ListItem","position":2,"name":"Categorie"}]},{"@type":"WebSite","@id":"https:\/\/vdms.ch\/it\/#website","url":"https:\/\/vdms.ch\/it\/","name":"VDMS","description":"Verband der Medizinischen Massage Schweiz","publisher":{"@id":"https:\/\/vdms.ch\/it\/#organization"},"potentialAction":[{"@type":"SearchAction","target":{"@type":"EntryPoint","urlTemplate":"https:\/\/vdms.ch\/it\/?s={search_term_string}"},"query-input":{"@type":"PropertyValueSpecification","valueRequired":true,"valueName":"search_term_string"}}],"inLanguage":"it-IT"},{"@type":"Organization","@id":"https:\/\/vdms.ch\/it\/#organization","name":"vdms-asmm","url":"https:\/\/vdms.ch\/it\/","logo":{"@type":"ImageObject","inLanguage":"it-IT","@id":"https:\/\/vdms.ch\/it\/#\/schema\/logo\/image\/","url":"https:\/\/vdms.ch\/wp-content\/uploads\/2020\/09\/vdms-logo.png","contentUrl":"https:\/\/vdms.ch\/wp-content\/uploads\/2020\/09\/vdms-logo.png","width":1021,"height":388,"caption":"vdms-asmm"},"image":{"@id":"https:\/\/vdms.ch\/it\/#\/schema\/logo\/image\/"}}]}},"_links":{"self":[{"href":"https:\/\/vdms.ch\/it\/wp-json\/wp\/v2\/pages\/6357","targetHints":{"allow":["GET"]}}],"collection":[{"href":"https:\/\/vdms.ch\/it\/wp-json\/wp\/v2\/pages"}],"about":[{"href":"https:\/\/vdms.ch\/it\/wp-json\/wp\/v2\/types\/page"}],"author":[{"embeddable":true,"href":"https:\/\/vdms.ch\/it\/wp-json\/wp\/v2\/users\/1"}],"replies":[{"embeddable":true,"href":"https:\/\/vdms.ch\/it\/wp-json\/wp\/v2\/comments?post=6357"}],"version-history":[{"count":24,"href":"https:\/\/vdms.ch\/it\/wp-json\/wp\/v2\/pages\/6357\/revisions"}],"predecessor-version":[{"id":15580,"href":"https:\/\/vdms.ch\/it\/wp-json\/wp\/v2\/pages\/6357\/revisions\/15580"}],"wp:attachment":[{"href":"https:\/\/vdms.ch\/it\/wp-json\/wp\/v2\/media?parent=6357"}],"curies":[{"name":"wp","href":"https:\/\/api.w.org\/{rel}","templated":true}]}}